{"id":882,"date":"2024-04-08T12:13:13","date_gmt":"2024-04-08T12:13:13","guid":{"rendered":"https:\/\/fairhospitality.coop\/test-rapide-de-la-cle-verte\/"},"modified":"2026-02-06T12:40:58","modified_gmt":"2026-02-06T12:40:58","slug":"test-rapide-de-la-cle-verte","status":"publish","type":"page","link":"https:\/\/fairhospitality.coop\/fr\/test-rapide-de-la-cle-verte\/","title":{"rendered":"Test rapide de durabilit\u00e9"},"content":{"rendered":"\n<p>Vous \u00eates int\u00e9ress\u00e9 par un label de durabilit\u00e9 mais vous n&rsquo;avez aucune id\u00e9e de ce qu&rsquo;il implique exactement ? Ou pensez-vous que ce n&rsquo;est pas du tout pour moi, parce que je n&rsquo;ai pas encore d&rsquo;EPC Label A ? Faites ensuite le test rapide de durabilit\u00e9 (5 minutes) et nous vous donnerons une estimation imm\u00e9diate de ce que cela signifie pour votre activit\u00e9.<\/p>\n\n<p>Attention : il s&rsquo;agit de logements de petite taille. Demandez un devis si vous avez des logements plus grands.<\/p>\n<p>[qsm quiz=1]<\/p>\n\n<p><\/p>\n\n<p>Si vous n&rsquo;avez pas encore de login pour ce site, <a href=\"https:\/\/fairhospitality.coop\/fr\/rejoignez-nous\/\" title=\"Enregistrez votre\">cliquez ici pour vous inscrire la premi\u00e8re fois<\/a>.<\/p>\n\n<p><\/p>\n","protected":false},"excerpt":{"rendered":"<p>Vous \u00eates int\u00e9ress\u00e9 par un label de durabilit\u00e9 mais vous n&rsquo;avez aucune id\u00e9e de ce qu&rsquo;il implique exactement ? Ou pensez-vous que ce n&rsquo;est pas du tout pour moi, parce que je n&rsquo;ai pas encore d&rsquo;EPC Label A ? Faites ensuite le test rapide de durabilit\u00e9 (5 minutes) et nous vous donnerons une estimation imm\u00e9diate &#8230; <a title=\"Test rapide de durabilit\u00e9\" class=\"read-more\" href=\"https:\/\/fairhospitality.coop\/fr\/test-rapide-de-la-cle-verte\/\" aria-label=\"En savoir plus sur Test rapide de durabilit\u00e9\">Lire la suite<\/a><\/p>\n","protected":false},"author":1,"featured_media":1274,"parent":0,"menu_order":0,"comment_status":"closed","ping_status":"closed","template":"","meta":{"footnotes":""},"class_list":["post-882","page","type-page","status-publish","has-post-thumbnail"],"_links":{"self":[{"href":"https:\/\/fairhospitality.coop\/fr\/wp-json\/wp\/v2\/pages\/882","targetHints":{"allow":["GET"]}}],"collection":[{"href":"https:\/\/fairhospitality.coop\/fr\/wp-json\/wp\/v2\/pages"}],"about":[{"href":"https:\/\/fairhospitality.coop\/fr\/wp-json\/wp\/v2\/types\/page"}],"author":[{"embeddable":true,"href":"https:\/\/fairhospitality.coop\/fr\/wp-json\/wp\/v2\/users\/1"}],"replies":[{"embeddable":true,"href":"https:\/\/fairhospitality.coop\/fr\/wp-json\/wp\/v2\/comments?post=882"}],"version-history":[{"count":4,"href":"https:\/\/fairhospitality.coop\/fr\/wp-json\/wp\/v2\/pages\/882\/revisions"}],"predecessor-version":[{"id":902,"href":"https:\/\/fairhospitality.coop\/fr\/wp-json\/wp\/v2\/pages\/882\/revisions\/902"}],"wp:featuredmedia":[{"embeddable":true,"href":"https:\/\/fairhospitality.coop\/fr\/wp-json\/wp\/v2\/media\/1274"}],"wp:attachment":[{"href":"https:\/\/fairhospitality.coop\/fr\/wp-json\/wp\/v2\/media?parent=882"}],"curies":[{"name":"wp","href":"https:\/\/api.w.org\/{rel}","templated":true}]}}