{"id":806,"date":"2024-01-09T12:54:05","date_gmt":"2024-01-09T12:54:05","guid":{"rendered":"https:\/\/fairhospitality.coop\/services\/"},"modified":"2025-02-21T16:32:40","modified_gmt":"2025-02-21T16:32:40","slug":"services","status":"publish","type":"page","link":"https:\/\/fairhospitality.coop\/fr\/services\/","title":{"rendered":"Services"},"content":{"rendered":"\n<p>Nous proposons actuellement des services de conseil et d&rsquo;information visant \u00e0 rendre votre activit\u00e9 plus durable.  <\/p>\n\n<ul class=\"wp-block-list\">\n<li>Vous voulez savoir s&rsquo;il est difficile d&rsquo;obtenir la certification Clef Verte pour votre activit\u00e9 sp\u00e9cifique ? Nous proposons un service d&rsquo;\u00e9valuation GRATUIT qui vous permettra d&rsquo;\u00e9valuer rapidement la situation. <a href=\"https:\/\/fairhospitality.coop\/fr\/test-rapide-de-la-cle-verte\/\" title=\"\">Cliquez ici <\/a>pour l&rsquo;\u00e9valuation.<\/li>\n\n\n\n<li>Vous souhaitez une analyse plus approfondie de votre niveau de durabilit\u00e9 ?<a href=\"https:\/\/fairhospitality.coop\/fr\/analyse-de-durabilite-pour-les-lodges\/\" title=\"\"> Cliquez ici pour obtenir des informations sur notre analyse de durabilit\u00e9<\/a>.<\/li>\n\n\n\n<li>Vous voulez des conseils concrets et de l&rsquo;aide pour r\u00e9aliser votre Clef Verte ? Nous nous ferons un plaisir de vous aider. Avant de commencer, nous vous tra\u00e7ons un chemin concret.  <\/li>\n\n\n\n<li>Vous souhaitez avoir un aper\u00e7u des subventions possibles en fonction des r\u00e9novations et des adaptations ? Nous d\u00e9finissons les d\u00e9tails de votre projet sp\u00e9cifique.  <\/li>\n\n\n\n<li>Souhaitez-vous donner une conf\u00e9rence sur le d\u00e9veloppement durable et le changement climatique \u00e0 vos clients, \u00e0 votre voisinage ou \u00e0 vos connaissances ? Nous nous ferons un plaisir d&rsquo;organiser une conf\u00e9rence sur mesure pour vous.<\/li>\n<\/ul>\n\n<p><\/p>\n\n<p><\/p>\n","protected":false},"excerpt":{"rendered":"<p>Nous proposons actuellement des services de conseil et d&rsquo;information visant \u00e0 rendre votre activit\u00e9 plus durable.<\/p>\n","protected":false},"author":1,"featured_media":0,"parent":0,"menu_order":0,"comment_status":"closed","ping_status":"closed","template":"","meta":{"footnotes":""},"class_list":["post-806","page","type-page","status-publish"],"_links":{"self":[{"href":"https:\/\/fairhospitality.coop\/fr\/wp-json\/wp\/v2\/pages\/806","targetHints":{"allow":["GET"]}}],"collection":[{"href":"https:\/\/fairhospitality.coop\/fr\/wp-json\/wp\/v2\/pages"}],"about":[{"href":"https:\/\/fairhospitality.coop\/fr\/wp-json\/wp\/v2\/types\/page"}],"author":[{"embeddable":true,"href":"https:\/\/fairhospitality.coop\/fr\/wp-json\/wp\/v2\/users\/1"}],"replies":[{"embeddable":true,"href":"https:\/\/fairhospitality.coop\/fr\/wp-json\/wp\/v2\/comments?post=806"}],"version-history":[{"count":5,"href":"https:\/\/fairhospitality.coop\/fr\/wp-json\/wp\/v2\/pages\/806\/revisions"}],"predecessor-version":[{"id":1057,"href":"https:\/\/fairhospitality.coop\/fr\/wp-json\/wp\/v2\/pages\/806\/revisions\/1057"}],"wp:attachment":[{"href":"https:\/\/fairhospitality.coop\/fr\/wp-json\/wp\/v2\/media?parent=806"}],"curies":[{"name":"wp","href":"https:\/\/api.w.org\/{rel}","templated":true}]}}