{"id":459,"date":"2023-03-29T08:24:14","date_gmt":"2023-03-29T08:24:14","guid":{"rendered":"http:\/\/fairhospitality.coop\/index.php\/paiements\/"},"modified":"2024-01-09T12:56:55","modified_gmt":"2024-01-09T12:56:55","slug":"paiements","status":"publish","type":"page","link":"https:\/\/fairhospitality.coop\/fr\/paiements\/","title":{"rendered":"Paiements via Fairbnb"},"content":{"rendered":"\n<p>Avec Fairhospitality.coop, nous voulons \u00eatre tr\u00e8s transparents sur la mani\u00e8re dont les paiements sont effectu\u00e9s par le biais de notre plateforme Fairbnb.coop.<\/p>\n\n<p>Les paiements sont effectu\u00e9s par l&rsquo;interm\u00e9diaire du partenaire <a href=\"https:\/\/mangopay.com\/\" target=\"_blank\" rel=\"noreferrer noopener\">Mangopay<\/a>. Il s&rsquo;agit en fait d&rsquo;un syst\u00e8me<a href=\"https:\/\/en.wikipedia.org\/wiki\/Escrow\" target=\"_blank\" rel=\"noreferrer noopener\">\u00ab\u00a0Escrow<\/a>\u00ab\u00a0. Par cons\u00e9quent, les paiements peuvent y rester pendant longtemps, sans que l&rsquo;h\u00f4te ou quelqu&rsquo;un d&rsquo;autre puisse y avoir acc\u00e8s. Ce n&rsquo;est qu&rsquo;\u00e0 la fin de la transaction que l&rsquo;argent est automatiquement distribu\u00e9 aux diff\u00e9rentes parties concern\u00e9es.<\/p>\n\n<h4 class=\"wp-block-heading\">Transparence des paiements<\/h4>\n\n<p>Le paiement s&rsquo;effectue en plusieurs \u00e9tapes :<\/p>\n\n<ol class=\"wp-block-list\">\n<li>Demande de r\u00e9servation\n<ul class=\"wp-block-list\">\n<li>Le client demande une r\u00e9servation pour une certaine p\u00e9riode et pour un certain logement.  <\/li>\n\n\n\n<li>Ce faisant, le site web de Fairbnb.coop affiche de mani\u00e8re transparente la structure des prix. Il indique donc clairement combien vous payez pour votre logement, pour le projet que vous soutenez et pour Fairbnb elle-m\u00eame.<\/li>\n\n\n\n<li>L&rsquo;invit\u00e9 fournit les d\u00e9tails de sa carte. La v\u00e9rification se poursuit ensuite en fonction de la banque \u00e0 laquelle l&rsquo;invit\u00e9 est affili\u00e9<\/li>\n\n\n\n<li>Le syst\u00e8me v\u00e9rifie ensuite les donn\u00e9es, y compris la disponibilit\u00e9 de la quantit\u00e9 requise<\/li>\n\n\n\n<li>Une fois que tout est v\u00e9rifi\u00e9, le montant total est r\u00e9serv\u00e9 sur la carte. En termes techniques, il s&rsquo;agit d&rsquo;une autorisation pr\u00e9alable. Cela signifie que vous ne pouvez plus d\u00e9penser ce montant, mais aussi qu&rsquo;il n&rsquo;a pas encore disparu de votre carte. Dans la plupart des banques, vous pouvez le voir dans l&rsquo;application en ligne.<\/li>\n\n\n\n<li>L&rsquo;h\u00f4te recevra ensuite un e-mail contenant la demande de r\u00e9servation.<\/li>\n<\/ul>\n<\/li>\n\n\n\n<li>L&rsquo;h\u00f4te s&rsquo;occupe de la r\u00e9servation\n<ul class=\"wp-block-list\">\n<li>L&rsquo;h\u00f4te a maintenant 2 options\n<ul class=\"wp-block-list\">\n<li>(a) il accepte la r\u00e9servation : \u00e0 ce moment-l\u00e0, le montant r\u00e9serv\u00e9 de la carte est transf\u00e9r\u00e9 au syst\u00e8me de paiement Mangopay.  <\/li>\n\n\n\n<li>b) il refuse la r\u00e9servation ou la rend caduque apr\u00e8s 48 heures : l&rsquo;argent est lib\u00e9r\u00e9 et imm\u00e9diatement remis \u00e0 la disposition du client.<\/li>\n<\/ul>\n<\/li>\n<\/ul>\n<\/li>\n\n\n\n<li>Annulation de la r\u00e9servation\n<ul class=\"wp-block-list\">\n<li>En cas d&rsquo;annulation, les conditions d&rsquo;annulation \u00e9nonc\u00e9es dans l&rsquo;offre d&rsquo;h\u00e9bergement s&rsquo;appliquent. Selon le moment o\u00f9 l&rsquo;annulation a lieu, le montant total, une partie seulement ou rien n&rsquo;appara\u00eetra \u00e0 nouveau sur la carte. Veillez \u00e0 consulter les conditions ! Les parts restantes iront ensuite \u00e0 l&rsquo;h\u00f4te, au projet et \u00e0 Fairbnb. (comme au point 4)<\/li>\n\n\n\n<li>Si l&rsquo;h\u00f4te annule, l&rsquo;invit\u00e9 r\u00e9cup\u00e8re l&rsquo;argent sur la carte dans tous les cas. Dans ce cas, Fairhospitality.coop est heureux d&rsquo;aider le client \u00e0 trouver une solution alternative.<\/li>\n<\/ul>\n<\/li>\n\n\n\n<li>Check-out \u00e0 la fin du s\u00e9jour\n<ul class=\"wp-block-list\">\n<li>Le jour du d\u00e9part, l&rsquo;argent est transf\u00e9r\u00e9 du compte Mangopay interne de l&rsquo;h\u00f4te \u00e0 celui de l&rsquo;h\u00f4te, du projet et de Fairbnb.<\/li>\n\n\n\n<li>Enfin, l&rsquo;h\u00f4te est pay\u00e9 le jour m\u00eame par le biais du syst\u00e8me Manopay. En fait, le client paie directement \u00e0 l&rsquo;h\u00f4te, comme dans le cas d&rsquo;une r\u00e9servation directe. Les projets re\u00e7oivent les dons sur une base trimestrielle.<\/li>\n<\/ul>\n<\/li>\n<\/ol>\n\n<figure class=\"wp-block-image size-large\"><img loading=\"lazy\" decoding=\"async\" width=\"1024\" height=\"507\" src=\"http:\/\/fairhospitality.coop\/wp-content\/uploads\/2023\/03\/Schermafbeelding-2023-03-29-081821-1024x507.jpg\" alt=\"Transparence des paiements\" class=\"wp-image-439\" srcset=\"https:\/\/fairhospitality.coop\/wp-content\/uploads\/2023\/03\/Schermafbeelding-2023-03-29-081821-1024x507.jpg 1024w, https:\/\/fairhospitality.coop\/wp-content\/uploads\/2023\/03\/Schermafbeelding-2023-03-29-081821-300x148.jpg 300w, https:\/\/fairhospitality.coop\/wp-content\/uploads\/2023\/03\/Schermafbeelding-2023-03-29-081821-768x380.jpg 768w, https:\/\/fairhospitality.coop\/wp-content\/uploads\/2023\/03\/Schermafbeelding-2023-03-29-081821-141x70.jpg 141w, https:\/\/fairhospitality.coop\/wp-content\/uploads\/2023\/03\/Schermafbeelding-2023-03-29-081821.jpg 1336w\" sizes=\"auto, (max-width: 1024px) 100vw, 1024px\" \/><\/figure>\n\n<h4 class=\"wp-block-heading\">Processus d&rsquo;identification<\/h4>\n\n<p>Il est important de savoir que nous fonctionnons enti\u00e8rement selon les r\u00e8gles des paiements europ\u00e9ens. Cela signifie \u00e9galement que toute personne recevant de l&rsquo;argent par le biais du syst\u00e8me Mangopay doit s&rsquo;identifier. Dans le secteur, cette d\u00e9marche est connue sous le nom de KYC (<a href=\"https:\/\/en.wikipedia.org\/wiki\/Know_your_customer\" target=\"_blank\" rel=\"noreferrer noopener\"> Know Your Customer<\/a>). Cela se fait tr\u00e8s facilement sur le site <a href=\"https:\/\/booking.fairbnb.coop\/nl\/dashboard\/user\/start-id-verification\" target=\"_blank\" rel=\"noopener\" title=\"\">https:\/\/booking.fairbnb.coop\/nl\/dashboard\/user\/start-id-verification<\/a>. Vous y trouverez les \u00e9tapes simples pour prouver votre identit\u00e9.<\/p>\n\n<p>Notez que si cette proc\u00e9dure n&rsquo;est pas termin\u00e9e \u00e0 temps, l&rsquo;argent (pour l&rsquo;h\u00f4te ou le projet) restera dans le syst\u00e8me Mangopay. Le paiement sur votre propre compte bancaire n&rsquo;est possible que si les conditions KYC sont remplies.<\/p>\n","protected":false},"excerpt":{"rendered":"<p>Avec Fairhospitality.coop, nous voulons \u00eatre tr\u00e8s transparents sur la mani\u00e8re dont les paiements sont effectu\u00e9s par le biais de notre plateforme Fairbnb.coop. Les paiements sont effectu\u00e9s par l&rsquo;interm\u00e9diaire du partenaire Mangopay. Il s&rsquo;agit en fait d&rsquo;un syst\u00e8me\u00ab\u00a0Escrow\u00ab\u00a0. Par cons\u00e9quent, les paiements peuvent y rester pendant longtemps, sans que l&rsquo;h\u00f4te ou quelqu&rsquo;un d&rsquo;autre puisse y avoir &#8230; <a title=\"Paiements via Fairbnb\" class=\"read-more\" href=\"https:\/\/fairhospitality.coop\/fr\/paiements\/\" aria-label=\"En savoir plus sur Paiements via Fairbnb\">Lire la suite<\/a><\/p>\n","protected":false},"author":1,"featured_media":0,"parent":0,"menu_order":0,"comment_status":"closed","ping_status":"closed","template":"","meta":{"footnotes":""},"class_list":["post-459","page","type-page","status-publish"],"_links":{"self":[{"href":"https:\/\/fairhospitality.coop\/fr\/wp-json\/wp\/v2\/pages\/459","targetHints":{"allow":["GET"]}}],"collection":[{"href":"https:\/\/fairhospitality.coop\/fr\/wp-json\/wp\/v2\/pages"}],"about":[{"href":"https:\/\/fairhospitality.coop\/fr\/wp-json\/wp\/v2\/types\/page"}],"author":[{"embeddable":true,"href":"https:\/\/fairhospitality.coop\/fr\/wp-json\/wp\/v2\/users\/1"}],"replies":[{"embeddable":true,"href":"https:\/\/fairhospitality.coop\/fr\/wp-json\/wp\/v2\/comments?post=459"}],"version-history":[{"count":4,"href":"https:\/\/fairhospitality.coop\/fr\/wp-json\/wp\/v2\/pages\/459\/revisions"}],"predecessor-version":[{"id":813,"href":"https:\/\/fairhospitality.coop\/fr\/wp-json\/wp\/v2\/pages\/459\/revisions\/813"}],"wp:attachment":[{"href":"https:\/\/fairhospitality.coop\/fr\/wp-json\/wp\/v2\/media?parent=459"}],"curies":[{"name":"wp","href":"https:\/\/api.w.org\/{rel}","templated":true}]}}