{"id":324,"date":"2023-03-10T17:38:44","date_gmt":"2023-03-10T17:38:44","guid":{"rendered":"https:\/\/fairhospitality.coop\/index.php\/le-coin-de-lhote\/"},"modified":"2026-02-23T11:31:54","modified_gmt":"2026-02-23T11:31:54","slug":"le-coin-de-lhote","status":"publish","type":"page","link":"https:\/\/fairhospitality.coop\/fr\/le-coin-de-lhote\/","title":{"rendered":"Le coin de l&rsquo;h\u00f4te"},"content":{"rendered":"\n<p>Des concepts tels que l&rsquo;hospitalit\u00e9, la durabilit\u00e9, l&rsquo;\u00e9conomie des beignets, le tourisme \u00e9quitable et durable sont \u00e0 l&rsquo;origine de cette initiative.<br\/>Check &#8211; nous aussi !  <br\/>Les communaut\u00e9s locales souffrent trop des effets n\u00e9gatifs des locations de courte dur\u00e9e, comme l&#8217;embourgeoisement, la d\u00e9gradation de l&rsquo;environnement et l&rsquo;ali\u00e9nation culturelle. Fairhospitality.coop veut y rem\u00e9dier. Nous croyons que le tourisme est un moyen de prosp\u00e9rer et de renforcer les communaut\u00e9s locales. Nous comptons sur la communaut\u00e9 d&rsquo;accueil pour nous aider \u00e0 cet \u00e9gard.  <br\/><\/p>\n\n<p>Nous serions ravis de vous accueillir au sein de notre communaut\u00e9. Avec vous, nous esp\u00e9rons rendre le secteur plus durable, plus \u00e9quitable, plus social et plus \u00e9cologique, \u00e9tape par \u00e9tape.  <\/p>\n\n<p>En d&rsquo;autres termes, il s&rsquo;agit d&rsquo;un tourisme de renforcement des communaut\u00e9s. Et vous pouvez y contribuer tr\u00e8s simplement. G\u00e9nial, non ?<\/p>\n\n<p><\/p>\n","protected":false},"excerpt":{"rendered":"<p>Des concepts tels que l&rsquo;hospitalit\u00e9, la durabilit\u00e9, l&rsquo;\u00e9conomie des beignets, le tourisme \u00e9quitable et durable sont \u00e0 l&rsquo;origine de cette initiative.Check &#8211; nous aussi ! Les communaut\u00e9s locales souffrent trop des effets n\u00e9gatifs des locations de courte dur\u00e9e, comme l&#8217;embourgeoisement, la d\u00e9gradation de l&rsquo;environnement et l&rsquo;ali\u00e9nation culturelle. Fairhospitality.coop veut y rem\u00e9dier. Nous croyons que le &#8230; <a title=\"Le coin de l&rsquo;h\u00f4te\" class=\"read-more\" href=\"https:\/\/fairhospitality.coop\/fr\/le-coin-de-lhote\/\" aria-label=\"En savoir plus sur Le coin de l&rsquo;h\u00f4te\">Lire la suite<\/a><\/p>\n","protected":false},"author":1,"featured_media":0,"parent":0,"menu_order":0,"comment_status":"closed","ping_status":"closed","template":"","meta":{"footnotes":""},"class_list":["post-324","page","type-page","status-publish"],"_links":{"self":[{"href":"https:\/\/fairhospitality.coop\/fr\/wp-json\/wp\/v2\/pages\/324","targetHints":{"allow":["GET"]}}],"collection":[{"href":"https:\/\/fairhospitality.coop\/fr\/wp-json\/wp\/v2\/pages"}],"about":[{"href":"https:\/\/fairhospitality.coop\/fr\/wp-json\/wp\/v2\/types\/page"}],"author":[{"embeddable":true,"href":"https:\/\/fairhospitality.coop\/fr\/wp-json\/wp\/v2\/users\/1"}],"replies":[{"embeddable":true,"href":"https:\/\/fairhospitality.coop\/fr\/wp-json\/wp\/v2\/comments?post=324"}],"version-history":[{"count":9,"href":"https:\/\/fairhospitality.coop\/fr\/wp-json\/wp\/v2\/pages\/324\/revisions"}],"predecessor-version":[{"id":1311,"href":"https:\/\/fairhospitality.coop\/fr\/wp-json\/wp\/v2\/pages\/324\/revisions\/1311"}],"wp:attachment":[{"href":"https:\/\/fairhospitality.coop\/fr\/wp-json\/wp\/v2\/media?parent=324"}],"curies":[{"name":"wp","href":"https:\/\/api.w.org\/{rel}","templated":true}]}}