{"id":323,"date":"2023-03-10T17:37:44","date_gmt":"2023-03-10T17:37:44","guid":{"rendered":"https:\/\/fairhospitality.coop\/index.php\/impact-local\/"},"modified":"2025-02-20T15:13:05","modified_gmt":"2025-02-20T15:13:05","slug":"impact-local","status":"publish","type":"page","link":"https:\/\/fairhospitality.coop\/fr\/impact-local\/","title":{"rendered":"Impact local"},"content":{"rendered":"\n<p>L&rsquo;impact local est crucial dans notre fonctionnement. Si nous voulons que le tourisme soit r\u00e9ellement r\u00e9g\u00e9n\u00e9rateur, nous devons g\u00e9n\u00e9rer un impact positif sur les communaut\u00e9s locales. Notre cadre de r\u00e9f\u00e9rence est l&rsquo;\u00e9conomie du donut : nous attendons une am\u00e9lioration constante de l&rsquo;impact sur l&rsquo;environnement et\/ou le bien-\u00eatre social.  <\/p>\n\n<p>Actuellement, nous proc\u00e9dons de la mani\u00e8re suivante<\/p>\n\n<ul class=\"wp-block-list\">\n<li>Soutenir les projets locaux<\/li>\n\n\n\n<li>Offrir une assistance pour rendre les logements plus durables<\/li>\n\n\n\n<li>Soutenir les h\u00f4tes dans le d\u00e9veloppement de r\u00e9seaux socio-\u00e9cologiques<\/li>\n<\/ul>\n\n<p>Nous nous attendons \u00e0 ce que cette liste s&rsquo;allonge syst\u00e9matiquement et nous travaillons sur un syst\u00e8me qui rendra notre impact mesurable et cibl\u00e9.  <\/p>\n\n<div style=\"height:36px\" aria-hidden=\"true\" class=\"wp-block-spacer\"><\/div>\n\n<h4 class=\"wp-block-heading\">Soutenir les projets locaux<\/h4>\n\n<p>Gr\u00e2ce \u00e0 la plateforme de r\u00e9servation Fairbnb.coop, nous reversons 50 % de la commission \u00e0 un projet local. Cela soul\u00e8ve naturellement toutes sortes de questions : Quels projets ? Quelles sont les conditions ? Sommes-nous s\u00fbrs que cet argent ira l\u00e0 ?  <\/p>\n\n<p>Dans un premier temps, nous avons opt\u00e9 pour des projets r\u00e9gionaux. Il s&rsquo;agit de projets situ\u00e9s au niveau flamand, bruxellois ou wallon. Nous le faisons d&rsquo;abord pour cr\u00e9er du volume et ainsi augmenter un peu l&rsquo;impact sur les projets. Plus nous ferons de r\u00e9servations, plus nous pourrons et voudrons aller au niveau local. Plus la communaut\u00e9 o\u00f9 se trouve le logement est proche, mieux c&rsquo;est.  <\/p>\n\n<p>Les projets doivent r\u00e9pondre \u00e0 un certain nombre de conditions, mais principalement poursuivre un ou plusieurs objectifs de d\u00e9veloppement durable dans un cadre non \u00e9conomique.  <\/p>\n\n<p>La liste des projets en cours est disponible <a href=\"https:\/\/fairhospitality.coop\/fr\/impact-local\/soutien-aux-projets-locaux\/\">ici<\/a>!<\/p>\n\n<p>Nous recherchons un partenaire pour nous aider \u00e0 s\u00e9lectionner et \u00e0 suivre nos projets. Les id\u00e9es sont toujours les bienvenues. Courrier \u00e0 <a href=\"mailto:info@fairhospitality.coop\" target=\"_blank\" rel=\"noreferrer noopener\">info@fairhospitality.coop<\/a><\/p>\n\n<div style=\"height:47px\" aria-hidden=\"true\" class=\"wp-block-spacer\"><\/div>\n\n<h4 class=\"wp-block-heading\">Aider \u00e0 rendre les logements plus durables<\/h4>\n\n<p>Actuellement (hiver 2025), <a href=\"https:\/\/www.green-key.be\/locations\/@51.03220156436001,4.209504759799643,9z?type=~gastenkamers\" target=\"_blank\" rel=\"noreferrer noopener\">45 chambres d&rsquo;h\u00f4tes<\/a>, <a href=\"https:\/\/www.green-key.be\/locations\/@51.03220156436001,4.209504759799643,9z?type=~vakantiewoningen\" target=\"_blank\" rel=\"noreferrer noopener\">50 maisons de vacances<\/a> et <a href=\"https:\/\/www.green-key.be\/locations\/@51.03220156436001,4.209504759799643,9z?type=~jeugdlogies\" target=\"_blank\" rel=\"noreferrer noopener\">44 auberges de jeunesse<\/a> sont certifi\u00e9es par le label Clef Verte. Le <a href=\"https:\/\/environment.ec.europa.eu\/topics\/circular-economy\/eu-ecolabel-home\/eu-ecolabel-tourist-accommodation\/eu-ecolabel-tourist-accommodation-catalogue_en\" target=\"_blank\" rel=\"noreferrer noopener\">label \u00e9cologique de l&rsquo;UE<\/a> pour l&rsquo;h\u00e9bergement ne mentionne qu&rsquo;un seul h\u00f4tel belge, mais aucune chambre d&rsquo;h\u00f4te ou maison de vacances.<\/p>\n\n<p>En pourcentage, moins de 1 % des h\u00e9bergements obtiennent aujourd&rsquo;hui une certification durable. Notre objectif est d&rsquo;augmenter ces chiffres de mani\u00e8re significative.<\/p>\n\n<p>Des \u00e9tudes ont montr\u00e9 que les touristes tiennent de plus en plus compte de la durabilit\u00e9 lorsqu&rsquo;ils planifient leur voyage. Cela ne veut pas dire qu&rsquo;il faille toujours regarder les \u00e9tiquettes ECO. Mais le fait d&rsquo;y parvenir aide les op\u00e9rateurs du secteur de l&rsquo;h\u00e9bergement \u00e0 faire des choix de plus en plus durables. Et c&rsquo;est ce que le voyageur conscient attend \u00e9galement.  <\/p>\n\n<p>Gr\u00e2ce \u00e0 notre acad\u00e9mie et \u00e0 la coop\u00e9ration avec nos partenaires, nous visons \u00e0 aider les h\u00f4tes \u00e0 obtenir un label ECO.  <\/p>\n<div class=\"wp-block-image\">\n<figure class=\"alignleft size-full is-resized\"><img loading=\"lazy\" decoding=\"async\" width=\"115\" height=\"115\" src=\"http:\/\/fairhospitality.coop\/wp-content\/uploads\/2023\/03\/image-3.png\" alt=\"\" class=\"wp-image-117\" style=\"width:115px;height:115px\" srcset=\"https:\/\/fairhospitality.coop\/wp-content\/uploads\/2023\/03\/image-3.png 115w, https:\/\/fairhospitality.coop\/wp-content\/uploads\/2023\/03\/image-3-70x70.png 70w\" sizes=\"auto, (max-width: 115px) 100vw, 115px\" \/><\/figure>\n<\/div>\n<figure class=\"wp-block-image size-full\"><img loading=\"lazy\" decoding=\"async\" width=\"132\" height=\"153\" src=\"http:\/\/fairhospitality.coop\/wp-content\/uploads\/2023\/03\/image-4.png\" alt=\"\" class=\"wp-image-119\" srcset=\"https:\/\/fairhospitality.coop\/wp-content\/uploads\/2023\/03\/image-4.png 132w, https:\/\/fairhospitality.coop\/wp-content\/uploads\/2023\/03\/image-4-60x70.png 60w\" sizes=\"auto, (max-width: 132px) 100vw, 132px\" \/><\/figure>\n\n<div style=\"height:40px\" aria-hidden=\"true\" class=\"wp-block-spacer\"><\/div>\n\n<h4 class=\"wp-block-heading\">R\u00e9seaux socio-\u00e9cologiques<\/h4>\n\n<p>Comme indiqu\u00e9 dans notre <a href=\"https:\/\/fairhospitality.coop\/fr\/charte-daccueil\/\">charte<\/a>, nous participons activement \u00e0 la cr\u00e9ation de r\u00e9seaux locaux afin de promouvoir les communaut\u00e9s locales en g\u00e9n\u00e9ral. C&rsquo;est l&rsquo;une des activit\u00e9s qui ne nous rapporte rien (rappelez-vous : les gens avant l&rsquo;argent) mais qui nous procure de la satisfaction. Lisez &lt;ici&gt; l&rsquo;histoire de Het Rustpunt \u00e0 Gand. Nous attendons avec impatience de nombreux autres projets de ce type.  <\/p>\n\n<p><\/p>\n","protected":false},"excerpt":{"rendered":"<p>L&rsquo;impact local est crucial dans notre fonctionnement. Si nous voulons que le tourisme soit r\u00e9ellement r\u00e9g\u00e9n\u00e9rateur, nous devons g\u00e9n\u00e9rer un impact positif sur les communaut\u00e9s locales. Notre cadre de r\u00e9f\u00e9rence est l&rsquo;\u00e9conomie du donut : nous attendons une am\u00e9lioration constante de l&rsquo;impact sur l&rsquo;environnement et\/ou le bien-\u00eatre social. Actuellement, nous proc\u00e9dons de la mani\u00e8re suivante &#8230; <a title=\"Impact local\" class=\"read-more\" href=\"https:\/\/fairhospitality.coop\/fr\/impact-local\/\" aria-label=\"En savoir plus sur Impact local\">Lire la suite<\/a><\/p>\n","protected":false},"author":1,"featured_media":0,"parent":0,"menu_order":0,"comment_status":"closed","ping_status":"closed","template":"","meta":{"_lmt_disableupdate":"","_lmt_disable":"","footnotes":""},"class_list":["post-323","page","type-page","status-publish"],"_links":{"self":[{"href":"https:\/\/fairhospitality.coop\/fr\/wp-json\/wp\/v2\/pages\/323","targetHints":{"allow":["GET"]}}],"collection":[{"href":"https:\/\/fairhospitality.coop\/fr\/wp-json\/wp\/v2\/pages"}],"about":[{"href":"https:\/\/fairhospitality.coop\/fr\/wp-json\/wp\/v2\/types\/page"}],"author":[{"embeddable":true,"href":"https:\/\/fairhospitality.coop\/fr\/wp-json\/wp\/v2\/users\/1"}],"replies":[{"embeddable":true,"href":"https:\/\/fairhospitality.coop\/fr\/wp-json\/wp\/v2\/comments?post=323"}],"version-history":[{"count":2,"href":"https:\/\/fairhospitality.coop\/fr\/wp-json\/wp\/v2\/pages\/323\/revisions"}],"predecessor-version":[{"id":1014,"href":"https:\/\/fairhospitality.coop\/fr\/wp-json\/wp\/v2\/pages\/323\/revisions\/1014"}],"wp:attachment":[{"href":"https:\/\/fairhospitality.coop\/fr\/wp-json\/wp\/v2\/media?parent=323"}],"curies":[{"name":"wp","href":"https:\/\/api.w.org\/{rel}","templated":true}]}}