{"id":310,"date":"2023-03-20T14:43:54","date_gmt":"2023-03-20T14:43:54","guid":{"rendered":"https:\/\/fairhospitality.coop\/index.php\/soutien-aux-projets-locaux\/"},"modified":"2025-02-20T14:45:09","modified_gmt":"2025-02-20T14:45:09","slug":"soutien-aux-projets-locaux","status":"publish","type":"page","link":"https:\/\/fairhospitality.coop\/fr\/impact-local\/soutien-aux-projets-locaux\/","title":{"rendered":"Soutien aux projets locaux"},"content":{"rendered":"\n<p><strong>Attention : la plateforme Fairbnb.coop est actuellement en suspens. Il n&rsquo;y a pratiquement pas de r\u00e9servations sur cette plateforme.   <\/strong><\/p>\n\n<p>Fairhospitality soutient des projets locaux par le biais de commissions sur les r\u00e9servations locales sur la plateforme Fairbnb.coop et par la distribution des b\u00e9n\u00e9fices de la coop\u00e9rative. Ce soutien aux projets locaux socio-\u00e9cologiques se fait encore principalement au niveau r\u00e9gional. Mais une fois que les ventes, et donc notre impact, commenceront \u00e0 augmenter, nous comptons \u00eatre en mesure d&rsquo;op\u00e9rer beaucoup plus localement.<\/p>\n\n<p>Nous soutenons actuellement les projets suivants<\/p>\n\n<ul class=\"wp-block-list\">\n<li>Une for\u00eat pour tous<\/li>\n\n\n\n<li>Tout le monde m\u00e9rite des vacances<\/li>\n\n\n\n<li>Samenhuizen VZW<\/li>\n\n\n\n<li>Donut de Bruxelles<\/li>\n\n\n\n<li>En cong\u00e9 dans le Meetjesland<\/li>\n<\/ul>\n\n<h4 class=\"wp-block-heading\">Une for\u00eat pour tous<\/h4>\n<div class=\"wp-block-image\">\n<figure class=\"alignright size-large is-resized\"><img loading=\"lazy\" decoding=\"async\" width=\"1024\" height=\"679\" src=\"https:\/\/fairhospitality.coop\/wp-content\/uploads\/2023\/03\/bos_voor_iedereen-1024x679.jpg\" alt=\"\" class=\"wp-image-159\" style=\"width:515px;height:341px\" srcset=\"https:\/\/fairhospitality.coop\/wp-content\/uploads\/2023\/03\/bos_voor_iedereen-1024x679.jpg 1024w, https:\/\/fairhospitality.coop\/wp-content\/uploads\/2023\/03\/bos_voor_iedereen-300x199.jpg 300w, https:\/\/fairhospitality.coop\/wp-content\/uploads\/2023\/03\/bos_voor_iedereen-768x509.jpg 768w, https:\/\/fairhospitality.coop\/wp-content\/uploads\/2023\/03\/bos_voor_iedereen-1536x1018.jpg 1536w, https:\/\/fairhospitality.coop\/wp-content\/uploads\/2023\/03\/bos_voor_iedereen-2048x1357.jpg 2048w, https:\/\/fairhospitality.coop\/wp-content\/uploads\/2023\/03\/bos_voor_iedereen-106x70.jpg 106w\" sizes=\"auto, (max-width: 1024px) 100vw, 1024px\" \/><\/figure>\n<\/div>\n<p>En mati\u00e8re de climat, d&rsquo;environnement et de biodiversit\u00e9, il est essentiel de disposer de plus de for\u00eats dans nos r\u00e9gions.<\/p>\n\n<p>Natuurpunt, la plus grande association de protection de la nature en Flandre, tente donc de d\u00e9gager davantage de fonds pour les for\u00eats suppl\u00e9mentaires par le biais d&rsquo;une s\u00e9rie d&rsquo;actions.<\/p>\n\n<p>D&rsquo;o\u00f9 leur action<a href=\"https:\/\/www.natuurpunt.be\/bos-voor-iedereen\" target=\"_blank\" rel=\"noreferrer noopener\">\u00ab\u00a0For\u00eat pour tous<\/a><\/p>\n\n<p>Ann\u00e9e apr\u00e8s ann\u00e9e, Natuurpunt fait campagne pour plus de for\u00eats en Flandre. Nous visons des for\u00eats robustes et pleines de vie : plantes, insectes, oiseaux et mammif\u00e8res. La biodiversit\u00e9 est notre priorit\u00e9 absolue, mais les for\u00eats sont \u00e9videmment aussi tr\u00e8s importantes pour l&rsquo;oxyg\u00e8ne, le stockage et le refroidissement du CO2, ainsi que pour notre propre bien-\u00eatre. Dans les for\u00eats, nous trouvons la d\u00e9tente et la tranquillit\u00e9.<\/p>\n\n<p>Nous plantons des for\u00eats avec 3 garanties foresti\u00e8res :<\/p>\n\n<p>1) intelligemment plant\u00e9s avec le bon m\u00e9lange d&rsquo;arbres indig\u00e8nes<br\/>2) bien g\u00e9r\u00e9s par nos milliers de b\u00e9n\u00e9voles<br\/>3) prot\u00e9g\u00e9s \u00e0 perp\u00e9tuit\u00e9 parce que nous achetons le terrain<\/p>\n\n<p>De pr\u00e9f\u00e9rence, nous \u00e9tendons les noyaux forestiers existants. Nous disposerons ainsi de vastes for\u00eats d&rsquo;un seul tenant dans lesquelles les hommes et les animaux se plairont. Certains morceaux sont laiss\u00e9s \u00e0 la repousse spontan\u00e9e.<\/p>\n\n<p><\/p>\n\n<h4 class=\"wp-block-heading\">Tout le monde m\u00e9rite des vacances<\/h4>\n\n<p>Ce fonds de solidarit\u00e9 permet aux familles les plus vuln\u00e9rables et aux personnes en situation de pauvret\u00e9 de profiter d&rsquo;une excursion d&rsquo;une journ\u00e9e ou de vacances. Faites \u00e9galement don d&rsquo;un peu de vacances \u00e0 des personnes qui, autrement, ne pourraient jamais partir en vacances.<\/p>\n\n<p>Tout le monde a droit \u00e0 des vacances. M\u00eame les personnes dans les situations les plus vuln\u00e9rables, pour lesquelles le seuil est encore trop \u00e9lev\u00e9, b\u00e9n\u00e9ficient de tarifs r\u00e9duits. Le fonds \u00ab\u00a0Vacances pour tous\u00a0\u00bb collecte des fonds pour permettre \u00e0 ce groupe de b\u00e9n\u00e9ficier d&rsquo;une excursion d&rsquo;une journ\u00e9e ou de vacances. Gr\u00e2ce \u00e0 votre contribution, une personne en situation de pauvret\u00e9 peut s&rsquo;en sortir.<\/p>\n\n<p>Cliquez <a href=\"https:\/\/www.vakantievooriedereen.be\/\" target=\"_blank\" rel=\"noreferrer noopener\">ici<\/a> pour plus d&rsquo;informations.<\/p>\n\n<figure class=\"wp-block-image size-large\"><img loading=\"lazy\" decoding=\"async\" width=\"1024\" height=\"342\" src=\"http:\/\/fairhospitality.coop\/wp-content\/uploads\/2023\/03\/Schermafbeelding-2023-03-20-153925-1024x342.jpg\" alt=\"\" class=\"wp-image-161\" srcset=\"https:\/\/fairhospitality.coop\/wp-content\/uploads\/2023\/03\/Schermafbeelding-2023-03-20-153925-1024x342.jpg 1024w, https:\/\/fairhospitality.coop\/wp-content\/uploads\/2023\/03\/Schermafbeelding-2023-03-20-153925-300x100.jpg 300w, https:\/\/fairhospitality.coop\/wp-content\/uploads\/2023\/03\/Schermafbeelding-2023-03-20-153925-768x256.jpg 768w, https:\/\/fairhospitality.coop\/wp-content\/uploads\/2023\/03\/Schermafbeelding-2023-03-20-153925-1536x512.jpg 1536w, https:\/\/fairhospitality.coop\/wp-content\/uploads\/2023\/03\/Schermafbeelding-2023-03-20-153925-210x70.jpg 210w, https:\/\/fairhospitality.coop\/wp-content\/uploads\/2023\/03\/Schermafbeelding-2023-03-20-153925.jpg 1742w\" sizes=\"auto, (max-width: 1024px) 100vw, 1024px\" \/><\/figure>\n\n<p><\/p>\n\n<h4 class=\"wp-block-heading\">Samenhuizen VZW<\/h4>\n\n<p>La mission de l&rsquo;ASBL Samenhuizen est de sensibiliser, d&rsquo;informer, d&rsquo;encourager et de conseiller sur tous les types de vie en communaut\u00e9.<\/p>\n<div class=\"wp-block-image\">\n<figure class=\"alignleft size-full\"><img loading=\"lazy\" decoding=\"async\" width=\"210\" height=\"80\" src=\"http:\/\/fairhospitality.coop\/wp-content\/uploads\/2023\/03\/Schermafbeelding-2023-03-20-155254.jpg\" alt=\"\" class=\"wp-image-164\" srcset=\"https:\/\/fairhospitality.coop\/wp-content\/uploads\/2023\/03\/Schermafbeelding-2023-03-20-155254.jpg 210w, https:\/\/fairhospitality.coop\/wp-content\/uploads\/2023\/03\/Schermafbeelding-2023-03-20-155254-184x70.jpg 184w\" sizes=\"auto, (max-width: 210px) 100vw, 210px\" \/><\/figure>\n<\/div>\n<p>L&rsquo;asbl Samenhuizen est active dans toute la Flandre et la r\u00e9gion de Bruxelles-Capitale.<\/p>\n\n<p>Notre mission est de sensibiliser, d&rsquo;informer, d&rsquo;encourager et de conseiller sur tous les types de vie en communaut\u00e9.<\/p>\n\n<p>Notre public cible est diversifi\u00e9 :<\/p>\n\n<p>les particuliers qui souhaitent vivre en communaut\u00e9, les autorit\u00e9s locales qui souhaitent mettre un site \u00e0 disposition, les initiatives de d\u00e9marrage \u00e0 la recherche de co-r\u00e9sidents, les professionnels (architectes, notaires, &#8230;) qui souhaitent contribuer \u00e0 la construction d&rsquo;une plus grande communaut\u00e9 de vie, &#8230;<br\/>Samenhuizen vzw est une plate-forme et une organisation de r\u00e9seau, reconnue comme un mouvement socioculturel. nous mettons en relation des personnes en fonction de leurs aspirations et de leurs besoins en termes de vie en communaut\u00e9.<\/p>\n\n<p>Samenhuizen veut encourager la vie en communaut\u00e9 parce qu&rsquo;une valeur ajout\u00e9e peut \u00eatre cr\u00e9\u00e9e dans plusieurs domaines : social, \u00e9cologique, spatial, \u00e9conomique,&#8230;<\/p>\n\n<p>Plus d&rsquo;informations <a href=\"https:\/\/www.samenhuizen.be\/\" target=\"_blank\" rel=\"noreferrer noopener\">ici<\/a>.<\/p>\n\n<p><\/p>\n\n<h4 class=\"wp-block-heading\">Donut de Bruxelles<\/h4>\n<div class=\"wp-block-image\">\n<figure class=\"alignleft size-full\"><img loading=\"lazy\" decoding=\"async\" width=\"500\" height=\"472\" src=\"http:\/\/fairhospitality.coop\/wp-content\/uploads\/2023\/03\/VISUELNL-768x725-1-e1679322990409.png\" alt=\"\" class=\"wp-image-160\" srcset=\"https:\/\/fairhospitality.coop\/wp-content\/uploads\/2023\/03\/VISUELNL-768x725-1-e1679322990409.png 500w, https:\/\/fairhospitality.coop\/wp-content\/uploads\/2023\/03\/VISUELNL-768x725-1-e1679322990409-300x283.png 300w, https:\/\/fairhospitality.coop\/wp-content\/uploads\/2023\/03\/VISUELNL-768x725-1-e1679322990409-74x70.png 74w\" sizes=\"auto, (max-width: 500px) 100vw, 500px\" \/><\/figure>\n<\/div>\n<p>Le projet Brussels Donut vise \u00e0 insuffler la philosophie de l&rsquo;\u00e9conomie du donut dans la vie politique, \u00e9conomique et culturelle par le biais de la mise en r\u00e9seau, d&rsquo;ateliers et de coaching.<\/p>\n\n<p>Apr\u00e8s la crise du COVID-19, les Bruxellois sont particuli\u00e8rement pr\u00e9occup\u00e9s par la satisfaction des besoins sociaux et la qualit\u00e9 de l&rsquo;environnement. N&rsquo;est-il pas temps d&rsquo;accorder plus d&rsquo;attention \u00e0 ces \u00e9l\u00e9ments ? C&rsquo;est du moins ce que repr\u00e9sente le beignet. Le concept du donut repr\u00e9sente de mani\u00e8re frappante la limite inf\u00e9rieure sociale et la limite sup\u00e9rieure \u00e9cologique, d\u00e9limitant l&rsquo;espace juste et s\u00fbr dans lequel nous devons \u00e9voluer aujourd&rsquo;hui.<\/p>\n\n<p>Comme le montrent les beignets mondiaux et belges, nous n&rsquo;en sommes pas encore l\u00e0 : il reste un long chemin \u00e0 parcourir. Cependant, cette voie est une source d&rsquo;optimisme et de cr\u00e9ativit\u00e9 pour construire des soci\u00e9t\u00e9s qui r\u00e9pondent aux besoins de tous sans d\u00e9passer la capacit\u00e9 de charge de la plan\u00e8te. Pour la mener \u00e0 bien, tous les acteurs doivent y participer dans toute leur diversit\u00e9. Notre r\u00e9gion doit travailler avec ses entreprises, ses associations et ses citoyens, avec tous ceux qui la vivent et la construisent chaque jour. Avec le donut comme boussole commune, chacun peut mettre le cap sur l&rsquo;objectif final d&rsquo;une prosp\u00e9rit\u00e9 \u00e9quilibr\u00e9e.<\/p>\n\n<p>Pour plus d&rsquo;informations, voir <a href=\"https:\/\/donut.brussels\/nl\/ndlshome\/\" target=\"_blank\" rel=\"noreferrer noopener\">ici<\/a>.<\/p>\n\n<p><\/p>\n\n<h4 class=\"wp-block-heading\">En cong\u00e9 dans le Meetjesland<\/h4>\n<div class=\"wp-block-image\">\n<figure class=\"alignright size-full\"><img loading=\"lazy\" decoding=\"async\" width=\"400\" height=\"500\" src=\"http:\/\/fairhospitality.coop\/wp-content\/uploads\/2023\/03\/Schermafbeelding-2023-03-20-155936-e1679324465464.jpg\" alt=\"\" class=\"wp-image-167\" srcset=\"https:\/\/fairhospitality.coop\/wp-content\/uploads\/2023\/03\/Schermafbeelding-2023-03-20-155936-e1679324465464.jpg 400w, https:\/\/fairhospitality.coop\/wp-content\/uploads\/2023\/03\/Schermafbeelding-2023-03-20-155936-e1679324465464-240x300.jpg 240w, https:\/\/fairhospitality.coop\/wp-content\/uploads\/2023\/03\/Schermafbeelding-2023-03-20-155936-e1679324465464-56x70.jpg 56w\" sizes=\"auto, (max-width: 400px) 100vw, 400px\" \/><\/figure>\n<\/div>\n<p>Notre premier projet local. <a href=\"https:\/\/www.facebook.com\/wijkcentrumdekring\/posts\/5587051334659609\/\" target=\"_blank\" rel=\"noreferrer noopener\">Choisi par les habitants du pays de la mesure<\/a>. J&rsquo;esp\u00e8re maintenant que de nombreux touristes passeront par Fairbnb.coop pour soutenir ce beau projet.  <\/p>\n\n<p>On cong\u00e9 in the Meetjesland Vzw Wijkcentrum De Kring organise deux fois par mois, depuis la crise du corona, des promenades surprises avec des personnes vuln\u00e9rables et souvent seules. R\u00e9cemment, l&rsquo;association est all\u00e9e plus loin et propose \u00e9galement sa propre offre de vacances sur mesure.<\/p>\n\n<p>Une association o\u00f9 les pauvres ont leur mot \u00e0 dire\u00a0\u00bb, c&rsquo;est ainsi que l&rsquo;asbl r\u00e9sume joliment son propre fonctionnement.<br\/>L&rsquo;association soutient les personnes dans leurs besoins de base. Ce faisant, tout le monde est le bienvenu, mais une attention particuli\u00e8re est accord\u00e9e aux personnes en situation de vuln\u00e9rabilit\u00e9 mentale, physique, financi\u00e8re ou sociale.<\/p>\n\n<p>Ces promenades surprises bimensuelles permettent de d\u00e9couvrir des coins de nature connus et moins connus sur le site<br\/>, mais surtout de cr\u00e9er un espace propice \u00e0 la conversation. Les promenades<br\/>ont douloureusement mis en \u00e9vidence le fait que de nombreuses personnes se heurtent \u00e0 des obstacles &#8211; pas seulement financiers &#8211; pour s&rsquo;\u00e9vader seules. Ces promenades instructives ont donn\u00e9 naissance \u00e0 une nouvelle initiative : Op cong\u00e9 in het Meetjesland.<br\/>Le projet soutient les personnes dans leur droit aux vacances. Un week-end ou des vacances dans le groupe<br\/>sont pr\u00e9c\u00e9d\u00e9s d&rsquo;un processus pr\u00e9paratoire, tout comme l&rsquo;\u00e9laboration d&rsquo;un plan de vacances.    Dans les ann\u00e9es \u00e0 venir, le projet vise \u00e0 d\u00e9velopper des week-ends\/excursions pour les visiteurs vuln\u00e9rables. Parce que tout le monde a parfois envie de s&rsquo;\u00e9vader et que la destination de voyage se trouve peut-\u00eatre dans votre jardin.<\/p>\n","protected":false},"excerpt":{"rendered":"<p>Attention : la plateforme Fairbnb.coop est actuellement en suspens. Il n&rsquo;y a pratiquement pas de r\u00e9servations sur cette plateforme. Fairhospitality soutient des projets locaux par le biais de commissions sur les r\u00e9servations locales sur la plateforme Fairbnb.coop et par la distribution des b\u00e9n\u00e9fices de la coop\u00e9rative. Ce soutien aux projets locaux socio-\u00e9cologiques se fait encore &#8230; <a title=\"Soutien aux projets locaux\" class=\"read-more\" href=\"https:\/\/fairhospitality.coop\/fr\/impact-local\/soutien-aux-projets-locaux\/\" aria-label=\"En savoir plus sur Soutien aux projets locaux\">Lire la suite<\/a><\/p>\n","protected":false},"author":1,"featured_media":0,"parent":323,"menu_order":0,"comment_status":"closed","ping_status":"closed","template":"","meta":{"_lmt_disableupdate":"","_lmt_disable":"","footnotes":""},"class_list":["post-310","page","type-page","status-publish"],"_links":{"self":[{"href":"https:\/\/fairhospitality.coop\/fr\/wp-json\/wp\/v2\/pages\/310","targetHints":{"allow":["GET"]}}],"collection":[{"href":"https:\/\/fairhospitality.coop\/fr\/wp-json\/wp\/v2\/pages"}],"about":[{"href":"https:\/\/fairhospitality.coop\/fr\/wp-json\/wp\/v2\/types\/page"}],"author":[{"embeddable":true,"href":"https:\/\/fairhospitality.coop\/fr\/wp-json\/wp\/v2\/users\/1"}],"replies":[{"embeddable":true,"href":"https:\/\/fairhospitality.coop\/fr\/wp-json\/wp\/v2\/comments?post=310"}],"version-history":[{"count":2,"href":"https:\/\/fairhospitality.coop\/fr\/wp-json\/wp\/v2\/pages\/310\/revisions"}],"predecessor-version":[{"id":1005,"href":"https:\/\/fairhospitality.coop\/fr\/wp-json\/wp\/v2\/pages\/310\/revisions\/1005"}],"up":[{"embeddable":true,"href":"https:\/\/fairhospitality.coop\/fr\/wp-json\/wp\/v2\/pages\/323"}],"wp:attachment":[{"href":"https:\/\/fairhospitality.coop\/fr\/wp-json\/wp\/v2\/media?parent=310"}],"curies":[{"name":"wp","href":"https:\/\/api.w.org\/{rel}","templated":true}]}}