{"id":281,"date":"2023-03-19T10:53:37","date_gmt":"2023-03-19T10:53:37","guid":{"rendered":"https:\/\/fairhospitality.coop\/index.php\/cooperative\/informations-sur-les-fondateurs\/"},"modified":"2023-03-20T15:46:33","modified_gmt":"2023-03-20T15:46:33","slug":"informations-sur-les-fondateurs","status":"publish","type":"page","link":"https:\/\/fairhospitality.coop\/fr\/cooperative\/informations-sur-les-fondateurs\/","title":{"rendered":"Informations sur les fondateurs"},"content":{"rendered":"\n<p>Cette page est destin\u00e9e uniquement aux fondateurs et ne doit pas \u00eatre partag\u00e9e avec d&rsquo;autres personnes dans l&rsquo;imm\u00e9diat.<\/p>\n","protected":false},"excerpt":{"rendered":"<p>Cette page est destin\u00e9e uniquement aux fondateurs et ne doit pas \u00eatre partag\u00e9e avec d&rsquo;autres personnes dans l&rsquo;imm\u00e9diat.<\/p>\n","protected":false},"author":1,"featured_media":0,"parent":273,"menu_order":0,"comment_status":"closed","ping_status":"closed","template":"","meta":{"footnotes":""},"class_list":["post-281","page","type-page","status-publish"],"_links":{"self":[{"href":"https:\/\/fairhospitality.coop\/fr\/wp-json\/wp\/v2\/pages\/281","targetHints":{"allow":["GET"]}}],"collection":[{"href":"https:\/\/fairhospitality.coop\/fr\/wp-json\/wp\/v2\/pages"}],"about":[{"href":"https:\/\/fairhospitality.coop\/fr\/wp-json\/wp\/v2\/types\/page"}],"author":[{"embeddable":true,"href":"https:\/\/fairhospitality.coop\/fr\/wp-json\/wp\/v2\/users\/1"}],"replies":[{"embeddable":true,"href":"https:\/\/fairhospitality.coop\/fr\/wp-json\/wp\/v2\/comments?post=281"}],"version-history":[{"count":1,"href":"https:\/\/fairhospitality.coop\/fr\/wp-json\/wp\/v2\/pages\/281\/revisions"}],"predecessor-version":[{"id":282,"href":"https:\/\/fairhospitality.coop\/fr\/wp-json\/wp\/v2\/pages\/281\/revisions\/282"}],"up":[{"embeddable":true,"href":"https:\/\/fairhospitality.coop\/fr\/wp-json\/wp\/v2\/pages\/273"}],"wp:attachment":[{"href":"https:\/\/fairhospitality.coop\/fr\/wp-json\/wp\/v2\/media?parent=281"}],"curies":[{"name":"wp","href":"https:\/\/api.w.org\/{rel}","templated":true}]}}