{"id":261,"date":"2023-03-14T08:14:24","date_gmt":"2023-03-14T08:14:24","guid":{"rendered":"https:\/\/fairhospitality.coop\/index.php\/charte-daccueil\/"},"modified":"2023-03-20T15:46:25","modified_gmt":"2023-03-20T15:46:25","slug":"charte-daccueil","status":"publish","type":"page","link":"https:\/\/fairhospitality.coop\/fr\/charte-daccueil\/","title":{"rendered":"Charte d&rsquo;accueil"},"content":{"rendered":"<div class=\"wp-block-image\">\n<figure class=\"alignright size-full\"><img loading=\"lazy\" decoding=\"async\" width=\"250\" height=\"250\" src=\"http:\/\/fairhospitality.coop\/wp-content\/uploads\/2023\/03\/echte-rubberzegel-14806918-e1679302138131.jpg\" alt=\"\" class=\"wp-image-139\" srcset=\"https:\/\/fairhospitality.coop\/wp-content\/uploads\/2023\/03\/echte-rubberzegel-14806918-e1679302138131.jpg 250w, https:\/\/fairhospitality.coop\/wp-content\/uploads\/2023\/03\/echte-rubberzegel-14806918-e1679302138131-150x150.jpg 150w, https:\/\/fairhospitality.coop\/wp-content\/uploads\/2023\/03\/echte-rubberzegel-14806918-e1679302138131-70x70.jpg 70w\" sizes=\"auto, (max-width: 250px) 100vw, 250px\" \/><\/figure>\n<\/div>\n<p>Pour devenir <strong>h\u00f4te<\/strong> sur Fairhospitality.coop, nous vous demandons de souscrire \u00e0 notre <strong>charte<\/strong>.<\/p>\n\n<p>Cette charte de l&rsquo;h\u00f4te a \u00e9t\u00e9 r\u00e9dig\u00e9e lors de sessions de co-cr\u00e9ation avec plusieurs h\u00f4tes et conseils locaux. Il s&rsquo;agit d&rsquo;une manifestation de la <strong>glocalisation<\/strong> avec laquelle Fairbnb.coop travaille \u00e9galement. La philosophie globale est traduite en exigences locales.  <\/p>\n\n<p><\/p>\n\n<h4 class=\"wp-block-heading\">R\u00e9glementation locale<\/h4>\n\n<p>Vous respectez les <strong>r\u00e9glementations locales<\/strong>, tant au niveau r\u00e9gional que municipal.<\/p>\n\n<ul class=\"wp-block-list\">\n<li>Pour la Flandre, vous pouvez trouver les informations <a href=\"https:\/\/toerismevlaanderen.be\/nl\/wetgeving-en-decreten\/logiesdecreet\" target=\"_blank\" rel=\"noreferrer noopener\">ici.<\/a> Nous v\u00e9rifions toujours si vous \u00eates au moins enregistr\u00e9 aupr\u00e8s de Tourisme Flandre. Nous le faisons gr\u00e2ce aux donn\u00e9es ouvertes.<\/li>\n\n\n\n<li>Pour la Wallonie <a href=\"https:\/\/www.tourismewallonie.be\/gerer-un-hebergement-touristique\" target=\"_blank\" rel=\"noreferrer noopener\">,<\/a> nous demandons \u00e0 l&rsquo;h\u00f4te de nous envoyer une preuve de la d\u00e9claration d&rsquo;exploitation.<\/li>\n\n\n\n<li>Pour la r\u00e9gion de Bruxelles<a href=\"https:\/\/economie-werk.brussels\/toeristiche-logies-registratie\" target=\"_blank\" rel=\"noreferrer noopener\">, cliquez ici<\/a>. Pour v\u00e9rification, nous demandons \u00e0 l&rsquo;h\u00f4te d&rsquo;envoyer une photo du certificat d&rsquo;enregistrement.  <\/li>\n<\/ul>\n\n<div style=\"height:11px\" aria-hidden=\"true\" class=\"wp-block-spacer\"><\/div>\n\n<h4 class=\"wp-block-heading\">R\u00e8gle \u00ab\u00a0un h\u00f4te &#8211; une maison<\/h4>\n\n<p>Votre<strong>capacit\u00e9 locative<\/strong> est fonction de la capacit\u00e9 de charge de l&rsquo;environnement<\/p>\n\n<ul class=\"wp-block-list\">\n<li>La location de pi\u00e8ces dans la maison que vous habitez vous-m\u00eame est toujours acceptable (\u00e0 condition que le propri\u00e9taire soit d&rsquo;accord).<\/li>\n\n\n\n<li>Dans les zones touristiques tr\u00e8s fr\u00e9quent\u00e9es, une seule maison suppl\u00e9mentaire (o\u00f9 vous ne vivez pas vous-m\u00eame) est autoris\u00e9e.<\/li>\n\n\n\n<li>Dans d&rsquo;autres r\u00e9gions, le tourisme peut r\u00e9ellement contrer le d\u00e9peuplement et le ch\u00f4mage, ce qu&rsquo;il fait d&rsquo;ailleurs<br\/>autoris\u00e9 \u00e0 exploiter au maximum 4 maisons en tant qu&rsquo;h\u00e9bergement touristique<\/li>\n<\/ul>\n\n<div style=\"height:9px\" aria-hidden=\"true\" class=\"wp-block-spacer\"><\/div>\n\n<h4 class=\"wp-block-heading\">Locale<\/h4>\n\n<p>Votre op\u00e9ration est <strong>ancr\u00e9e localement<\/strong>, de sorte que la communaut\u00e9 locale puisse \u00e9galement b\u00e9n\u00e9ficier directement ou indirectement des fruits du tourisme.<\/p>\n\n<ul class=\"wp-block-list\">\n<li>Vous et vos employ\u00e9s avez un lien avec la communaut\u00e9 locale<\/li>\n\n\n\n<li>Votre service s&rsquo;inscrit dans l&rsquo;\u00e9conomie locale en utilisant autant que possible des produits locaux.<\/li>\n<\/ul>\n\n<div style=\"height:7px\" aria-hidden=\"true\" class=\"wp-block-spacer\"><\/div>\n\n<h4 class=\"wp-block-heading\">Personnel<\/h4>\n\n<p>Vous assurez une<strong> approche personnelle<\/strong> forte<\/p>\n\n<div style=\"height:8px\" aria-hidden=\"true\" class=\"wp-block-spacer\"><\/div>\n\n<h4 class=\"wp-block-heading\">Durable<\/h4>\n\n<p>Vous assurez des <strong>op\u00e9rations durables<\/strong><\/p>\n\n<ul class=\"wp-block-list\">\n<li>Vous contribuez \u00e0 la cr\u00e9ation de lieux prosp\u00e8res dans votre r\u00e9gion<\/li>\n\n\n\n<li>Vous \u00eates manifestement engag\u00e9 en faveur d&rsquo;un tourisme durable, voire r\u00e9g\u00e9n\u00e9rateur.<\/li>\n\n\n\n<li>Vous soutenez activement diff\u00e9rents ODD (objectifs de d\u00e9veloppement durable).<\/li>\n<\/ul>\n","protected":false},"excerpt":{"rendered":"<p>Pour devenir h\u00f4te sur Fairhospitality.coop, nous vous demandons de souscrire \u00e0 notre charte. Cette charte de l&rsquo;h\u00f4te a \u00e9t\u00e9 r\u00e9dig\u00e9e lors de sessions de co-cr\u00e9ation avec plusieurs h\u00f4tes et conseils locaux. Il s&rsquo;agit d&rsquo;une manifestation de la glocalisation avec laquelle Fairbnb.coop travaille \u00e9galement. La philosophie globale est traduite en exigences locales. R\u00e9glementation locale Vous respectez &#8230; <a title=\"Charte d&rsquo;accueil\" class=\"read-more\" href=\"https:\/\/fairhospitality.coop\/fr\/charte-daccueil\/\" aria-label=\"En savoir plus sur Charte d&rsquo;accueil\">Lire la suite<\/a><\/p>\n","protected":false},"author":1,"featured_media":0,"parent":0,"menu_order":0,"comment_status":"closed","ping_status":"closed","template":"","meta":{"_lmt_disableupdate":"","_lmt_disable":"","footnotes":""},"class_list":["post-261","page","type-page","status-publish"],"_links":{"self":[{"href":"https:\/\/fairhospitality.coop\/fr\/wp-json\/wp\/v2\/pages\/261","targetHints":{"allow":["GET"]}}],"collection":[{"href":"https:\/\/fairhospitality.coop\/fr\/wp-json\/wp\/v2\/pages"}],"about":[{"href":"https:\/\/fairhospitality.coop\/fr\/wp-json\/wp\/v2\/types\/page"}],"author":[{"embeddable":true,"href":"https:\/\/fairhospitality.coop\/fr\/wp-json\/wp\/v2\/users\/1"}],"replies":[{"embeddable":true,"href":"https:\/\/fairhospitality.coop\/fr\/wp-json\/wp\/v2\/comments?post=261"}],"version-history":[{"count":1,"href":"https:\/\/fairhospitality.coop\/fr\/wp-json\/wp\/v2\/pages\/261\/revisions"}],"predecessor-version":[{"id":262,"href":"https:\/\/fairhospitality.coop\/fr\/wp-json\/wp\/v2\/pages\/261\/revisions\/262"}],"wp:attachment":[{"href":"https:\/\/fairhospitality.coop\/fr\/wp-json\/wp\/v2\/media?parent=261"}],"curies":[{"name":"wp","href":"https:\/\/api.w.org\/{rel}","templated":true}]}}