{"id":259,"date":"2023-03-10T17:42:31","date_gmt":"2023-03-10T17:42:31","guid":{"rendered":"https:\/\/fairhospitality.coop\/index.php\/a-propos-de\/"},"modified":"2026-03-03T15:27:50","modified_gmt":"2026-03-03T15:27:50","slug":"a-propos-de","status":"publish","type":"page","link":"https:\/\/fairhospitality.coop\/fr\/a-propos-de\/","title":{"rendered":"A propos de nous"},"content":{"rendered":"\n<p><strong>Des h\u00f4tes pour des h\u00f4tes<\/strong><\/p>\n\n<p>Ici, de petits g\u00eetes en Flandre construisent ensemble une forme de tourisme prosp\u00e8re. Nous formons une communaut\u00e9 d&rsquo;apprentissage qui acc\u00e9l\u00e8re la transition verte et num\u00e9rique. En travaillant au sein d&rsquo;un r\u00e9seau d&rsquo;h\u00f4tes et de partenaires, la durabilit\u00e9 devient possible pour les micro-entreprises, cr\u00e9ant un mod\u00e8le qui rend toute la r\u00e9gion plus r\u00e9siliente.  <\/p>\n\n<p>Nous avons toujours r\u00eav\u00e9 de le faire. Aujourd&rsquo;hui, c&rsquo;est possible gr\u00e2ce \u00e0 votre int\u00e9r\u00eat et au projet europ\u00e9en Inspires. <\/p>\n\n<figure class=\"wp-block-image size-full\"><img loading=\"lazy\" decoding=\"async\" width=\"604\" height=\"178\" src=\"https:\/\/fairhospitality.coop\/wp-content\/uploads\/2026\/03\/Triple-logo-INSPIRES-236-799.png\" alt=\"\" class=\"wp-image-1526\" srcset=\"https:\/\/fairhospitality.coop\/wp-content\/uploads\/2026\/03\/Triple-logo-INSPIRES-236-799.png 604w, https:\/\/fairhospitality.coop\/wp-content\/uploads\/2026\/03\/Triple-logo-INSPIRES-236-799-300x88.png 300w\" sizes=\"auto, (max-width: 604px) 100vw, 604px\" \/><\/figure>\n\n<h3 class=\"wp-block-heading\">Elke et Jan<\/h3>\n\n<p>Nous sommes \u00e9galement deux h\u00f4tes d&rsquo;un petit B&amp;B. Elke a son B&amp;B dans la r\u00e9gion de la Campine, c&rsquo;est-\u00e0-dire <a href=\"https:\/\/www.hetkadaster.be\/\" target=\"_blank\" rel=\"noreferrer noopener\">Het Kadaster<\/a>, tandis que Jan a son B&amp;B dans le Natioaal Park Scheldevallei, c&rsquo;est-\u00e0-dire <a href=\"https:\/\/scrabble-it.com\/\" target=\"_blank\" rel=\"noreferrer noopener\">Scrabble B&amp;B<\/a>. <\/p>\n\n<p>Nous esp\u00e9rons donner un nouvel \u00e9lan au tourisme durable et r\u00e9g\u00e9n\u00e9rateur gr\u00e2ce \u00e0 cette initiative.  <\/p>\n\n<p>Nous sommes tr\u00e8s reconnaissants \u00e0 Tom et Sjantal de la province touristique d&rsquo;Anvers pour leur soutien dans la pr\u00e9paration de notre projet.  <\/p>\n\n<h3 class=\"wp-block-heading\">Liens<\/h3>\n\n<ul class=\"wp-block-list\">\n<li><a href=\"https:\/\/inspires-tourism.eu\/\">https:\/\/inspires-tourism.eu\/<\/a><\/li>\n\n\n\n<li><a href=\"https:\/\/www.toerismeprovincieantwerpen.be\/nl\">https:\/\/www.toerismeprovincieantwerpen.be\/nl<\/a><\/li>\n\n\n\n<li><a href=\"https:\/\/www.nationaalparkscheldevallei.be\/\">https:\/\/www.nationaalparkscheldevallei.be\/<\/a><\/li>\n\n\n\n<li><a href=\"https:\/\/www.kempen.be\/\">https:\/\/www.kempen.be\/<\/a><\/li>\n<\/ul>\n\n<p><\/p>\n","protected":false},"excerpt":{"rendered":"<p>Des h\u00f4tes pour des h\u00f4tes Ici, de petits g\u00eetes en Flandre construisent ensemble une forme de tourisme prosp\u00e8re. Nous formons une communaut\u00e9 d&rsquo;apprentissage qui acc\u00e9l\u00e8re la transition verte et num\u00e9rique. En travaillant au sein d&rsquo;un r\u00e9seau d&rsquo;h\u00f4tes et de partenaires, la durabilit\u00e9 devient possible pour les micro-entreprises, cr\u00e9ant un mod\u00e8le qui rend toute la r\u00e9gion &#8230; <a title=\"A propos de nous\" class=\"read-more\" href=\"https:\/\/fairhospitality.coop\/fr\/a-propos-de\/\" aria-label=\"En savoir plus sur A propos de nous\">Lire la suite<\/a><\/p>\n","protected":false},"author":1,"featured_media":0,"parent":0,"menu_order":0,"comment_status":"closed","ping_status":"closed","template":"","meta":{"footnotes":""},"class_list":["post-259","page","type-page","status-publish"],"_links":{"self":[{"href":"https:\/\/fairhospitality.coop\/fr\/wp-json\/wp\/v2\/pages\/259","targetHints":{"allow":["GET"]}}],"collection":[{"href":"https:\/\/fairhospitality.coop\/fr\/wp-json\/wp\/v2\/pages"}],"about":[{"href":"https:\/\/fairhospitality.coop\/fr\/wp-json\/wp\/v2\/types\/page"}],"author":[{"embeddable":true,"href":"https:\/\/fairhospitality.coop\/fr\/wp-json\/wp\/v2\/users\/1"}],"replies":[{"embeddable":true,"href":"https:\/\/fairhospitality.coop\/fr\/wp-json\/wp\/v2\/comments?post=259"}],"version-history":[{"count":5,"href":"https:\/\/fairhospitality.coop\/fr\/wp-json\/wp\/v2\/pages\/259\/revisions"}],"predecessor-version":[{"id":1532,"href":"https:\/\/fairhospitality.coop\/fr\/wp-json\/wp\/v2\/pages\/259\/revisions\/1532"}],"wp:attachment":[{"href":"https:\/\/fairhospitality.coop\/fr\/wp-json\/wp\/v2\/media?parent=259"}],"curies":[{"name":"wp","href":"https:\/\/api.w.org\/{rel}","templated":true}]}}