{"id":251,"date":"2023-03-10T13:41:59","date_gmt":"2023-03-10T13:41:59","guid":{"rendered":"https:\/\/fairhospitality.coop\/index.php\/connexion-des-membres\/"},"modified":"2024-01-06T16:42:02","modified_gmt":"2024-01-06T16:42:02","slug":"connexion-des-membres","status":"publish","type":"page","link":"https:\/\/fairhospitality.coop\/fr\/cooperative\/connexion-des-membres\/","title":{"rendered":"Connexion des membres"},"content":{"rendered":"\n<p>Enregistrez-vous si vous voulez voir plus de contenu sur notre site web.<\/p>\n\n<p>Certaines sections sont encore plus strictes et ne sont accessibles qu&rsquo;avec une \u00ab\u00a0adh\u00e9sion \u00e0 la coop\u00e9ration\u00a0\u00bb. Elle est r\u00e9serv\u00e9e aux membres fondateurs, aux coop\u00e9rants et aux h\u00f4tes. Si vous pensez y avoir droit, envoyez un courriel \u00e0 info@fairhospitality.coop.  <\/p>\n\n<p><\/p>\n<p>[swpm_login_form]<\/p>\n","protected":false},"excerpt":{"rendered":"<p>Enregistrez-vous si vous voulez voir plus de contenu sur notre site web. Certaines sections sont encore plus strictes et ne sont accessibles qu&rsquo;avec une \u00ab\u00a0adh\u00e9sion \u00e0 la coop\u00e9ration\u00a0\u00bb. Elle est r\u00e9serv\u00e9e aux membres fondateurs, aux coop\u00e9rants et aux h\u00f4tes. Si vous pensez y avoir droit, envoyez un courriel \u00e0 info@fairhospitality.coop. [swpm_login_form]<\/p>\n","protected":false},"author":1,"featured_media":0,"parent":273,"menu_order":0,"comment_status":"closed","ping_status":"closed","template":"","meta":{"footnotes":""},"class_list":["post-251","page","type-page","status-publish"],"_links":{"self":[{"href":"https:\/\/fairhospitality.coop\/fr\/wp-json\/wp\/v2\/pages\/251","targetHints":{"allow":["GET"]}}],"collection":[{"href":"https:\/\/fairhospitality.coop\/fr\/wp-json\/wp\/v2\/pages"}],"about":[{"href":"https:\/\/fairhospitality.coop\/fr\/wp-json\/wp\/v2\/types\/page"}],"author":[{"embeddable":true,"href":"https:\/\/fairhospitality.coop\/fr\/wp-json\/wp\/v2\/users\/1"}],"replies":[{"embeddable":true,"href":"https:\/\/fairhospitality.coop\/fr\/wp-json\/wp\/v2\/comments?post=251"}],"version-history":[{"count":2,"href":"https:\/\/fairhospitality.coop\/fr\/wp-json\/wp\/v2\/pages\/251\/revisions"}],"predecessor-version":[{"id":763,"href":"https:\/\/fairhospitality.coop\/fr\/wp-json\/wp\/v2\/pages\/251\/revisions\/763"}],"up":[{"embeddable":true,"href":"https:\/\/fairhospitality.coop\/fr\/wp-json\/wp\/v2\/pages\/273"}],"wp:attachment":[{"href":"https:\/\/fairhospitality.coop\/fr\/wp-json\/wp\/v2\/media?parent=251"}],"curies":[{"name":"wp","href":"https:\/\/api.w.org\/{rel}","templated":true}]}}