{"id":1537,"date":"2026-03-04T08:08:42","date_gmt":"2026-03-04T08:08:42","guid":{"rendered":"https:\/\/fairhospitality.coop\/a-travers-les-lunettes-du-voyageur\/"},"modified":"2026-03-04T10:34:46","modified_gmt":"2026-03-04T10:34:46","slug":"a-travers-les-lunettes-du-voyageur","status":"publish","type":"page","link":"https:\/\/fairhospitality.coop\/fr\/a-travers-les-lunettes-du-voyageur\/","title":{"rendered":"\u00c0 travers les lunettes du voyageur"},"content":{"rendered":"\n<p>Lorsque nous parlons d&rsquo;hospitalit\u00e9 durable, nous ne pouvons pas ignorer le voyage de l&rsquo;invit\u00e9. \u00c0 diff\u00e9rents moments, le voyageur prend des d\u00e9cisions cruciales dans le contexte de la durabilit\u00e9. En particulier lorsque nous examinons de plus pr\u00e8s sa variante r\u00e9g\u00e9n\u00e9ratrice, qui a plus d&rsquo;impact.    <\/p>\n\n<p>Sur la base d&rsquo;une \u00e9tude men\u00e9e par l&rsquo;\u00e9cole secondaire PXL, entre autres, qui divise le parcours du client en 4 \u00e9tapes, nous pr\u00e9f\u00e9rons le diviser en 5 \u00e9tapes.<\/p>\n\n<ul class=\"wp-block-list\">\n<li>R\u00eaves<\/li>\n\n\n\n<li>Plans<\/li>\n\n\n\n<li>Sur la route<\/li>\n\n\n\n<li>S\u00e9jours<\/li>\n\n\n\n<li>Lueur d&rsquo;espoir<\/li>\n<\/ul>\n\n<p>Ces cinq \u00e9tapes sont parfois bien ordonn\u00e9es, mais dans de nombreux cas, elles ne le sont pas. Parfois, on r\u00eave du premier tron\u00e7on et on laisse la suite du voyage ouverte \u00e0 l&rsquo;inspiration du moment. Parfois, on fait un trek et on est sur la route, dans l&rsquo;h\u00e9bergement, de nouveau sur la route, dans un autre h\u00e9bergement, etc &#8230; Et parfois, nous profitons d\u00e9j\u00e0 du voyage lui-m\u00eame. Ce sont tout de m\u00eame 5 parties essentielles d&rsquo;un voyage vertueux.      <\/p>\n\n<p>En tant que fournisseurs d&rsquo;h\u00e9bergement, comment pouvons-nous avoir un impact sur ces cinq \u00e9tapes ? Comment pouvons-nous inciter les voyageurs \u00e0 faire les choix les plus durables ? <\/p>\n\n<h3 class=\"wp-block-heading\">R\u00eaves<\/h3>\n\n<p>C&rsquo;est l\u00e0 que sont jet\u00e9es les bases de l&rsquo;impact final du voyage. Plus de la moiti\u00e9 des voyageurs r\u00e9alisent qu&rsquo;ils ont un impact sur les communaut\u00e9s locales et sur l&rsquo;environnement. Mais les r\u00eaves sont influenc\u00e9s par les m\u00e9dias, les amis, l&rsquo;internet, l&rsquo;intelligence artificielle, etc.    <\/p>\n\n<p>Que peuvent faire les op\u00e9rateurs d&rsquo;h\u00e9bergement pour faire r\u00eaver les voyageurs potentiels de voyages durables, de voyages lents, &#8230; ? ?<\/p>\n\n<p>Discutez avec nous <a href=\"https:\/\/fairhospitality.coop\/community\/forum-blik-van-de-reiziger\/hoe-kunnen-de-we-reiziger-helpen-dromen\/#post-3\">ici.<\/a> <\/p>\n\n<h3 class=\"wp-block-heading\">Plans<\/h3>\n\n<p>Lors de la planification, l&rsquo;accent est mis sur la r\u00e9servation. La r\u00e9servation est une \u00e9tape cruciale dans un voyage durable. <\/p>\n\n<ul class=\"wp-block-list\">\n<li>Devons-nous r\u00e9server par l&rsquo;interm\u00e9diaire d&rsquo;une multinationale, en laissant l&rsquo;argent s&rsquo;\u00e9chapper vers d&rsquo;autres endroits ?<\/li>\n\n\n\n<li>Mettons-nous l&rsquo;accent sur la durabilit\u00e9 ou est-il pr\u00e9f\u00e9rable de ne pas le faire ?<\/li>\n\n\n\n<li>Utilisons-nous des canaux alternatifs pour les r\u00e9servations ?<\/li>\n<\/ul>\n\n<p>Discutez avec nous <a href=\"https:\/\/fairhospitality.coop\/community\/forum-blik-van-de-reiziger\/wat-kunnen-wij-doen-als-hosts-om-de-reiziger-ethisch-en-duurzaam-te-laten-boeken\/#post-4\">ici<\/a> <\/p>\n\n<h3 class=\"wp-block-heading\">Sur la route<\/h3>\n\n<figure class=\"wp-block-image size-full is-resized\"><img loading=\"lazy\" decoding=\"async\" width=\"631\" height=\"593\" src=\"https:\/\/fairhospitality.coop\/wp-content\/uploads\/2023\/12\/Schermafbeelding-2023-12-22-122620.png\" alt=\"\" class=\"wp-image-634\" style=\"width:414px;height:auto\" srcset=\"https:\/\/fairhospitality.coop\/wp-content\/uploads\/2023\/12\/Schermafbeelding-2023-12-22-122620.png 631w, https:\/\/fairhospitality.coop\/wp-content\/uploads\/2023\/12\/Schermafbeelding-2023-12-22-122620-300x282.png 300w, https:\/\/fairhospitality.coop\/wp-content\/uploads\/2023\/12\/Schermafbeelding-2023-12-22-122620-74x70.png 74w\" sizes=\"auto, (max-width: 631px) 100vw, 631px\" \/><\/figure>\n\n<p>Le transport est et reste l&rsquo;impact le plus important par rapport aux autres \u00e9l\u00e9ments du tourisme. En tant qu&rsquo;h\u00e9bergeurs, nous pouvons influencer ce ph\u00e9nom\u00e8ne par une bonne communication et en offrant des facilit\u00e9s pour le \u00ab\u00a0dernier kilom\u00e8tre\u00a0\u00bb. <\/p>\n\n<p>Discutez avec nous <a href=\"https:\/\/fairhospitality.coop\/community\/forum-blik-van-de-reiziger\/onderweg-zijn-last-of-lust\/#post-5\">ici.<\/a> <\/p>\n\n<h3 class=\"wp-block-heading\">S\u00e9jours<\/h3>\n\n<p>La phase de \u00ab\u00a0s\u00e9jour\u00a0\u00bb est celle o\u00f9 l&rsquo;interaction physique entre le client, le logement et l&rsquo;environnement atteint son apog\u00e9e. C&rsquo;est l\u00e0 que nous, en tant qu&rsquo;op\u00e9rateurs d&rsquo;h\u00e9bergement, avons le contr\u00f4le le plus direct sur l&rsquo;impact op\u00e9rationnel. L&rsquo;automatisation des mesures durables est presque toujours plus efficace que la mise en \u0153uvre d&rsquo;un changement de comportement chez les h\u00f4tes. Cependant, cela n&rsquo;a qu&rsquo;un impact local, c&rsquo;est-\u00e0-dire pour l&rsquo;h\u00e9bergement lui-m\u00eame. Essayer d&rsquo;influencer et de motiver les clients pour qu&rsquo;ils changent de comportement \u00e0 la fois dans le logement, chez eux et ailleurs peut avoir un impact tr\u00e8s important, encore plus important que ce que vous pouvez r\u00e9aliser vous-m\u00eame dans votre logement.      <\/p>\n\n<p>Nous parlons \u00e9galement ici de ce que l&rsquo;on appelle le <a href=\"https:\/\/fairhospitality.coop\/fr\/scope-4-dans-le-tourisme-un-impact-cache\/\" data-type=\"post\" data-id=\"960\">champ d&rsquo;application 4.<\/a> <\/p>\n\n<p>Discutez avec nous <a href=\"https:\/\/fairhospitality.coop\/community\/forum-blik-van-de-reiziger\/verblijf-als-het-moment-om-de-reiziger-te-informeren-motiveren-en-beinvloeden-naar-duurzaamheid\/#post-6\">ici.<\/a> <\/p>\n\n<h3 class=\"wp-block-heading\">Lueur d&rsquo;espoir<\/h3>\n\n<p>L&rsquo;hospitalit\u00e9 r\u00e9g\u00e9n\u00e9ratrice s&rsquo;appuie sur la cr\u00e9ation d&rsquo;une communaut\u00e9 ou d&rsquo;un \u00e9cosyst\u00e8me. Lorsque les h\u00f4tes se sentent li\u00e9s \u00e0 la mission de l&rsquo;h\u00e9bergement et \u00e0 son environnement, ils deviennent des ambassadeurs qui partagent leurs exp\u00e9riences. Cela peut \u00eatre facilit\u00e9 par des plateformes num\u00e9riques o\u00f9 les h\u00f4tes peuvent r\u00e9fl\u00e9chir \u00e0 leurs exp\u00e9riences, partager des photos ou participer \u00e0 des discussions sur la durabilit\u00e9.  <sup> <\/sup>  L&rsquo;\u00e9tablissement de telles relations accro\u00eet la loyaut\u00e9 et cr\u00e9e un sentiment de responsabilit\u00e9 partag\u00e9e \u00e0 l&rsquo;\u00e9gard de la destination.<\/p>\n\n<p>Discutez avec nous <a href=\"https:\/\/fairhospitality.coop\/community\/forum-blik-van-de-reiziger\/hoe-laat-jij-de-klant-langer-intenser-en-met-meer-impact-nagenieten-van-een-verblijf-in-je-logies\/#post-7\">ici.<\/a> <\/p>\n\n<p><\/p>\n\n<hr class=\"wp-block-separator has-alpha-channel-opacity\"\/>\n\n<p><em>Le point de vue du voyageur \u00e9volue. En travaillant avec des partenaires locaux et en partageant nos exp\u00e9riences, nous pouvons constamment adapter nos id\u00e9es \u00e0 la r\u00e9alit\u00e9.  <\/em><\/p>\n\n<p><em>L&rsquo;intelligence collective, plus forte que l&rsquo;intelligence artificielle !<\/em><\/p>\n\n<p><em>Partagez vos exp\u00e9riences, participez aux discussions sur nos<\/em>forums : <br\/><a href=\"https:\/\/fairhospitality.coop\/community\/forum-blik-van-de-reiziger\/hoe-kunnen-de-we-reiziger-helpen-dromen\/#post-3\">R\u00eaver<\/a>, <a href=\"https:\/\/fairhospitality.coop\/community\/forum-blik-van-de-reiziger\/wat-kunnen-wij-doen-als-hosts-om-de-reiziger-ethisch-en-duurzaam-te-laten-boeken\/#post-4\">planifier<\/a>, <a href=\"https:\/\/fairhospitality.coop\/community\/forum-blik-van-de-reiziger\/onderweg-zijn-last-of-lust\/#post-5\">voyager<\/a>, <a href=\"https:\/\/fairhospitality.coop\/community\/forum-blik-van-de-reiziger\/verblijf-als-het-moment-om-de-reiziger-te-informeren-motiveren-en-beinvloeden-naar-duurzaamheid\/#post-6\">s\u00e9journer<\/a>, <a href=\"https:\/\/fairhospitality.coop\/community\/forum-blik-van-de-reiziger\/hoe-laat-jij-de-klant-langer-intenser-en-met-meer-impact-nagenieten-van-een-verblijf-in-je-logies\/#post-7\">se souvenir<\/a><\/p>\n\n<p><\/p>\n","protected":false},"excerpt":{"rendered":"<p>Lorsque nous parlons d&rsquo;hospitalit\u00e9 durable, nous ne pouvons pas ignorer le voyage de l&rsquo;invit\u00e9. \u00c0 diff\u00e9rents moments, le voyageur prend des d\u00e9cisions cruciales dans le contexte de la durabilit\u00e9. En particulier lorsque nous examinons de plus pr\u00e8s sa variante r\u00e9g\u00e9n\u00e9ratrice, qui a plus d&rsquo;impact. Sur la base d&rsquo;une \u00e9tude men\u00e9e par l&rsquo;\u00e9cole secondaire PXL, entre &#8230; <a title=\"\u00c0 travers les lunettes du voyageur\" class=\"read-more\" href=\"https:\/\/fairhospitality.coop\/fr\/a-travers-les-lunettes-du-voyageur\/\" aria-label=\"En savoir plus sur \u00c0 travers les lunettes du voyageur\">Lire la suite<\/a><\/p>\n","protected":false},"author":1,"featured_media":0,"parent":0,"menu_order":0,"comment_status":"closed","ping_status":"closed","template":"","meta":{"footnotes":""},"class_list":["post-1537","page","type-page","status-publish"],"_links":{"self":[{"href":"https:\/\/fairhospitality.coop\/fr\/wp-json\/wp\/v2\/pages\/1537","targetHints":{"allow":["GET"]}}],"collection":[{"href":"https:\/\/fairhospitality.coop\/fr\/wp-json\/wp\/v2\/pages"}],"about":[{"href":"https:\/\/fairhospitality.coop\/fr\/wp-json\/wp\/v2\/types\/page"}],"author":[{"embeddable":true,"href":"https:\/\/fairhospitality.coop\/fr\/wp-json\/wp\/v2\/users\/1"}],"replies":[{"embeddable":true,"href":"https:\/\/fairhospitality.coop\/fr\/wp-json\/wp\/v2\/comments?post=1537"}],"version-history":[{"count":4,"href":"https:\/\/fairhospitality.coop\/fr\/wp-json\/wp\/v2\/pages\/1537\/revisions"}],"predecessor-version":[{"id":1548,"href":"https:\/\/fairhospitality.coop\/fr\/wp-json\/wp\/v2\/pages\/1537\/revisions\/1548"}],"wp:attachment":[{"href":"https:\/\/fairhospitality.coop\/fr\/wp-json\/wp\/v2\/media?parent=1537"}],"curies":[{"name":"wp","href":"https:\/\/api.w.org\/{rel}","templated":true}]}}