{"id":1514,"date":"2026-03-02T14:26:15","date_gmt":"2026-03-02T14:26:15","guid":{"rendered":"https:\/\/fairhospitality.coop\/voyage-vers-demain\/"},"modified":"2026-03-02T14:26:46","modified_gmt":"2026-03-02T14:26:46","slug":"voyage-vers-demain","status":"publish","type":"page","link":"https:\/\/fairhospitality.coop\/fr\/voyage-vers-demain\/","title":{"rendered":"Voyage vers demain"},"content":{"rendered":"\n<p>Votre voyage vers demain va au-del\u00e0 de la durabilit\u00e9 et cherche d&rsquo;autres lieux. Il s&rsquo;agit d&rsquo;une hospitalit\u00e9 r\u00e9g\u00e9n\u00e9ratrice. R\u00e9g\u00e9n\u00e9ratrice comme la nature vierge : elle cro\u00eet et s&rsquo;\u00e9panouit dans et par son propre syst\u00e8me. Les processus y sont toujours circulaires. Les organismes y sont compl\u00e9mentaires mais en partie comp\u00e9titifs. Les syst\u00e8mes sont g\u00e9n\u00e9ralement en \u00e9quilibre. En cas de d\u00e9s\u00e9quilibre, des m\u00e9canismes permettent de trouver rapidement un nouvel \u00e9quilibre.      <\/p>\n\n<p>Vous d\u00e9couvrirez ici ce que tout cela peut signifier pour votre voyage vers demain.<\/p>\n\n<p><\/p>\n\n<p><\/p>\n","protected":false},"excerpt":{"rendered":"<p>Votre voyage vers demain va au-del\u00e0 de la durabilit\u00e9 et cherche d&rsquo;autres lieux. Il s&rsquo;agit d&rsquo;une hospitalit\u00e9 r\u00e9g\u00e9n\u00e9ratrice. R\u00e9g\u00e9n\u00e9ratrice comme la nature vierge : elle cro\u00eet et s&rsquo;\u00e9panouit dans et par son propre syst\u00e8me. Les processus y sont toujours circulaires. Les organismes y sont compl\u00e9mentaires mais en partie comp\u00e9titifs. Les syst\u00e8mes sont g\u00e9n\u00e9ralement en \u00e9quilibre. &#8230; <a title=\"Voyage vers demain\" class=\"read-more\" href=\"https:\/\/fairhospitality.coop\/fr\/voyage-vers-demain\/\" aria-label=\"En savoir plus sur Voyage vers demain\">Lire la suite<\/a><\/p>\n","protected":false},"author":1,"featured_media":0,"parent":0,"menu_order":0,"comment_status":"closed","ping_status":"closed","template":"","meta":{"footnotes":""},"class_list":["post-1514","page","type-page","status-publish"],"_links":{"self":[{"href":"https:\/\/fairhospitality.coop\/fr\/wp-json\/wp\/v2\/pages\/1514","targetHints":{"allow":["GET"]}}],"collection":[{"href":"https:\/\/fairhospitality.coop\/fr\/wp-json\/wp\/v2\/pages"}],"about":[{"href":"https:\/\/fairhospitality.coop\/fr\/wp-json\/wp\/v2\/types\/page"}],"author":[{"embeddable":true,"href":"https:\/\/fairhospitality.coop\/fr\/wp-json\/wp\/v2\/users\/1"}],"replies":[{"embeddable":true,"href":"https:\/\/fairhospitality.coop\/fr\/wp-json\/wp\/v2\/comments?post=1514"}],"version-history":[{"count":1,"href":"https:\/\/fairhospitality.coop\/fr\/wp-json\/wp\/v2\/pages\/1514\/revisions"}],"predecessor-version":[{"id":1515,"href":"https:\/\/fairhospitality.coop\/fr\/wp-json\/wp\/v2\/pages\/1514\/revisions\/1515"}],"wp:attachment":[{"href":"https:\/\/fairhospitality.coop\/fr\/wp-json\/wp\/v2\/media?parent=1514"}],"curies":[{"name":"wp","href":"https:\/\/api.w.org\/{rel}","templated":true}]}}