{"id":1501,"date":"2026-03-02T13:59:47","date_gmt":"2026-03-02T13:59:47","guid":{"rendered":"https:\/\/fairhospitality.coop\/lhospitalite-equitable-et-sociale\/"},"modified":"2026-03-02T14:06:30","modified_gmt":"2026-03-02T14:06:30","slug":"lhospitalite-equitable-et-sociale","status":"publish","type":"page","link":"https:\/\/fairhospitality.coop\/fr\/lhospitalite-equitable-et-sociale\/","title":{"rendered":"L&rsquo;hospitalit\u00e9 \u00e9quitable et sociale"},"content":{"rendered":"\n<p>Dans une destination prosp\u00e8re, le tourisme est plus qu&rsquo;une question d&rsquo;\u00e9cologie ; il s&rsquo;agit du bien-\u00eatre des personnes qui y travaillent, de celles qui y vivent et de celles qui y s\u00e9journent. Le lieu est ancr\u00e9 dans notre plan\u00e8te. La durabilit\u00e9 transcende donc le lieu. Elle est \u00ab\u00a0int\u00e9grale\u00a0\u00bb : elle relie les limites \u00e9cologiques \u00e0 une base sociale dans laquelle personne ne doit sombrer.     <\/p>\n\n<h3 class=\"wp-block-heading\">1. La vision : le tourisme comme force de connexion<\/h3>\n\n<ul class=\"wp-block-list\">\n<li><strong>La communaut\u00e9 prosp\u00e8re :<\/strong> un logement contribue \u00e0 une communaut\u00e9 o\u00f9 l&rsquo;entrepreneur est vital, o\u00f9 le r\u00e9sident ne subit pas de nuisances et o\u00f9 l&#8217;employ\u00e9 est valoris\u00e9.<\/li>\n\n\n\n<li><strong>L&rsquo;h\u00f4te en tant que titulaire d&rsquo;une place :<\/strong> vous n&rsquo;\u00eates pas seulement un h\u00f4te de chambre, mais un ambassadeur qui se pr\u00e9occupe du tissu humain du lieu.<\/li>\n\n\n\n<li><strong>L&rsquo;impact prime sur la maximisation du profit :<\/strong> L&rsquo;objectif est une \u00ab\u00a0\u00e9conomie de partage\u00a0\u00bb qui assure une redistribution \u00e9quitable du capital dans l&rsquo;\u00e9conomie locale.<\/li>\n<\/ul>\n\n<h3 class=\"wp-block-heading\">2. Gouvernance et gestion \u00e9thique<\/h3>\n\n<p>Une politique sociale doit \u00eatre int\u00e9gr\u00e9e dans la structure de l&rsquo;entreprise.<\/p>\n\n<ul class=\"wp-block-list\">\n<li><strong>Code de conduite :<\/strong> formuler un code \u00e9crit qui applique une tol\u00e9rance z\u00e9ro \u00e0 l&rsquo;\u00e9gard de la corruption, de la discrimination et de toute forme d&rsquo;exploitation ou de harc\u00e8lement, en particulier \u00e0 l&rsquo;\u00e9gard des enfants et des groupes vuln\u00e9rables.<\/li>\n\n\n\n<li><strong>Politique en mati\u00e8re de RSE :<\/strong> Votre d\u00e9claration de politique doit inclure des engagements explicites en mati\u00e8re de droits du travail, de droits de l&rsquo;homme et de soutien aux communaut\u00e9s locales.<\/li>\n\n\n\n<li><strong>Conformit\u00e9 juridique :<\/strong> garantir que toutes les activit\u00e9s respectent les droits fonciers, hydriques et de propri\u00e9t\u00e9 locaux, y compris le consentement libre et pr\u00e9alable des populations locales.<\/li>\n\n\n\n<li><\/li>\n<\/ul>\n\n<h3 class=\"wp-block-heading\">3. Un travail digne<\/h3>\n\n<p>Votre personnel est l&rsquo;\u00e9pine dorsale de l&rsquo;exp\u00e9rience du client.<\/p>\n\n<ul class=\"wp-block-list\">\n<li><strong>R\u00e9mun\u00e9ration \u00e9quitable :<\/strong> tous les employ\u00e9s, y compris le personnel recrut\u00e9 \u00e0 l&rsquo;ext\u00e9rieur, re\u00e7oivent au moins le salaire l\u00e9gal, disposent d&rsquo;un contrat \u00e9crit et travaillent pendant les heures l\u00e9gales.<\/li>\n\n\n\n<li><strong>\u00c9galit\u00e9 et inclusion (DEI) :<\/strong> Mettre en \u0153uvre des politiques de diversit\u00e9, d&rsquo;\u00e9galit\u00e9 et d&rsquo;inclusion. Cela inclut des opportunit\u00e9s \u00e9quitables pour les minorit\u00e9s, les femmes et les personnes handicap\u00e9es \u00e0 tous les postes. <\/li>\n\n\n\n<li><strong>Formation et d\u00e9veloppement :<\/strong> proposez au personnel une formation annuelle sur le d\u00e9veloppement durable, les droits sociaux et, plus particuli\u00e8rement, sur \u00ab\u00a0l&rsquo;\u00e9tiquette du handicap\u00a0\u00bb (comment traiter les clients ayant des besoins particuliers).<\/li>\n\n\n\n<li><strong>Retour d&rsquo;information :<\/strong> donnez aux employ\u00e9s la possibilit\u00e9 de faire des suggestions ou de soulever des questions sur leurs conditions de travail de mani\u00e8re anonyme.<\/li>\n<\/ul>\n\n<h3 class=\"wp-block-heading\">4. Accessibilit\u00e9 pour tous<\/h3>\n\n<p>Un logement durable n&rsquo;exclut personne.<\/p>\n\n<p>&#8211; <strong>Conception universelle :<\/strong> acc\u00e8s sans obstacle \u00e0 la r\u00e9ception, aux espaces publics et \u00e0 au moins 5 % des chambres.<\/p>\n\n<p>&#8211; <strong>Fourniture d&rsquo;informations :<\/strong> indiquez clairement sur le site web les \u00e9quipements disponibles pour les personnes souffrant d&rsquo;un handicap visuel, auditif, mental ou moteur. Utilisez des labels reconnus tels que \u00ab\u00a0Flandre accessible\u00a0\u00bb. <\/p>\n\n<p>&#8211; <strong>Tarifs sociaux :<\/strong> Soutenez le droit aux vacances pour tous en participant \u00e0 des initiatives telles que \u00ab\u00a0Tout le monde m\u00e9rite des vacances\u00a0\u00bb ou en offrant des r\u00e9ductions aux groupes moins privil\u00e9gi\u00e9s.<\/p>\n\n<h3 class=\"wp-block-heading\">5. March\u00e9s publics \u00e9quitables et \u00e9conomie locale<\/h3>\n\n<p>&#8211; <strong>Commerce \u00e9quitable :<\/strong> lorsque vous achetez des produits (caf\u00e9, th\u00e9, coton), donnez la pr\u00e9f\u00e9rence aux produits <strong>certifi\u00e9s commerce \u00e9quitable.<\/strong> <\/p>\n\n<p>&#8211; <strong>Entrepreneurs locaux :<\/strong> offrez aux petits entrepreneurs et artisans locaux l&rsquo;espace n\u00e9cessaire pour vendre leurs produits dans votre h\u00e9bergement ou pour les promouvoir activement aupr\u00e8s de vos h\u00f4tes.<\/p>\n\n<p>&#8211; <strong>Emploi social :<\/strong> confier des t\u00e2ches telles que la restauration, l&rsquo;impression ou le nettoyage \u00e0 des entreprises de l&rsquo;\u00e9conomie sociale ou \u00e0 des entreprises sur mesure.<\/p>\n\n<h3 class=\"wp-block-heading\">6. Impact mondial : les ODD et le donut<\/h3>\n\n<figure class=\"wp-block-table\"><table class=\"has-fixed-layout\"><tbody><tr><td><img loading=\"lazy\" decoding=\"async\" width=\"150\" height=\"150\" class=\"wp-image-1286\" style=\"width: 150px;\" src=\"https:\/\/fairhospitality.coop\/wp-content\/uploads\/2026\/02\/sdg-08-picto-nl.jpg\" alt=\"\" srcset=\"https:\/\/fairhospitality.coop\/wp-content\/uploads\/2026\/02\/sdg-08-picto-nl.jpg 400w, https:\/\/fairhospitality.coop\/wp-content\/uploads\/2026\/02\/sdg-08-picto-nl-300x300.jpg 300w, https:\/\/fairhospitality.coop\/wp-content\/uploads\/2026\/02\/sdg-08-picto-nl-150x150.jpg 150w\" sizes=\"auto, (max-width: 150px) 100vw, 150px\" \/><\/td><td><img loading=\"lazy\" decoding=\"async\" width=\"150\" height=\"150\" class=\"wp-image-1288\" style=\"width: 150px;\" src=\"https:\/\/fairhospitality.coop\/wp-content\/uploads\/2026\/02\/sdg-10-picto-nl.jpg\" alt=\"\" srcset=\"https:\/\/fairhospitality.coop\/wp-content\/uploads\/2026\/02\/sdg-10-picto-nl.jpg 425w, https:\/\/fairhospitality.coop\/wp-content\/uploads\/2026\/02\/sdg-10-picto-nl-300x300.jpg 300w, https:\/\/fairhospitality.coop\/wp-content\/uploads\/2026\/02\/sdg-10-picto-nl-150x150.jpg 150w\" sizes=\"auto, (max-width: 150px) 100vw, 150px\" \/><\/td><td><img loading=\"lazy\" decoding=\"async\" width=\"150\" height=\"150\" class=\"wp-image-1294\" style=\"width: 150px;\" src=\"https:\/\/fairhospitality.coop\/wp-content\/uploads\/2026\/02\/sdg-16-picto-nl.jpg\" alt=\"\" srcset=\"https:\/\/fairhospitality.coop\/wp-content\/uploads\/2026\/02\/sdg-16-picto-nl.jpg 400w, https:\/\/fairhospitality.coop\/wp-content\/uploads\/2026\/02\/sdg-16-picto-nl-300x300.jpg 300w, https:\/\/fairhospitality.coop\/wp-content\/uploads\/2026\/02\/sdg-16-picto-nl-150x150.jpg 150w\" sizes=\"auto, (max-width: 150px) 100vw, 150px\" \/><\/td><\/tr><\/tbody><\/table><\/figure>\n\n<ul class=\"wp-block-list\">\n<li> <strong>SDG de l&rsquo;ONU :<\/strong> Votre politique contribue directement \u00e0 l&rsquo;<strong>ODD 8<\/strong> (travail \u00e9quitable), \u00e0 l&rsquo;<strong>ODD 10<\/strong> (r\u00e9duction des in\u00e9galit\u00e9s) et \u00e0 l&rsquo;<strong>ODD 16<\/strong> (paix, justice et institutions fortes).<\/li>\n\n\n\n<li><strong>Fonds social :<\/strong> vous aidez \u00e0 prot\u00e9ger le cercle int\u00e9rieur de l&rsquo;<strong>\u00e9conomie du beignet<\/strong> en garantissant un revenu ad\u00e9quat, la justice sociale et une voix pour la communaut\u00e9 locale.<\/li>\n<\/ul>\n\n<h3 class=\"wp-block-heading\">7. Plus d&rsquo;informations et d&rsquo;outils<\/h3>\n\n<ul class=\"wp-block-list\">\n<li> <a href=\"https:\/\/www.gstc.org\/gstc-criteria\/gstc-hotel-standard\/\" target=\"_blank\" rel=\"noreferrer noopener\"><u><strong>Crit\u00e8res de l&rsquo;h\u00f4tel GSTC.<\/strong><\/u><\/a>Section B sur les avantages sociaux et \u00e9conomiques<strong>.<\/strong>  <\/li>\n\n\n\n<li> <a href=\"https:\/\/www.green-key.be\/\" target=\"_blank\" rel=\"noreferrer noopener\"><u><strong>Cl\u00e9 verte Belgique<\/strong><\/u><\/a><strong>:<\/strong> Crit\u00e8res chapitre 11 sur la responsabilit\u00e9 sociale des entreprises.<\/li>\n\n\n\n<li> <a href=\"https:\/\/environment.ec.europa.eu\/topics\/circular-economy-topics\/eu-ecolabel\/eu-ecolabel-tourist-accommodation_en\" target=\"_blank\" rel=\"noreferrer noopener\"><u><strong>Rapport TAS du label \u00e9cologique de l&rsquo;UE.<\/strong><\/u><\/a>Th\u00e8me 6 sur les crit\u00e8res sociaux<strong>.<\/strong> <\/li>\n\n\n\n<li> <a href=\"https:\/\/doughnuteconomics.org\/\" target=\"_blank\" rel=\"noreferrer noopener\"><u><strong>\u00c9conomie des beignets (DEAL).<\/strong><\/u><\/a>Principes de l&rsquo;entrepreneuriat r\u00e9g\u00e9n\u00e9ratif et distributif<strong>.<\/strong> <\/li>\n\n\n\n<li> <a href=\"https:\/\/fairhospitality.coop\/fr\/voyages-vers-demain\/\" data-type=\"page\" data-id=\"1059\"><u><strong>Voyages vers demain<\/strong><\/u><\/a>Vision de l&rsquo;aspect humain du tourisme<strong>.<\/strong> <\/li>\n<\/ul>\n\n<p><em>Ce guide est un document \u00e9volutif. En travaillant avec des partenaires locaux et en partageant nos exp\u00e9riences, nous construisons ensemble les voyages de demain. <\/em> <\/p>\n\n<p><em>L&rsquo;intelligence collective, plus forte que l&rsquo;intelligence artificielle !<\/em><\/p>\n\n<p><\/p>\n","protected":false},"excerpt":{"rendered":"<p>Dans une destination prosp\u00e8re, le tourisme est plus qu&rsquo;une question d&rsquo;\u00e9cologie ; il s&rsquo;agit du bien-\u00eatre des personnes qui y travaillent, de celles qui y vivent et de celles qui y s\u00e9journent. Le lieu est ancr\u00e9 dans notre plan\u00e8te. La durabilit\u00e9 transcende donc le lieu. Elle est \u00ab\u00a0int\u00e9grale\u00a0\u00bb : elle relie les limites \u00e9cologiques \u00e0 &#8230; <a title=\"L&rsquo;hospitalit\u00e9 \u00e9quitable et sociale\" class=\"read-more\" href=\"https:\/\/fairhospitality.coop\/fr\/lhospitalite-equitable-et-sociale\/\" aria-label=\"En savoir plus sur L&rsquo;hospitalit\u00e9 \u00e9quitable et sociale\">Lire la suite<\/a><\/p>\n","protected":false},"author":1,"featured_media":0,"parent":0,"menu_order":0,"comment_status":"closed","ping_status":"closed","template":"","meta":{"footnotes":""},"class_list":["post-1501","page","type-page","status-publish"],"_links":{"self":[{"href":"https:\/\/fairhospitality.coop\/fr\/wp-json\/wp\/v2\/pages\/1501","targetHints":{"allow":["GET"]}}],"collection":[{"href":"https:\/\/fairhospitality.coop\/fr\/wp-json\/wp\/v2\/pages"}],"about":[{"href":"https:\/\/fairhospitality.coop\/fr\/wp-json\/wp\/v2\/types\/page"}],"author":[{"embeddable":true,"href":"https:\/\/fairhospitality.coop\/fr\/wp-json\/wp\/v2\/users\/1"}],"replies":[{"embeddable":true,"href":"https:\/\/fairhospitality.coop\/fr\/wp-json\/wp\/v2\/comments?post=1501"}],"version-history":[{"count":1,"href":"https:\/\/fairhospitality.coop\/fr\/wp-json\/wp\/v2\/pages\/1501\/revisions"}],"predecessor-version":[{"id":1502,"href":"https:\/\/fairhospitality.coop\/fr\/wp-json\/wp\/v2\/pages\/1501\/revisions\/1502"}],"wp:attachment":[{"href":"https:\/\/fairhospitality.coop\/fr\/wp-json\/wp\/v2\/media?parent=1501"}],"curies":[{"name":"wp","href":"https:\/\/api.w.org\/{rel}","templated":true}]}}