{"id":1485,"date":"2026-03-02T13:15:31","date_gmt":"2026-03-02T13:15:31","guid":{"rendered":"https:\/\/fairhospitality.coop\/gestion-durable-des-jardins-et-des-espaces-verts\/"},"modified":"2026-03-02T13:16:53","modified_gmt":"2026-03-02T13:16:53","slug":"gestion-durable-des-jardins-et-des-espaces-verts","status":"publish","type":"page","link":"https:\/\/fairhospitality.coop\/fr\/gestion-durable-des-jardins-et-des-espaces-verts\/","title":{"rendered":"Gestion durable des jardins et des espaces verts"},"content":{"rendered":"\n<p>La gestion durable de l&rsquo;environnement va au-del\u00e0 de l&rsquo;esth\u00e9tique ; c&rsquo;est un outil essentiel pour prot\u00e9ger les \u00e9cosyst\u00e8mes locaux, \u00e9conomiser les ressources et cr\u00e9er une exp\u00e9rience authentique pour les visiteurs.<\/p>\n\n<h3 class=\"wp-block-heading\">1. Nos objectifs : Que voulons-nous atteindre ?<\/h3>\n\n<ul class=\"wp-block-list\">\n<li><strong>Protection de la biodiversit\u00e9 :<\/strong> soutenir activement et restaurer la flore et la faune locales sur le site et aux alentours.<\/li>\n\n\n\n<li><strong>Entretien sans poison :<\/strong> \u00e9limination compl\u00e8te des pesticides et des engrais chimiques afin de prot\u00e9ger les \u00e9cosyst\u00e8mes et la sant\u00e9 humaine.<\/li>\n\n\n\n<li><strong>Irrigation \u00e9conome en eau :<\/strong> Minimiser la consommation d&rsquo;eau potable pour l&rsquo;entretien des espaces verts gr\u00e2ce \u00e0 des techniques intelligentes et \u00e0 des sources alternatives.<\/li>\n\n\n\n<li><strong>Contr\u00f4le des esp\u00e8ces envahissantes :<\/strong> Emp\u00eacher l&rsquo;introduction de plantes exotiques qui menacent la faune et la flore locales.<\/li>\n<\/ul>\n\n<h3 class=\"wp-block-heading\">2. Mesurer, c&rsquo;est savoir<\/h3>\n\n<ul class=\"wp-block-list\">\n<li><strong>Inventaire :<\/strong> Dressez une liste de toutes les esp\u00e8ces v\u00e9g\u00e9tales du jardin et identifiez celles qui sont end\u00e9miques.<\/li>\n\n\n\n<li><strong>Contr\u00f4le de l&rsquo;irrigation :<\/strong> Enregistrez la consommation d&rsquo;eau pour le jardin, de pr\u00e9f\u00e9rence \u00e0 l&rsquo;aide d&rsquo;un compteur d&rsquo;eau s\u00e9par\u00e9 (compteur divisionnaire).<\/li>\n\n\n\n<li><strong>Qualit\u00e9 du sol :<\/strong> il est pr\u00e9f\u00e9rable de proc\u00e9der \u00e0 une analyse annuelle du sol avant d&rsquo;appliquer l&rsquo;engrais afin d&rsquo;\u00e9viter la surfertilisation.<\/li>\n\n\n\n<li><strong>Qualit\u00e9 de l&rsquo;eau :<\/strong> effectuez r\u00e9guli\u00e8rement des analyses de l&rsquo;eau de vos pi\u00e8ces d&rsquo;eau. Une eau de bonne qualit\u00e9 apporte beaucoup de vie suppl\u00e9mentaire au jardin. <\/li>\n<\/ul>\n\n<h3 class=\"wp-block-heading\">3. M\u00e9thodes et ressources pratiques<\/h3>\n\n<h4 class=\"wp-block-heading\">Maintenance \u00e9cologique<\/h4>\n\n<ul class=\"wp-block-list\">\n<li><strong>Pas de pesticides :<\/strong> N&rsquo;utilisez pas d&rsquo;herbicides chimiques. Les alternatives sont les br\u00fbleurs \u00e0 gaz, l&rsquo;\u00e9limination m\u00e9canique ou les conditionneurs de sol naturels. Avant tout, arr\u00eatez-vous et r\u00e9fl\u00e9chissez \u00e0 la question suivante : qu&rsquo;est-ce que les mauvaises herbes ?  <\/li>\n\n\n\n<li><strong>Tonte \u00e9cologique :<\/strong> achetez de pr\u00e9f\u00e9rence des tondeuses \u00e9lectriques ou manuelles pour r\u00e9duire le bruit et les \u00e9missions de CO2.<\/li>\n\n\n\n<li><strong>Paillage :<\/strong> recouvrez les plates-bandes d&rsquo;une couche de paillis organique (au moins 50 mm) pour retenir l&rsquo;humidit\u00e9 et \u00e9liminer les mauvaises herbes.<\/li>\n<\/ul>\n\n<h4 class=\"wp-block-heading\">Renforcement de la biodiversit\u00e9<\/h4>\n\n<ul class=\"wp-block-list\">\n<li><strong>Cr\u00e9ation d&rsquo;habitats :<\/strong> Installez des nichoirs, des h\u00f4tels \u00e0 insectes, des ruches ou cr\u00e9ez une \u00ab\u00a0prairie sauvage\u00a0\u00bb.<\/li>\n\n\n\n<li><strong>Pollinisateurs :<\/strong> am\u00e9nagez des espaces verts sp\u00e9cialement destin\u00e9s aux abeilles et aux papillons.<\/li>\n\n\n\n<li><strong>Infrastructure verte :<\/strong> envisagez la construction d&rsquo;un toit vert ou de murs verts verticaux.<\/li>\n<\/ul>\n\n<h4 class=\"wp-block-heading\">Planter et arroser<\/h4>\n\n<ul class=\"wp-block-list\">\n<li><strong>Esp\u00e8ces locales :<\/strong> N&rsquo;achetez que des plantes naturellement pr\u00e9sentes dans la r\u00e9gion ; elles sont plus r\u00e9sistantes aux conditions climatiques locales.<\/li>\n\n\n\n<li><strong>Arrosage intelligent :<\/strong> n&rsquo;arrosez qu&rsquo;entre le coucher et le lever du soleil pour minimiser l&rsquo;\u00e9vaporation. Utilisez des minuteries ou des capteurs qui mesurent l&rsquo;humidit\u00e9 du sol. <\/li>\n\n\n\n<li><strong>Eau alternative :<\/strong> utilisez l&rsquo;eau de pluie r\u00e9cup\u00e9r\u00e9e ou les eaux grises trait\u00e9es pour le jardin.<\/li>\n<\/ul>\n\n<h3 class=\"wp-block-heading\">4. L&rsquo;impact financier<\/h3>\n\n<ul class=\"wp-block-list\">\n<li><strong>R\u00e9duction des co\u00fbts de l&rsquo;eau :<\/strong> Une irrigation efficace et l&rsquo;utilisation de l&rsquo;eau de pluie r\u00e9duisent consid\u00e9rablement les factures mensuelles.<\/li>\n\n\n\n<li><strong>Moins d&rsquo;entretien :<\/strong> les plantes tribales et les plantes vivaces n\u00e9cessitent souvent moins de soins intensifs et de remplacement au fil du temps que les plantes annuelles exotiques.<\/li>\n\n\n\n<li><strong>Valeur immobili\u00e8re : les<\/strong> investissements dans des espaces verts de qualit\u00e9 et dans la biodiversit\u00e9 (tels que les toits verts) peuvent am\u00e9liorer la valeur immobili\u00e8re et l&rsquo;isolation.<\/li>\n<\/ul>\n\n<h3 class=\"wp-block-heading\">5. Fronti\u00e8res plan\u00e9taires et impact social<\/h3>\n\n<p>Votre politique d&rsquo;achat contribue \u00e0 l&rsquo;ensemble de la situation :<\/p>\n\n<figure class=\"wp-block-table\"><table class=\"has-fixed-layout\"><tbody><tr><td><img loading=\"lazy\" decoding=\"async\" width=\"150\" height=\"150\" class=\"wp-image-1284\" style=\"width: 150px;\" src=\"https:\/\/fairhospitality.coop\/wp-content\/uploads\/2026\/02\/sdg-06-picto-nl.jpg\" alt=\"\" srcset=\"https:\/\/fairhospitality.coop\/wp-content\/uploads\/2026\/02\/sdg-06-picto-nl.jpg 400w, https:\/\/fairhospitality.coop\/wp-content\/uploads\/2026\/02\/sdg-06-picto-nl-300x300.jpg 300w, https:\/\/fairhospitality.coop\/wp-content\/uploads\/2026\/02\/sdg-06-picto-nl-150x150.jpg 150w\" sizes=\"auto, (max-width: 150px) 100vw, 150px\" \/><\/td><td><img loading=\"lazy\" decoding=\"async\" width=\"150\" height=\"150\" class=\"wp-image-1293\" style=\"width: 150px;\" src=\"https:\/\/fairhospitality.coop\/wp-content\/uploads\/2026\/02\/sdg-15-picto-nl.jpg\" alt=\"\" srcset=\"https:\/\/fairhospitality.coop\/wp-content\/uploads\/2026\/02\/sdg-15-picto-nl.jpg 400w, https:\/\/fairhospitality.coop\/wp-content\/uploads\/2026\/02\/sdg-15-picto-nl-300x300.jpg 300w, https:\/\/fairhospitality.coop\/wp-content\/uploads\/2026\/02\/sdg-15-picto-nl-150x150.jpg 150w\" sizes=\"auto, (max-width: 150px) 100vw, 150px\" \/><\/td><td><\/td><\/tr><\/tbody><\/table><\/figure>\n\n<ul class=\"wp-block-list\">\n<li><strong>Objectifs de d\u00e9veloppement durable des Nations unies :<\/strong> Impact direct sur l&rsquo;<strong>ODD 15<\/strong> (Vivre sur la terre) et l&rsquo;<strong>ODD 6<\/strong> (Eau propre &#8211; en \u00e9vitant les pesticides polluants).<\/li>\n\n\n\n<li><strong>Limites plan\u00e9taires :<\/strong> la gestion \u00e9cologique prot\u00e8ge l&rsquo;<strong>int\u00e9grit\u00e9 de la biosph\u00e8re<\/strong> en mettant un terme \u00e0 la perte de biodiversit\u00e9 et en limitant la lib\u00e9ration de <strong>nouvelles entit\u00e9s<\/strong> (produits chimiques) dans l&rsquo;environnement.<\/li>\n\n\n\n<li><strong>Modification du syst\u00e8me terrestre :<\/strong> en restaurant la v\u00e9g\u00e9tation indig\u00e8ne, vous contribuez \u00e0 pr\u00e9server les paysages naturels.<\/li>\n<\/ul>\n\n<h3 class=\"wp-block-heading\">6. Plus d&rsquo;informations et d&rsquo;outils<\/h3>\n\n<ul class=\"wp-block-list\">\n<li><a href=\"https:\/\/www.gstc.org\/certification\/become-certified-hotel\/\" target=\"_blank\" rel=\"noreferrer noopener\"><u>Crit\u00e8res du Conseil mondial du tourisme durable (CMTD)<\/u><\/a><\/li>\n\n\n\n<li><a href=\"https:\/\/www.green-key.be\/\" target=\"_blank\" rel=\"noreferrer noopener\"><u>Cl\u00e9 verte Belgique &#8211; Crit\u00e8res et explications<\/u><\/a><\/li>\n\n\n\n<li><a href=\"https:\/\/environment.ec.europa.eu\/topics\/ecolabel_en\" target=\"_blank\" rel=\"noreferrer noopener\"><u>Label \u00e9cologique de l&rsquo;UE pour l&rsquo;h\u00e9bergement touristique<\/u><\/a><\/li>\n\n\n\n<li><a href=\"https:\/\/www.groenblauw.be\/\"><u>Groenblauw.be &#8211; Des outils pour une verdure \u00e0 l&rsquo;\u00e9preuve du climat<\/u><\/a><\/li>\n\n\n\n<li><a href=\"https:\/\/www.iucnredlist.org\/\"><u>Liste rouge des esp\u00e8ces menac\u00e9es de l&rsquo;UICN<\/u><\/a><\/li>\n<\/ul>\n\n<div style=\"height:64px\" aria-hidden=\"true\" class=\"wp-block-spacer\"><\/div>\n\n<p><em>Ce guide est un document \u00e9volutif. En travaillant avec des partenaires locaux et en partageant nos exp\u00e9riences, nous construisons ensemble les voyages de demain. <\/em> <\/p>\n\n<p><em>L&rsquo;intelligence collective, plus forte que l&rsquo;intelligence artificielle !<\/em><\/p>\n\n<p><\/p>\n","protected":false},"excerpt":{"rendered":"<p>La gestion durable de l&rsquo;environnement va au-del\u00e0 de l&rsquo;esth\u00e9tique ; c&rsquo;est un outil essentiel pour prot\u00e9ger les \u00e9cosyst\u00e8mes locaux, \u00e9conomiser les ressources et cr\u00e9er une exp\u00e9rience authentique pour les visiteurs. 1. Nos objectifs : Que voulons-nous atteindre ? 2. Mesurer, c&rsquo;est savoir 3. M\u00e9thodes et ressources pratiques Maintenance \u00e9cologique Renforcement de la biodiversit\u00e9 Planter et &#8230; <a title=\"Gestion durable des jardins et des espaces verts\" class=\"read-more\" href=\"https:\/\/fairhospitality.coop\/fr\/gestion-durable-des-jardins-et-des-espaces-verts\/\" aria-label=\"En savoir plus sur Gestion durable des jardins et des espaces verts\">Lire la suite<\/a><\/p>\n","protected":false},"author":1,"featured_media":0,"parent":0,"menu_order":0,"comment_status":"closed","ping_status":"closed","template":"","meta":{"footnotes":""},"class_list":["post-1485","page","type-page","status-publish"],"_links":{"self":[{"href":"https:\/\/fairhospitality.coop\/fr\/wp-json\/wp\/v2\/pages\/1485","targetHints":{"allow":["GET"]}}],"collection":[{"href":"https:\/\/fairhospitality.coop\/fr\/wp-json\/wp\/v2\/pages"}],"about":[{"href":"https:\/\/fairhospitality.coop\/fr\/wp-json\/wp\/v2\/types\/page"}],"author":[{"embeddable":true,"href":"https:\/\/fairhospitality.coop\/fr\/wp-json\/wp\/v2\/users\/1"}],"replies":[{"embeddable":true,"href":"https:\/\/fairhospitality.coop\/fr\/wp-json\/wp\/v2\/comments?post=1485"}],"version-history":[{"count":1,"href":"https:\/\/fairhospitality.coop\/fr\/wp-json\/wp\/v2\/pages\/1485\/revisions"}],"predecessor-version":[{"id":1486,"href":"https:\/\/fairhospitality.coop\/fr\/wp-json\/wp\/v2\/pages\/1485\/revisions\/1486"}],"wp:attachment":[{"href":"https:\/\/fairhospitality.coop\/fr\/wp-json\/wp\/v2\/media?parent=1485"}],"curies":[{"name":"wp","href":"https:\/\/api.w.org\/{rel}","templated":true}]}}