{"id":1460,"date":"2026-03-02T13:03:25","date_gmt":"2026-03-02T13:03:25","guid":{"rendered":"https:\/\/fairhospitality.coop\/mobilite-et-transport-durables\/"},"modified":"2026-03-02T13:04:36","modified_gmt":"2026-03-02T13:04:36","slug":"mobilite-et-transport-durables","status":"publish","type":"page","link":"https:\/\/fairhospitality.coop\/fr\/mobilite-et-transport-durables\/","title":{"rendered":"Mobilit\u00e9 et transport durables"},"content":{"rendered":"\n<p>Le transport est souvent la plus grande source d&rsquo;\u00e9missions indirectes de CO2 (Scope 3) pour un fournisseur d&rsquo;h\u00e9bergement, principalement en raison des d\u00e9placements des clients. Une politique de mobilit\u00e9 int\u00e9gr\u00e9e vise \u00e0 encourager les alternatives \u00e0 faibles \u00e9missions pour les clients, le personnel et les op\u00e9rations internes. <\/p>\n\n<h3 class=\"wp-block-heading\">1. Nos objectifs : Que voulons-nous atteindre ?<\/h3>\n\n<ul class=\"wp-block-list\">\n<li><strong>Minimiser les besoins en transport :<\/strong> r\u00e9duire les kilom\u00e8tres inutiles gr\u00e2ce \u00e0 l&rsquo;approvisionnement local.<\/li>\n\n\n\n<li>Encouragez <strong>la mobilit\u00e9 douce :<\/strong> encouragez les clients et le personnel \u00e0 remplacer la voiture par le v\u00e9lo, les transports publics ou la marche.<\/li>\n\n\n\n<li><strong>Faciliter la transition vers la conduite \u00e9lectrique :<\/strong> assurer une infrastructure de recharge suffisante et accessible.<\/li>\n\n\n\n<li><strong>Rendre son propre parc automobile plus \u00e9cologique :<\/strong> s&rsquo;engager \u00e0 utiliser des v\u00e9hicules \u00e0 z\u00e9ro \u00e9mission pour les op\u00e9rations quotidiennes.<\/li>\n<\/ul>\n\n<h3 class=\"wp-block-heading\">2. Mesurer, c&rsquo;est savoir<\/h3>\n\n<ul class=\"wp-block-list\">\n<li><strong>Distance des fournisseurs :<\/strong> notez la distance qui s\u00e9pare les fournisseurs importants ; par exemple, pour les services de blanchisserie, un rayon de <strong>50 km<\/strong> est conseill\u00e9 afin de r\u00e9duire les incidences du transport.<\/li>\n\n\n\n<li><strong>Contr\u00f4le du parc automobile :<\/strong> tenez un registre de tous les moyens de transport motoris\u00e9s appartenant \u00e0 l&rsquo;entreprise et visez au moins <strong>75 % de v\u00e9hicules respectueux de l&rsquo;environnement (\u00e9lectriques).<\/strong><\/li>\n\n\n\n<li><strong>Enqu\u00eates aupr\u00e8s des clients :<\/strong> Enqu\u00eate aupr\u00e8s des clients pour savoir par quel mode de transport ils sont arriv\u00e9s au logement afin de comprendre les \u00e9missions du champ d&rsquo;application 3.<\/li>\n<\/ul>\n\n<h3 class=\"wp-block-heading\">3. M\u00e9thodes et ressources pratiques<\/h3>\n\n<h4 class=\"wp-block-heading\">Pour les invit\u00e9s<\/h4>\n\n<ul class=\"wp-block-list\">\n<li><strong>Fourniture d&rsquo;informations :<\/strong> fournir des informations actualis\u00e9es sur les liaisons locales par bus et par train, les services de navette et les mod\u00e8les partiels.<\/li>\n\n\n\n<li><strong>Installations cyclables :<\/strong> Proposez vous-m\u00eame la <strong>location de v\u00e9los<\/strong> ou travaillez avec un prestataire local. Pr\u00e9voyez des parkings couverts et s\u00e9curis\u00e9s ainsi que des points de recharge pour les v\u00e9los \u00e9lectriques. <\/li>\n\n\n\n<li><strong>Bornes de recharge :<\/strong> Installez des bornes de recharge pour les voitures \u00e9lectriques dans vos locaux ou dans un rayon de 200 m\u00e8tres.<\/li>\n<\/ul>\n\n<h4 class=\"wp-block-heading\">Pour le personnel<\/h4>\n\n<ul class=\"wp-block-list\">\n<li><strong>Incitations financi\u00e8res :<\/strong> offrez des r\u00e9ductions pour l&rsquo;utilisation des transports publics ou des initiatives de covoiturage.<\/li>\n\n\n\n<li><strong>Infrastructure :<\/strong> pr\u00e9voir des douches et des vestiaires pour les employ\u00e9s qui se rendent au travail \u00e0 v\u00e9lo.<\/li>\n<\/ul>\n\n<h4 class=\"wp-block-heading\">Pour les entreprises<\/h4>\n\n<ul class=\"wp-block-list\">\n<li><strong>V\u00e9hicules \u00e9lectriques :<\/strong> Utilisez des voiturettes de golf, des scooters ou des camionnettes \u00e9lectriques pour l&rsquo;entretien des sites et le transport du gaz.<\/li>\n\n\n\n<li><strong>Logistique locale :<\/strong> lors de l&rsquo;achat de marchandises, donnez la pr\u00e9f\u00e9rence aux fournisseurs qui minimisent l&rsquo;impact du transport.<\/li>\n<\/ul>\n\n<h3 class=\"wp-block-heading\">4. L&rsquo;impact financier<\/h3>\n\n<ul class=\"wp-block-list\">\n<li><strong>\u00c9conomies de carburant :<\/strong> le passage \u00e0 une flotte \u00e9lectrique r\u00e9duit les co\u00fbts \u00e9nerg\u00e9tiques op\u00e9rationnels \u00e0 long terme.<\/li>\n\n\n\n<li><strong>Valeur marketing :<\/strong> l&rsquo;accessibilit\u00e9 par les transports publics et les bonnes infrastructures cyclables attirent le groupe croissant des <strong>\u00ab\u00a0Verts actifs\u00a0\u00bb<\/strong>, qui sont pr\u00eats \u00e0 payer plus cher pour des options durables.<\/li>\n\n\n\n<li><strong>Efficacit\u00e9 :<\/strong> en partageant de mani\u00e8re proactive les informations relatives \u00e0 l&rsquo;accessibilit\u00e9, vous r\u00e9duisez la charge administrative li\u00e9e aux demandes individuelles des clients.<\/li>\n<\/ul>\n\n<h3 class=\"wp-block-heading\">5. Fronti\u00e8res plan\u00e9taires et impact social<\/h3>\n\n<p>Votre politique d&rsquo;achat contribue \u00e0 l&rsquo;ensemble de la situation :<\/p>\n\n<figure class=\"wp-block-table\"><table class=\"has-fixed-layout\"><tbody><tr><td><img loading=\"lazy\" decoding=\"async\" width=\"150\" height=\"150\" class=\"wp-image-1289\" style=\"width: 150px;\" src=\"https:\/\/fairhospitality.coop\/wp-content\/uploads\/2026\/02\/sdg-11-picto-nl.jpg\" alt=\"\" srcset=\"https:\/\/fairhospitality.coop\/wp-content\/uploads\/2026\/02\/sdg-11-picto-nl.jpg 400w, https:\/\/fairhospitality.coop\/wp-content\/uploads\/2026\/02\/sdg-11-picto-nl-300x300.jpg 300w, https:\/\/fairhospitality.coop\/wp-content\/uploads\/2026\/02\/sdg-11-picto-nl-150x150.jpg 150w\" sizes=\"auto, (max-width: 150px) 100vw, 150px\" \/><\/td><td><img loading=\"lazy\" decoding=\"async\" width=\"150\" height=\"150\" class=\"wp-image-1291\" style=\"width: 150px;\" src=\"https:\/\/fairhospitality.coop\/wp-content\/uploads\/2026\/02\/sdg-13-picto-nl.jpg\" alt=\"\" srcset=\"https:\/\/fairhospitality.coop\/wp-content\/uploads\/2026\/02\/sdg-13-picto-nl.jpg 400w, https:\/\/fairhospitality.coop\/wp-content\/uploads\/2026\/02\/sdg-13-picto-nl-300x300.jpg 300w, https:\/\/fairhospitality.coop\/wp-content\/uploads\/2026\/02\/sdg-13-picto-nl-150x150.jpg 150w\" sizes=\"auto, (max-width: 150px) 100vw, 150px\" \/><\/td><td><\/td><\/tr><\/tbody><\/table><\/figure>\n\n<ul class=\"wp-block-list\">\n<li><strong>Objectifs de d\u00e9veloppement durable des Nations unies :<\/strong> Contribution directe \u00e0 l&rsquo;<strong>ODD 11<\/strong> (Villes et communaut\u00e9s durables) et \u00e0 l&rsquo;<strong>ODD 13<\/strong> (Action pour le climat).<\/li>\n\n\n\n<li><strong>Limites plan\u00e9taires :<\/strong> la r\u00e9duction des gaz \u00e0 effet de serre contribue \u00e0 prot\u00e9ger la limite du <strong>changement climatique<\/strong>, tandis que la diminution des particules est b\u00e9n\u00e9fique pour la qualit\u00e9 de l&rsquo;air (charge d&rsquo;a\u00e9rosols).<\/li>\n\n\n\n<li><strong>Limites sociales minimales :<\/strong> Promouvoir la <strong>sant\u00e9<\/strong> du personnel et de la communaut\u00e9 locale en r\u00e9duisant le bruit et la pollution de l&rsquo;air.<\/li>\n<\/ul>\n\n<h3 class=\"wp-block-heading\">6. Plus d&rsquo;informations et d&rsquo;outils<\/h3>\n\n<ul class=\"wp-block-list\">\n<li><a href=\"https:\/\/www.gstc.org\/certification\/become-certified-hotel\/\" target=\"_blank\" rel=\"noreferrer noopener\"><u>Crit\u00e8res du Conseil mondial du tourisme durable (CMTD)<\/u><\/a><\/li>\n\n\n\n<li><a href=\"https:\/\/www.green-key.be\/\" target=\"_blank\" rel=\"noreferrer noopener\"><u>Cl\u00e9 verte Belgique &#8211; Crit\u00e8res et explications<\/u><\/a><\/li>\n\n\n\n<li><a href=\"https:\/\/environment.ec.europa.eu\/topics\/ecolabel_en\" target=\"_blank\" rel=\"noreferrer noopener\"><u>Label \u00e9cologique de l&rsquo;UE pour l&rsquo;h\u00e9bergement touristique<\/u><\/a><\/li>\n\n\n\n<li><a href=\"https:\/\/environment.ec.europa.eu\/topics\/ecolabel_en\"><u>SNCB Chemins de fer<\/u><\/a><\/li>\n\n\n\n<li style=\"text-decoration:underline\"><a href=\"https:\/\/back-on-track.eu\/nl\/\" target=\"_blank\" rel=\"noreferrer noopener\">Trains de nuit<\/a><\/li>\n<\/ul>\n\n<div style=\"height:64px\" aria-hidden=\"true\" class=\"wp-block-spacer\"><\/div>\n\n<p><em>Ce guide est un document \u00e9volutif. En travaillant avec des partenaires locaux et en partageant nos exp\u00e9riences, nous construisons ensemble les voyages de demain. <\/em> <\/p>\n\n<p><em>L&rsquo;intelligence collective, plus forte que l&rsquo;intelligence artificielle !<\/em><\/p>\n\n<p><\/p>\n","protected":false},"excerpt":{"rendered":"<p>Le transport est souvent la plus grande source d&rsquo;\u00e9missions indirectes de CO2 (Scope 3) pour un fournisseur d&rsquo;h\u00e9bergement, principalement en raison des d\u00e9placements des clients. Une politique de mobilit\u00e9 int\u00e9gr\u00e9e vise \u00e0 encourager les alternatives \u00e0 faibles \u00e9missions pour les clients, le personnel et les op\u00e9rations internes. 1. Nos objectifs : Que voulons-nous atteindre ? &#8230; <a title=\"Mobilit\u00e9 et transport durables\" class=\"read-more\" href=\"https:\/\/fairhospitality.coop\/fr\/mobilite-et-transport-durables\/\" aria-label=\"En savoir plus sur Mobilit\u00e9 et transport durables\">Lire la suite<\/a><\/p>\n","protected":false},"author":1,"featured_media":0,"parent":0,"menu_order":0,"comment_status":"closed","ping_status":"closed","template":"","meta":{"footnotes":""},"class_list":["post-1460","page","type-page","status-publish"],"_links":{"self":[{"href":"https:\/\/fairhospitality.coop\/fr\/wp-json\/wp\/v2\/pages\/1460","targetHints":{"allow":["GET"]}}],"collection":[{"href":"https:\/\/fairhospitality.coop\/fr\/wp-json\/wp\/v2\/pages"}],"about":[{"href":"https:\/\/fairhospitality.coop\/fr\/wp-json\/wp\/v2\/types\/page"}],"author":[{"embeddable":true,"href":"https:\/\/fairhospitality.coop\/fr\/wp-json\/wp\/v2\/users\/1"}],"replies":[{"embeddable":true,"href":"https:\/\/fairhospitality.coop\/fr\/wp-json\/wp\/v2\/comments?post=1460"}],"version-history":[{"count":6,"href":"https:\/\/fairhospitality.coop\/fr\/wp-json\/wp\/v2\/pages\/1460\/revisions"}],"predecessor-version":[{"id":1472,"href":"https:\/\/fairhospitality.coop\/fr\/wp-json\/wp\/v2\/pages\/1460\/revisions\/1472"}],"wp:attachment":[{"href":"https:\/\/fairhospitality.coop\/fr\/wp-json\/wp\/v2\/media?parent=1460"}],"curies":[{"name":"wp","href":"https:\/\/api.w.org\/{rel}","templated":true}]}}