{"id":1374,"date":"2026-02-25T17:24:38","date_gmt":"2026-02-25T17:24:38","guid":{"rendered":"https:\/\/fairhospitality.coop\/ecologique\/"},"modified":"2026-02-25T17:26:46","modified_gmt":"2026-02-25T17:26:46","slug":"ecologique","status":"publish","type":"page","link":"https:\/\/fairhospitality.coop\/fr\/ecologique\/","title":{"rendered":"\u00c9cologique"},"content":{"rendered":"\n<p>L&rsquo;exploitation \u00e9cologique tient compte des fronti\u00e8res plan\u00e9taires : elle veille \u00e0 ce que ces 9 fronti\u00e8res cruciales ne soient pas franchies. Nous d\u00e9composons commod\u00e9ment cet aspect en un certain nombre de sous-th\u00e8mes que nous explorons plus en profondeur : <\/p>\n\n<ul class=\"wp-block-list\">\n<li><a href=\"https:\/\/fairhospitality.coop\/fr\/gestion-durable-de-lenergie-dans-les-lodges\/\" data-type=\"page\" data-id=\"1296\">Gestion de l&rsquo;\u00e9nergie<\/a><\/li>\n\n\n\n<li>Gestion de l&rsquo;eau<\/li>\n\n\n\n<li>Gestion des d\u00e9chets<\/li>\n\n\n\n<li>Mobilit\u00e9 et transport<\/li>\n\n\n\n<li>Une strat\u00e9gie d&rsquo;achat r\u00e9fl\u00e9chie<\/li>\n\n\n\n<li>Gestion des jardins et des espaces verts<\/li>\n<\/ul>\n\n<p>Co\u00efncidence ou non, nous constatons de plus en plus que les loges qui respectent les limites plan\u00e9taires se portent bien sur le plan financier. Vous trouverez plus d&rsquo;informations \u00e0 ce sujet dans les diff\u00e9rentes sections. <\/p>\n\n<p><\/p>\n","protected":false},"excerpt":{"rendered":"<p>L&rsquo;exploitation \u00e9cologique tient compte des fronti\u00e8res plan\u00e9taires : elle veille \u00e0 ce que ces 9 fronti\u00e8res cruciales ne soient pas franchies. Nous d\u00e9composons commod\u00e9ment cet aspect en un certain nombre de sous-th\u00e8mes que nous explorons plus en profondeur : Co\u00efncidence ou non, nous constatons de plus en plus que les loges qui respectent les limites &#8230; <a title=\"\u00c9cologique\" class=\"read-more\" href=\"https:\/\/fairhospitality.coop\/fr\/ecologique\/\" aria-label=\"En savoir plus sur \u00c9cologique\">Lire la suite<\/a><\/p>\n","protected":false},"author":1,"featured_media":0,"parent":0,"menu_order":0,"comment_status":"open","ping_status":"closed","template":"","meta":{"footnotes":""},"class_list":["post-1374","page","type-page","status-publish"],"_links":{"self":[{"href":"https:\/\/fairhospitality.coop\/fr\/wp-json\/wp\/v2\/pages\/1374","targetHints":{"allow":["GET"]}}],"collection":[{"href":"https:\/\/fairhospitality.coop\/fr\/wp-json\/wp\/v2\/pages"}],"about":[{"href":"https:\/\/fairhospitality.coop\/fr\/wp-json\/wp\/v2\/types\/page"}],"author":[{"embeddable":true,"href":"https:\/\/fairhospitality.coop\/fr\/wp-json\/wp\/v2\/users\/1"}],"replies":[{"embeddable":true,"href":"https:\/\/fairhospitality.coop\/fr\/wp-json\/wp\/v2\/comments?post=1374"}],"version-history":[{"count":1,"href":"https:\/\/fairhospitality.coop\/fr\/wp-json\/wp\/v2\/pages\/1374\/revisions"}],"predecessor-version":[{"id":1376,"href":"https:\/\/fairhospitality.coop\/fr\/wp-json\/wp\/v2\/pages\/1374\/revisions\/1376"}],"wp:attachment":[{"href":"https:\/\/fairhospitality.coop\/fr\/wp-json\/wp\/v2\/media?parent=1374"}],"curies":[{"name":"wp","href":"https:\/\/api.w.org\/{rel}","templated":true}]}}