{"id":1366,"date":"2026-02-25T17:22:12","date_gmt":"2026-02-25T17:22:12","guid":{"rendered":"https:\/\/fairhospitality.coop\/gestion-durable-de-lenergie-dans-les-lodges\/"},"modified":"2026-03-03T14:50:52","modified_gmt":"2026-03-03T14:50:52","slug":"gestion-durable-de-lenergie-dans-les-lodges","status":"publish","type":"page","link":"https:\/\/fairhospitality.coop\/fr\/gestion-durable-de-lenergie-dans-les-lodges\/","title":{"rendered":"Gestion durable de l&rsquo;\u00e9nergie dans les lodges"},"content":{"rendered":"\n<p>Dans le secteur h\u00f4telier d&rsquo;aujourd&rsquo;hui, la gestion de l&rsquo;\u00e9nergie n&rsquo;est plus une option, mais une valeur fondamentale pour des activit\u00e9s saines. Elle contribue \u00e9galement \u00e0 la prosp\u00e9rit\u00e9 du quartier. Vous trouverez ci-dessous un aper\u00e7u sommaire.  <\/p>\n\n<h3 class=\"wp-block-heading\">1. La vision : de l&rsquo;\u00e9pargne \u00e0 la contribution<\/h3>\n\n<p>L&rsquo;efficacit\u00e9 \u00e9nerg\u00e9tique est une question de <strong>r\u00e9silience de votre logement et de votre quartier<\/strong>.<\/p>\n\n<ul class=\"wp-block-list\">\n<li><strong>Le tourisme en tant que ressource :<\/strong> une politique \u00e9nerg\u00e9tique durable renforce le lieu. En \u00e9tant moins d\u00e9pendant des sources externes et fossiles, vous contribuez \u00e0 une plan\u00e8te vivable et \u00e0 une communaut\u00e9 locale saine. En agissant de concert avec le voisinage, vous le renforcez \u00e9galement. Vous pensez \u00e0 des initiatives de quartier telles que le partage de l&rsquo;\u00e9nergie, les batteries de quartier, les coop\u00e9ratives d&rsquo;\u00e9nergie, les r\u00e9seaux de chaleur, etc.   <\/li>\n\n\n\n<li><strong>L&rsquo;<\/strong> h\u00f4te <strong>en tant que pivot :<\/strong> en tant qu&rsquo;h\u00f4te, vous \u00eates le connecteur. Votre passion pour le lieu se traduit par des choix en faveur des \u00e9nergies renouvelables en collaboration avec le voisinage, ce qui inspire les h\u00f4tes et les am\u00e8ne \u00e0 penser : ne pourrions-nous pas faire quelque chose comme cela ici aussi ?<\/li>\n\n\n\n<li><strong>\u00c9quilibre :<\/strong> nous visons une \u00ab\u00a0\u00e9conomie du tourisme qui donne plus qu&rsquo;elle ne prend\u00a0\u00bb.  <\/li>\n<\/ul>\n\n<h3 class=\"wp-block-heading\">2. Nos objectifs : Que voulons-nous atteindre ?<\/h3>\n\n<p>Une politique \u00e9nerg\u00e9tique durable repose sur trois piliers :<\/p>\n\n<ul class=\"wp-block-list\">\n<li><strong>Efficacit\u00e9 maximale :<\/strong> minimiser la consommation sans compromettre le confort du client. Si possible, un projet de r\u00e9novation de quartier sera envisag\u00e9.<\/li>\n\n\n\n<li><strong>Transition renouvelable :<\/strong> maximiser la part de l&rsquo;\u00e9nergie produite localement ou achet\u00e9e verte. Les achats group\u00e9s et\/ou les installations collectives sont privil\u00e9gi\u00e9s. Cela peut intensifier la coop\u00e9ration entre les quartiers.  <\/li>\n\n\n\n<li><strong>Action en faveur du climat :<\/strong> r\u00e9duire structurellement les \u00e9missions de CO2, l&rsquo;objectif ultime \u00e9tant de parvenir \u00e0 des <strong>activit\u00e9s neutres en carbone<\/strong>. Cela va au-del\u00e0 de l&rsquo;impact sur le quartier. Il fait \u00e9galement la diff\u00e9rence \u00e0 l&rsquo;\u00e9chelle mondiale.   <\/li>\n<\/ul>\n\n<h3 class=\"wp-block-heading\">3. Mesurer, c&rsquo;est savoir : Comment et que mesurons-nous ?<\/h3>\n\n<p>Sans donn\u00e9es, aucune am\u00e9lioration n&rsquo;est possible. La certification est g\u00e9n\u00e9ralement soumise \u00e0 des exigences strictes en mati\u00e8re de mesures : <\/p>\n\n<ul class=\"wp-block-list\">\n<li><strong>Fr\u00e9quence :<\/strong> il est pr\u00e9f\u00e9rable d&rsquo;enregistrer la consommation totale d&rsquo;\u00e9nergie <strong>au moins une fois par mois<\/strong>. (Avec l&rsquo;introduction des compteurs num\u00e9riques, c&rsquo;est assez facile). <\/li>\n\n\n\n<li><strong>Unit\u00e9s :<\/strong> La consommation est mesur\u00e9e en <strong>kWh<\/strong>. Pour comparer les performances, elle est li\u00e9e \u00e0 l&rsquo;occupation (par exemple, kWh par nuit\u00e9e ou par m\u00b2). <\/li>\n\n\n\n<li><strong>Niveaux :<\/strong> La consommation est mieux appr\u00e9hend\u00e9e au niveau du district, du logement et de la chambre.  <\/li>\n\n\n\n<li><strong>Empreinte carbone :<\/strong> utilisez des outils tels que l&rsquo;<strong>Hotel Carbon Management Initiative (HCMI)<\/strong> pour calculer l&rsquo;impact total de votre h\u00e9bergement. R\u00e9fl\u00e9chissez \u00e0 la mani\u00e8re dont vous pouvez \u00e9galement introduire cet outil dans votre district.   <\/li>\n<\/ul>\n\n<h3 class=\"wp-block-heading\">4. <strong>M\u00e9thodes et ressources pratiques<\/strong><\/h3>\n\n<p>Pour atteindre les objectifs, nous pouvons proc\u00e9der \u00e0 toutes sortes d&rsquo;investissements ou de changements de processus. Voyez ici les interventions les plus courantes.   <\/p>\n\n<h4 class=\"wp-block-heading\"><strong>\u00c9nergies renouvelables<\/strong><\/h4>\n\n<ul class=\"wp-block-list\">\n<li><strong>Autoproduction : l&rsquo;<\/strong> installation de panneaux solaires, de chaudi\u00e8res solaires ou de pompes \u00e0 chaleur est fortement encourag\u00e9e.<\/li>\n\n\n\n<li>Une <strong>communaut\u00e9 d&rsquo;\u00e9nergie renouvelable<\/strong> avec le district peut permettre \u00e0 des entit\u00e9s r\u00e9sidentielles moins adapt\u00e9es d&rsquo;utiliser l&rsquo;\u00e9nergie produite localement.<\/li>\n\n\n\n<li><strong>Achat d&rsquo;\u00e9lectricit\u00e9 verte :<\/strong> si la production propre n&rsquo;est pas suffisante, de l&rsquo;\u00e9lectricit\u00e9 verte certifi\u00e9e \u00e0 100 % est achet\u00e9e, de pr\u00e9f\u00e9rence aupr\u00e8s d&rsquo;une coop\u00e9rative \u00e9nerg\u00e9tique.<\/li>\n<\/ul>\n\n<h4 class=\"wp-block-heading\"><strong>Chauffage, ventilation et climatisation (CVC)<\/strong><\/h4>\n\n<ul class=\"wp-block-list\">\n<li><strong>L&rsquo;isolation :<\/strong> Les toits, les murs, les sols et les fen\u00eatres sont les mieux isol\u00e9s. Par exemple : au moins 90 % des fen\u00eatres dans les zones chauff\u00e9es devraient \u00eatre des fen\u00eatres \u00e0 double vitrage \u00e0 haut rendement. Comme nous l&rsquo;avons d\u00e9j\u00e0 mentionn\u00e9, il serait judicieux de r\u00e9aliser ces travaux dans le cadre d&rsquo;un projet de r\u00e9novation de quartier.  <\/li>\n\n\n\n<li><strong>Temp\u00e9rature par d\u00e9faut :<\/strong> R\u00e9glez le chauffage au maximum \u00e0 <strong>21\u00b0C<\/strong> et le refroidissement au minimum \u00e0 <strong>23\u00b0C<\/strong>.<\/li>\n\n\n\n<li><strong>Contr\u00f4le intelligent :<\/strong> un exemple : Il est pr\u00e9f\u00e9rable d&rsquo;\u00e9teindre automatiquement les syst\u00e8mes de chauffage, de ventilation et de climatisation lorsque les fen\u00eatres ou les portes sont ouvertes.<\/li>\n<\/ul>\n\n<h4 class=\"wp-block-heading\"><strong>\u00c9clairage et \u00e9quipement<\/strong><\/h4>\n\n<ul class=\"wp-block-list\">\n<li><strong>\u00c9clairage \u00e9conome en \u00e9nergie :<\/strong> utilisez un \u00e9clairage \u00e9conome en \u00e9nergie, de pr\u00e9f\u00e9rence des luminaires \u00e9quip\u00e9s de LED rempla\u00e7ables. Tenez compte de la s\u00e9curit\u00e9, mais aussi de la pollution lumineuse et des nuisances lumineuses pour les voisins.   <\/li>\n\n\n\n<li><strong>Automatisation :<\/strong> utilisez des d\u00e9tecteurs de mouvement dans les couloirs et les zones ext\u00e9rieures et des syst\u00e8mes de cartes d&rsquo;acc\u00e8s dans les chambres pour r\u00e9duire la consommation en mode veille.<\/li>\n\n\n\n<li><strong>\u00c9lectronique :<\/strong> les nouveaux appareils (t\u00e9l\u00e9viseurs, r\u00e9frig\u00e9rateurs) peuvent appartenir aux classes \u00e9nerg\u00e9tiques les plus \u00e9lev\u00e9es de l&rsquo;\u00e9tiquette \u00e9nerg\u00e9tique de l&rsquo;UE.<\/li>\n\n\n\n<li>Pour tous ces achats, vous pouvez \u00e9galement envisager des <strong>achats group\u00e9s<\/strong>.<\/li>\n<\/ul>\n\n<h3 class=\"wp-block-heading\">5. L&rsquo;impact financier<\/h3>\n\n<p>Investir dans l&rsquo;\u00e9nergie peut s&rsquo;av\u00e9rer financi\u00e8rement rentable \u00e0 plusieurs niveaux :<\/p>\n\n<ul class=\"wp-block-list\">\n<li><strong>\u00c9conomies directes :<\/strong> Les mesures telles que l&rsquo;isolation des tuyaux et l&rsquo;adoucissement de l&rsquo;eau (contre le calcaire) ont une p\u00e9riode d&rsquo;amortissement courte en raison des factures de consommation moins \u00e9lev\u00e9es. En outre, les achats group\u00e9s sont g\u00e9n\u00e9ralement encore moins chers et donc plus int\u00e9ressants.  <\/li>\n\n\n\n<li><strong>Volont\u00e9 de payer :<\/strong> des \u00e9tudes montrent que <strong>51 % des clients<\/strong> sont pr\u00eats \u00e0 payer davantage pour un s\u00e9jour durable.<\/li>\n\n\n\n<li><strong>Protection de l&rsquo;avenir :<\/strong> en devenant plus ind\u00e9pendant des combustibles fossiles, vous prot\u00e9gez votre entreprise et, esp\u00e9rons-le, votre quartier de la volatilit\u00e9 des prix de l&rsquo;\u00e9nergie. Vous r\u00e9duisez \u00e9galement l&rsquo;impact de l&rsquo;ETS2 et du transfert de la taxe sur l&rsquo;\u00e9nergie en vous tournant vers les \u00e9nergies renouvelables. <\/li>\n<\/ul>\n\n<h3 class=\"wp-block-heading\">6. Fronti\u00e8res plan\u00e9taires et impact social<\/h3>\n\n<p>Votre politique \u00e9nerg\u00e9tique contribue \u00e0 l&rsquo;ensemble du tableau :<\/p>\n\n<figure class=\"wp-block-table\"><table class=\"has-fixed-layout\"><tbody><tr><td><img loading=\"lazy\" decoding=\"async\" width=\"150\" height=\"150\" class=\"wp-image-1285\" style=\"width: 150px;\" src=\"https:\/\/fairhospitality.coop\/wp-content\/uploads\/2026\/02\/sdg-07-picto-nl.jpg\" alt=\"\" srcset=\"https:\/\/fairhospitality.coop\/wp-content\/uploads\/2026\/02\/sdg-07-picto-nl.jpg 400w, https:\/\/fairhospitality.coop\/wp-content\/uploads\/2026\/02\/sdg-07-picto-nl-300x300.jpg 300w, https:\/\/fairhospitality.coop\/wp-content\/uploads\/2026\/02\/sdg-07-picto-nl-150x150.jpg 150w\" sizes=\"auto, (max-width: 150px) 100vw, 150px\" \/><\/td><td><img loading=\"lazy\" decoding=\"async\" width=\"150\" height=\"150\" class=\"wp-image-1290\" style=\"width: 150px;\" src=\"https:\/\/fairhospitality.coop\/wp-content\/uploads\/2026\/02\/sdg-12-picto-nl.jpg\" alt=\"\" srcset=\"https:\/\/fairhospitality.coop\/wp-content\/uploads\/2026\/02\/sdg-12-picto-nl.jpg 400w, https:\/\/fairhospitality.coop\/wp-content\/uploads\/2026\/02\/sdg-12-picto-nl-300x300.jpg 300w, https:\/\/fairhospitality.coop\/wp-content\/uploads\/2026\/02\/sdg-12-picto-nl-150x150.jpg 150w\" sizes=\"auto, (max-width: 150px) 100vw, 150px\" \/><\/td><td><img loading=\"lazy\" decoding=\"async\" width=\"150\" height=\"150\" class=\"wp-image-1291\" style=\"width: 150px;\" src=\"https:\/\/fairhospitality.coop\/wp-content\/uploads\/2026\/02\/sdg-13-picto-nl.jpg\" alt=\"\" srcset=\"https:\/\/fairhospitality.coop\/wp-content\/uploads\/2026\/02\/sdg-13-picto-nl.jpg 400w, https:\/\/fairhospitality.coop\/wp-content\/uploads\/2026\/02\/sdg-13-picto-nl-300x300.jpg 300w, https:\/\/fairhospitality.coop\/wp-content\/uploads\/2026\/02\/sdg-13-picto-nl-150x150.jpg 150w\" sizes=\"auto, (max-width: 150px) 100vw, 150px\" \/><\/td><\/tr><\/tbody><\/table><\/figure>\n\n<ul class=\"wp-block-list\">\n<li><strong>ODD de l&rsquo;ONU :<\/strong> Impact direct sur les <strong>ODD 7<\/strong>, <strong>12<\/strong> et <strong>13<\/strong>.  <\/li>\n\n\n\n<li><strong>Limites plan\u00e9taires :<\/strong> en r\u00e9duisant les \u00e9missions de CO2, vous contribuez \u00e0 repousser les limites du <strong>changement climatique<\/strong> et \u00e0 prot\u00e9ger la <strong>biosph\u00e8re <\/strong>.<\/li>\n\n\n\n<li><strong>Limites sociales minimales :<\/strong> une politique \u00e9quitable garantit la <strong>sant\u00e9<\/strong> des h\u00f4tes et du personnel (qualit\u00e9 de l&rsquo;air) et contribue \u00e0 la s\u00e9curit\u00e9 \u00e9nerg\u00e9tique locale.<\/li>\n<\/ul>\n\n<h3 class=\"wp-block-heading\">7. Plus d&rsquo;informations et d&rsquo;outils<\/h3>\n\n<ul class=\"wp-block-list\">\n<li><a href=\"https:\/\/www.gstc.org\/certification\/become-certified-hotel\/\"><u>Crit\u00e8res du Conseil mondial du tourisme durable (CMTD)<\/u><\/a><\/li>\n\n\n\n<li><a href=\"https:\/\/www.green-key.be\/\"><u>Cl\u00e9 verte Belgique &#8211; Crit\u00e8res et explications<\/u><\/a><\/li>\n\n\n\n<li><a href=\"https:\/\/environment.ec.europa.eu\/topics\/ecolabel_en\"><u>Label \u00e9cologique de l&rsquo;UE pour l&rsquo;h\u00e9bergement touristique<\/u><\/a><\/li>\n\n\n\n<li><a href=\"https:\/\/www.pxl.be\/\"><u>Ecole Sup\u00e9rieure PXL &#8211; Recherche TETRA DOL<\/u><\/a><\/li>\n\n\n\n<li><a href=\"https:\/\/sustainablehospitalityalliance.org\/\"><u>Initiative de gestion du carbone dans l&rsquo;h\u00f4tellerie (HCMI)<\/u><\/a><\/li>\n<\/ul>\n\n<hr class=\"wp-block-separator has-alpha-channel-opacity\"\/>\n\n<p><em>Ce guide est un document \u00e9volutif. En travaillant avec des partenaires locaux et en partageant nos exp\u00e9riences, nous construisons ensemble les voyages de demain. <\/em> <\/p>\n\n<p><em>L&rsquo;intelligence collective, plus forte que l&rsquo;intelligence artificielle !<\/em><\/p>\n\n<p><em>Partagez vos exp\u00e9riences, participez \u00e0 la discussion via notre <a href=\"https:\/\/fairhospitality.coop\/community\/forum-duurzaam-energiebeheer\/\">forum sur l&rsquo;\u00e9nergie<\/a><\/em><\/p>\n\n<p><\/p>\n","protected":false},"excerpt":{"rendered":"<p>Dans le secteur h\u00f4telier d&rsquo;aujourd&rsquo;hui, la gestion de l&rsquo;\u00e9nergie n&rsquo;est plus une option, mais une valeur fondamentale pour des activit\u00e9s saines. Elle contribue \u00e9galement \u00e0 la prosp\u00e9rit\u00e9 du quartier. Vous trouverez ci-dessous un aper\u00e7u sommaire. 1. La vision : de l&rsquo;\u00e9pargne \u00e0 la contribution L&rsquo;efficacit\u00e9 \u00e9nerg\u00e9tique est une question de r\u00e9silience de votre logement et &#8230; <a title=\"Gestion durable de l&rsquo;\u00e9nergie dans les lodges\" class=\"read-more\" href=\"https:\/\/fairhospitality.coop\/fr\/gestion-durable-de-lenergie-dans-les-lodges\/\" aria-label=\"En savoir plus sur Gestion durable de l&rsquo;\u00e9nergie dans les lodges\">Lire la suite<\/a><\/p>\n","protected":false},"author":1,"featured_media":0,"parent":0,"menu_order":0,"comment_status":"closed","ping_status":"closed","template":"","meta":{"footnotes":""},"class_list":["post-1366","page","type-page","status-publish"],"_links":{"self":[{"href":"https:\/\/fairhospitality.coop\/fr\/wp-json\/wp\/v2\/pages\/1366","targetHints":{"allow":["GET"]}}],"collection":[{"href":"https:\/\/fairhospitality.coop\/fr\/wp-json\/wp\/v2\/pages"}],"about":[{"href":"https:\/\/fairhospitality.coop\/fr\/wp-json\/wp\/v2\/types\/page"}],"author":[{"embeddable":true,"href":"https:\/\/fairhospitality.coop\/fr\/wp-json\/wp\/v2\/users\/1"}],"replies":[{"embeddable":true,"href":"https:\/\/fairhospitality.coop\/fr\/wp-json\/wp\/v2\/comments?post=1366"}],"version-history":[{"count":8,"href":"https:\/\/fairhospitality.coop\/fr\/wp-json\/wp\/v2\/pages\/1366\/revisions"}],"predecessor-version":[{"id":1523,"href":"https:\/\/fairhospitality.coop\/fr\/wp-json\/wp\/v2\/pages\/1366\/revisions\/1523"}],"wp:attachment":[{"href":"https:\/\/fairhospitality.coop\/fr\/wp-json\/wp\/v2\/media?parent=1366"}],"curies":[{"name":"wp","href":"https:\/\/api.w.org\/{rel}","templated":true}]}}