{"id":1347,"date":"2026-02-25T15:02:11","date_gmt":"2026-02-25T15:02:11","guid":{"rendered":"https:\/\/fairhospitality.coop\/ancrage-local-prendre-soin-du-lieu\/"},"modified":"2026-02-25T15:02:49","modified_gmt":"2026-02-25T15:02:49","slug":"ancrage-local-prendre-soin-du-lieu","status":"publish","type":"page","link":"https:\/\/fairhospitality.coop\/fr\/ancrage-local-prendre-soin-du-lieu\/","title":{"rendered":"Ancrage local : prendre soin du lieu"},"content":{"rendered":"\n<p>Dans la vision de <strong>Reizen naar Morgen<\/strong>, l&rsquo;h\u00e9bergement n&rsquo;est pas une \u00eele, mais une partie int\u00e9grante d&rsquo;une <strong>destination prosp\u00e8re<\/strong>. L&rsquo;ancrage local signifie qu&rsquo;en tant qu&rsquo;<strong>h\u00f4te<\/strong>, vous recherchez un \u00e9quilibre entre le visiteur, le r\u00e9sident, votre entreprise et les qualit\u00e9s uniques (l&rsquo;ADN) du lieu lui-m\u00eame. <\/p>\n\n<h3 class=\"wp-block-heading\">1. La vision : de la destination \u00e0 la communaut\u00e9<\/h3>\n\n<ul class=\"wp-block-list\">\n<li><strong>Le tourisme en tant qu&rsquo;outil :<\/strong> un h\u00e9bergement doit apporter une valeur ajout\u00e9e au quartier. Cela peut se faire en recherchant des synergies, par exemple en ouvrant les installations (piscine, restaurant) aux habitants du quartier. <\/li>\n\n\n\n<li><strong>L&rsquo;h\u00f4te en tant qu&rsquo;ambassadeur :<\/strong> vous \u00eates le connecteur qui transmet aux invit\u00e9s l&rsquo;amour et l&rsquo;attention pour le lieu.<\/li>\n\n\n\n<li><strong>Respect de l&rsquo;ADN :<\/strong> le caract\u00e8re unique du lieu (r\u00e9cits, histoire, traditions) n&rsquo;est pas adapt\u00e9 aux masses, mais au contraire ch\u00e9ri et mis en valeur.<\/li>\n<\/ul>\n\n<h3 class=\"wp-block-heading\">2. Gestion strat\u00e9gique et gouvernance<\/h3>\n\n<ul class=\"wp-block-list\">\n<li><strong>Collaboration active :<\/strong> entretenez au moins un (pour les petits \u00e9tablissements) ou deux (pour les grands) partenariats actifs avec des acteurs locaux tels que les \u00e9coles, les associations de r\u00e9sidents ou les mus\u00e9es locaux.<\/li>\n\n\n\n<li><strong>Acc\u00e8s et droits :<\/strong> assurez-vous que votre op\u00e9ration n&rsquo;entrave pas l&rsquo;acc\u00e8s des populations locales aux sites historiques, culturels ou religieux.<\/li>\n\n\n\n<li><strong>M\u00e9canisme de r\u00e9clamation :<\/strong> pr\u00e9voyez une voie de recours (m\u00e9canisme de r\u00e9clamation) permettant aux r\u00e9sidents locaux de faire part de leurs pr\u00e9occupations concernant l&rsquo;impact de votre logement sur le voisinage.<\/li>\n<\/ul>\n\n<h3 class=\"wp-block-heading\">3. Mesure et inventaire<\/h3>\n\n<ul class=\"wp-block-list\">\n<li><strong>Personnel local :<\/strong> contr\u00f4lez la proportion d&#8217;employ\u00e9s originaires de la r\u00e9gion imm\u00e9diate, y compris aux postes de direction.<\/li>\n\n\n\n<li><strong>Registres d&rsquo;achat :<\/strong> Gardez la trace des produits d&rsquo;origine locale (&lt;30 km \u00e0 100 km). La Clef verte exige un minimum de 5 produits locaux ou biologiques. <\/li>\n\n\n\n<li><strong>Inventaire du patrimoine :<\/strong> si vous poss\u00e9dez des tr\u00e9sors artistiques ou des objets arch\u00e9ologiques, tenez un inventaire indiquant leur origine l\u00e9gale et leur propri\u00e9taire.<\/li>\n<\/ul>\n\n<h3 class=\"wp-block-heading\">4. Mise en \u0153uvre pratique<\/h3>\n\n<h4 class=\"wp-block-heading\"><strong>Respect de la culture et du patrimoine<\/strong><\/h4>\n\n<ul class=\"wp-block-list\">\n<li><strong>\u00c9l\u00e9ments authentiques :<\/strong> Lors des r\u00e9novations, int\u00e9grez des mat\u00e9riaux et des styles architecturaux appropri\u00e9s au niveau local. Ce faisant, respectez les droits de propri\u00e9t\u00e9 intellectuelle de la communaut\u00e9 locale. <\/li>\n\n\n\n<li><strong>Int\u00e9rieur et design :<\/strong> Utilisez des objets d&rsquo;art ou d&rsquo;artisanat provenant de fabricants locaux dans vos espaces publics et vos pi\u00e8ces.<\/li>\n\n\n\n<li><strong>Information :<\/strong> Offrez \u00e0 vos h\u00f4tes des explications sur les traditions locales, l&rsquo;\u00e9tiquette et la mani\u00e8re de se comporter respectueusement lors de la visite de sites sensibles.<\/li>\n<\/ul>\n\n<h4 class=\"wp-block-heading\"><strong>Soutenir l&rsquo;\u00e9conomie locale<\/strong><\/h4>\n\n<ul class=\"wp-block-list\">\n<li><strong>Achats locaux :<\/strong> Privil\u00e9giez les fournisseurs locaux pour la nourriture, les services (comme la blanchisserie dans un rayon de 50 km) et l&rsquo;entretien.<\/li>\n\n\n\n<li><strong>Soutenir les entrepreneurs :<\/strong> offrez aux petits entrepreneurs locaux la possibilit\u00e9 de vendre leurs produits (bas\u00e9s sur la culture locale ou la nature) dans votre h\u00e9bergement.<\/li>\n\n\n\n<li><strong>Emploi social :<\/strong> emplois sp\u00e9cifiques (par exemple, restauration, impression, nettoyage) effectu\u00e9s par des entreprises d&rsquo;\u00e9conomie sociale.<\/li>\n<\/ul>\n\n<h3 class=\"wp-block-heading\">5. L&rsquo;impact financier et social<\/h3>\n\n<ul class=\"wp-block-list\">\n<li><strong>Cha\u00eene courte :<\/strong> L&rsquo;approvisionnement direct aupr\u00e8s des agriculteurs locaux r\u00e9duit les co\u00fbts de transport et renforce la r\u00e9silience locale.<\/li>\n\n\n\n<li><strong>Soutien \u00e0 la communaut\u00e9 :<\/strong> Apportez un soutien actif (financier ou en nature) \u00e0 au moins deux initiatives locales de d\u00e9veloppement environnemental ou social.<\/li>\n\n\n\n<li><strong>Retour sur l&rsquo;authenticit\u00e9 :<\/strong> 51 % des visiteurs appr\u00e9cient la durabilit\u00e9 lorsqu&rsquo;elle leur semble naturelle ; une histoire locale authentique augmente la volont\u00e9 de payer.<\/li>\n<\/ul>\n\n<h3 class=\"wp-block-heading\">6. Le parcours du client : l&rsquo;\u00e9nergie dans l&rsquo;exp\u00e9rience<\/h3>\n\n<p>L&rsquo;ancrage local doit \u00eatre visible et tangible \u00e0 chaque \u00e9tape de l&rsquo;exp\u00e9rience du client :<\/p>\n\n<ol class=\"wp-block-list\">\n<li><strong>R\u00eaves, plans et livres :<\/strong> Sur votre site web, communiquez non seulement sur vos chambres, mais aussi sur \u00ab\u00a0Qui est cet endroit ?\u00a0\u00bb et sur les histoires locales uniques que l&rsquo;on peut y trouver.<\/li>\n\n\n\n<li><strong>Le voyage :<\/strong> aidez les passants \u00e0 trouver le meilleur moyen de transport pour visiter le lieu.<\/li>\n\n\n\n<li><strong>Le s\u00e9jour :<\/strong> Mettre les gens en contact les uns avec les autres. Organisez des rencontres avec des guides ou des professionnels locaux. Encouragez vos h\u00f4tes \u00e0 explorer la r\u00e9gion \u00e0 pied ou \u00e0 v\u00e9lo et indiquez-leur les joyaux cach\u00e9s de la r\u00e9gion.  <\/li>\n\n\n\n<li><strong>Apr\u00e8s l&rsquo;\u00e9v\u00e9nement :<\/strong> veillez \u00e0 ce que les visiteurs rentrent chez eux avec une bonne impression de l&rsquo;endroit et le d\u00e9sir de revenir dans la communaut\u00e9 qu&rsquo;ils ont appris \u00e0 conna\u00eetre.<\/li>\n<\/ol>\n\n<h3 class=\"wp-block-heading\">7. Focus sur l&rsquo;h\u00e9bergement \u00e0 petite \u00e9chelle (SME\/B&amp;B)<\/h3>\n\n<ul class=\"wp-block-list\">\n<li><strong>Contact personnel :<\/strong> Utilisez votre \u00e9chelle pour sensibiliser verbalement les h\u00f4tes \u00e0 un comportement respectueux du voisinage (par exemple, \u00e9viter les nuisances sonores).<\/li>\n\n\n\n<li><strong>Collaborez :<\/strong> Collaborez avec vos voisins autour des \u00e9nergies renouvelables ou de la mobilit\u00e9 partag\u00e9e.<\/li>\n\n\n\n<li><strong>Authenticit\u00e9 : les<\/strong> petits lodges peuvent plus facilement offrir une exp\u00e9rience unique, non standardis\u00e9e et enracin\u00e9e dans le lieu.<\/li>\n<\/ul>\n\n<h3 class=\"wp-block-heading\">8. Impact mondial : les ODD et le donut<\/h3>\n\n<figure class=\"wp-block-table\"><table class=\"has-fixed-layout\"><tbody><tr><td><img loading=\"lazy\" decoding=\"async\" width=\"150\" height=\"150\" class=\"wp-image-1286\" style=\"width: 150px;\" src=\"https:\/\/fairhospitality.coop\/wp-content\/uploads\/2026\/02\/sdg-08-picto-nl.jpg\" alt=\"\" srcset=\"https:\/\/fairhospitality.coop\/wp-content\/uploads\/2026\/02\/sdg-08-picto-nl.jpg 400w, https:\/\/fairhospitality.coop\/wp-content\/uploads\/2026\/02\/sdg-08-picto-nl-300x300.jpg 300w, https:\/\/fairhospitality.coop\/wp-content\/uploads\/2026\/02\/sdg-08-picto-nl-150x150.jpg 150w\" sizes=\"auto, (max-width: 150px) 100vw, 150px\" \/><\/td><td><img loading=\"lazy\" decoding=\"async\" width=\"150\" height=\"150\" class=\"wp-image-1289\" style=\"width: 150px;\" src=\"https:\/\/fairhospitality.coop\/wp-content\/uploads\/2026\/02\/sdg-11-picto-nl.jpg\" alt=\"\" srcset=\"https:\/\/fairhospitality.coop\/wp-content\/uploads\/2026\/02\/sdg-11-picto-nl.jpg 400w, https:\/\/fairhospitality.coop\/wp-content\/uploads\/2026\/02\/sdg-11-picto-nl-300x300.jpg 300w, https:\/\/fairhospitality.coop\/wp-content\/uploads\/2026\/02\/sdg-11-picto-nl-150x150.jpg 150w\" sizes=\"auto, (max-width: 150px) 100vw, 150px\" \/><\/td><td><img loading=\"lazy\" decoding=\"async\" width=\"150\" height=\"150\" class=\"wp-image-1290\" style=\"width: 150px;\" src=\"https:\/\/fairhospitality.coop\/wp-content\/uploads\/2026\/02\/sdg-12-picto-nl.jpg\" alt=\"\" srcset=\"https:\/\/fairhospitality.coop\/wp-content\/uploads\/2026\/02\/sdg-12-picto-nl.jpg 400w, https:\/\/fairhospitality.coop\/wp-content\/uploads\/2026\/02\/sdg-12-picto-nl-300x300.jpg 300w, https:\/\/fairhospitality.coop\/wp-content\/uploads\/2026\/02\/sdg-12-picto-nl-150x150.jpg 150w\" sizes=\"auto, (max-width: 150px) 100vw, 150px\" \/><\/td><\/tr><\/tbody><\/table><\/figure>\n\n<ul class=\"wp-block-list\">\n<li><strong>SDGs :<\/strong> Contribution directe \u00e0 l&rsquo;<strong>ODD 8<\/strong> (travail \u00e9quitable), \u00e0 l&rsquo;<strong>ODD 11<\/strong> (communaut\u00e9s durables) et \u00e0 l&rsquo;<strong>ODD 12<\/strong> (consommation responsable).<\/li>\n\n\n\n<li><strong>Fond social : l<\/strong> &lsquo;ancrage local renforce la coh\u00e9sion sociale et garantit le droit de participer et d&rsquo;acc\u00e9der aux ressources du quartier.<\/li>\n<\/ul>\n\n<h3 class=\"wp-block-heading\">9. Plus d&rsquo;informations et d&rsquo;outils<\/h3>\n\n<ul class=\"wp-block-list\">\n<li><a href=\"https:\/\/www.reizennaarmorgen.be\/\"><u>Voyages vers demain<\/u><\/a>Vision pour des destinations prosp\u00e8res.<\/li>\n\n\n\n<li><a href=\"https:\/\/www.gstc.org\/certification\/become-certified-hotel\/\" target=\"_blank\" rel=\"noreferrer noopener\"><u>Crit\u00e8res du Conseil mondial du tourisme durable (CMTD)<\/u><\/a><\/li>\n\n\n\n<li><a href=\"https:\/\/www.green-key.be\/\" target=\"_blank\" rel=\"noreferrer noopener\"><u>Cl\u00e9 verte Belgique &#8211; Crit\u00e8res et explications<\/u><\/a><\/li>\n\n\n\n<li><a href=\"https:\/\/duurzaamondernemenlogies.be\" target=\"_blank\" rel=\"noreferrer noopener\"><u>Ecole Sup\u00e9rieure PXL &#8211; Recherche TETRA DOL<\/u><\/a><\/li>\n<\/ul>\n\n<p><em>Ce guide est un document \u00e9volutif. En travaillant avec des partenaires locaux et en partageant nos exp\u00e9riences, nous construisons ensemble les voyages de demain. <\/em> <\/p>\n\n<p><em>L&rsquo;intelligence collective, plus forte que l&rsquo;intelligence artificielle !<\/em><\/p>\n\n<p><\/p>\n","protected":false},"excerpt":{"rendered":"<p>Dans la vision de Reizen naar Morgen, l&rsquo;h\u00e9bergement n&rsquo;est pas une \u00eele, mais une partie int\u00e9grante d&rsquo;une destination prosp\u00e8re. L&rsquo;ancrage local signifie qu&rsquo;en tant qu&rsquo;h\u00f4te, vous recherchez un \u00e9quilibre entre le visiteur, le r\u00e9sident, votre entreprise et les qualit\u00e9s uniques (l&rsquo;ADN) du lieu lui-m\u00eame. 1. La vision : de la destination \u00e0 la communaut\u00e9 2. &#8230; <a title=\"Ancrage local : prendre soin du lieu\" class=\"read-more\" href=\"https:\/\/fairhospitality.coop\/fr\/ancrage-local-prendre-soin-du-lieu\/\" aria-label=\"En savoir plus sur Ancrage local : prendre soin du lieu\">Lire la suite<\/a><\/p>\n","protected":false},"author":1,"featured_media":0,"parent":0,"menu_order":0,"comment_status":"closed","ping_status":"closed","template":"","meta":{"footnotes":""},"class_list":["post-1347","page","type-page","status-publish"],"_links":{"self":[{"href":"https:\/\/fairhospitality.coop\/fr\/wp-json\/wp\/v2\/pages\/1347","targetHints":{"allow":["GET"]}}],"collection":[{"href":"https:\/\/fairhospitality.coop\/fr\/wp-json\/wp\/v2\/pages"}],"about":[{"href":"https:\/\/fairhospitality.coop\/fr\/wp-json\/wp\/v2\/types\/page"}],"author":[{"embeddable":true,"href":"https:\/\/fairhospitality.coop\/fr\/wp-json\/wp\/v2\/users\/1"}],"replies":[{"embeddable":true,"href":"https:\/\/fairhospitality.coop\/fr\/wp-json\/wp\/v2\/comments?post=1347"}],"version-history":[{"count":1,"href":"https:\/\/fairhospitality.coop\/fr\/wp-json\/wp\/v2\/pages\/1347\/revisions"}],"predecessor-version":[{"id":1350,"href":"https:\/\/fairhospitality.coop\/fr\/wp-json\/wp\/v2\/pages\/1347\/revisions\/1350"}],"wp:attachment":[{"href":"https:\/\/fairhospitality.coop\/fr\/wp-json\/wp\/v2\/media?parent=1347"}],"curies":[{"name":"wp","href":"https:\/\/api.w.org\/{rel}","templated":true}]}}