{"id":1328,"date":"2026-02-25T14:12:31","date_gmt":"2026-02-25T14:12:31","guid":{"rendered":"https:\/\/fairhospitality.coop\/gestion-strategique-pour-une-loge-florissante-vision-et-gouvernance\/"},"modified":"2026-02-25T14:14:00","modified_gmt":"2026-02-25T14:14:00","slug":"gestion-strategique-pour-une-loge-florissante-vision-et-gouvernance","status":"publish","type":"page","link":"https:\/\/fairhospitality.coop\/fr\/gestion-strategique-pour-une-loge-florissante-vision-et-gouvernance\/","title":{"rendered":"Gestion strat\u00e9gique pour une Loge florissante : vision et gouvernance"},"content":{"rendered":"\n<p>La gestion durable n&rsquo;est pas une simple liste de contr\u00f4le administrative, mais une <strong>fa\u00e7on d&rsquo;\u00eatre<\/strong>. Dans la vision de <strong>Travel to Tomorrow<\/strong>, vous utilisez le syst\u00e8me de gestion pour trouver un \u00e9quilibre entre le visiteur, le r\u00e9sident, l&rsquo;entrepreneur et le lieu. Ce syst\u00e8me garantit que votre h\u00e9bergement apporte une contribution positive \u00e0 l&rsquo;environnement.  <\/p>\n\n<h3 class=\"wp-block-heading\">1. Le fondement : la politique de durabilit\u00e9<\/h3>\n\n<p>Un syst\u00e8me document\u00e9 est la base d&rsquo;une gestion syst\u00e9matique et d&rsquo;une am\u00e9lioration continue.<\/p>\n\n<ul class=\"wp-block-list\">\n<li><strong>D\u00e9claration de politique g\u00e9n\u00e9rale (RSE) :<\/strong> Formulez une d\u00e9claration \u00e9crite exposant vos objectifs et ambitions globaux. Ce document doit \u00eatre plus ambitieux que la simple conformit\u00e9 \u00e0 la l\u00e9gislation et couvrir les quatre piliers de la durabilit\u00e9 : gestion, socio-\u00e9conomie, culture et environnement. <\/li>\n\n\n\n<li><strong>Lien vers le voyage de demain :<\/strong> D\u00e9finissez votre politique comme \u00ab\u00a0prendre soin de ce que nous aimons\u00a0\u00bb. Votre r\u00f4le en tant qu&rsquo;<strong>h\u00f4te\/locataire<\/strong> est essentiel pour pr\u00e9server les qualit\u00e9s uniques de votre lieu. <\/li>\n<\/ul>\n\n<h3 class=\"wp-block-heading\">2. R\u00f4les et responsabilit\u00e9s<\/h3>\n\n<p>M\u00eame dans les petites structures, les responsabilit\u00e9s doivent \u00eatre claires.<\/p>\n\n<ul class=\"wp-block-list\">\n<li><strong>Responsable de l&rsquo;environnement :<\/strong> d\u00e9signez un point de contact pour toutes les questions de d\u00e9veloppement durable. Cette personne recueille des donn\u00e9es et lance de nouveaux projets. <\/li>\n\n\n\n<li><strong>\u00c9quipe verte :<\/strong> dans les grandes organisations, il est recommand\u00e9 de mettre en place une \u00e9quipe compos\u00e9e de repr\u00e9sentants de diff\u00e9rents services afin d&rsquo;obtenir un large soutien.<\/li>\n<\/ul>\n\n<h3 class=\"wp-block-heading\">3. Planification et am\u00e9lioration continue (plan d&rsquo;action)<\/h3>\n\n<p>La gouvernance est un cycle actif de planification et d&rsquo;ex\u00e9cution.<\/p>\n\n<ul class=\"wp-block-list\">\n<li><strong>Plan d&rsquo;action annuel :<\/strong> Fixez des objectifs annuels concrets avec au moins trois points d&rsquo;action sp\u00e9cifiques pour l&rsquo;ann\u00e9e \u00e0 venir.<\/li>\n\n\n\n<li><strong>Objectifs mesurables :<\/strong> Fournissez des objectifs quantitatifs (par exemple, X % de r\u00e9duction de la consommation d&rsquo;\u00e9nergie ou X % d&rsquo;augmentation des achats locaux).<\/li>\n\n\n\n<li><strong>Contr\u00f4le administratif :<\/strong> Conservez la documentation (num\u00e9rique ou physique) pour d\u00e9montrer la conformit\u00e9 aux crit\u00e8res.<\/li>\n<\/ul>\n\n<h3 class=\"wp-block-heading\">4. Suivi et \u00e9valuation interne<\/h3>\n\n<p>Les donn\u00e9es fournissent la base factuelle de vos efforts et permettent d&rsquo;identifier les inefficacit\u00e9s.<\/p>\n\n<ul class=\"wp-block-list\">\n<li><strong>Enregistrement des donn\u00e9es :<\/strong> Enregistrez les principaux indicateurs cl\u00e9s de performance au moins une fois par mois, comme la consommation sp\u00e9cifique d&rsquo;\u00e9nergie et d&rsquo;eau par nuit\u00e9e et la quantit\u00e9 de d\u00e9chets tri\u00e9s.<\/li>\n\n\n\n<li><strong>Calcul du CO2 :<\/strong> utilisez des outils tels que la <a href=\"https:\/\/sustainablehospitalityalliance.org\/resource\/hotel-carbon-measurement-initiative\/\"><u>Initiative de gestion du carbone dans l&rsquo;h\u00f4tellerie (HCMI)<\/u><\/a> pour cartographier votre empreinte.<\/li>\n<\/ul>\n\n<h3 class=\"wp-block-heading\">5. Participation du personnel et des invit\u00e9s<\/h3>\n\n<ul class=\"wp-block-list\">\n<li><strong>Formation du personnel :<\/strong> offrir aux employ\u00e9s une formation sur la gestion de l&rsquo;environnement et les droits sociaux au moins une fois par an.<\/li>\n\n\n\n<li><strong>Commentaires des clients :<\/strong> utilisez des enqu\u00eates pour permettre aux clients de contribuer \u00e0 votre performance en mati\u00e8re de d\u00e9veloppement durable.<\/li>\n\n\n\n<li><strong>Incitation :<\/strong> Facilitez la contribution des invit\u00e9s gr\u00e2ce \u00e0 des indices et des ic\u00f4nes subtils.<\/li>\n<\/ul>\n\n<h3 class=\"wp-block-heading\">6. Coop\u00e9ration avec la communaut\u00e9 locale<\/h3>\n\n<ul class=\"wp-block-list\">\n<li><strong>Parties prenantes locales :<\/strong> Maintenez une collaboration active avec les r\u00e9sidents, les \u00e9coles ou les autorit\u00e9s locales.<\/li>\n\n\n\n<li><strong>Approvisionnement local :<\/strong> privil\u00e9giez les produits locaux et issus du commerce \u00e9quitable afin de renforcer l&rsquo;\u00e9conomie locale.<\/li>\n<\/ul>\n\n<h3 class=\"wp-block-heading\">7. Focus sur l&rsquo;h\u00e9bergement \u00e0 petite \u00e9chelle (SME\/B&amp;B)<\/h3>\n\n<p>Concentrez-vous sur des \u00e9tapes r\u00e9alisables et conservez votre <strong>authenticit\u00e9<\/strong>. Un simple tableau de bord num\u00e9rique ou une liste de contr\u00f4le sont souvent plus efficaces qu&rsquo;un syst\u00e8me de gestion complexe. <\/p>\n\n<h3 class=\"wp-block-heading\">8. Fronti\u00e8res plan\u00e9taires et impact social<\/h3>\n\n<figure class=\"wp-block-table\"><table class=\"has-fixed-layout\"><tbody><tr><td><img loading=\"lazy\" decoding=\"async\" width=\"150\" height=\"150\" class=\"wp-image-1286\" style=\"width: 150px;\" src=\"https:\/\/fairhospitality.coop\/wp-content\/uploads\/2026\/02\/sdg-08-picto-nl.jpg\" alt=\"\" srcset=\"https:\/\/fairhospitality.coop\/wp-content\/uploads\/2026\/02\/sdg-08-picto-nl.jpg 400w, https:\/\/fairhospitality.coop\/wp-content\/uploads\/2026\/02\/sdg-08-picto-nl-300x300.jpg 300w, https:\/\/fairhospitality.coop\/wp-content\/uploads\/2026\/02\/sdg-08-picto-nl-150x150.jpg 150w\" sizes=\"auto, (max-width: 150px) 100vw, 150px\" \/><\/td><td><img loading=\"lazy\" decoding=\"async\" width=\"150\" height=\"150\" class=\"wp-image-1290\" style=\"width: 150px;\" src=\"https:\/\/fairhospitality.coop\/wp-content\/uploads\/2026\/02\/sdg-12-picto-nl.jpg\" alt=\"\" srcset=\"https:\/\/fairhospitality.coop\/wp-content\/uploads\/2026\/02\/sdg-12-picto-nl.jpg 400w, https:\/\/fairhospitality.coop\/wp-content\/uploads\/2026\/02\/sdg-12-picto-nl-300x300.jpg 300w, https:\/\/fairhospitality.coop\/wp-content\/uploads\/2026\/02\/sdg-12-picto-nl-150x150.jpg 150w\" sizes=\"auto, (max-width: 150px) 100vw, 150px\" \/><\/td><td><img loading=\"lazy\" decoding=\"async\" width=\"150\" height=\"150\" class=\"wp-image-1295\" style=\"width: 150px;\" src=\"https:\/\/fairhospitality.coop\/wp-content\/uploads\/2026\/02\/sdg-17-picto-nl.jpg\" alt=\"\" srcset=\"https:\/\/fairhospitality.coop\/wp-content\/uploads\/2026\/02\/sdg-17-picto-nl.jpg 400w, https:\/\/fairhospitality.coop\/wp-content\/uploads\/2026\/02\/sdg-17-picto-nl-300x300.jpg 300w, https:\/\/fairhospitality.coop\/wp-content\/uploads\/2026\/02\/sdg-17-picto-nl-150x150.jpg 150w\" sizes=\"auto, (max-width: 150px) 100vw, 150px\" \/><\/td><\/tr><\/tbody><\/table><\/figure>\n\n<p>Votre syst\u00e8me de gouvernance garantit que votre entreprise op\u00e8re dans les limites de s\u00e9curit\u00e9 de la plan\u00e8te :<\/p>\n\n<ul class=\"wp-block-list\">\n<li><a href=\"https:\/\/www.stockholmresilience.org\/research\/planetary-boundaries.html\"><u><strong>Fronti\u00e8res plan\u00e9taires<\/strong><\/u><\/a>La gestion des fronti\u00e8res plan\u00e9taires <strong>:<\/strong> Gr\u00e2ce \u00e0 une gestion syst\u00e9matique, vous prot\u00e9gez les fronti\u00e8res du <strong>changement climatique<\/strong>, de l&rsquo;<strong>int\u00e9grit\u00e9 de la biosph\u00e8re<\/strong> et de l&rsquo;<strong>utilisation de l&rsquo;eau douce<\/strong>.<\/li>\n\n\n\n<li><a href=\"https:\/\/doughnuteconomics.org\/\"><u><strong>Limites sociales minimales (Donut Economy)<\/strong><\/u><\/a>Vous assurez une base sociale solide en vous concentrant sur les <strong>droits du travail<\/strong>, la <strong>sant\u00e9<\/strong>, l&rsquo;<strong>accessibilit\u00e9<\/strong> et l&rsquo;<strong>engagement local<\/strong><strong>.<\/strong> <\/li>\n\n\n\n<li><a href=\"https:\/\/sdgs.un.org\/goals\"><u><strong>Objectifs de d\u00e9veloppement durable (ODD).<\/strong><\/u><\/a>Votre gestion contribue directement \u00e0 l&rsquo;<strong>ODD 8<\/strong> (Travail \u00e9quitable), \u00e0 l&rsquo;<strong>ODD 12<\/strong> (Consommation responsable) et \u00e0 l&rsquo;<strong>ODD 17<\/strong> (Partenariats)<strong>.<\/strong> <\/li>\n<\/ul>\n\n<h3 class=\"wp-block-heading\">9. Plus d&rsquo;informations et d&rsquo;outils<\/h3>\n\n<ul class=\"wp-block-list\">\n<li><a href=\"https:\/\/www.gstcouncil.org\/\"><u><strong>Crit\u00e8res GSTC pour les h\u00f4tels.<\/strong><\/u><\/a>Crit\u00e8res h\u00f4teliers du GSTC <strong>:<\/strong> La norme mondiale en mati\u00e8re de tourisme durable.<\/li>\n\n\n\n<li><a href=\"https:\/\/www.green-key.be\/\"><u><strong>Cl\u00e9 verte Belgique<\/strong><\/u><\/a><strong>:<\/strong> Crit\u00e8res et explications pour le march\u00e9 belge.<\/li>\n\n\n\n<li><a href=\"https:\/\/www.ecolabel.be\/nl\/op-vakantie-met-het-eu-ecolabel\"><u><strong>Label \u00e9cologique de l&rsquo;UE pour l&rsquo;h\u00e9bergement<\/strong><\/u><\/a><strong>:<\/strong> directives europ\u00e9ennes et rapports techniques.<\/li>\n\n\n\n<li><a href=\"https:\/\/www.reizennaarmorgen.be\/\"><u><strong>Voyages vers demain<\/strong><\/u><\/a><strong>La<\/strong> vision de Tourism Flanders d&rsquo;une destination prosp\u00e8re.<\/li>\n\n\n\n<li><a href=\"https:\/\/duurzaamondernemenlogies.be\/\"><u><strong>Hogeschool PXL &#8211; Logement durable<\/strong><\/u><\/a>Recherche et outils orient\u00e9s vers la pratique pour les PME<strong>.<\/strong> <\/li>\n<\/ul>\n\n<p><em>Ce guide est un document \u00e9volutif. En travaillant avec des partenaires locaux et en partageant nos exp\u00e9riences, nous construisons ensemble les voyages de demain. <\/em> <\/p>\n\n<p><em>L&rsquo;intelligence collective, plus forte que l&rsquo;intelligence artificielle !<\/em><\/p>\n\n<p><\/p>\n","protected":false},"excerpt":{"rendered":"<p>La gestion durable n&rsquo;est pas une simple liste de contr\u00f4le administrative, mais une fa\u00e7on d&rsquo;\u00eatre. Dans la vision de Travel to Tomorrow, vous utilisez le syst\u00e8me de gestion pour trouver un \u00e9quilibre entre le visiteur, le r\u00e9sident, l&rsquo;entrepreneur et le lieu. Ce syst\u00e8me garantit que votre h\u00e9bergement apporte une contribution positive \u00e0 l&rsquo;environnement. 1. Le &#8230; <a title=\"Gestion strat\u00e9gique pour une Loge florissante : vision et gouvernance\" class=\"read-more\" href=\"https:\/\/fairhospitality.coop\/fr\/gestion-strategique-pour-une-loge-florissante-vision-et-gouvernance\/\" aria-label=\"En savoir plus sur Gestion strat\u00e9gique pour une Loge florissante : vision et gouvernance\">Lire la suite<\/a><\/p>\n","protected":false},"author":1,"featured_media":0,"parent":0,"menu_order":0,"comment_status":"closed","ping_status":"closed","template":"","meta":{"footnotes":""},"class_list":["post-1328","page","type-page","status-publish"],"_links":{"self":[{"href":"https:\/\/fairhospitality.coop\/fr\/wp-json\/wp\/v2\/pages\/1328","targetHints":{"allow":["GET"]}}],"collection":[{"href":"https:\/\/fairhospitality.coop\/fr\/wp-json\/wp\/v2\/pages"}],"about":[{"href":"https:\/\/fairhospitality.coop\/fr\/wp-json\/wp\/v2\/types\/page"}],"author":[{"embeddable":true,"href":"https:\/\/fairhospitality.coop\/fr\/wp-json\/wp\/v2\/users\/1"}],"replies":[{"embeddable":true,"href":"https:\/\/fairhospitality.coop\/fr\/wp-json\/wp\/v2\/comments?post=1328"}],"version-history":[{"count":2,"href":"https:\/\/fairhospitality.coop\/fr\/wp-json\/wp\/v2\/pages\/1328\/revisions"}],"predecessor-version":[{"id":1340,"href":"https:\/\/fairhospitality.coop\/fr\/wp-json\/wp\/v2\/pages\/1328\/revisions\/1340"}],"wp:attachment":[{"href":"https:\/\/fairhospitality.coop\/fr\/wp-json\/wp\/v2\/media?parent=1328"}],"curies":[{"name":"wp","href":"https:\/\/api.w.org\/{rel}","templated":true}]}}