{"id":1317,"date":"2026-02-23T14:25:14","date_gmt":"2026-02-23T14:25:14","guid":{"rendered":"https:\/\/fairhospitality.coop\/gere-avec-le-fej\/"},"modified":"2026-03-02T14:06:30","modified_gmt":"2026-03-02T14:06:30","slug":"gere-avec-le-fej","status":"publish","type":"page","link":"https:\/\/fairhospitality.coop\/fr\/gere-avec-le-fej\/","title":{"rendered":"G\u00e9rer avec le FEJ"},"content":{"rendered":"\n<p>La gestion de votre logement avec le LEF (Local, Ecologique et Equitable) est essentielle pour un fonctionnement durable et, bien s\u00fbr, r\u00e9g\u00e9n\u00e9rateur. Elle se caract\u00e9rise par les points suivants : <\/p>\n\n<ul class=\"wp-block-list\">\n<li><a href=\"https:\/\/fairhospitality.coop\/fr\/gestion-strategique-pour-une-loge-florissante-vision-et-gouvernance\/\" data-type=\"page\" data-id=\"1326\">Conception et gestion r\u00e9fl\u00e9chies d&rsquo;entreprises durables<\/a><\/li>\n\n\n\n<li><a href=\"https:\/\/fairhospitality.coop\/fr\/ancrage-local-prendre-soin-du-lieu\/\" data-type=\"page\" data-id=\"1342\">Ancrage <strong>local<\/strong>: l&rsquo;\u00e9panouissement du lieu et de ses habitants est toujours au centre des pr\u00e9occupations.<\/a><\/li>\n\n\n\n<li><a href=\"https:\/\/fairhospitality.coop\/fr\/ecologique\/\" data-type=\"page\" data-id=\"1363\"><strong>\u00c9cologique<\/strong>: respect des limites plan\u00e9taires de notre plan\u00e8te<\/a><\/li>\n\n\n\n<li><a href=\"https:\/\/fairhospitality.coop\/fr\/lhospitalite-equitable-et-sociale\/\" data-type=\"page\" data-id=\"1490\"><strong>\u00c9quitable<\/strong>: o\u00f9 les gens, d&rsquo;ici et d&rsquo;ailleurs, en profitent aujourd&rsquo;hui et plus tard<\/a><\/li>\n<\/ul>\n\n<p><strong>G\u00e9rer avec le LEF<\/strong>\u00a0\u00bb d\u00e9crit en plusieurs sections les diff\u00e9rents aspects d&rsquo;un fonctionnement durable. Les descriptions sont en partie bas\u00e9es sur des normes existantes telles que GSTC, Green-Key, EU-Ecolabel, etc., mais certainement aussi sur les exp\u00e9riences de notre communaut\u00e9 d&rsquo;accueil. <\/p>\n\n<p>L&rsquo;entreprise durable est en soi un voyage vers demain. Un voyage dont la destination finale \u00e9volue en fonction des connaissances acquises. Des connaissances que nous recueillons gr\u00e2ce \u00e0 l&rsquo;intelligence collective. Une intelligence collective qui d\u00e9coule de nos exp\u00e9riences en tant qu&rsquo;h\u00f4tes, mais qui est plus que la somme de ces exp\u00e9riences.     <\/p>\n\n<p><\/p>\n","protected":false},"excerpt":{"rendered":"<p>La gestion de votre logement avec le LEF (Local, Ecologique et Equitable) est essentielle pour un fonctionnement durable et, bien s\u00fbr, r\u00e9g\u00e9n\u00e9rateur. Elle se caract\u00e9rise par les points suivants : G\u00e9rer avec le LEF\u00a0\u00bb d\u00e9crit en plusieurs sections les diff\u00e9rents aspects d&rsquo;un fonctionnement durable. Les descriptions sont en partie bas\u00e9es sur des normes existantes telles &#8230; <a title=\"G\u00e9rer avec le FEJ\" class=\"read-more\" href=\"https:\/\/fairhospitality.coop\/fr\/gere-avec-le-fej\/\" aria-label=\"En savoir plus sur G\u00e9rer avec le FEJ\">Lire la suite<\/a><\/p>\n","protected":false},"author":1,"featured_media":0,"parent":0,"menu_order":0,"comment_status":"open","ping_status":"closed","template":"","meta":{"footnotes":""},"class_list":["post-1317","page","type-page","status-publish"],"_links":{"self":[{"href":"https:\/\/fairhospitality.coop\/fr\/wp-json\/wp\/v2\/pages\/1317","targetHints":{"allow":["GET"]}}],"collection":[{"href":"https:\/\/fairhospitality.coop\/fr\/wp-json\/wp\/v2\/pages"}],"about":[{"href":"https:\/\/fairhospitality.coop\/fr\/wp-json\/wp\/v2\/types\/page"}],"author":[{"embeddable":true,"href":"https:\/\/fairhospitality.coop\/fr\/wp-json\/wp\/v2\/users\/1"}],"replies":[{"embeddable":true,"href":"https:\/\/fairhospitality.coop\/fr\/wp-json\/wp\/v2\/comments?post=1317"}],"version-history":[{"count":7,"href":"https:\/\/fairhospitality.coop\/fr\/wp-json\/wp\/v2\/pages\/1317\/revisions"}],"predecessor-version":[{"id":1506,"href":"https:\/\/fairhospitality.coop\/fr\/wp-json\/wp\/v2\/pages\/1317\/revisions\/1506"}],"wp:attachment":[{"href":"https:\/\/fairhospitality.coop\/fr\/wp-json\/wp\/v2\/media?parent=1317"}],"curies":[{"name":"wp","href":"https:\/\/api.w.org\/{rel}","templated":true}]}}