{"id":1152,"date":"2025-02-22T16:24:02","date_gmt":"2025-02-22T16:24:02","guid":{"rendered":"https:\/\/fairhospitality.coop\/voyages-vers-demain\/"},"modified":"2025-12-11T15:01:41","modified_gmt":"2025-12-11T15:01:41","slug":"voyages-vers-demain","status":"publish","type":"page","link":"https:\/\/fairhospitality.coop\/fr\/voyages-vers-demain\/","title":{"rendered":"Voyages vers demain"},"content":{"rendered":"\n<p>Litt\u00e9ralement tir\u00e9 du site web Travels to Tomorrow de l&rsquo;Office du tourisme de Flandre :  <\/p>\n\n<p><strong><em>L&rsquo;objectif de la vision<a href=\"https:\/\/www.reizennaarmorgen.be\/\" target=\"_blank\" rel=\"noopener\" title=\"\">\u00a0\u00bb Voyager vers demain<\/a>\u00a0\u00bb est de faire de la Flandre une destination prosp\u00e8re avec des lieux r\u00e9silients, durables et orient\u00e9s vers l&rsquo;avenir qui offrent une valeur ajout\u00e9e \u00e0 toutes les parties prenantes. Le tourisme est un moyen, et non une fin en soi, d&rsquo;atteindre cet objectif. <\/em><\/strong><\/p>\n\n<figure class=\"wp-block-image size-full is-resized\"><img loading=\"lazy\" decoding=\"async\" width=\"920\" height=\"689\" src=\"https:\/\/fairhospitality.coop\/wp-content\/uploads\/2025\/02\/image-2.png\" alt=\"\" class=\"wp-image-1061\" style=\"width:558px;height:auto\" srcset=\"https:\/\/fairhospitality.coop\/wp-content\/uploads\/2025\/02\/image-2.png 920w, https:\/\/fairhospitality.coop\/wp-content\/uploads\/2025\/02\/image-2-300x225.png 300w, https:\/\/fairhospitality.coop\/wp-content\/uploads\/2025\/02\/image-2-768x575.png 768w, https:\/\/fairhospitality.coop\/wp-content\/uploads\/2025\/02\/image-2-280x210.png 280w\" sizes=\"auto, (max-width: 920px) 100vw, 920px\" \/><\/figure>\n\n<p>Cette vision forte de Tourisme Flandre sous le titre :<a href=\"https:\/\/www.reizennaarmorgen.be\/\" target=\"_blank\" rel=\"noopener\" title=\"\">\u00ab\u00a0Voyager vers demain<\/a>\u00a0\u00bb est tr\u00e8s compl\u00e8te en ce qui concerne la durabilit\u00e9 dans le monde du tourisme. Elle reconna\u00eet l&rsquo;importance des diff\u00e9rents acteurs dans ce domaine, ainsi que les relations entre eux. Le vacancier, \u00e9galement appel\u00e9 entrepreneur, h\u00f4te ou op\u00e9rateur, joue \u00e9videmment un r\u00f4le tr\u00e8s important. Mais le r\u00e9sident, le voyageur, l&rsquo;occupant et le lieu ne sont pas oubli\u00e9s non plus. Les relations entre les diff\u00e9rents acteurs sont \u00e9galement importantes.    <\/p>\n\n<h3 class=\"wp-block-heading\">L&rsquo;entrepreneur<\/h3>\n\n<p>La communaut\u00e9 prosp\u00e8re lorsque l&rsquo;<strong>entrepreneur <\/strong>:<\/p>\n\n<ul class=\"wp-block-list\">\n<li>est vital et rentable<\/li>\n\n\n\n<li>peut g\u00e9rer le changement de mani\u00e8re r\u00e9siliente<\/li>\n\n\n\n<li>b\u00e9n\u00e9ficier de bonnes conditions de travail et d&rsquo;une bonne appr\u00e9ciation<\/li>\n\n\n\n<li>est passionn\u00e9 et innovant\/cr\u00e9atif pour son produit ou service, tout en gardant son individualit\u00e9<\/li>\n\n\n\n<li>est un ambassadeur du lieu o\u00f9 il\/elle travaille<\/li>\n\n\n\n<li>s&rsquo;efforce d&rsquo;atteindre un niveau de satisfaction \u00e9lev\u00e9 en faisant preuve d&rsquo;une hospitalit\u00e9 et d&rsquo;un professionnalisme authentiques<\/li>\n\n\n\n<li>tient compte de l&rsquo;impact de ses activit\u00e9s sur les autres d\u00e9tenteurs de place et sur le site<\/li>\n\n\n\n<li>souhaite apporter une contribution positive \u00e0 la soci\u00e9t\u00e9, \u00e0 la communaut\u00e9 ou au lieu de travail<\/li>\n<\/ul>\n\n<h3 class=\"wp-block-heading\">Le lieu<\/h3>\n\n<p>Le <strong>lieu<\/strong>, site de l&rsquo;\u00e9v\u00e9nement touristique, est le seul acteur passif. Il subit principalement les impacts, qui peuvent \u00eatre positifs ou n\u00e9gatifs. Pour que le lieu s&rsquo;\u00e9panouisse, nous visons des impacts positifs. Le lieu s&rsquo;\u00e9panouit :   <\/p>\n\n<ul class=\"wp-block-list\">\n<li>si elle est s\u00e9duisante, agr\u00e9able et s\u00fbre<\/li>\n\n\n\n<li>s&rsquo;il favorise les rencontres entre les r\u00e9sidents, les entrepreneurs et les visiteurs sans exclure personne<\/li>\n\n\n\n<li>Si elle laisse parler son caract\u00e8re unique<\/li>\n\n\n\n<li>si elle pr\u00e9serve son identit\u00e9 et son patrimoine naturel et culturel<\/li>\n\n\n\n<li>s&rsquo;il offre un espace de cr\u00e9ativit\u00e9 et d&rsquo;exp\u00e9rimentation<\/li>\n\n\n\n<li>s&rsquo;il contribue de mani\u00e8re positive \u00e0 une plan\u00e8te prosp\u00e8re<\/li>\n<\/ul>\n\n<h3 class=\"wp-block-heading\">Le r\u00e9sident<\/h3>\n\n<p><strong>Le r\u00e9sident<\/strong> est directement li\u00e9 au lieu. La communaut\u00e9 s&rsquo;\u00e9panouit lorsque le r\u00e9sident aime vivre dans son lieu, qu&rsquo;il le conna\u00eet bien et qu&rsquo;il en est fier. L&rsquo;implication dans la politique (touristique) du lieu, afin de participer au d\u00e9veloppement souhait\u00e9, est essentielle \u00e0 cet \u00e9gard. Les habitants peuvent profiter des effets positifs du tourisme : pr\u00e9servation et valorisation des \u00e9quipements, du patrimoine, de la culture, des revenus, des emplois et des rencontres interculturelles. Ils ne sont pas g\u00ean\u00e9s par le tourisme.    <\/p>\n\n<h3 class=\"wp-block-heading\">Le voyageur<\/h3>\n\n<p>Pour <strong>le visiteur<\/strong>, \u00e9galement appel\u00e9 voyageur, touriste ou client, le lieu sera florissant s&rsquo;il se sent chaleureusement accueilli, s&rsquo;il peut profiter pleinement de l&rsquo;ADN du lieu et si son s\u00e9jour a un impact positif :<\/p>\n\n<ul class=\"wp-block-list\">\n<li>une nouvelle \u00e9nergie et une nouvelle inspiration<\/li>\n\n\n\n<li>d\u00e9veloppement personnel<\/li>\n\n\n\n<li>le lien avec le lieu et les personnes rencontr\u00e9es<\/li>\n\n\n\n<li>respecte la nature, la culture et le caract\u00e8re unique du lieu<br\/>Le visiteur porte le lieu et ses habitants dans son c\u0153ur et se sent impliqu\u00e9. Il reviendra volontiers ou recommandera l&rsquo;endroit \u00e0 d&rsquo;autres personnes. <\/li>\n<\/ul>\n\n<h3 class=\"wp-block-heading\">Les Plekholders<\/h3>\n\n<p>Les <strong>d\u00e9tenteurs de lieux <\/strong>sont les personnes qui gouvernent, entretiennent et cod\u00e9terminent le lieu. Il peut s&rsquo;agir de gouvernements, mais aussi de groupes locaux tels que des clubs de jeunes, des mouvements environnementaux, etc. <\/p>\n\n<p>Ni le r\u00e9sident, ni le visiteur, ni les d\u00e9tenteurs de lieux ne sont des acteurs passifs. Ils peuvent eux-m\u00eames g\u00e9n\u00e9rer un impact positif ou n\u00e9gatif sur le lieu et les autres acteurs. Nous ne proposons pas encore d&rsquo;<g id=\"gid_0\">analyse de durabilit\u00e9<\/g> pour ces r\u00f4les. Il serait hautement souhaitable d&rsquo;effectuer ces diff\u00e9rentes analyses s\u00e9par\u00e9ment afin de maximiser l&rsquo;\u00e9panouissement du plus grand nombre de lieux possible.   <\/p>\n\n<h3 class=\"wp-block-heading\">Suppl\u00e9ment<\/h3>\n\n<p>Le tilleul est la m\u00e9taphore utilis\u00e9e pour les voyages vers demain. Mais bien s\u00fbr, il y a diff\u00e9rents \u00ab\u00a0arbres\u00a0\u00bb, dans diff\u00e9rents endroits. Certains sont proches, d&rsquo;autres tr\u00e8s \u00e9loign\u00e9s. L&rsquo;abattage d&rsquo;arbres lointains peut avoir un impact important sur notre propre arbre. C&rsquo;est pourquoi nous aimons \u00e9tendre la vision un peu plus loin en consid\u00e9rant non seulement le local, mais aussi le global.      <\/p>\n\n<p><\/p>\n","protected":false},"excerpt":{"rendered":"<p>Litt\u00e9ralement tir\u00e9 du site web Travels to Tomorrow de l&rsquo;Office du tourisme de Flandre : L&rsquo;objectif de la vision\u00a0\u00bb Voyager vers demain\u00a0\u00bb est de faire de la Flandre une destination prosp\u00e8re avec des lieux r\u00e9silients, durables et orient\u00e9s vers l&rsquo;avenir qui offrent une valeur ajout\u00e9e \u00e0 toutes les parties prenantes. Le tourisme est un moyen, &#8230; <a title=\"Voyages vers demain\" class=\"read-more\" href=\"https:\/\/fairhospitality.coop\/fr\/voyages-vers-demain\/\" aria-label=\"En savoir plus sur Voyages vers demain\">Lire la suite<\/a><\/p>\n","protected":false},"author":1,"featured_media":0,"parent":0,"menu_order":0,"comment_status":"closed","ping_status":"closed","template":"","meta":{"_lmt_disableupdate":"","_lmt_disable":"","footnotes":""},"class_list":["post-1152","page","type-page","status-publish"],"_links":{"self":[{"href":"https:\/\/fairhospitality.coop\/fr\/wp-json\/wp\/v2\/pages\/1152","targetHints":{"allow":["GET"]}}],"collection":[{"href":"https:\/\/fairhospitality.coop\/fr\/wp-json\/wp\/v2\/pages"}],"about":[{"href":"https:\/\/fairhospitality.coop\/fr\/wp-json\/wp\/v2\/types\/page"}],"author":[{"embeddable":true,"href":"https:\/\/fairhospitality.coop\/fr\/wp-json\/wp\/v2\/users\/1"}],"replies":[{"embeddable":true,"href":"https:\/\/fairhospitality.coop\/fr\/wp-json\/wp\/v2\/comments?post=1152"}],"version-history":[{"count":1,"href":"https:\/\/fairhospitality.coop\/fr\/wp-json\/wp\/v2\/pages\/1152\/revisions"}],"predecessor-version":[{"id":1153,"href":"https:\/\/fairhospitality.coop\/fr\/wp-json\/wp\/v2\/pages\/1152\/revisions\/1153"}],"wp:attachment":[{"href":"https:\/\/fairhospitality.coop\/fr\/wp-json\/wp\/v2\/media?parent=1152"}],"curies":[{"name":"wp","href":"https:\/\/api.w.org\/{rel}","templated":true}]}}