{"id":1046,"date":"2025-02-21T13:05:58","date_gmt":"2025-02-21T13:05:58","guid":{"rendered":"https:\/\/fairhospitality.coop\/analyse-de-durabilite-pour-les-lodges\/"},"modified":"2025-12-11T15:01:41","modified_gmt":"2025-12-11T15:01:41","slug":"analyse-de-durabilite-pour-les-lodges","status":"publish","type":"page","link":"https:\/\/fairhospitality.coop\/fr\/analyse-de-durabilite-pour-les-lodges\/","title":{"rendered":"Analyse de durabilit\u00e9 pour les lodges"},"content":{"rendered":"\n<div class=\"wp-block-buttons is-layout-flex wp-block-buttons-is-layout-flex\">\n<div class=\"wp-block-button is-style-fill\"><a class=\"wp-block-button__link wp-element-button\" href=\"https:\/\/fairhospitality.coop\/fr\/demande-de-service\/\">Demandez l&rsquo;analyse de durabilit\u00e9 pour l&rsquo;h\u00e9bergement ici<\/a><\/div>\n<\/div>\n\n<div style=\"height:42px\" aria-hidden=\"true\" class=\"wp-block-spacer\"><\/div>\n\n<p>Vous \u00eates int\u00e9ress\u00e9 par une exploitation durable, mais vous ne savez pas comment vous y prendre ? Nous vous aidons \u00e0 r\u00e9aliser une analyse approfondie de la situation existante et vous donnons des conseils pour les prochaines \u00e9tapes. Une approche pragmatique, bas\u00e9e autant que possible sur les outils existants.  <\/p>\n\n<figure class=\"wp-block-image size-full\"><img loading=\"lazy\" decoding=\"async\" width=\"574\" height=\"376\" src=\"https:\/\/fairhospitality.coop\/wp-content\/uploads\/2025\/02\/image.png\" alt=\"Analyse de durabilit&#xE9; pour les lodges\" class=\"wp-image-1018\" srcset=\"https:\/\/fairhospitality.coop\/wp-content\/uploads\/2025\/02\/image.png 574w, https:\/\/fairhospitality.coop\/wp-content\/uploads\/2025\/02\/image-300x197.png 300w, https:\/\/fairhospitality.coop\/wp-content\/uploads\/2025\/02\/image-321x210.png 321w\" sizes=\"auto, (max-width: 574px) 100vw, 574px\" \/><\/figure>\n\n<h3 class=\"wp-block-heading\">Contexte<\/h3>\n\n<p>Dans un monde de plus en plus confront\u00e9 aux impacts du changement climatique, \u00e0 la perte de biodiversit\u00e9 et aux in\u00e9galit\u00e9s sociales, le secteur de l&rsquo;h\u00f4tellerie et de la restauration est conscient du r\u00f4le crucial qu&rsquo;il joue dans la promotion de pratiques durables. Ce rapport de durabilit\u00e9 a \u00e9t\u00e9 pr\u00e9par\u00e9 \u00e0 partir du point de d\u00e9part \u00ab\u00a0Voyager vers demain\u00a0\u00bb, une vision qui reconna\u00eet non seulement le besoin de changement, mais aussi les opportunit\u00e9s qui se pr\u00e9sentent pour un secteur touristique \u00e0 l&rsquo;\u00e9preuve du temps. Le tourisme flamand entend jouer un r\u00f4le de premier plan dans cette transition en int\u00e9grant le d\u00e9veloppement durable dans toutes les facettes du tourisme. Pour concr\u00e9tiser cette vision, nous nous sommes \u00e9galement inspir\u00e9s de la norme mondiale en mati\u00e8re de durabilit\u00e9 dans le secteur du tourisme : les analyses du Conseil mondial du tourisme durable. Ces analyses fournissent un cadre pr\u00e9cieux pour \u00e9valuer l&rsquo;\u00e9tat actuel du secteur et planifier les \u00e9tapes futures. Nous utiliserons autant que possible les m\u00e9thodologies existantes pour bien comprendre les cinq aspects cl\u00e9s de la durabilit\u00e9 : la gestion durable, la durabilit\u00e9 \u00e9conomique, l&rsquo;impact social et local, l&rsquo;impact environnemental et l&rsquo;impact sur le patrimoine et la culture. Avec ce rapport, nous visons non seulement \u00e0 cartographier les performances actuelles du secteur de l&rsquo;h\u00f4tellerie et de la restauration, mais aussi \u00e0 fournir une feuille de route pour l&rsquo;avenir. En travaillant ensemble sur des initiatives durables, nous pouvons garantir que le tourisme n&rsquo;est pas seulement une source de croissance \u00e9conomique, mais qu&rsquo;il apporte \u00e9galement une contribution positive \u00e0 la soci\u00e9t\u00e9 et \u00e0 l&rsquo;environnement. Nous invitons toutes les parties prenantes \u00e0 nous rejoindre dans ce voyage vers demain. Nos analyses n&rsquo;ont pas vocation \u00e0 \u00eatre un label. Elles visent plut\u00f4t \u00e0 vous informer et \u00e0 vous aider, en tant qu&rsquo;op\u00e9rateur, \u00e0 faire des choix durables. Bien que les diff\u00e9rents sous-aspects re\u00e7oivent une note estim\u00e9e par analogie avec d&rsquo;autres syst\u00e8mes (de A \u00e0 G), l&rsquo;accent est plut\u00f4t mis sur les conseils relatifs \u00e0 ce qui peut encore \u00eatre am\u00e9lior\u00e9.           <\/p>\n\n<figure class=\"wp-block-image size-full\"><img loading=\"lazy\" decoding=\"async\" width=\"706\" height=\"271\" src=\"https:\/\/fairhospitality.coop\/wp-content\/uploads\/2025\/02\/image-1.png\" alt=\"\" class=\"wp-image-1022\" srcset=\"https:\/\/fairhospitality.coop\/wp-content\/uploads\/2025\/02\/image-1.png 706w, https:\/\/fairhospitality.coop\/wp-content\/uploads\/2025\/02\/image-1-300x115.png 300w, https:\/\/fairhospitality.coop\/wp-content\/uploads\/2025\/02\/image-1-547x210.png 547w\" sizes=\"auto, (max-width: 706px) 100vw, 706px\" \/><\/figure>\n\n<div style=\"height:41px\" aria-hidden=\"true\" class=\"wp-block-spacer\"><\/div>\n\n<h3 class=\"wp-block-heading\">Voyages vers demain<\/h3>\n\n<p>La vision forte de Tourism Flanders intitul\u00e9e<a href=\"https:\/\/www.reizennaarmorgen.be\/\" target=\"_blank\" rel=\"noopener\" title=\"\">\u00ab\u00a0Traveling to Tomorrow<\/a>\u00a0\u00bb est tr\u00e8s compl\u00e8te sur la durabilit\u00e9 dans le monde du tourisme. Elle reconna\u00eet l&rsquo;importance des diff\u00e9rents acteurs dans ce domaine, ainsi que les relations entre eux. Le vacancier, \u00e9galement appel\u00e9 entrepreneur, h\u00f4te ou op\u00e9rateur, joue naturellement un r\u00f4le tr\u00e8s important. Le rapport d&rsquo;analyse de la durabilit\u00e9 est enti\u00e8rement envisag\u00e9 sous cet angle : comment l&rsquo;entrepreneur peut-il op\u00e9rer de la mani\u00e8re la plus durable possible dans les diff\u00e9rentes cat\u00e9gories (ligne marqu\u00e9e en vert ci-dessous). Les relations avec les autres acteurs sont \u00e9galement importantes \u00e0 cet \u00e9gard.    <\/p>\n\n<p>Pour plus de <a href=\"https:\/\/fairhospitality.coop\/reizen-naar-morgen\/\" title=\"\">d\u00e9tails, voir ici.<\/a><\/p>\n\n<h3 class=\"wp-block-heading\">Conseil mondial du tourisme durable (CMTD)<\/h3>\n\n<p>Les <a href=\"https:\/\/www.gstcouncil.org\/gstc-criteria\/gstc-industry-criteria-for-hotels\/\" target=\"_blank\" rel=\"noopener\" title=\"\">crit\u00e8res du GSTC<\/a> pour les h\u00f4tels d\u00e9crivent les lignes directrices que les h\u00f4tels, ainsi que les h\u00e9bergements de petite taille, peuvent suivre pour promouvoir des pratiques durables et am\u00e9liorer leur impact sur l&rsquo;environnement et la soci\u00e9t\u00e9. Les crit\u00e8res sont divis\u00e9s en quatre th\u00e8mes principaux.   <\/p>\n\n<p>Pour plus de d\u00e9tails, voir ici.<\/p>\n\n<div class=\"wp-block-buttons is-layout-flex wp-block-buttons-is-layout-flex\">\n<div class=\"wp-block-button is-style-fill\"><a class=\"wp-block-button__link wp-element-button\" href=\"https:\/\/fairhospitality.coop\/fr\/demande-de-service\/\">Demandez l&rsquo;analyse de durabilit\u00e9 pour l&rsquo;h\u00e9bergement ici<\/a><\/div>\n<\/div>\n\n<p><\/p>\n","protected":false},"excerpt":{"rendered":"<p>Vous \u00eates int\u00e9ress\u00e9 par une exploitation durable, mais vous ne savez pas comment vous y prendre ? Nous vous aidons \u00e0 r\u00e9aliser une analyse approfondie de la situation existante et vous donnons des conseils pour les prochaines \u00e9tapes. Une approche pragmatique, bas\u00e9e autant que possible sur les outils existants. Contexte Dans un monde de plus &#8230; <a title=\"Analyse de durabilit\u00e9 pour les lodges\" class=\"read-more\" href=\"https:\/\/fairhospitality.coop\/fr\/analyse-de-durabilite-pour-les-lodges\/\" aria-label=\"En savoir plus sur Analyse de durabilit\u00e9 pour les lodges\">Lire la suite<\/a><\/p>\n","protected":false},"author":1,"featured_media":0,"parent":0,"menu_order":0,"comment_status":"closed","ping_status":"closed","template":"","meta":{"_lmt_disableupdate":"","_lmt_disable":"","footnotes":""},"class_list":["post-1046","page","type-page","status-publish"],"_links":{"self":[{"href":"https:\/\/fairhospitality.coop\/fr\/wp-json\/wp\/v2\/pages\/1046","targetHints":{"allow":["GET"]}}],"collection":[{"href":"https:\/\/fairhospitality.coop\/fr\/wp-json\/wp\/v2\/pages"}],"about":[{"href":"https:\/\/fairhospitality.coop\/fr\/wp-json\/wp\/v2\/types\/page"}],"author":[{"embeddable":true,"href":"https:\/\/fairhospitality.coop\/fr\/wp-json\/wp\/v2\/users\/1"}],"replies":[{"embeddable":true,"href":"https:\/\/fairhospitality.coop\/fr\/wp-json\/wp\/v2\/comments?post=1046"}],"version-history":[{"count":2,"href":"https:\/\/fairhospitality.coop\/fr\/wp-json\/wp\/v2\/pages\/1046\/revisions"}],"predecessor-version":[{"id":1147,"href":"https:\/\/fairhospitality.coop\/fr\/wp-json\/wp\/v2\/pages\/1046\/revisions\/1147"}],"wp:attachment":[{"href":"https:\/\/fairhospitality.coop\/fr\/wp-json\/wp\/v2\/media?parent=1046"}],"curies":[{"name":"wp","href":"https:\/\/api.w.org\/{rel}","templated":true}]}}