{"id":1039,"date":"2025-02-21T13:01:26","date_gmt":"2025-02-21T13:01:26","guid":{"rendered":"https:\/\/fairhospitality.coop\/demande-de-service\/"},"modified":"2025-02-21T13:05:26","modified_gmt":"2025-02-21T13:05:26","slug":"demande-de-service","status":"publish","type":"page","link":"https:\/\/fairhospitality.coop\/fr\/demande-de-service\/","title":{"rendered":"Demande de service"},"content":{"rendered":"\n<div class=\"wpcf7 no-js\" id=\"wpcf7-f1033-o1\" lang=\"fr-FR\" dir=\"ltr\" data-wpcf7-id=\"1033\">\n<div class=\"screen-reader-response\"><p role=\"status\" aria-live=\"polite\" aria-atomic=\"true\"><\/p> <ul><\/ul><\/div>\n<form action=\"\/fr\/wp-json\/wp\/v2\/pages\/1039#wpcf7-f1033-o1\" method=\"post\" class=\"wpcf7-form init\" aria-label=\"Formulaire de contact\" enctype=\"multipart\/form-data\" novalidate=\"novalidate\" data-status=\"init\">\n<fieldset class=\"hidden-fields-container\"><input type=\"hidden\" name=\"_wpcf7\" value=\"1033\" \/><input type=\"hidden\" name=\"_wpcf7_version\" value=\"6.1.5\" \/><input type=\"hidden\" name=\"_wpcf7_locale\" value=\"fr_FR\" \/><input type=\"hidden\" name=\"_wpcf7_unit_tag\" value=\"wpcf7-f1033-o1\" \/><input type=\"hidden\" name=\"_wpcf7_container_post\" value=\"0\" \/><input type=\"hidden\" name=\"_wpcf7_posted_data_hash\" value=\"\" \/>\n<\/fieldset>\n<p><label> Votre nom<br \/>\n<span class=\"wpcf7-form-control-wrap\" data-name=\"your-name\"><input size=\"40\" maxlength=\"400\" class=\"wpcf7-form-control wpcf7-text wpcf7-validates-as-required\" autocomplete=\"name\" aria-required=\"true\" aria-invalid=\"false\" value=\"\" type=\"text\" name=\"your-name\" \/><\/span> <\/label>\n<\/p>\n<p><label> Votre adresse \u00e9lectronique<br \/>\n<span class=\"wpcf7-form-control-wrap\" data-name=\"your-email\"><input size=\"40\" maxlength=\"400\" class=\"wpcf7-form-control wpcf7-email wpcf7-validates-as-required wpcf7-text wpcf7-validates-as-email\" autocomplete=\"email\" aria-required=\"true\" aria-invalid=\"false\" value=\"\" type=\"email\" name=\"your-email\" \/><\/span> <\/label>\n<\/p>\n<p><label> Nom de la rue + num\u00e9ro<br \/>\n<span class=\"wpcf7-form-control-wrap\" data-name=\"straat\"><input size=\"40\" maxlength=\"400\" class=\"wpcf7-form-control wpcf7-text wpcf7-validates-as-required\" aria-required=\"true\" aria-invalid=\"false\" value=\"\" type=\"text\" name=\"straat\" \/><\/span> <\/label><br \/>\n<label> Code postal + Commune<br \/>\n<span class=\"wpcf7-form-control-wrap\" data-name=\"postcode\"><input size=\"40\" maxlength=\"400\" class=\"wpcf7-form-control wpcf7-text wpcf7-validates-as-required\" aria-required=\"true\" aria-invalid=\"false\" value=\"\" type=\"text\" name=\"postcode\" \/><\/span> <\/label>\n<\/p>\n<p><label> Quelle est la superficie totale du b\u00e2timent ?<br \/>\n<span class=\"wpcf7-form-control-wrap\" data-name=\"totale_opp_gebouw\"><input class=\"wpcf7-form-control wpcf7-number wpcf7-validates-as-number\" aria-invalid=\"false\" value=\"\" type=\"number\" name=\"totale_opp_gebouw\" \/><\/span> m\u00b2 <\/label>\n<\/p>\n<p><label> Quel est le pourcentage de votre op\u00e9ration d'h\u00e9bergement ?<br \/>\n<span class=\"wpcf7-form-control-wrap\" data-name=\"percentage_logies\"><input class=\"wpcf7-form-control wpcf7-number wpcf7-validates-as-number\" min=\"0\" max=\"100\" aria-invalid=\"false\" value=\"\" type=\"number\" name=\"percentage_logies\" \/><\/span> % <\/label>\n<\/p>\n<p><label> Combien de nuits (de chambre) avez-vous lou\u00e9es au cours de l'ann\u00e9e \u00e9coul\u00e9e ?<br \/>\n(Si vous avez par exemple 2 chambres, le maximum peut \u00eatre de 730)<br \/>\n<span class=\"wpcf7-form-control-wrap\" data-name=\"aantal_nachten\"><input class=\"wpcf7-form-control wpcf7-number wpcf7-validates-as-number\" min=\"0\" aria-invalid=\"false\" value=\"\" type=\"number\" name=\"aantal_nachten\" \/><\/span> <\/label>\n<\/p>\n<p><label> Le code EAN de votre compteur d'\u00e9lectricit\u00e9<br \/>\n<span class=\"wpcf7-form-control-wrap\" data-name=\"EAN_CODE\"><input size=\"40\" maxlength=\"400\" class=\"wpcf7-form-control wpcf7-text\" aria-invalid=\"false\" value=\"\" type=\"text\" name=\"EAN_CODE\" \/><\/span> <\/label>\n<\/p>\n<p><label> Questions ou commentaires suppl\u00e9mentaires (facultatif)<br \/>\n<span class=\"wpcf7-form-control-wrap\" data-name=\"your-message\"><textarea cols=\"40\" rows=\"10\" maxlength=\"2000\" class=\"wpcf7-form-control wpcf7-textarea\" aria-invalid=\"false\" name=\"your-message\"><\/textarea><\/span> <\/label>\n<\/p>\n<p><label> Si vous avez d\u00e9j\u00e0 un EPC, veuillez le t\u00e9l\u00e9charger ici (max 10mb)<br \/>\n<span class=\"wpcf7-form-control-wrap\" data-name=\"file-epc\"><input size=\"40\" class=\"wpcf7-form-control wpcf7-file\" accept=\".pdf\" aria-invalid=\"false\" type=\"file\" name=\"file-epc\" \/><\/span> <\/label>\n<\/p>\n<p><label> Vous avez re\u00e7u votre derni\u00e8re facture d'\u00e9lectricit\u00e9 (max 10mb)<br \/>\n<span class=\"wpcf7-form-control-wrap\" data-name=\"file-elekriciteit\"><input size=\"40\" class=\"wpcf7-form-control wpcf7-file\" accept=\".pdf\" aria-invalid=\"false\" type=\"file\" name=\"file-elekriciteit\" \/><\/span> <\/label>\n<\/p>\n<p><label> Avez-vous votre derni\u00e8re facture de gaz (max 10mb) ?<br \/>\n<span class=\"wpcf7-form-control-wrap\" data-name=\"file-gas\"><input size=\"40\" class=\"wpcf7-form-control wpcf7-file\" accept=\".pdf\" aria-invalid=\"false\" type=\"file\" name=\"file-gas\" \/><\/span> <\/label>\n<\/p>\n<p><label> Vous avez re\u00e7u votre derni\u00e8re facture d'eau (max 10mb)<br \/>\n<span class=\"wpcf7-form-control-wrap\" data-name=\"file-water\"><input size=\"40\" class=\"wpcf7-form-control wpcf7-file\" accept=\".pdf\" aria-invalid=\"false\" type=\"file\" name=\"file-water\" \/><\/span> <\/label>\n<\/p>\n<p><input class=\"wpcf7-form-control wpcf7-submit has-spinner\" type=\"submit\" value=\"Exp\u00e9dition\" \/>\n<\/p>\n<p>Ce formulaire utilise Akismet pour r\u00e9duire les spams. <a target=\"_blank\" rel=\"nofollow noopener\" href=\"https:\/\/akismet.com\/privacy\/\">D\u00e9couvrez comment vos donn\u00e9es sont trait\u00e9es.<\/a>\n<\/p><p style=\"display: none !important;\" class=\"akismet-fields-container\" data-prefix=\"_wpcf7_ak_\"><label>&#916;<textarea name=\"_wpcf7_ak_hp_textarea\" cols=\"45\" rows=\"8\" maxlength=\"100\"><\/textarea><\/label><input type=\"hidden\" id=\"ak_js_1\" name=\"_wpcf7_ak_js\" value=\"200\"\/><script>document.getElementById( \"ak_js_1\" ).setAttribute( \"value\", ( new Date() ).getTime() );<\/script><\/p><div class=\"wpcf7-response-output\" aria-hidden=\"true\"><\/div>\n<\/form>\n<\/div>\n\n\n\n\n<p><\/p>\n","protected":false},"excerpt":{"rendered":"","protected":false},"author":1,"featured_media":0,"parent":0,"menu_order":0,"comment_status":"closed","ping_status":"closed","template":"","meta":{"_lmt_disableupdate":"","_lmt_disable":"","footnotes":""},"class_list":["post-1039","page","type-page","status-publish"],"_links":{"self":[{"href":"https:\/\/fairhospitality.coop\/fr\/wp-json\/wp\/v2\/pages\/1039","targetHints":{"allow":["GET"]}}],"collection":[{"href":"https:\/\/fairhospitality.coop\/fr\/wp-json\/wp\/v2\/pages"}],"about":[{"href":"https:\/\/fairhospitality.coop\/fr\/wp-json\/wp\/v2\/types\/page"}],"author":[{"embeddable":true,"href":"https:\/\/fairhospitality.coop\/fr\/wp-json\/wp\/v2\/users\/1"}],"replies":[{"embeddable":true,"href":"https:\/\/fairhospitality.coop\/fr\/wp-json\/wp\/v2\/comments?post=1039"}],"version-history":[{"count":1,"href":"https:\/\/fairhospitality.coop\/fr\/wp-json\/wp\/v2\/pages\/1039\/revisions"}],"predecessor-version":[{"id":1040,"href":"https:\/\/fairhospitality.coop\/fr\/wp-json\/wp\/v2\/pages\/1039\/revisions\/1040"}],"wp:attachment":[{"href":"https:\/\/fairhospitality.coop\/fr\/wp-json\/wp\/v2\/media?parent=1039"}],"curies":[{"name":"wp","href":"https:\/\/api.w.org\/{rel}","templated":true}]}}