{"id":893,"date":"2024-04-08T12:13:13","date_gmt":"2024-04-08T12:13:13","guid":{"rendered":"https:\/\/fairhospitality.coop\/schnelltest-zur-dauerhaftigkeit\/"},"modified":"2026-02-06T12:40:58","modified_gmt":"2026-02-06T12:40:58","slug":"schnelltest-zur-dauerhaftigkeit","status":"publish","type":"page","link":"https:\/\/fairhospitality.coop\/de\/schnelltest-zur-dauerhaftigkeit\/","title":{"rendered":"Schnelltest zur Dauerhaftigkeit"},"content":{"rendered":"\n<p>Sie interessieren sich f\u00fcr ein Nachhaltigkeitssiegel, haben aber keine Ahnung, was es genau beinhaltet? Oder denken Sie, das ist nichts f\u00fcr mich, weil ich noch kein EPC Label A habe? Dann machen Sie den Nachhaltigkeits-Schnelltest (5 Minuten) und wir geben Ihnen sofort eine Einsch\u00e4tzung, was das f\u00fcr Ihr Unternehmen bedeutet.<\/p>\n\n<p>Bitte beachten Sie: Dies ist f\u00fcr kleine Unterk\u00fcnfte gedacht. Erkundigen Sie sich nach einem Kostenvoranschlag, wenn Sie eine gr\u00f6\u00dfere Unterkunft haben.<\/p>\n<script>\n                            if (window.qmn_quiz_data === undefined) {\n                                    window.qmn_quiz_data = new Object();\n                            }\n                    <\/script><p>This quiz is for logged in users only.<\/p><br><form name=\"qsm-login-form\" id=\"qsm-login-form\" action=\"https:\/\/fairhospitality.coop\/de\/wp-login.php\" method=\"post\"><p class=\"login-username\">\n\t\t\t\t<label for=\"user_login\">Benutzername oder E-Mail-Adresse<\/label>\n\t\t\t\t<input type=\"text\" name=\"log\" id=\"user_login\" autocomplete=\"username\" class=\"input\" value=\"\" size=\"20\" \/>\n\t\t\t<\/p><p class=\"login-password\">\n\t\t\t\t<label for=\"user_pass\">Passwort<\/label>\n\t\t\t\t<input type=\"password\" name=\"pwd\" id=\"user_pass\" autocomplete=\"current-password\" spellcheck=\"false\" class=\"input\" value=\"\" size=\"20\" \/>\n\t\t\t<\/p><p class=\"login-remember\"><label><input name=\"rememberme\" type=\"checkbox\" id=\"rememberme\" value=\"forever\" \/> Angemeldet bleiben<\/label><\/p><p class=\"login-submit\">\n\t\t\t\t<input type=\"submit\" name=\"wp-submit\" id=\"wp-submit\" class=\"button button-primary\" value=\"Anmelden\" \/>\n\t\t\t\t<input type=\"hidden\" name=\"redirect_to\" value=\"https:\/\/fairhospitality.coop\/de\/wp-json\/wp\/v2\/pages\/893\" \/>\n\t\t\t<\/p><\/form><script>window.qmn_quiz_data[\"1\"] = {\"quiz_id\":\"1\",\"quiz_name\":\"Duurzaamheidssneltest V1.1\",\"disable_answer\":0,\"ajax_show_correct\":0,\"progress_bar\":0,\"contact_info_location\":\"0\",\"qpages\":{\"1\":{\"id\":\"1\",\"quizID\":\"1\",\"pagekey\":\"N0KO28wT\",\"hide_prevbtn\":\"0\",\"update_name\":\"1\",\"pagetimer\":\"0\",\"pagetimer_second\":\"0\",\"warning_checkbox\":\"0\",\"pagetimer_warning\":\"0\",\"pagetimer_warning_second\":\"0\"}},\"skip_validation_time_expire\":0,\"timer_limit_val\":0,\"disable_scroll_next_previous_click\":0,\"disable_scroll_on_result\":0,\"disable_first_page\":\"0\",\"enable_result_after_timer_end\":0,\"enable_quick_result_mc\":0,\"end_quiz_if_wrong\":0,\"form_disable_autofill\":0,\"disable_mathjax\":0,\"enable_quick_correct_answer_info\":\"0\",\"quick_result_correct_answer_text\":\"Correct! You have selected correct answer.\",\"quick_result_wrong_answer_text\":\"Wrong! You have selected wrong answer.\",\"quiz_processing_message\":\"\",\"quiz_limit_choice\":\"Limit of choice is reached.\",\"not_allow_after_expired_time\":0,\"scheduled_time_end\":false,\"prevent_reload\":0,\"limit_email_based_submission\":0,\"total_user_tries\":0,\"is_logged_in\":false,\"questions_settings\":[]}\n                    <\/script><div style=\"display: none;\" class=\"qsm-popup qsm-popup-slide\" id=\"modal-4\" aria-hidden=\"false\"><div class=\"qsm-popup__overlay\" tabindex=\"-1\" data-micromodal-close=\"\"><div class=\"qsm-popup__container qmn_quiz_container\" role=\"dialog\" aria-modal=\"true\"><div class=\"qsm-popup__content\"><img decoding=\"async\" src=\"https:\/\/fairhospitality.coop\/wp-content\/plugins\/quiz-master-next\/assets\/clock.png\" alt=\"clock.png\"\/><p class=\"qsm-time-up-text\"> Time's up<\/p><\/div><footer class=\"qsm-popup__footer\"><button class=\"qsm-popup-secondary-button qmn_btn\" data-micromodal-close=\"\" aria-label=\"Close this dialog window\" onclick=\"location.reload();\">Cancel<\/button><\/footer><\/div><\/div><\/div>\n\n<p><\/p>\n\n<p>Wenn Sie noch kein Login f\u00fcr diese Website haben, <a href=\"https:\/\/fairhospitality.coop\/de\/mitmachen\/\" title=\"Registrieren Sie Ihr\">klicken Sie hier, um sich das erste Mal anz<\/a>umelden<\/p>\n\n<p><\/p>\n","protected":false},"excerpt":{"rendered":"<p>Sie interessieren sich f\u00fcr ein Nachhaltigkeitssiegel, haben aber keine Ahnung, was es genau beinhaltet? Oder denken Sie, das ist nichts f\u00fcr mich, weil ich noch kein EPC Label A habe? Dann machen Sie den Nachhaltigkeits-Schnelltest (5 Minuten) und wir geben Ihnen sofort eine Einsch\u00e4tzung, was das f\u00fcr Ihr Unternehmen bedeutet. Bitte beachten Sie: Dies ist &#8230; <a title=\"Schnelltest zur Dauerhaftigkeit\" class=\"read-more\" href=\"https:\/\/fairhospitality.coop\/de\/schnelltest-zur-dauerhaftigkeit\/\" aria-label=\"Mehr Informationen \u00fcber Schnelltest zur Dauerhaftigkeit\">Weiterlesen<\/a><\/p>\n","protected":false},"author":1,"featured_media":1272,"parent":0,"menu_order":0,"comment_status":"closed","ping_status":"closed","template":"","meta":{"footnotes":""},"class_list":["post-893","page","type-page","status-publish","has-post-thumbnail"],"_links":{"self":[{"href":"https:\/\/fairhospitality.coop\/de\/wp-json\/wp\/v2\/pages\/893","targetHints":{"allow":["GET"]}}],"collection":[{"href":"https:\/\/fairhospitality.coop\/de\/wp-json\/wp\/v2\/pages"}],"about":[{"href":"https:\/\/fairhospitality.coop\/de\/wp-json\/wp\/v2\/types\/page"}],"author":[{"embeddable":true,"href":"https:\/\/fairhospitality.coop\/de\/wp-json\/wp\/v2\/users\/1"}],"replies":[{"embeddable":true,"href":"https:\/\/fairhospitality.coop\/de\/wp-json\/wp\/v2\/comments?post=893"}],"version-history":[{"count":3,"href":"https:\/\/fairhospitality.coop\/de\/wp-json\/wp\/v2\/pages\/893\/revisions"}],"predecessor-version":[{"id":945,"href":"https:\/\/fairhospitality.coop\/de\/wp-json\/wp\/v2\/pages\/893\/revisions\/945"}],"wp:featuredmedia":[{"embeddable":true,"href":"https:\/\/fairhospitality.coop\/de\/wp-json\/wp\/v2\/media\/1272"}],"wp:attachment":[{"href":"https:\/\/fairhospitality.coop\/de\/wp-json\/wp\/v2\/media?parent=893"}],"curies":[{"name":"wp","href":"https:\/\/api.w.org\/{rel}","templated":true}]}}