{"id":808,"date":"2024-01-09T12:54:05","date_gmt":"2024-01-09T12:54:05","guid":{"rendered":"https:\/\/fairhospitality.coop\/dienstleistungen\/"},"modified":"2025-02-21T16:32:40","modified_gmt":"2025-02-21T16:32:40","slug":"dienstleistungen","status":"publish","type":"page","link":"https:\/\/fairhospitality.coop\/de\/dienstleistungen\/","title":{"rendered":"Dienstleistungen"},"content":{"rendered":"\n<p>Wir bieten derzeit Beratungs- und Informationsdienste an, um Ihren Betrieb nachhaltiger zu gestalten.  <\/p>\n\n<ul class=\"wp-block-list\">\n<li>M\u00f6chten Sie wissen, wie schwierig es ist, eine Green Key-Zertifizierung f\u00fcr Ihren Betrieb zu erhalten? Wir bieten einen KOSTENLOSEN Bewertungsservice an, mit dem Sie dies schnell feststellen k\u00f6nnen. <a href=\"https:\/\/fairhospitality.coop\/de\/schnelltest-zur-dauerhaftigkeit\/\" title=\"\">Klicken Sie hier <\/a>f\u00fcr die Bewertung.<\/li>\n\n\n\n<li>M\u00f6chten Sie eine genauere Analyse, wie nachhaltig Sie bereits sind?<a href=\"https:\/\/fairhospitality.coop\/de\/nachhaltigkeitsanalyse-fuer-lodges\/\" title=\"\"> Klicken Sie hier f\u00fcr Informationen zu unserer Nachhaltigkeitsanalyse<\/a>.<\/li>\n\n\n\n<li>M\u00f6chten Sie konkrete Tipps und Hilfe, um Ihren Green Key zu erreichen? Wir helfen Ihnen gerne dabei. Bevor wir loslegen, zeichnen wir einen konkreten Weg f\u00fcr Sie auf.  <\/li>\n\n\n\n<li>M\u00f6chten Sie einen Einblick in m\u00f6gliche Subventionen in Abh\u00e4ngigkeit von Renovierungen und Anpassungen erhalten? Wir finden die Details f\u00fcr Ihr spezifisches Projekt heraus.  <\/li>\n\n\n\n<li>M\u00f6chten Sie vor Ihren Kunden, Nachbarn oder Bekannten einen Vortrag \u00fcber Nachhaltigkeit und Klimawandel halten? Wir sind gerne bereit, einen Vortrag f\u00fcr Sie zu gestalten.<\/li>\n<\/ul>\n\n<p><\/p>\n\n<p><\/p>\n","protected":false},"excerpt":{"rendered":"<p>Wir bieten derzeit Beratungs- und Informationsdienste an, um Ihren Betrieb nachhaltiger zu gestalten.<\/p>\n","protected":false},"author":1,"featured_media":0,"parent":0,"menu_order":0,"comment_status":"closed","ping_status":"closed","template":"","meta":{"footnotes":""},"class_list":["post-808","page","type-page","status-publish"],"_links":{"self":[{"href":"https:\/\/fairhospitality.coop\/de\/wp-json\/wp\/v2\/pages\/808","targetHints":{"allow":["GET"]}}],"collection":[{"href":"https:\/\/fairhospitality.coop\/de\/wp-json\/wp\/v2\/pages"}],"about":[{"href":"https:\/\/fairhospitality.coop\/de\/wp-json\/wp\/v2\/types\/page"}],"author":[{"embeddable":true,"href":"https:\/\/fairhospitality.coop\/de\/wp-json\/wp\/v2\/users\/1"}],"replies":[{"embeddable":true,"href":"https:\/\/fairhospitality.coop\/de\/wp-json\/wp\/v2\/comments?post=808"}],"version-history":[{"count":5,"href":"https:\/\/fairhospitality.coop\/de\/wp-json\/wp\/v2\/pages\/808\/revisions"}],"predecessor-version":[{"id":1056,"href":"https:\/\/fairhospitality.coop\/de\/wp-json\/wp\/v2\/pages\/808\/revisions\/1056"}],"wp:attachment":[{"href":"https:\/\/fairhospitality.coop\/de\/wp-json\/wp\/v2\/media?parent=808"}],"curies":[{"name":"wp","href":"https:\/\/api.w.org\/{rel}","templated":true}]}}