{"id":341,"date":"2023-03-10T17:37:44","date_gmt":"2023-03-10T17:37:44","guid":{"rendered":"https:\/\/fairhospitality.coop\/index.php\/lokale-auswirkungen\/"},"modified":"2025-02-20T15:13:05","modified_gmt":"2025-02-20T15:13:05","slug":"lokale-auswirkungen","status":"publish","type":"page","link":"https:\/\/fairhospitality.coop\/de\/lokale-auswirkungen\/","title":{"rendered":"Lokale Auswirkungen"},"content":{"rendered":"\n<p>Lokale Auswirkungen sind f\u00fcr unsere T\u00e4tigkeit entscheidend. Wenn wir den Tourismus wirklich regenerativ gestalten wollen, m\u00fcssen wir einen positiven Einfluss auf die lokalen Gemeinschaften aus\u00fcben. Unser Rahmen hierf\u00fcr ist die Donut-\u00d6konomie: Wir erwarten eine sich st\u00e4ndig verbessernde Auswirkung auf die Umwelt und\/oder auf das soziale Wohlergehen.  <\/p>\n\n<p>Derzeit tun wir dies auf folgende Weise<\/p>\n\n<ul class=\"wp-block-list\">\n<li>Unterst\u00fctzung von lokalen Projekten<\/li>\n\n\n\n<li>Unterst\u00fctzung bei der Verbesserung der Nachhaltigkeit von Unterk\u00fcnften<\/li>\n\n\n\n<li>Unterst\u00fctzung der Gastgeber bei der Entwicklung sozio-\u00f6kologischer Netzwerke<\/li>\n<\/ul>\n\n<p>Wir gehen davon aus, dass diese Liste systematisch wachsen wird, und arbeiten an einem System, das unsere Wirkung messbar und gezielt macht.  <\/p>\n\n<div style=\"height:36px\" aria-hidden=\"true\" class=\"wp-block-spacer\"><\/div>\n\n<h4 class=\"wp-block-heading\">Unterst\u00fctzung von lokalen Projekten<\/h4>\n\n<p>\u00dcber die Buchungsplattform Fairbnb.coop spenden wir 50 % der Provision an ein lokales Projekt. Das wirft nat\u00fcrlich eine ganze Reihe von Fragen auf: Welche Projekte? Was sind die Bedingungen? Sind wir sicher, dass das Geld dorthin flie\u00dfen wird?  <\/p>\n\n<p>Urspr\u00fcnglich haben wir uns f\u00fcr regionale Projekte entschieden. Es handelt sich um Projekte, die auf fl\u00e4mischer, Br\u00fcsseler oder wallonischer Ebene angesiedelt sind. Wir machen das, um erst einmal Volumen zu schaffen und damit die Auswirkungen auf die Projekte trotzdem ein wenig zu steigern. Je mehr Buchungen wir machen, desto mehr Orte k\u00f6nnen und wollen wir ansteuern. Je n\u00e4her an der Gemeinde, in der sich die Unterkunft befindet, desto besser.  <\/p>\n\n<p>Die Projekte m\u00fcssen eine Reihe von Bedingungen erf\u00fcllen, verfolgen aber haupts\u00e4chlich ein oder mehrere Ziele der nachhaltigen Entwicklung in einem nichtwirtschaftlichen Umfeld.  <\/p>\n\n<p>Die Liste der aktuellen Projekte finden Sie <a href=\"https:\/\/fairhospitality.coop\/de\/lokale-auswirkungen\/lokale-projektunterstuetzung\/\">hier<\/a>!<\/p>\n\n<p>Wir suchen einen Partner, der uns bei der Auswahl und \u00dcberwachung unserer Projekte unterst\u00fctzt. Ideen sind immer willkommen. Mail an <a href=\"mailto:info@fairhospitality.coop\" target=\"_blank\" rel=\"noreferrer noopener\">info@fairhospitality.coop<\/a><\/p>\n\n<div style=\"height:47px\" aria-hidden=\"true\" class=\"wp-block-spacer\"><\/div>\n\n<h4 class=\"wp-block-heading\">Hilfe bei der Verbesserung der Nachhaltigkeit von Unterk\u00fcnften<\/h4>\n\n<p>Derzeit (Winter 2025) gibt es <a href=\"https:\/\/www.green-key.be\/locations\/@51.03220156436001,4.209504759799643,9z?type=~gastenkamers\" target=\"_blank\" rel=\"noreferrer noopener\">45 G\u00e4stezimmer<\/a>, <a href=\"https:\/\/www.green-key.be\/locations\/@51.03220156436001,4.209504759799643,9z?type=~vakantiewoningen\" target=\"_blank\" rel=\"noreferrer noopener\">50 Ferienh\u00e4user<\/a> und <a href=\"https:\/\/www.green-key.be\/locations\/@51.03220156436001,4.209504759799643,9z?type=~jeugdlogies\" target=\"_blank\" rel=\"noreferrer noopener\">44 Jugendherbergen<\/a>, die mit dem Green Key Label zertifiziert sind. Das <a href=\"https:\/\/environment.ec.europa.eu\/topics\/circular-economy\/eu-ecolabel-home\/eu-ecolabel-tourist-accommodation\/eu-ecolabel-tourist-accommodation-catalogue_en\" target=\"_blank\" rel=\"noreferrer noopener\">EU-Umweltzeichen<\/a> f\u00fcr Beherbergungsbetriebe weist nur 1 belgisches Hotel aus, aber keine G\u00e4stezimmer oder Ferienh\u00e4user.<\/p>\n\n<p>In Prozenten umgerechnet, erreichen weniger als 1 % der Unterk\u00fcnfte eine nachhaltige Zertifizierung. Unser Ziel ist es, diese Zahlen deutlich zu erh\u00f6hen.<\/p>\n\n<p>Wir wissen aus Untersuchungen, dass Touristen bei der Planung ihrer Reisen zunehmend auf Nachhaltigkeit achten. Das bedeutet nicht, dass ECO-Labels immer in den Prozess einbezogen werden. Aber das Erreichen dieses Ziels hilft den Beherbergungsbetrieben, mehr und mehr nachhaltige Entscheidungen zu treffen. Und genau das erwartet der bewusste Reisende auch.  <\/p>\n\n<p>Durch unsere Akademie und die Zusammenarbeit mit unseren Partnern wollen wir Gastgebern helfen, ein ECO-Label zu erhalten.  <\/p>\n<div class=\"wp-block-image\">\n<figure class=\"alignleft size-full is-resized\"><img loading=\"lazy\" decoding=\"async\" width=\"115\" height=\"115\" src=\"http:\/\/fairhospitality.coop\/wp-content\/uploads\/2023\/03\/image-3.png\" alt=\"\" class=\"wp-image-117\" style=\"width:115px;height:115px\" srcset=\"https:\/\/fairhospitality.coop\/wp-content\/uploads\/2023\/03\/image-3.png 115w, https:\/\/fairhospitality.coop\/wp-content\/uploads\/2023\/03\/image-3-70x70.png 70w\" sizes=\"auto, (max-width: 115px) 100vw, 115px\" \/><\/figure>\n<\/div>\n<figure class=\"wp-block-image size-full\"><img loading=\"lazy\" decoding=\"async\" width=\"132\" height=\"153\" src=\"http:\/\/fairhospitality.coop\/wp-content\/uploads\/2023\/03\/image-4.png\" alt=\"\" class=\"wp-image-119\" srcset=\"https:\/\/fairhospitality.coop\/wp-content\/uploads\/2023\/03\/image-4.png 132w, https:\/\/fairhospitality.coop\/wp-content\/uploads\/2023\/03\/image-4-60x70.png 60w\" sizes=\"auto, (max-width: 132px) 100vw, 132px\" \/><\/figure>\n\n<div style=\"height:40px\" aria-hidden=\"true\" class=\"wp-block-spacer\"><\/div>\n\n<h4 class=\"wp-block-heading\">Sozio-\u00f6kologische Netzwerke<\/h4>\n\n<p>Wie auch in unserer <a href=\"https:\/\/fairhospitality.coop\/de\/gastgeber-charta\/\">Charta<\/a> festgehalten, beteiligen wir uns aktiv an der Schaffung lokaler Netzwerke zur F\u00f6rderung lokaler Gemeinschaften im Allgemeinen. Das ist eine der T\u00e4tigkeiten, an denen wir nichts verdienen (denken Sie daran: Menschen vor Geld), die uns aber Freude bereiten. Lesen Sie &lt;hier&gt; die Geschichte von Het Rustpunt in Gent. Wir freuen uns auf viele weitere Projekte dieser Art.  <\/p>\n\n<p><\/p>\n","protected":false},"excerpt":{"rendered":"<p>Lokale Auswirkungen sind f\u00fcr unsere T\u00e4tigkeit entscheidend. Wenn wir den Tourismus wirklich regenerativ gestalten wollen, m\u00fcssen wir einen positiven Einfluss auf die lokalen Gemeinschaften aus\u00fcben. Unser Rahmen hierf\u00fcr ist die Donut-\u00d6konomie: Wir erwarten eine sich st\u00e4ndig verbessernde Auswirkung auf die Umwelt und\/oder auf das soziale Wohlergehen. Derzeit tun wir dies auf folgende Weise Wir gehen &#8230; <a title=\"Lokale Auswirkungen\" class=\"read-more\" href=\"https:\/\/fairhospitality.coop\/de\/lokale-auswirkungen\/\" aria-label=\"Mehr Informationen \u00fcber Lokale Auswirkungen\">Weiterlesen<\/a><\/p>\n","protected":false},"author":1,"featured_media":0,"parent":0,"menu_order":0,"comment_status":"closed","ping_status":"closed","template":"","meta":{"_lmt_disableupdate":"","_lmt_disable":"","footnotes":""},"class_list":["post-341","page","type-page","status-publish"],"_links":{"self":[{"href":"https:\/\/fairhospitality.coop\/de\/wp-json\/wp\/v2\/pages\/341","targetHints":{"allow":["GET"]}}],"collection":[{"href":"https:\/\/fairhospitality.coop\/de\/wp-json\/wp\/v2\/pages"}],"about":[{"href":"https:\/\/fairhospitality.coop\/de\/wp-json\/wp\/v2\/types\/page"}],"author":[{"embeddable":true,"href":"https:\/\/fairhospitality.coop\/de\/wp-json\/wp\/v2\/users\/1"}],"replies":[{"embeddable":true,"href":"https:\/\/fairhospitality.coop\/de\/wp-json\/wp\/v2\/comments?post=341"}],"version-history":[{"count":2,"href":"https:\/\/fairhospitality.coop\/de\/wp-json\/wp\/v2\/pages\/341\/revisions"}],"predecessor-version":[{"id":1013,"href":"https:\/\/fairhospitality.coop\/de\/wp-json\/wp\/v2\/pages\/341\/revisions\/1013"}],"wp:attachment":[{"href":"https:\/\/fairhospitality.coop\/de\/wp-json\/wp\/v2\/media?parent=341"}],"curies":[{"name":"wp","href":"https:\/\/api.w.org\/{rel}","templated":true}]}}