{"id":320,"date":"2023-03-10T17:38:44","date_gmt":"2023-03-10T17:38:44","guid":{"rendered":"https:\/\/fairhospitality.coop\/index.php\/gastgeber-ecke\/"},"modified":"2026-02-23T11:31:50","modified_gmt":"2026-02-23T11:31:50","slug":"gastgeber-ecke","status":"publish","type":"page","link":"https:\/\/fairhospitality.coop\/de\/gastgeber-ecke\/","title":{"rendered":"Gastgeber-Ecke"},"content":{"rendered":"\n<p>Ausgel\u00f6st durch Begriffe wie Gastfreundschaft, Nachhaltigkeit, Donut Economy, fairer und nachhaltiger Tourismus?<br\/>Check &#8211; wir sind auch dabei!  <br\/>Lokale Gemeinschaften leiden zu sehr unter den negativen Folgen der Kurzzeitvermietung: Gentrifizierung, Umweltzerst\u00f6rung und kulturelle Entfremdung. Und Fairhospitality.coop will etwas dagegen tun. Wir glauben an den Tourismus als Mittel zum Wohlstand und zur St\u00e4rkung lokaler Gemeinschaften. Dabei z\u00e4hlen wir auf die Unterst\u00fctzung der Gastgebergemeinschaft.  <br\/><\/p>\n\n<p>Wir w\u00fcrden uns freuen, Sie als Gastgeber in unserer Gemeinschaft begr\u00fc\u00dfen zu d\u00fcrfen. Gemeinsam mit Ihnen wollen wir den Sektor Schritt f\u00fcr Schritt nachhaltiger, fairer, sozialer und \u00f6kologischer machen.  <\/p>\n\n<p>Mit anderen Worten: Tourismus zur St\u00e4rkung der Gemeinschaft. Und Sie k\u00f6nnen ganz einfach dazu beitragen. Toll, nicht wahr?<\/p>\n\n<p><\/p>\n","protected":false},"excerpt":{"rendered":"<p>Ausgel\u00f6st durch Begriffe wie Gastfreundschaft, Nachhaltigkeit, Donut Economy, fairer und nachhaltiger Tourismus?Check &#8211; wir sind auch dabei! Lokale Gemeinschaften leiden zu sehr unter den negativen Folgen der Kurzzeitvermietung: Gentrifizierung, Umweltzerst\u00f6rung und kulturelle Entfremdung. Und Fairhospitality.coop will etwas dagegen tun. Wir glauben an den Tourismus als Mittel zum Wohlstand und zur St\u00e4rkung lokaler Gemeinschaften. Dabei z\u00e4hlen &#8230; <a title=\"Gastgeber-Ecke\" class=\"read-more\" href=\"https:\/\/fairhospitality.coop\/de\/gastgeber-ecke\/\" aria-label=\"Mehr Informationen \u00fcber Gastgeber-Ecke\">Weiterlesen<\/a><\/p>\n","protected":false},"author":1,"featured_media":0,"parent":0,"menu_order":0,"comment_status":"closed","ping_status":"closed","template":"","meta":{"footnotes":""},"class_list":["post-320","page","type-page","status-publish"],"_links":{"self":[{"href":"https:\/\/fairhospitality.coop\/de\/wp-json\/wp\/v2\/pages\/320","targetHints":{"allow":["GET"]}}],"collection":[{"href":"https:\/\/fairhospitality.coop\/de\/wp-json\/wp\/v2\/pages"}],"about":[{"href":"https:\/\/fairhospitality.coop\/de\/wp-json\/wp\/v2\/types\/page"}],"author":[{"embeddable":true,"href":"https:\/\/fairhospitality.coop\/de\/wp-json\/wp\/v2\/users\/1"}],"replies":[{"embeddable":true,"href":"https:\/\/fairhospitality.coop\/de\/wp-json\/wp\/v2\/comments?post=320"}],"version-history":[{"count":11,"href":"https:\/\/fairhospitality.coop\/de\/wp-json\/wp\/v2\/pages\/320\/revisions"}],"predecessor-version":[{"id":1309,"href":"https:\/\/fairhospitality.coop\/de\/wp-json\/wp\/v2\/pages\/320\/revisions\/1309"}],"wp:attachment":[{"href":"https:\/\/fairhospitality.coop\/de\/wp-json\/wp\/v2\/media?parent=320"}],"curies":[{"name":"wp","href":"https:\/\/api.w.org\/{rel}","templated":true}]}}