{"id":302,"date":"2023-03-20T14:43:54","date_gmt":"2023-03-20T14:43:54","guid":{"rendered":"https:\/\/fairhospitality.coop\/index.php\/lokale-projektunterstuetzung\/"},"modified":"2025-02-20T14:45:09","modified_gmt":"2025-02-20T14:45:09","slug":"lokale-projektunterstuetzung","status":"publish","type":"page","link":"https:\/\/fairhospitality.coop\/de\/lokale-auswirkungen\/lokale-projektunterstuetzung\/","title":{"rendered":"Lokale Projektunterst\u00fctzung"},"content":{"rendered":"\n<p><strong>Achtung: Die Plattform Fairbnb.coop ist derzeit auf Eis gelegt. Es finden kaum Buchungen auf ihr statt.   <\/strong><\/p>\n\n<p>Fairhospitality unterst\u00fctzt lokale Projekte durch Provisionen auf lokale Buchungen auf der Fairbnb.coop-Plattform und durch die Aussch\u00fcttung von Genossenschaftsgewinnen. Diese sozial-\u00f6kologische Projektf\u00f6rderung vor Ort findet derzeit noch haupts\u00e4chlich auf regionaler Ebene statt. Aber sobald die Ums\u00e4tze und damit unsere Wirkung zunehmen, rechnen wir damit, dass wir in der Lage sein werden, viel mehr vor Ort zu agieren.<\/p>\n\n<p>Wir unterst\u00fctzen derzeit folgende Projekte<\/p>\n\n<ul class=\"wp-block-list\">\n<li>Wald f\u00fcr alle<\/li>\n\n\n\n<li>Jeder hat einen Urlaub verdient<\/li>\n\n\n\n<li>Samenhuizen VZW<\/li>\n\n\n\n<li>Br\u00fcsseler Donut<\/li>\n\n\n\n<li>Im Urlaub im Meetjesland<\/li>\n<\/ul>\n\n<h4 class=\"wp-block-heading\">Wald f\u00fcr alle<\/h4>\n<div class=\"wp-block-image\">\n<figure class=\"alignright size-large is-resized\"><img loading=\"lazy\" decoding=\"async\" width=\"1024\" height=\"679\" src=\"https:\/\/fairhospitality.coop\/wp-content\/uploads\/2023\/03\/bos_voor_iedereen-1024x679.jpg\" alt=\"\" class=\"wp-image-159\" style=\"width:515px;height:341px\" srcset=\"https:\/\/fairhospitality.coop\/wp-content\/uploads\/2023\/03\/bos_voor_iedereen-1024x679.jpg 1024w, https:\/\/fairhospitality.coop\/wp-content\/uploads\/2023\/03\/bos_voor_iedereen-300x199.jpg 300w, https:\/\/fairhospitality.coop\/wp-content\/uploads\/2023\/03\/bos_voor_iedereen-768x509.jpg 768w, https:\/\/fairhospitality.coop\/wp-content\/uploads\/2023\/03\/bos_voor_iedereen-1536x1018.jpg 1536w, https:\/\/fairhospitality.coop\/wp-content\/uploads\/2023\/03\/bos_voor_iedereen-2048x1357.jpg 2048w, https:\/\/fairhospitality.coop\/wp-content\/uploads\/2023\/03\/bos_voor_iedereen-106x70.jpg 106w\" sizes=\"auto, (max-width: 1024px) 100vw, 1024px\" \/><\/figure>\n<\/div>\n<p>Im Zeichen des Klimas, der Umwelt und der Artenvielfalt ist mehr Wald in unseren Regionen von entscheidender Bedeutung.<\/p>\n\n<p>Natuurpunt, die gr\u00f6\u00dfte Naturvereinigung Flanderns, versucht daher, durch verschiedene Aktionen mehr Mittel f\u00fcr zus\u00e4tzliche W\u00e4lder bereitzustellen.<\/p>\n\n<p>Daher ihre Aktion<a href=\"https:\/\/www.natuurpunt.be\/bos-voor-iedereen\" target=\"_blank\" rel=\"noreferrer noopener\">&#8222;Wald f\u00fcr alle<\/a>&#8222;.<\/p>\n\n<p>Jahr f\u00fcr Jahr setzt sich Natuurpunt f\u00fcr mehr Wald in Flandern ein. Wir streben robuste W\u00e4lder an, die vor Leben strotzen: Pflanzen, Insekten, V\u00f6gel und S\u00e4ugetiere. Die biologische Vielfalt hat f\u00fcr uns oberste Priorit\u00e4t, aber W\u00e4lder sind nat\u00fcrlich auch sehr wichtig f\u00fcr Sauerstoff, CO2-Speicherung und K\u00fchlung sowie f\u00fcr unser eigenes Wohlbefinden. Im Wald finden wir Entspannung und Ruhe.<\/p>\n\n<p>Wir pflanzen W\u00e4lder mit 3 Waldgarantien:<\/p>\n\n<p>1) geschickt mit der richtigen Mischung aus einheimischen B\u00e4umen gepflanzt<br\/>2) von unseren Tausenden von Freiwilligen gut verwaltet<br\/>3) auf Dauer gesch\u00fctzt, weil wir das Land kaufen<\/p>\n\n<p>Vorzugsweise erweitern wir bestehende Waldkerne. So erhalten wir gro\u00dfe zusammenh\u00e4ngende W\u00e4lder, in denen sich Mensch und Tier wohlf\u00fchlen werden. Einige St\u00fccke lassen wir spontan nachwachsen.<\/p>\n\n<p><\/p>\n\n<h4 class=\"wp-block-heading\">Jeder hat einen Urlaub verdient<\/h4>\n\n<p>Dieser Solidarit\u00e4tsfonds macht einen Tagesausflug oder einen Urlaub f\u00fcr die am meisten gef\u00e4hrdeten Familien und Menschen in Armut m\u00f6glich. Verschenken Sie auch ein wenig Urlaub an Menschen, die sonst nie in den Urlaub fahren k\u00f6nnen.<\/p>\n\n<p>Jeder hat einen Urlaub verdient. Selbst Menschen in besonders prek\u00e4ren Situationen, f\u00fcr die der Schwellenwert immer noch zu hoch ist, erhalten trotz erm\u00e4\u00dfigter Tarife einen Rabatt. Der Fonds &#8222;Urlaub f\u00fcr alle&#8220; sammelt Geld, um dieser Gruppe einen Tagesausflug oder Urlaub zu erm\u00f6glichen. Dank Ihres Beitrags kann jemand, der in Armut lebt, dem Alltag entfliehen.<\/p>\n\n<p>Klicken Sie <a href=\"https:\/\/www.vakantievooriedereen.be\/\" target=\"_blank\" rel=\"noreferrer noopener\">hier<\/a> f\u00fcr weitere Informationen.<\/p>\n\n<figure class=\"wp-block-image size-large\"><img loading=\"lazy\" decoding=\"async\" width=\"1024\" height=\"342\" src=\"http:\/\/fairhospitality.coop\/wp-content\/uploads\/2023\/03\/Schermafbeelding-2023-03-20-153925-1024x342.jpg\" alt=\"\" class=\"wp-image-161\" srcset=\"https:\/\/fairhospitality.coop\/wp-content\/uploads\/2023\/03\/Schermafbeelding-2023-03-20-153925-1024x342.jpg 1024w, https:\/\/fairhospitality.coop\/wp-content\/uploads\/2023\/03\/Schermafbeelding-2023-03-20-153925-300x100.jpg 300w, https:\/\/fairhospitality.coop\/wp-content\/uploads\/2023\/03\/Schermafbeelding-2023-03-20-153925-768x256.jpg 768w, https:\/\/fairhospitality.coop\/wp-content\/uploads\/2023\/03\/Schermafbeelding-2023-03-20-153925-1536x512.jpg 1536w, https:\/\/fairhospitality.coop\/wp-content\/uploads\/2023\/03\/Schermafbeelding-2023-03-20-153925-210x70.jpg 210w, https:\/\/fairhospitality.coop\/wp-content\/uploads\/2023\/03\/Schermafbeelding-2023-03-20-153925.jpg 1742w\" sizes=\"auto, (max-width: 1024px) 100vw, 1024px\" \/><\/figure>\n\n<p><\/p>\n\n<h4 class=\"wp-block-heading\">Samenhuizen VZW<\/h4>\n\n<p>Aufgabe von Samenhuizen VZW ist es, das Bewusstsein f\u00fcr alle Arten des gemeinschaftlichen Wohnens zu sch\u00e4rfen, zu informieren, zu f\u00f6rdern und zu beraten.<\/p>\n<div class=\"wp-block-image\">\n<figure class=\"alignleft size-full\"><img loading=\"lazy\" decoding=\"async\" width=\"210\" height=\"80\" src=\"http:\/\/fairhospitality.coop\/wp-content\/uploads\/2023\/03\/Schermafbeelding-2023-03-20-155254.jpg\" alt=\"\" class=\"wp-image-164\" srcset=\"https:\/\/fairhospitality.coop\/wp-content\/uploads\/2023\/03\/Schermafbeelding-2023-03-20-155254.jpg 210w, https:\/\/fairhospitality.coop\/wp-content\/uploads\/2023\/03\/Schermafbeelding-2023-03-20-155254-184x70.jpg 184w\" sizes=\"auto, (max-width: 210px) 100vw, 210px\" \/><\/figure>\n<\/div>\n<p>Samenhuizen vzw ist in ganz Flandern und der Region Br\u00fcssel-Hauptstadt t\u00e4tig.<\/p>\n\n<p>Unsere Aufgabe ist es, das Bewusstsein f\u00fcr alle Arten des gemeinschaftlichen Wohnens zu sch\u00e4rfen, zu informieren, zu f\u00f6rdern und zu beraten.<\/p>\n\n<p>Unser Zielpublikum ist vielf\u00e4ltig:<\/p>\n\n<p>Privatpersonen, die den Wunsch nach gemeinschaftlichem Wohnen haben, lokale Beh\u00f6rden, die ein Grundst\u00fcck zur Verf\u00fcgung stellen m\u00f6chten, Start-up-Initiativen, die Mitbewohner suchen, Fachleute (Architekten, Notare, &#8230;), die beim Aufbau von mehr gemeinschaftlichem Wohnen helfen m\u00f6chten, &#8230;<br\/>Samenhuizen vzw ist eine Plattform und Netzwerkorganisation, die als soziokulturelle Bewegung anerkannt ist. Wir verbinden Menschen entsprechend ihren W\u00fcnschen und Bed\u00fcrfnissen im Hinblick auf das Zusammenleben.<\/p>\n\n<p>Samenhuizen m\u00f6chte das gemeinschaftliche Wohnen f\u00f6rdern, da ein Mehrwert in mehreren Bereichen geschaffen werden kann: sozial, \u00f6kologisch, r\u00e4umlich, wirtschaftlich,&#8230;<\/p>\n\n<p>Mehr Informationen <a href=\"https:\/\/www.samenhuizen.be\/\" target=\"_blank\" rel=\"noreferrer noopener\">hier<\/a>.<\/p>\n\n<p><\/p>\n\n<h4 class=\"wp-block-heading\">Br\u00fcsseler Donut<\/h4>\n<div class=\"wp-block-image\">\n<figure class=\"alignleft size-full\"><img loading=\"lazy\" decoding=\"async\" width=\"500\" height=\"472\" src=\"http:\/\/fairhospitality.coop\/wp-content\/uploads\/2023\/03\/VISUELNL-768x725-1-e1679322990409.png\" alt=\"\" class=\"wp-image-160\" srcset=\"https:\/\/fairhospitality.coop\/wp-content\/uploads\/2023\/03\/VISUELNL-768x725-1-e1679322990409.png 500w, https:\/\/fairhospitality.coop\/wp-content\/uploads\/2023\/03\/VISUELNL-768x725-1-e1679322990409-300x283.png 300w, https:\/\/fairhospitality.coop\/wp-content\/uploads\/2023\/03\/VISUELNL-768x725-1-e1679322990409-74x70.png 74w\" sizes=\"auto, (max-width: 500px) 100vw, 500px\" \/><\/figure>\n<\/div>\n<p>Das Projekt Brussels Donut zielt darauf ab, die Philosophie der Donut-Wirtschaft durch Vernetzung, Workshops und Coaching in das politische, wirtschaftliche und kulturelle Leben einzubringen.<\/p>\n\n<p>Nach der COVID-19-Krise sind die Br\u00fcsseler B\u00fcrger besonders besorgt \u00fcber die Erf\u00fcllung sozialer Bed\u00fcrfnisse und die Umweltqualit\u00e4t. Ist es nicht an der Zeit, diesen Elementen mehr Aufmerksamkeit zu schenken? Zumindest ist es das, wof\u00fcr der Donut steht. Das Donut-Konzept stellt anschaulich die soziale Untergrenze und die \u00f6kologische Obergrenze dar und beschreibt den gerechten und sicheren Raum, in dem wir uns heute bewegen m\u00fcssen.<\/p>\n\n<p>Wie die globalen und belgischen Donuts zeigen, sind wir noch nicht am Ziel: Es liegt noch ein langer Weg vor uns. Dieser Weg ist jedoch eine Quelle des Optimismus und der Kreativit\u00e4t f\u00fcr den Aufbau von Gesellschaften, die den Bed\u00fcrfnissen aller Menschen gerecht werden, ohne die Tragf\u00e4higkeit des Planeten zu \u00fcberschreiten. Um diesen Weg erfolgreich zu beschreiten, m\u00fcssen sich alle Akteure in ihrer ganzen Vielfalt beteiligen. Unsere Region muss mit ihren Unternehmen, Verb\u00e4nden und B\u00fcrgern zusammenarbeiten, mit all denen, die sie tagt\u00e4glich leben und gestalten. Mit dem Donut als gemeinsamen Kompass kann jeder Kurs auf das Endziel eines ausgewogenen Wohlstands nehmen.<\/p>\n\n<p>Weitere Informationen finden Sie <a href=\"https:\/\/donut.brussels\/nl\/ndlshome\/\" target=\"_blank\" rel=\"noreferrer noopener\">hier<\/a>.<\/p>\n\n<p><\/p>\n\n<h4 class=\"wp-block-heading\">Im Urlaub im Meetjesland<\/h4>\n<div class=\"wp-block-image\">\n<figure class=\"alignright size-full\"><img loading=\"lazy\" decoding=\"async\" width=\"400\" height=\"500\" src=\"http:\/\/fairhospitality.coop\/wp-content\/uploads\/2023\/03\/Schermafbeelding-2023-03-20-155936-e1679324465464.jpg\" alt=\"\" class=\"wp-image-167\" srcset=\"https:\/\/fairhospitality.coop\/wp-content\/uploads\/2023\/03\/Schermafbeelding-2023-03-20-155936-e1679324465464.jpg 400w, https:\/\/fairhospitality.coop\/wp-content\/uploads\/2023\/03\/Schermafbeelding-2023-03-20-155936-e1679324465464-240x300.jpg 240w, https:\/\/fairhospitality.coop\/wp-content\/uploads\/2023\/03\/Schermafbeelding-2023-03-20-155936-e1679324465464-56x70.jpg 56w\" sizes=\"auto, (max-width: 400px) 100vw, 400px\" \/><\/figure>\n<\/div>\n<p>Unser erstes lokales Projekt. <a href=\"https:\/\/www.facebook.com\/wijkcentrumdekring\/posts\/5587051334659609\/\" target=\"_blank\" rel=\"noreferrer noopener\">Ausgew\u00e4hlt von den Menschen im Messland<\/a>. Jetzt hoffen wir, dass viele Touristen \u00fcber Fairbnb.coop kommen und dieses sch\u00f6ne Projekt unterst\u00fctzen.  <\/p>\n\n<p>Im Meetjesland Vzw Wijkcentrum organisiert De Kring seit der Corona-Krise zweimal im Monat \u00dcberraschungsspazierg\u00e4nge mit bed\u00fcrftigen, oft einsamen Menschen. Vor kurzem ist der Verein noch einen Schritt weiter gegangen und bietet nun auch ein eigenes ma\u00dfgeschneidertes Urlaubsangebot an.<\/p>\n\n<p>Ein Verein, in dem die Armen ein Mitspracherecht haben&#8220;, so fasst die gemeinn\u00fctzige Organisation ihre eigene T\u00e4tigkeit treffend zusammen.<br\/>Der Verein unterst\u00fctzt Menschen in ihren Grundbed\u00fcrfnissen. Dabei ist jeder willkommen, aber ein besonderes Augenmerk liegt auf Menschen mit psychischen, physischen, finanziellen oder sozialen Schw\u00e4chen.<\/p>\n\n<p>Bei den vierzehnt\u00e4gigen \u00dcberraschungsspazierg\u00e4ngen werden bekannte und weniger bekannte Teile der Natur von<br\/>entdeckt, aber vor allem wird Raum f\u00fcr gute Gespr\u00e4che geschaffen. Die Spazierg\u00e4nge<br\/>haben schmerzlich deutlich gemacht, dass es f\u00fcr viele Menschen Hindernisse &#8211; nicht nur finanzieller Art &#8211; gibt, wenn sie auf eigene Faust losziehen wollen. Die aufschlussreichen Spazierg\u00e4nge gaben den Ansto\u00df zu einer neuen Initiative: Op cong\u00e9 in het Meetjesland.<br\/>Das Projekt unterst\u00fctzt Menschen in ihrem Recht auf Urlaub. Einem Wochenende oder Urlaub in der Gruppe<br\/>geht ein Vorbereitungsprozess voraus, denken Sie nur an die Ausarbeitung eines Urlaubsplans.    In den kommenden Jahren soll das Projekt Wochenenden\/Ausfl\u00fcge f\u00fcr gef\u00e4hrdete Besucher entwickeln. Denn jeder m\u00f6chte manchmal dem Alltag entfliehen, und das Reiseziel kann durchaus in Ihrem Garten liegen.<\/p>\n","protected":false},"excerpt":{"rendered":"<p>Achtung: Die Plattform Fairbnb.coop ist derzeit auf Eis gelegt. Es finden kaum Buchungen auf ihr statt. Fairhospitality unterst\u00fctzt lokale Projekte durch Provisionen auf lokale Buchungen auf der Fairbnb.coop-Plattform und durch die Aussch\u00fcttung von Genossenschaftsgewinnen. Diese sozial-\u00f6kologische Projektf\u00f6rderung vor Ort findet derzeit noch haupts\u00e4chlich auf regionaler Ebene statt. Aber sobald die Ums\u00e4tze und damit unsere Wirkung &#8230; <a title=\"Lokale Projektunterst\u00fctzung\" class=\"read-more\" href=\"https:\/\/fairhospitality.coop\/de\/lokale-auswirkungen\/lokale-projektunterstuetzung\/\" aria-label=\"Mehr Informationen \u00fcber Lokale Projektunterst\u00fctzung\">Weiterlesen<\/a><\/p>\n","protected":false},"author":1,"featured_media":0,"parent":341,"menu_order":0,"comment_status":"closed","ping_status":"closed","template":"","meta":{"_lmt_disableupdate":"","_lmt_disable":"","footnotes":""},"class_list":["post-302","page","type-page","status-publish"],"_links":{"self":[{"href":"https:\/\/fairhospitality.coop\/de\/wp-json\/wp\/v2\/pages\/302","targetHints":{"allow":["GET"]}}],"collection":[{"href":"https:\/\/fairhospitality.coop\/de\/wp-json\/wp\/v2\/pages"}],"about":[{"href":"https:\/\/fairhospitality.coop\/de\/wp-json\/wp\/v2\/types\/page"}],"author":[{"embeddable":true,"href":"https:\/\/fairhospitality.coop\/de\/wp-json\/wp\/v2\/users\/1"}],"replies":[{"embeddable":true,"href":"https:\/\/fairhospitality.coop\/de\/wp-json\/wp\/v2\/comments?post=302"}],"version-history":[{"count":2,"href":"https:\/\/fairhospitality.coop\/de\/wp-json\/wp\/v2\/pages\/302\/revisions"}],"predecessor-version":[{"id":1004,"href":"https:\/\/fairhospitality.coop\/de\/wp-json\/wp\/v2\/pages\/302\/revisions\/1004"}],"up":[{"embeddable":true,"href":"https:\/\/fairhospitality.coop\/de\/wp-json\/wp\/v2\/pages\/341"}],"wp:attachment":[{"href":"https:\/\/fairhospitality.coop\/de\/wp-json\/wp\/v2\/media?parent=302"}],"curies":[{"name":"wp","href":"https:\/\/api.w.org\/{rel}","templated":true}]}}