{"id":263,"date":"2023-03-14T08:14:24","date_gmt":"2023-03-14T08:14:24","guid":{"rendered":"https:\/\/fairhospitality.coop\/index.php\/gastgeber-charta\/"},"modified":"2023-03-20T15:46:26","modified_gmt":"2023-03-20T15:46:26","slug":"gastgeber-charta","status":"publish","type":"page","link":"https:\/\/fairhospitality.coop\/de\/gastgeber-charta\/","title":{"rendered":"Gastgeber-Charta"},"content":{"rendered":"<div class=\"wp-block-image\">\n<figure class=\"alignright size-full\"><img loading=\"lazy\" decoding=\"async\" width=\"250\" height=\"250\" src=\"http:\/\/fairhospitality.coop\/wp-content\/uploads\/2023\/03\/echte-rubberzegel-14806918-e1679302138131.jpg\" alt=\"\" class=\"wp-image-139\" srcset=\"https:\/\/fairhospitality.coop\/wp-content\/uploads\/2023\/03\/echte-rubberzegel-14806918-e1679302138131.jpg 250w, https:\/\/fairhospitality.coop\/wp-content\/uploads\/2023\/03\/echte-rubberzegel-14806918-e1679302138131-150x150.jpg 150w, https:\/\/fairhospitality.coop\/wp-content\/uploads\/2023\/03\/echte-rubberzegel-14806918-e1679302138131-70x70.jpg 70w\" sizes=\"auto, (max-width: 250px) 100vw, 250px\" \/><\/figure>\n<\/div>\n<p>Um <strong>Gastgeber<\/strong> bei Fairhospitality.coop zu werden, bitten wir Sie, unsere <strong>Charta<\/strong> zu abonnieren.<\/p>\n\n<p>Diese Gastgebercharta wurde in gemeinsamen Sitzungen mit mehreren Gastgebern und lokalen R\u00e4ten ausgearbeitet. Es ist eine Manifestation der <strong>Glokalisierung<\/strong>, mit der auch Fairbnb.coop arbeitet. Die globale Philosophie wird in lokale Anforderungen umgesetzt.  <\/p>\n\n<p><\/p>\n\n<h4 class=\"wp-block-heading\">\u00d6rtliche Vorschriften<\/h4>\n\n<p>Sie halten sich an die <strong>lokalen Vorschriften<\/strong>, sowohl auf regionaler als auch auf kommunaler Ebene<\/p>\n\n<ul class=\"wp-block-list\">\n<li>F\u00fcr Flandern finden Sie die Informationen <a href=\"https:\/\/toerismevlaanderen.be\/nl\/wetgeving-en-decreten\/logiesdecreet\" target=\"_blank\" rel=\"noreferrer noopener\">hier.<\/a> Wir pr\u00fcfen immer, ob Sie zumindest in gewisser Weise bei Tourismus Flandern registriert sind. Wir tun dies \u00fcber die offenen Daten.<\/li>\n\n\n\n<li>F\u00fcr Wallonien <a href=\"https:\/\/www.tourismewallonie.be\/gerer-un-hebergement-touristique\" target=\"_blank\" rel=\"noreferrer noopener\">hier<\/a>, Zur \u00dcberpr\u00fcfung bitten wir den Gastgeber, uns einen Nachweis \u00fcber &#8222;La D\u00e9claration d&#8217;exploitation&#8220; zu schicken.<\/li>\n\n\n\n<li>F\u00fcr die Region Br\u00fcssel<a href=\"https:\/\/economie-werk.brussels\/toeristiche-logies-registratie\" target=\"_blank\" rel=\"noreferrer noopener\"> hier<\/a>. Zur \u00dcberpr\u00fcfung bitten wir den Gastgeber, ein Foto der Anmeldebescheinigung zu schicken.  <\/li>\n<\/ul>\n\n<div style=\"height:11px\" aria-hidden=\"true\" class=\"wp-block-spacer\"><\/div>\n\n<h4 class=\"wp-block-heading\">Ein Gastgeber &#8211; eine Hausregel<\/h4>\n\n<p>Ihre<strong>Mietkapazit\u00e4t<\/strong> ist eine Funktion der Tragf\u00e4higkeit der Umwelt<\/p>\n\n<ul class=\"wp-block-list\">\n<li>Die Vermietung von Zimmern im Haus, in dem Sie selbst wohnen, ist immer in Ordnung (vorausgesetzt, der Vermieter ist damit einverstanden)<\/li>\n\n\n\n<li>In touristisch \u00fcberlaufenen Gebieten ist maximal 1 zus\u00e4tzliches Haus (in dem Sie nicht selbst wohnen) erlaubt.<\/li>\n\n\n\n<li>In anderen Gebieten kann der Tourismus tats\u00e4chlich die Entv\u00f6lkerung und die Arbeitslosigkeit bek\u00e4mpfen, und er ist<br\/>maximal 4 H\u00e4user als Touristenunterkunft betreiben d\u00fcrfen<\/li>\n<\/ul>\n\n<div style=\"height:9px\" aria-hidden=\"true\" class=\"wp-block-spacer\"><\/div>\n\n<h4 class=\"wp-block-heading\">Lokales<\/h4>\n\n<p>Ihr Betrieb ist <strong>lokal verankert<\/strong>, so dass auch die lokale Gemeinschaft direkt oder indirekt die Fr\u00fcchte des Tourismus tragen kann<\/p>\n\n<ul class=\"wp-block-list\">\n<li>Sie und Ihre Mitarbeiter haben einen Bezug zur lokalen Gemeinschaft<\/li>\n\n\n\n<li>Ihre Dienstleistung ist in die lokale Wirtschaft eingebettet, indem Sie so viel wie m\u00f6glich lokale Produkte verwenden.<\/li>\n<\/ul>\n\n<div style=\"height:7px\" aria-hidden=\"true\" class=\"wp-block-spacer\"><\/div>\n\n<h4 class=\"wp-block-heading\">Pers\u00f6nlich<\/h4>\n\n<p>Sie gew\u00e4hrleisten einen starken<strong> pers\u00f6nlichen Ansatz<\/strong><\/p>\n\n<div style=\"height:8px\" aria-hidden=\"true\" class=\"wp-block-spacer\"><\/div>\n\n<h4 class=\"wp-block-heading\">Nachhaltig<\/h4>\n\n<p>Sie sorgen f\u00fcr einen <strong>nachhaltigen Betrieb<\/strong><\/p>\n\n<ul class=\"wp-block-list\">\n<li>Sie helfen, bl\u00fchende Orte in Ihrer Region zu schaffen<\/li>\n\n\n\n<li>Sie engagieren sich nachweislich f\u00fcr einen nachhaltigen und sogar regenerativen Tourismus<\/li>\n\n\n\n<li>Sie unterst\u00fctzen aktiv verschiedene SDGs (Ziele f\u00fcr nachhaltige Entwicklung)<\/li>\n<\/ul>\n","protected":false},"excerpt":{"rendered":"<p>Um Gastgeber bei Fairhospitality.coop zu werden, bitten wir Sie, unsere Charta zu abonnieren. Diese Gastgebercharta wurde in gemeinsamen Sitzungen mit mehreren Gastgebern und lokalen R\u00e4ten ausgearbeitet. Es ist eine Manifestation der Glokalisierung, mit der auch Fairbnb.coop arbeitet. Die globale Philosophie wird in lokale Anforderungen umgesetzt. \u00d6rtliche Vorschriften Sie halten sich an die lokalen Vorschriften, sowohl &#8230; <a title=\"Gastgeber-Charta\" class=\"read-more\" href=\"https:\/\/fairhospitality.coop\/de\/gastgeber-charta\/\" aria-label=\"Mehr Informationen \u00fcber Gastgeber-Charta\">Weiterlesen<\/a><\/p>\n","protected":false},"author":1,"featured_media":0,"parent":0,"menu_order":0,"comment_status":"closed","ping_status":"closed","template":"","meta":{"_lmt_disableupdate":"","_lmt_disable":"","footnotes":""},"class_list":["post-263","page","type-page","status-publish"],"_links":{"self":[{"href":"https:\/\/fairhospitality.coop\/de\/wp-json\/wp\/v2\/pages\/263","targetHints":{"allow":["GET"]}}],"collection":[{"href":"https:\/\/fairhospitality.coop\/de\/wp-json\/wp\/v2\/pages"}],"about":[{"href":"https:\/\/fairhospitality.coop\/de\/wp-json\/wp\/v2\/types\/page"}],"author":[{"embeddable":true,"href":"https:\/\/fairhospitality.coop\/de\/wp-json\/wp\/v2\/users\/1"}],"replies":[{"embeddable":true,"href":"https:\/\/fairhospitality.coop\/de\/wp-json\/wp\/v2\/comments?post=263"}],"version-history":[{"count":1,"href":"https:\/\/fairhospitality.coop\/de\/wp-json\/wp\/v2\/pages\/263\/revisions"}],"predecessor-version":[{"id":266,"href":"https:\/\/fairhospitality.coop\/de\/wp-json\/wp\/v2\/pages\/263\/revisions\/266"}],"wp:attachment":[{"href":"https:\/\/fairhospitality.coop\/de\/wp-json\/wp\/v2\/media?parent=263"}],"curies":[{"name":"wp","href":"https:\/\/api.w.org\/{rel}","templated":true}]}}