{"id":255,"date":"2023-03-10T13:41:59","date_gmt":"2023-03-10T13:41:59","guid":{"rendered":"https:\/\/fairhospitality.coop\/index.php\/anmeldung-fuer-mitglieder\/"},"modified":"2024-01-06T16:42:02","modified_gmt":"2024-01-06T16:42:02","slug":"anmeldung-fuer-mitglieder","status":"publish","type":"page","link":"https:\/\/fairhospitality.coop\/de\/kooperativ\/anmeldung-fuer-mitglieder\/","title":{"rendered":"Anmeldung f\u00fcr Mitglieder"},"content":{"rendered":"\n<p>Registrieren Sie sich, wenn Sie mehr Inhalte auf unserer Website sehen m\u00f6chten.<\/p>\n\n<p>Einige Bereiche sind sogar noch strenger und nur mit einer &#8222;Kooperationsmitgliedschaft&#8220; zug\u00e4nglich. Dies ist vorbehalten f\u00fcr: Gr\u00fcndungsmitglieder, Kooperationspartner und Gastgeber. Wenn Sie glauben, dass Sie Anspruch darauf haben, senden Sie eine E-Mail an info@fairhospitality.coop.  <\/p>\n\n<p><\/p>\n<p>[swpm_login_form]<\/p>\n","protected":false},"excerpt":{"rendered":"<p>Registrieren Sie sich, wenn Sie mehr Inhalte auf unserer Website sehen m\u00f6chten. Einige Bereiche sind sogar noch strenger und nur mit einer &#8222;Kooperationsmitgliedschaft&#8220; zug\u00e4nglich. Dies ist vorbehalten f\u00fcr: Gr\u00fcndungsmitglieder, Kooperationspartner und Gastgeber. Wenn Sie glauben, dass Sie Anspruch darauf haben, senden Sie eine E-Mail an info@fairhospitality.coop. [swpm_login_form]<\/p>\n","protected":false},"author":1,"featured_media":0,"parent":284,"menu_order":0,"comment_status":"closed","ping_status":"closed","template":"","meta":{"footnotes":""},"class_list":["post-255","page","type-page","status-publish"],"_links":{"self":[{"href":"https:\/\/fairhospitality.coop\/de\/wp-json\/wp\/v2\/pages\/255","targetHints":{"allow":["GET"]}}],"collection":[{"href":"https:\/\/fairhospitality.coop\/de\/wp-json\/wp\/v2\/pages"}],"about":[{"href":"https:\/\/fairhospitality.coop\/de\/wp-json\/wp\/v2\/types\/page"}],"author":[{"embeddable":true,"href":"https:\/\/fairhospitality.coop\/de\/wp-json\/wp\/v2\/users\/1"}],"replies":[{"embeddable":true,"href":"https:\/\/fairhospitality.coop\/de\/wp-json\/wp\/v2\/comments?post=255"}],"version-history":[{"count":2,"href":"https:\/\/fairhospitality.coop\/de\/wp-json\/wp\/v2\/pages\/255\/revisions"}],"predecessor-version":[{"id":766,"href":"https:\/\/fairhospitality.coop\/de\/wp-json\/wp\/v2\/pages\/255\/revisions\/766"}],"up":[{"embeddable":true,"href":"https:\/\/fairhospitality.coop\/de\/wp-json\/wp\/v2\/pages\/284"}],"wp:attachment":[{"href":"https:\/\/fairhospitality.coop\/de\/wp-json\/wp\/v2\/media?parent=255"}],"curies":[{"name":"wp","href":"https:\/\/api.w.org\/{rel}","templated":true}]}}