{"id":1538,"date":"2026-03-04T08:08:42","date_gmt":"2026-03-04T08:08:42","guid":{"rendered":"https:\/\/fairhospitality.coop\/durch-die-brille-des-reisenden\/"},"modified":"2026-03-04T10:34:42","modified_gmt":"2026-03-04T10:34:42","slug":"durch-die-brille-des-reisenden","status":"publish","type":"page","link":"https:\/\/fairhospitality.coop\/de\/durch-die-brille-des-reisenden\/","title":{"rendered":"Durch die Brille des Reisenden"},"content":{"rendered":"\n<p>Wenn wir \u00fcber nachhaltige Gastfreundschaft sprechen, k\u00f6nnen wir die Reise des Gastes nicht ignorieren. In verschiedenen Momenten trifft der Reisende wichtige Entscheidungen im Zusammenhang mit der Nachhaltigkeit. Vor allem, wenn wir uns mit der wirkungsvolleren, regenerativen Variante besch\u00e4ftigen.    <\/p>\n\n<p>Basierend auf Untersuchungen u.a. der PXL High School, die die Customer Journey in 4 Schritte unterteilt haben, m\u00f6chten wir sie in 5 Schritte unterteilen<\/p>\n\n<ul class=\"wp-block-list\">\n<li>Tr\u00e4ume<\/li>\n\n\n\n<li>Pl\u00e4ne<\/li>\n\n\n\n<li>Unterwegs<\/li>\n\n\n\n<li>Bleibt<\/li>\n\n\n\n<li>Nachgl\u00fchen<\/li>\n<\/ul>\n\n<p>Diese 5 Schritte sind manchmal sch\u00f6n der Reihe nach, aber in vielen F\u00e4llen sind sie es nicht. Manchmal tr\u00e4umt man von der ersten Etappe und \u00fcberl\u00e4sst den n\u00e4chsten Teil der Reise der Inspiration des Augenblicks. Manchmal macht man eine Wanderung und ist auf der Stra\u00dfe, in der Unterkunft, wieder auf der Stra\u00dfe, in einer anderen Unterkunft, usw. &#8230; Und manchmal genie\u00dft man schon w\u00e4hrend der Reise selbst. Dennoch sind dies 5 wesentliche Bestandteile einer tugendhaften Reise.      <\/p>\n\n<p>Wie k\u00f6nnen wir als Anbieter von Unterk\u00fcnften in diesen 5 Schritten etwas bewirken? Wie k\u00f6nnen wir Reisende dazu bringen, eine m\u00f6glichst nachhaltige Wahl zu treffen? <\/p>\n\n<h3 class=\"wp-block-heading\">Tr\u00e4ume<\/h3>\n\n<p>Hier wird der Grundstein f\u00fcr die endg\u00fcltigen Auswirkungen der Reise gelegt. Mehr als die H\u00e4lfte der Reisenden ist sich der Auswirkungen ihrer Reise auf die lokalen Gemeinschaften und die Umwelt bewusst. Aber die Tr\u00e4ume werden von Medien, Freunden, Internet, KI usw. beeinflusst.    <\/p>\n\n<p>Was k\u00f6nnen Unterkunftsanbieter tun, um potenzielle Reisende von nachhaltigem Reisen, Slow Travel, &#8230; tr\u00e4umen zu lassen? ?<\/p>\n\n<p>Diskutieren Sie <a href=\"https:\/\/fairhospitality.coop\/community\/forum-blik-van-de-reiziger\/hoe-kunnen-de-we-reiziger-helpen-dromen\/#post-3\">hier<\/a> mit uns.<\/p>\n\n<h3 class=\"wp-block-heading\">Pl\u00e4ne<\/h3>\n\n<p>Bei der Planung liegt das Hauptaugenmerk auf der Buchung. Die Buchung ist ein entscheidender Schritt f\u00fcr eine nachhaltige Reise. <\/p>\n\n<ul class=\"wp-block-list\">\n<li>Buchen wir \u00fcber einen multinationalen Konzern und lassen das Geld in andere L\u00e4nder flie\u00dfen?<\/li>\n\n\n\n<li>Stellen wir die Nachhaltigkeit in den Vordergrund oder ist es besser, wenn wir das nicht tun?<\/li>\n\n\n\n<li>Nutzen wir alternative Kan\u00e4le f\u00fcr Buchungen?<\/li>\n<\/ul>\n\n<p>Diskutieren Sie <a href=\"https:\/\/fairhospitality.coop\/community\/forum-blik-van-de-reiziger\/wat-kunnen-wij-doen-als-hosts-om-de-reiziger-ethisch-en-duurzaam-te-laten-boeken\/#post-4\">hier<\/a> mit uns<\/p>\n\n<h3 class=\"wp-block-heading\">Unterwegs<\/h3>\n\n<figure class=\"wp-block-image size-full is-resized\"><img loading=\"lazy\" decoding=\"async\" width=\"631\" height=\"593\" src=\"https:\/\/fairhospitality.coop\/wp-content\/uploads\/2023\/12\/Schermafbeelding-2023-12-22-122620.png\" alt=\"\" class=\"wp-image-634\" style=\"width:414px;height:auto\" srcset=\"https:\/\/fairhospitality.coop\/wp-content\/uploads\/2023\/12\/Schermafbeelding-2023-12-22-122620.png 631w, https:\/\/fairhospitality.coop\/wp-content\/uploads\/2023\/12\/Schermafbeelding-2023-12-22-122620-300x282.png 300w, https:\/\/fairhospitality.coop\/wp-content\/uploads\/2023\/12\/Schermafbeelding-2023-12-22-122620-74x70.png 74w\" sizes=\"auto, (max-width: 631px) 100vw, 631px\" \/><\/figure>\n\n<p>Der Transport ist und bleibt die gr\u00f6\u00dfte Belastung im Vergleich zu den anderen Elementen des Tourismus. Wir k\u00f6nnen dies als Beherberger durch gute Kommunikation und durch das Angebot von Einrichtungen f\u00fcr die &#8218;letzte Meile&#8216; beeinflussen. <\/p>\n\n<p>Diskutieren Sie <a href=\"https:\/\/fairhospitality.coop\/community\/forum-blik-van-de-reiziger\/onderweg-zijn-last-of-lust\/#post-5\">hier<\/a> mit uns.<\/p>\n\n<h3 class=\"wp-block-heading\">Bleibt<\/h3>\n\n<p>In der &#8222;Aufenthaltsphase&#8220; erreicht die physische Interaktion zwischen Gast, Unterkunft und Umgebung ihren H\u00f6hepunkt. Hier haben wir als Beherbergungsbetriebe die meiste direkte Kontrolle \u00fcber die betrieblichen Auswirkungen. Die Automatisierung nachhaltiger Ma\u00dfnahmen ist fast immer erfolgreicher als der Versuch, Verhaltens\u00e4nderungen bei den G\u00e4sten zu erreichen. Dies hat jedoch nur lokale Auswirkungen, d. h. f\u00fcr die Unterkunft selbst. Der Versuch, G\u00e4ste zu beeinflussen und zu motivieren, ihr Verhalten sowohl in der Unterkunft als auch zu Hause und anderswo zu \u00e4ndern, kann eine sehr gro\u00dfe Wirkung haben, sogar eine gr\u00f6\u00dfere als das, was Sie selbst in Ihrer Unterkunft realisieren k\u00f6nnen.      <\/p>\n\n<p>Wir sprechen hier auch \u00fcber den sogenannten <a href=\"https:\/\/fairhospitality.coop\/de\/scope-4-im-tourismus-versteckte-auswirkungen\/\" data-type=\"post\" data-id=\"960\">Scope 4<\/a>.  <\/p>\n\n<p>Diskutieren Sie <a href=\"https:\/\/fairhospitality.coop\/community\/forum-blik-van-de-reiziger\/verblijf-als-het-moment-om-de-reiziger-te-informeren-motiveren-en-beinvloeden-naar-duurzaamheid\/#post-6\">hier<\/a> mit uns.<\/p>\n\n<h3 class=\"wp-block-heading\">Nachgl\u00fchen<\/h3>\n\n<p>Regenerative Gastfreundschaft lebt von der Schaffung einer Gemeinschaft oder eines \u00d6kosystems. Wenn sich G\u00e4ste mit der Mission der Unterkunft und ihrer Umgebung verbunden f\u00fchlen, werden sie zu Botschaftern, die ihre Erfahrungen teilen. Dies kann durch digitale Plattformen erleichtert werden, auf denen die G\u00e4ste ihre Erfahrungen reflektieren, Fotos teilen oder an Diskussionen \u00fcber Nachhaltigkeit teilnehmen k\u00f6nnen.  <sup> <\/sup>  Der Aufbau solcher Beziehungen erh\u00f6ht die Loyalit\u00e4t und schafft ein Gef\u00fchl der gemeinsamen Verantwortung f\u00fcr das Reiseziel.<\/p>\n\n<p>Diskutieren Sie <a href=\"https:\/\/fairhospitality.coop\/community\/forum-blik-van-de-reiziger\/hoe-laat-jij-de-klant-langer-intenser-en-met-meer-impact-nagenieten-van-een-verblijf-in-je-logies\/#post-7\">hier<\/a> mit uns.<\/p>\n\n<p><\/p>\n\n<hr class=\"wp-block-separator has-alpha-channel-opacity\"\/>\n\n<p><em>Die Einstellung der Reisenden entwickelt sich weiter. Indem wir mit lokalen Partnern zusammenarbeiten und Erfahrungen austauschen, k\u00f6nnen wir unsere Erkenntnisse st\u00e4ndig an die Realit\u00e4t anpassen.  <\/em><\/p>\n\n<p><em>Kollektive Intelligenz, st\u00e4rker als k\u00fcnstliche Intelligenz !<\/em><\/p>\n\n<p><em>Teilen Sie Ihre Erfahrungen, beteiligen Sie sich an Diskussionen in unseren<\/em>Foren: <br\/><a href=\"https:\/\/fairhospitality.coop\/community\/forum-blik-van-de-reiziger\/hoe-kunnen-de-we-reiziger-helpen-dromen\/#post-3\">Tr\u00e4umen<\/a>, <a href=\"https:\/\/fairhospitality.coop\/community\/forum-blik-van-de-reiziger\/wat-kunnen-wij-doen-als-hosts-om-de-reiziger-ethisch-en-duurzaam-te-laten-boeken\/#post-4\">Planen<\/a>, <a href=\"https:\/\/fairhospitality.coop\/community\/forum-blik-van-de-reiziger\/onderweg-zijn-last-of-lust\/#post-5\">Reisen<\/a>, <a href=\"https:\/\/fairhospitality.coop\/community\/forum-blik-van-de-reiziger\/verblijf-als-het-moment-om-de-reiziger-te-informeren-motiveren-en-beinvloeden-naar-duurzaamheid\/#post-6\">Bleiben<\/a>, <a href=\"https:\/\/fairhospitality.coop\/community\/forum-blik-van-de-reiziger\/hoe-laat-jij-de-klant-langer-intenser-en-met-meer-impact-nagenieten-van-een-verblijf-in-je-logies\/#post-7\">Schwelgen in Erinnerungen<\/a><\/p>\n\n<p><\/p>\n","protected":false},"excerpt":{"rendered":"<p>Wenn wir \u00fcber nachhaltige Gastfreundschaft sprechen, k\u00f6nnen wir die Reise des Gastes nicht ignorieren. In verschiedenen Momenten trifft der Reisende wichtige Entscheidungen im Zusammenhang mit der Nachhaltigkeit. Vor allem, wenn wir uns mit der wirkungsvolleren, regenerativen Variante besch\u00e4ftigen. Basierend auf Untersuchungen u.a. der PXL High School, die die Customer Journey in 4 Schritte unterteilt haben, &#8230; <a title=\"Durch die Brille des Reisenden\" class=\"read-more\" href=\"https:\/\/fairhospitality.coop\/de\/durch-die-brille-des-reisenden\/\" aria-label=\"Mehr Informationen \u00fcber Durch die Brille des Reisenden\">Weiterlesen<\/a><\/p>\n","protected":false},"author":1,"featured_media":0,"parent":0,"menu_order":0,"comment_status":"closed","ping_status":"closed","template":"","meta":{"_lmt_disableupdate":"","_lmt_disable":"","footnotes":""},"class_list":["post-1538","page","type-page","status-publish"],"_links":{"self":[{"href":"https:\/\/fairhospitality.coop\/de\/wp-json\/wp\/v2\/pages\/1538","targetHints":{"allow":["GET"]}}],"collection":[{"href":"https:\/\/fairhospitality.coop\/de\/wp-json\/wp\/v2\/pages"}],"about":[{"href":"https:\/\/fairhospitality.coop\/de\/wp-json\/wp\/v2\/types\/page"}],"author":[{"embeddable":true,"href":"https:\/\/fairhospitality.coop\/de\/wp-json\/wp\/v2\/users\/1"}],"replies":[{"embeddable":true,"href":"https:\/\/fairhospitality.coop\/de\/wp-json\/wp\/v2\/comments?post=1538"}],"version-history":[{"count":4,"href":"https:\/\/fairhospitality.coop\/de\/wp-json\/wp\/v2\/pages\/1538\/revisions"}],"predecessor-version":[{"id":1547,"href":"https:\/\/fairhospitality.coop\/de\/wp-json\/wp\/v2\/pages\/1538\/revisions\/1547"}],"wp:attachment":[{"href":"https:\/\/fairhospitality.coop\/de\/wp-json\/wp\/v2\/media?parent=1538"}],"curies":[{"name":"wp","href":"https:\/\/api.w.org\/{rel}","templated":true}]}}