{"id":1512,"date":"2026-03-02T14:26:15","date_gmt":"2026-03-02T14:26:15","guid":{"rendered":"https:\/\/fairhospitality.coop\/reise-ins-morgen\/"},"modified":"2026-03-02T14:26:46","modified_gmt":"2026-03-02T14:26:46","slug":"reise-ins-morgen","status":"publish","type":"page","link":"https:\/\/fairhospitality.coop\/de\/reise-ins-morgen\/","title":{"rendered":"Reise ins Morgen"},"content":{"rendered":"\n<p>Ihre Reise in die Zukunft geht \u00fcber Nachhaltigkeit hinaus und sucht nach anderen Orten. Es geht um regenerative Gastfreundschaft. Regenerativ wie die unber\u00fchrte Natur: Sie w\u00e4chst und gedeiht in und durch ihr eigenes System. Die Prozesse dort sind immer zirkul\u00e4r. Die Organismen dort sind komplement\u00e4r, aber teilweise konkurrierend. Die Systeme sind normalerweise im Gleichgewicht. Wenn sie aus dem Gleichgewicht geraten, gibt es Mechanismen, die schnell ein neues Gleichgewicht anstreben.      <\/p>\n\n<p>Was das alles f\u00fcr Ihre Journey To Tomorrow bedeuten kann, werden Sie hier bald herausfinden.<\/p>\n\n<p><\/p>\n\n<p><\/p>\n","protected":false},"excerpt":{"rendered":"<p>Ihre Reise in die Zukunft geht \u00fcber Nachhaltigkeit hinaus und sucht nach anderen Orten. Es geht um regenerative Gastfreundschaft. Regenerativ wie die unber\u00fchrte Natur: Sie w\u00e4chst und gedeiht in und durch ihr eigenes System. Die Prozesse dort sind immer zirkul\u00e4r. Die Organismen dort sind komplement\u00e4r, aber teilweise konkurrierend. Die Systeme sind normalerweise im Gleichgewicht. Wenn &#8230; <a title=\"Reise ins Morgen\" class=\"read-more\" href=\"https:\/\/fairhospitality.coop\/de\/reise-ins-morgen\/\" aria-label=\"Mehr Informationen \u00fcber Reise ins Morgen\">Weiterlesen<\/a><\/p>\n","protected":false},"author":1,"featured_media":0,"parent":0,"menu_order":0,"comment_status":"closed","ping_status":"closed","template":"","meta":{"footnotes":""},"class_list":["post-1512","page","type-page","status-publish"],"_links":{"self":[{"href":"https:\/\/fairhospitality.coop\/de\/wp-json\/wp\/v2\/pages\/1512","targetHints":{"allow":["GET"]}}],"collection":[{"href":"https:\/\/fairhospitality.coop\/de\/wp-json\/wp\/v2\/pages"}],"about":[{"href":"https:\/\/fairhospitality.coop\/de\/wp-json\/wp\/v2\/types\/page"}],"author":[{"embeddable":true,"href":"https:\/\/fairhospitality.coop\/de\/wp-json\/wp\/v2\/users\/1"}],"replies":[{"embeddable":true,"href":"https:\/\/fairhospitality.coop\/de\/wp-json\/wp\/v2\/comments?post=1512"}],"version-history":[{"count":1,"href":"https:\/\/fairhospitality.coop\/de\/wp-json\/wp\/v2\/pages\/1512\/revisions"}],"predecessor-version":[{"id":1513,"href":"https:\/\/fairhospitality.coop\/de\/wp-json\/wp\/v2\/pages\/1512\/revisions\/1513"}],"wp:attachment":[{"href":"https:\/\/fairhospitality.coop\/de\/wp-json\/wp\/v2\/media?parent=1512"}],"curies":[{"name":"wp","href":"https:\/\/api.w.org\/{rel}","templated":true}]}}