{"id":1497,"date":"2026-03-02T13:15:31","date_gmt":"2026-03-02T13:15:31","guid":{"rendered":"https:\/\/fairhospitality.coop\/nachhaltiges-garten-und-gruenflaechenmanagement\/"},"modified":"2026-03-02T14:06:30","modified_gmt":"2026-03-02T14:06:30","slug":"nachhaltiges-garten-und-gruenflaechenmanagement","status":"publish","type":"page","link":"https:\/\/fairhospitality.coop\/de\/nachhaltiges-garten-und-gruenflaechenmanagement\/","title":{"rendered":"Nachhaltiges Garten- und Gr\u00fcnfl\u00e4chenmanagement"},"content":{"rendered":"\n<p>Nachhaltiges Green Management geht \u00fcber \u00c4sthetik hinaus. Es ist ein wesentliches Instrument zum Schutz lokaler \u00d6kosysteme, zur Einsparung von Ressourcen und zur Schaffung eines authentischen G\u00e4steerlebnisses.<\/p>\n\n<h3 class=\"wp-block-heading\">1. Unsere Ziele: Was wollen wir erreichen?<\/h3>\n\n<ul class=\"wp-block-list\">\n<li><strong>Schutz der Biodiversit\u00e4t:<\/strong> Aktive Unterst\u00fctzung und Wiederherstellung der lokalen Flora und Fauna auf dem Gel\u00e4nde und in dessen Umgebung.<\/li>\n\n\n\n<li><strong>Giftfreie Pflege:<\/strong> vollst\u00e4ndiger Verzicht auf chemische Pestizide und D\u00fcngemittel zum Schutz der \u00d6kosysteme und der menschlichen Gesundheit.<\/li>\n\n\n\n<li><strong>Wassereffiziente Bew\u00e4sserung:<\/strong> Minimierung des Trinkwasserverbrauchs f\u00fcr die Gr\u00fcnpflege durch intelligente Techniken und alternative Quellen.<\/li>\n\n\n\n<li><strong>Kontrolle von invasiven Arten:<\/strong> Verhinderung der Einf\u00fchrung gebietsfremder Pflanzen, die die lokale Tierwelt bedrohen.<\/li>\n<\/ul>\n\n<h3 class=\"wp-block-heading\">2. Messen ist Wissen<\/h3>\n\n<ul class=\"wp-block-list\">\n<li><strong>Bestandsaufnahme:<\/strong> F\u00fchren Sie eine Liste aller Pflanzenarten im Garten und bestimmen Sie, welche davon endemisch (einheimisch) oder einheimisch sind.<\/li>\n\n\n\n<li><strong>\u00dcberwachung der Bew\u00e4sserung:<\/strong> Erfassen Sie den Wasserverbrauch f\u00fcr den Garten, vorzugsweise \u00fcber einen separaten Wasserz\u00e4hler (Unterz\u00e4hler).<\/li>\n\n\n\n<li><strong>Bodenqualit\u00e4t:<\/strong> F\u00fchren Sie vorzugsweise einen j\u00e4hrlichen Bodentest durch, bevor Sie D\u00fcnger ausbringen, um eine \u00dcberd\u00fcngung zu vermeiden.<\/li>\n\n\n\n<li><strong>Wasserqualit\u00e4t:<\/strong> F\u00fchren Sie regelm\u00e4\u00dfig Wassertests f\u00fcr Ihre Wasserspiele durch. Eine gute Wasserqualit\u00e4t bringt eine Menge zus\u00e4tzliches Leben in Ihren Garten. <\/li>\n<\/ul>\n\n<h3 class=\"wp-block-heading\">3. Praktische Methoden und Ressourcen<\/h3>\n\n<h4 class=\"wp-block-heading\">\u00d6kologische Wartung<\/h4>\n\n<ul class=\"wp-block-list\">\n<li><strong>Keine Pestizide:<\/strong> Verwenden Sie keine chemischen Herbizide. Alternativen sind Gasbrenner, mechanische Entfernung oder nat\u00fcrliche Bodenverbesserer. Halten Sie vor allem inne und denken Sie \u00fcber die Frage nach: Was ist Unkraut?  <\/li>\n\n\n\n<li><strong>Umweltfreundliches M\u00e4hen:<\/strong> Kaufen Sie vorzugsweise elektrische oder manuelle Rasenm\u00e4her, um L\u00e4rm und CO2-Emissionen zu reduzieren.<\/li>\n\n\n\n<li><strong>Mulchen:<\/strong> Bedecken Sie Blumenbeete mit einer Schicht organischen Mulchs (mindestens 50 mm), um Feuchtigkeit zu speichern und Unkraut zu unterdr\u00fccken.<\/li>\n<\/ul>\n\n<h4 class=\"wp-block-heading\">St\u00e4rkung der Biodiversit\u00e4t<\/h4>\n\n<ul class=\"wp-block-list\">\n<li><strong>Lebensraum schaffen:<\/strong> Stellen Sie Vogelh\u00e4uschen, Insektenhotels, Bienenst\u00f6cke auf oder legen Sie eine &#8222;Wildwiese&#8220; an.<\/li>\n\n\n\n<li><strong>Best\u00e4uber:<\/strong> Legen Sie Gr\u00fcnfl\u00e4chen speziell f\u00fcr Bienen und Schmetterlinge an.<\/li>\n\n\n\n<li><strong>Gr\u00fcne Infrastruktur:<\/strong> Erw\u00e4gen Sie den Bau eines Gr\u00fcndachs oder vertikaler gr\u00fcner W\u00e4nde.<\/li>\n<\/ul>\n\n<h4 class=\"wp-block-heading\">Bepflanzung und Wasser<\/h4>\n\n<ul class=\"wp-block-list\">\n<li><strong>Einheimische Arten:<\/strong> Kaufen Sie nur Pflanzen, die in der Region nat\u00fcrlich vorkommen; diese sind widerstandsf\u00e4higer gegen die lokalen Wetterbedingungen.<\/li>\n\n\n\n<li><strong>Intelligente Bew\u00e4sserung:<\/strong> Bew\u00e4ssern Sie nur zwischen Sonnenuntergang und Sonnenaufgang, um die Verdunstung zu minimieren. Verwenden Sie Zeitschaltuhren oder Sensoren, die die Bodenfeuchtigkeit messen. <\/li>\n\n\n\n<li><strong>Alternatives Wasser:<\/strong> Verwenden Sie aufgefangenes Regenwasser oder aufbereitetes Grauwasser f\u00fcr den Garten.<\/li>\n<\/ul>\n\n<h3 class=\"wp-block-heading\">4. Die finanziellen Auswirkungen<\/h3>\n\n<ul class=\"wp-block-list\">\n<li><strong>Niedrigere Wasserkosten:<\/strong> Effiziente Bew\u00e4sserung und die Nutzung von Regenwasser senken die monatlichen Rechnungen erheblich.<\/li>\n\n\n\n<li><strong>Weniger Pflege:<\/strong> Stammespflanzen und Stauden ben\u00f6tigen oft weniger intensive Pflege und Ersatz als exotische einj\u00e4hrige Pflanzen.<\/li>\n\n\n\n<li><strong>Immobilienwert:<\/strong> Investitionen in hochwertiges Gr\u00fcn und biologische Vielfalt (z. B. begr\u00fcnte D\u00e4cher) k\u00f6nnen den Immobilienwert und die Isolierung verbessern.<\/li>\n<\/ul>\n\n<h3 class=\"wp-block-heading\">5. Planetarische Grenzen und soziale Auswirkungen<\/h3>\n\n<p>Ihre Kaufpolitik tr\u00e4gt zum Gesamtbild bei:<\/p>\n\n<figure class=\"wp-block-table\"><table class=\"has-fixed-layout\"><tbody><tr><td><img loading=\"lazy\" decoding=\"async\" width=\"150\" height=\"150\" class=\"wp-image-1284\" style=\"width: 150px;\" src=\"https:\/\/fairhospitality.coop\/wp-content\/uploads\/2026\/02\/sdg-06-picto-nl.jpg\" alt=\"\" srcset=\"https:\/\/fairhospitality.coop\/wp-content\/uploads\/2026\/02\/sdg-06-picto-nl.jpg 400w, https:\/\/fairhospitality.coop\/wp-content\/uploads\/2026\/02\/sdg-06-picto-nl-300x300.jpg 300w, https:\/\/fairhospitality.coop\/wp-content\/uploads\/2026\/02\/sdg-06-picto-nl-150x150.jpg 150w\" sizes=\"auto, (max-width: 150px) 100vw, 150px\" \/><\/td><td><img loading=\"lazy\" decoding=\"async\" width=\"150\" height=\"150\" class=\"wp-image-1293\" style=\"width: 150px;\" src=\"https:\/\/fairhospitality.coop\/wp-content\/uploads\/2026\/02\/sdg-15-picto-nl.jpg\" alt=\"\" srcset=\"https:\/\/fairhospitality.coop\/wp-content\/uploads\/2026\/02\/sdg-15-picto-nl.jpg 400w, https:\/\/fairhospitality.coop\/wp-content\/uploads\/2026\/02\/sdg-15-picto-nl-300x300.jpg 300w, https:\/\/fairhospitality.coop\/wp-content\/uploads\/2026\/02\/sdg-15-picto-nl-150x150.jpg 150w\" sizes=\"auto, (max-width: 150px) 100vw, 150px\" \/><\/td><td><\/td><\/tr><\/tbody><\/table><\/figure>\n\n<ul class=\"wp-block-list\">\n<li><strong>UN SDGs:<\/strong> Direkte Auswirkungen auf <strong>SDG 15<\/strong> (Leben auf dem Land) und <strong>SDG 6<\/strong> (Sauberes Wasser &#8211; durch Vermeidung von umweltsch\u00e4dlichen Pestiziden).<\/li>\n\n\n\n<li><strong>Planetary Frontiers:<\/strong> Gr\u00fcnes Management sch\u00fctzt die <strong>Integrit\u00e4t der Biosph\u00e4re<\/strong>, indem es den Verlust der biologischen Vielfalt aufh\u00e4lt und die Freisetzung <strong>neuer Stoffe<\/strong> (Chemikalien) in die Umwelt begrenzt.<\/li>\n\n\n\n<li><strong>Ver\u00e4nderung des Bodensystems:<\/strong> Indem Sie die einheimische Vegetation wiederherstellen, helfen Sie, nat\u00fcrliche Landschaften zu erhalten.<\/li>\n<\/ul>\n\n<h3 class=\"wp-block-heading\">6. Weitere Informationen &amp; Tools<\/h3>\n\n<ul class=\"wp-block-list\">\n<li><a href=\"https:\/\/www.gstc.org\/certification\/become-certified-hotel\/\" target=\"_blank\" rel=\"noreferrer noopener\"><u>Kriterien des Global Sustainable Tourism Council (GSTC)<\/u><\/a><\/li>\n\n\n\n<li><a href=\"https:\/\/www.green-key.be\/\" target=\"_blank\" rel=\"noreferrer noopener\"><u>Gr\u00fcner Schl\u00fcssel Belgien &#8211; Kriterien &amp; Erl\u00e4uterung<\/u><\/a><\/li>\n\n\n\n<li><a href=\"https:\/\/environment.ec.europa.eu\/topics\/ecolabel_en\" target=\"_blank\" rel=\"noreferrer noopener\"><u>EU-Umweltzeichen f\u00fcr touristische Unterk\u00fcnfte<\/u><\/a><\/li>\n\n\n\n<li><a href=\"https:\/\/www.groenblauw.be\/\"><u>Groenblauw.be &#8211; Werkzeuge f\u00fcr klimafeste Begr\u00fcnung<\/u><\/a><\/li>\n\n\n\n<li><a href=\"https:\/\/www.iucnredlist.org\/\"><u>Rote Liste der bedrohten Arten der IUCN<\/u><\/a><\/li>\n<\/ul>\n\n<div style=\"height:64px\" aria-hidden=\"true\" class=\"wp-block-spacer\"><\/div>\n\n<p><em>Dieser Leitfaden ist ein lebendiges Dokument. Indem wir mit lokalen Partnern zusammenarbeiten und Erfahrungen austauschen, gestalten wir gemeinsam die Reise in die Zukunft. <\/em> <\/p>\n\n<p><em>Kollektive Intelligenz, st\u00e4rker als k\u00fcnstliche Intelligenz !<\/em><\/p>\n\n<p><\/p>\n","protected":false},"excerpt":{"rendered":"<p>Nachhaltiges Green Management geht \u00fcber \u00c4sthetik hinaus. Es ist ein wesentliches Instrument zum Schutz lokaler \u00d6kosysteme, zur Einsparung von Ressourcen und zur Schaffung eines authentischen G\u00e4steerlebnisses. 1. Unsere Ziele: Was wollen wir erreichen? 2. Messen ist Wissen 3. Praktische Methoden und Ressourcen \u00d6kologische Wartung St\u00e4rkung der Biodiversit\u00e4t Bepflanzung und Wasser 4. Die finanziellen Auswirkungen 5. &#8230; <a title=\"Nachhaltiges Garten- und Gr\u00fcnfl\u00e4chenmanagement\" class=\"read-more\" href=\"https:\/\/fairhospitality.coop\/de\/nachhaltiges-garten-und-gruenflaechenmanagement\/\" aria-label=\"Mehr Informationen \u00fcber Nachhaltiges Garten- und Gr\u00fcnfl\u00e4chenmanagement\">Weiterlesen<\/a><\/p>\n","protected":false},"author":1,"featured_media":0,"parent":0,"menu_order":0,"comment_status":"closed","ping_status":"closed","template":"","meta":{"footnotes":""},"class_list":["post-1497","page","type-page","status-publish"],"_links":{"self":[{"href":"https:\/\/fairhospitality.coop\/de\/wp-json\/wp\/v2\/pages\/1497","targetHints":{"allow":["GET"]}}],"collection":[{"href":"https:\/\/fairhospitality.coop\/de\/wp-json\/wp\/v2\/pages"}],"about":[{"href":"https:\/\/fairhospitality.coop\/de\/wp-json\/wp\/v2\/types\/page"}],"author":[{"embeddable":true,"href":"https:\/\/fairhospitality.coop\/de\/wp-json\/wp\/v2\/users\/1"}],"replies":[{"embeddable":true,"href":"https:\/\/fairhospitality.coop\/de\/wp-json\/wp\/v2\/comments?post=1497"}],"version-history":[{"count":1,"href":"https:\/\/fairhospitality.coop\/de\/wp-json\/wp\/v2\/pages\/1497\/revisions"}],"predecessor-version":[{"id":1498,"href":"https:\/\/fairhospitality.coop\/de\/wp-json\/wp\/v2\/pages\/1497\/revisions\/1498"}],"wp:attachment":[{"href":"https:\/\/fairhospitality.coop\/de\/wp-json\/wp\/v2\/media?parent=1497"}],"curies":[{"name":"wp","href":"https:\/\/api.w.org\/{rel}","templated":true}]}}