{"id":1459,"date":"2026-03-02T13:03:25","date_gmt":"2026-03-02T13:03:25","guid":{"rendered":"https:\/\/fairhospitality.coop\/nachhaltige-mobilitaet-und-verkehr\/"},"modified":"2026-03-02T13:04:31","modified_gmt":"2026-03-02T13:04:31","slug":"nachhaltige-mobilitaet-und-verkehr","status":"publish","type":"page","link":"https:\/\/fairhospitality.coop\/de\/nachhaltige-mobilitaet-und-verkehr\/","title":{"rendered":"Nachhaltige Mobilit\u00e4t und Verkehr"},"content":{"rendered":"\n<p>Der Verkehr ist oft die gr\u00f6\u00dfte Quelle indirekter CO2-Emissionen (Scope 3) f\u00fcr einen Beherbergungsbetrieb, haupts\u00e4chlich aufgrund der Reisebewegungen der G\u00e4ste. Eine integrierte Mobilit\u00e4tspolitik konzentriert sich auf die F\u00f6rderung emissionsarmer Alternativen f\u00fcr G\u00e4ste, Mitarbeiter und interne Abl\u00e4ufe gleicherma\u00dfen. <\/p>\n\n<h3 class=\"wp-block-heading\">1. Unsere Ziele: Was wollen wir erreichen?<\/h3>\n\n<ul class=\"wp-block-list\">\n<li><strong>Minimierung des Transportbedarfs:<\/strong> Reduzierung unn\u00f6tiger Fahrten durch lokale Beschaffung.<\/li>\n\n\n\n<li><strong>F\u00f6rdern Sie sanfte Mobilit\u00e4t:<\/strong> Ermutigen Sie G\u00e4ste und Mitarbeiter, das Auto durch das Fahrrad, \u00f6ffentliche Verkehrsmittel oder zu Fu\u00df zu ersetzen.<\/li>\n\n\n\n<li><strong>Erleichtern Sie den \u00dcbergang zum elektrischen Fahren:<\/strong> Sorgen Sie f\u00fcr eine ausreichende und zug\u00e4ngliche Ladeinfrastruktur.<\/li>\n\n\n\n<li><strong>\u00d6kologisierung der eigenen Flotte:<\/strong> Verpflichtung zu emissionsfreien Fahrzeugen f\u00fcr den t\u00e4glichen Betrieb.<\/li>\n<\/ul>\n\n<h3 class=\"wp-block-heading\">2. Messen ist Wissen<\/h3>\n\n<ul class=\"wp-block-list\">\n<li><strong>Entfernung zu den Lieferanten:<\/strong> Halten Sie die Entfernung zu wichtigen Lieferanten fest. F\u00fcr W\u00e4schereidienstleistungen wird beispielsweise ein Radius von bis zu <strong>50 km<\/strong> empfohlen, um die Auswirkungen des Transports zu reduzieren.<\/li>\n\n\n\n<li><strong>\u00dcberwachung des Fuhrparks:<\/strong> F\u00fchren Sie ein Verzeichnis aller motorisierten Transportmittel, die dem Unternehmen geh\u00f6ren, und streben Sie einen Anteil von mindestens <strong>75 % umweltfreundlicher (elektrischer) Fahrzeuge<\/strong> an.<\/li>\n\n\n\n<li><strong>G\u00e4stebefragungen:<\/strong> Befragen Sie G\u00e4ste, mit welchem Verkehrsmittel sie die Unterkunft erreicht haben, um Scope 3-Emissionen zu verstehen.<\/li>\n<\/ul>\n\n<h3 class=\"wp-block-heading\">3. Praktische Methoden und Ressourcen<\/h3>\n\n<h4 class=\"wp-block-heading\">F\u00fcr G\u00e4ste<\/h4>\n\n<ul class=\"wp-block-list\">\n<li><strong>Informationsangebot:<\/strong> Stellen Sie aktuelle Informationen \u00fcber lokale Bus- und Bahnverbindungen, Shuttlebusdienste und Teilmodelle bereit.<\/li>\n\n\n\n<li><strong>Einrichtungen f\u00fcr Fahrr\u00e4der:<\/strong> Bieten Sie selbst einen <strong>Fahrradverleih<\/strong> an oder arbeiten Sie mit einem lokalen Anbieter zusammen. Stellen Sie sichere, \u00fcberdachte Parkpl\u00e4tze und Ladestationen f\u00fcr E-Bikes zur Verf\u00fcgung. <\/li>\n\n\n\n<li><strong>Ladestationen:<\/strong> Installieren Sie Ladestationen f\u00fcr Elektroautos auf dem eigenen Grundst\u00fcck oder in einem Umkreis von 200 Metern.<\/li>\n<\/ul>\n\n<h4 class=\"wp-block-heading\">F\u00fcr Personal<\/h4>\n\n<ul class=\"wp-block-list\">\n<li><strong>Finanzielle Anreize:<\/strong> Bieten Sie Verg\u00fcnstigungen f\u00fcr die Nutzung \u00f6ffentlicher Verkehrsmittel oder f\u00fcr die Bildung von Fahrgemeinschaften.<\/li>\n\n\n\n<li><strong>Infrastruktur:<\/strong> Stellen Sie Duschen und Umkleider\u00e4ume f\u00fcr Mitarbeiter bereit, die mit dem Fahrrad zur Arbeit kommen.<\/li>\n<\/ul>\n\n<h4 class=\"wp-block-heading\">F\u00fcr Unternehmen<\/h4>\n\n<ul class=\"wp-block-list\">\n<li><strong>Elektrische Fahrzeuge:<\/strong> Benutzen Sie elektrische Golfwagen, Roller oder Kleintransporter f\u00fcr die Wartung des Gel\u00e4ndes und den Transport von Gas.<\/li>\n\n\n\n<li><strong>Lokale Logistik:<\/strong> Bevorzugen Sie beim Einkauf von Waren Lieferanten, die die Auswirkungen des Transports minimieren.<\/li>\n<\/ul>\n\n<h3 class=\"wp-block-heading\">4. Die finanziellen Auswirkungen<\/h3>\n\n<ul class=\"wp-block-list\">\n<li><strong>Treibstoffeinsparungen:<\/strong> Der Umstieg auf eine elektrische Flotte senkt langfristig die betrieblichen Energiekosten.<\/li>\n\n\n\n<li><strong>Marketingwert:<\/strong> Die Erreichbarkeit mit \u00f6ffentlichen Verkehrsmitteln und gute Radfahrm\u00f6glichkeiten ziehen die wachsende Gruppe der <strong>&#8218;Active Greens&#8216;<\/strong> an, die bereit sind, f\u00fcr nachhaltige Optionen mehr zu bezahlen.<\/li>\n\n\n\n<li><strong>Effizienz:<\/strong> Durch die proaktive Weitergabe von Informationen zur Erreichbarkeit reduzieren Sie den Verwaltungsaufwand f\u00fcr individuelle G\u00e4steanfragen.<\/li>\n<\/ul>\n\n<h3 class=\"wp-block-heading\">5. Planetarische Grenzen und soziale Auswirkungen<\/h3>\n\n<p>Ihre Kaufpolitik tr\u00e4gt zum Gesamtbild bei:<\/p>\n\n<figure class=\"wp-block-table\"><table class=\"has-fixed-layout\"><tbody><tr><td><img loading=\"lazy\" decoding=\"async\" width=\"150\" height=\"150\" class=\"wp-image-1289\" style=\"width: 150px;\" src=\"https:\/\/fairhospitality.coop\/wp-content\/uploads\/2026\/02\/sdg-11-picto-nl.jpg\" alt=\"\" srcset=\"https:\/\/fairhospitality.coop\/wp-content\/uploads\/2026\/02\/sdg-11-picto-nl.jpg 400w, https:\/\/fairhospitality.coop\/wp-content\/uploads\/2026\/02\/sdg-11-picto-nl-300x300.jpg 300w, https:\/\/fairhospitality.coop\/wp-content\/uploads\/2026\/02\/sdg-11-picto-nl-150x150.jpg 150w\" sizes=\"auto, (max-width: 150px) 100vw, 150px\" \/><\/td><td><img loading=\"lazy\" decoding=\"async\" width=\"150\" height=\"150\" class=\"wp-image-1291\" style=\"width: 150px;\" src=\"https:\/\/fairhospitality.coop\/wp-content\/uploads\/2026\/02\/sdg-13-picto-nl.jpg\" alt=\"\" srcset=\"https:\/\/fairhospitality.coop\/wp-content\/uploads\/2026\/02\/sdg-13-picto-nl.jpg 400w, https:\/\/fairhospitality.coop\/wp-content\/uploads\/2026\/02\/sdg-13-picto-nl-300x300.jpg 300w, https:\/\/fairhospitality.coop\/wp-content\/uploads\/2026\/02\/sdg-13-picto-nl-150x150.jpg 150w\" sizes=\"auto, (max-width: 150px) 100vw, 150px\" \/><\/td><td><\/td><\/tr><\/tbody><\/table><\/figure>\n\n<ul class=\"wp-block-list\">\n<li><strong>UN SDGs:<\/strong> Direkter Beitrag zu <strong>SDG 11<\/strong> (Nachhaltige St\u00e4dte und Gemeinden) und <strong>SDG 13<\/strong> (Klimaschutz).<\/li>\n\n\n\n<li><strong>Planetarische Grenzen:<\/strong> Die Verringerung der Treibhausgase hilft, die Grenzen des <strong>Klimawandels<\/strong> zu sch\u00fctzen, w\u00e4hrend weniger Feinstaub die Luftqualit\u00e4t verbessert (Aerosolbelastung).<\/li>\n\n\n\n<li><strong>Soziale Mindestgrenzwerte:<\/strong> F\u00f6rdert die <strong>Gesundheit<\/strong> von Mitarbeitern und Anwohnern durch die Reduzierung von L\u00e4rm und Luftverschmutzung.<\/li>\n<\/ul>\n\n<h3 class=\"wp-block-heading\">6. Weitere Informationen &amp; Tools<\/h3>\n\n<ul class=\"wp-block-list\">\n<li><a href=\"https:\/\/www.gstc.org\/certification\/become-certified-hotel\/\" target=\"_blank\" rel=\"noreferrer noopener\"><u>Kriterien des Global Sustainable Tourism Council (GSTC)<\/u><\/a><\/li>\n\n\n\n<li><a href=\"https:\/\/www.green-key.be\/\" target=\"_blank\" rel=\"noreferrer noopener\"><u>Gr\u00fcner Schl\u00fcssel Belgien &#8211; Kriterien &amp; Erl\u00e4uterung<\/u><\/a><\/li>\n\n\n\n<li><a href=\"https:\/\/environment.ec.europa.eu\/topics\/ecolabel_en\" target=\"_blank\" rel=\"noreferrer noopener\"><u>EU-Umweltzeichen f\u00fcr touristische Unterk\u00fcnfte<\/u><\/a><\/li>\n\n\n\n<li><a href=\"https:\/\/environment.ec.europa.eu\/topics\/ecolabel_en\"><u>SNCB Eisenbahnen<\/u><\/a><\/li>\n\n\n\n<li style=\"text-decoration:underline\"><a href=\"https:\/\/back-on-track.eu\/nl\/\" target=\"_blank\" rel=\"noreferrer noopener\">Nachtz\u00fcge<\/a><\/li>\n<\/ul>\n\n<div style=\"height:64px\" aria-hidden=\"true\" class=\"wp-block-spacer\"><\/div>\n\n<p><em>Dieser Leitfaden ist ein lebendiges Dokument. Indem wir mit lokalen Partnern zusammenarbeiten und Erfahrungen austauschen, gestalten wir gemeinsam die Reise in die Zukunft. <\/em> <\/p>\n\n<p><em>Kollektive Intelligenz, st\u00e4rker als k\u00fcnstliche Intelligenz !<\/em><\/p>\n\n<p><\/p>\n","protected":false},"excerpt":{"rendered":"<p>Der Verkehr ist oft die gr\u00f6\u00dfte Quelle indirekter CO2-Emissionen (Scope 3) f\u00fcr einen Beherbergungsbetrieb, haupts\u00e4chlich aufgrund der Reisebewegungen der G\u00e4ste. Eine integrierte Mobilit\u00e4tspolitik konzentriert sich auf die F\u00f6rderung emissionsarmer Alternativen f\u00fcr G\u00e4ste, Mitarbeiter und interne Abl\u00e4ufe gleicherma\u00dfen. 1. Unsere Ziele: Was wollen wir erreichen? 2. Messen ist Wissen 3. Praktische Methoden und Ressourcen F\u00fcr G\u00e4ste &#8230; <a title=\"Nachhaltige Mobilit\u00e4t und Verkehr\" class=\"read-more\" href=\"https:\/\/fairhospitality.coop\/de\/nachhaltige-mobilitaet-und-verkehr\/\" aria-label=\"Mehr Informationen \u00fcber Nachhaltige Mobilit\u00e4t und Verkehr\">Weiterlesen<\/a><\/p>\n","protected":false},"author":1,"featured_media":0,"parent":0,"menu_order":0,"comment_status":"closed","ping_status":"closed","template":"","meta":{"footnotes":""},"class_list":["post-1459","page","type-page","status-publish"],"_links":{"self":[{"href":"https:\/\/fairhospitality.coop\/de\/wp-json\/wp\/v2\/pages\/1459","targetHints":{"allow":["GET"]}}],"collection":[{"href":"https:\/\/fairhospitality.coop\/de\/wp-json\/wp\/v2\/pages"}],"about":[{"href":"https:\/\/fairhospitality.coop\/de\/wp-json\/wp\/v2\/types\/page"}],"author":[{"embeddable":true,"href":"https:\/\/fairhospitality.coop\/de\/wp-json\/wp\/v2\/users\/1"}],"replies":[{"embeddable":true,"href":"https:\/\/fairhospitality.coop\/de\/wp-json\/wp\/v2\/comments?post=1459"}],"version-history":[{"count":3,"href":"https:\/\/fairhospitality.coop\/de\/wp-json\/wp\/v2\/pages\/1459\/revisions"}],"predecessor-version":[{"id":1470,"href":"https:\/\/fairhospitality.coop\/de\/wp-json\/wp\/v2\/pages\/1459\/revisions\/1470"}],"wp:attachment":[{"href":"https:\/\/fairhospitality.coop\/de\/wp-json\/wp\/v2\/media?parent=1459"}],"curies":[{"name":"wp","href":"https:\/\/api.w.org\/{rel}","templated":true}]}}