{"id":1427,"date":"2026-03-02T10:36:04","date_gmt":"2026-03-02T10:36:04","guid":{"rendered":"https:\/\/fairhospitality.coop\/nachhaltiges-wasser-und-abwassermanagement\/"},"modified":"2026-03-02T10:36:58","modified_gmt":"2026-03-02T10:36:58","slug":"nachhaltiges-wasser-und-abwassermanagement","status":"publish","type":"page","link":"https:\/\/fairhospitality.coop\/de\/nachhaltiges-wasser-und-abwassermanagement\/","title":{"rendered":"Nachhaltiges Wasser- und Abwassermanagement"},"content":{"rendered":"\n<p>Ein effizientes Wassermanagement ist entscheidend f\u00fcr die Nachhaltigkeit von Unterk\u00fcnften, insbesondere in wasserarmen Gebieten (und ja, Flandern ist eines davon). Das Ziel ist nicht nur, den Verbrauch zu senken, sondern auch die Auswirkungen des Abwassers auf die lokalen \u00d6kosysteme zu minimieren. <\/p>\n\n<h3 class=\"wp-block-heading\">1. Unsere Ziele: Was wollen wir erreichen?<\/h3>\n\n<ul class=\"wp-block-list\">\n<li><strong>Maximale Wassereffizienz:<\/strong> Minimierung des Verbrauchs von Trinkwasser in K\u00fcchen, B\u00e4dern und f\u00fcr die Bew\u00e4sserung.<\/li>\n\n\n\n<li><strong>Zirkul\u00e4re Wassernutzung:<\/strong> Maximierung der Nutzung alternativer Quellen wie Regenwasser und Grauwasser.<\/li>\n\n\n\n<li><strong>Verantwortungsvolle Abwasserentsorgung:<\/strong> Sicherstellung, dass alle Abw\u00e4sser effektiv behandelt werden, bevor sie in die Umwelt gelangen. F\u00fcr die meisten Lodges in Flandern ist dies kein Problem, da sie an das Abwassernetz angeschlossen sind. <\/li>\n\n\n\n<li><strong>Wassermanagement:<\/strong> Identifizierung und Reduzierung von Risiken in Gebieten mit hohem Wasserstress.<\/li>\n\n\n\n<li><strong>Wasserfu\u00dfabdruck<\/strong>: Der indirekte Wasserverbrauch ist sogar noch gr\u00f6\u00dfer als Ihr direkter Wasserverbrauch. Bei jedem Kauf eines Produkts sollten Sie daher auch dessen &#8222;Wassergehalt&#8220; ber\u00fccksichtigen. (siehe auch Nachhaltiger Einkauf)  <\/li>\n<\/ul>\n\n<h3 class=\"wp-block-heading\">2. Messen ist Wissen<\/h3>\n\n<p>Die \u00dcberwachung ist die Grundlage f\u00fcr jede Verbesserung.<\/p>\n\n<ul class=\"wp-block-list\">\n<li><strong>H\u00e4ufigkeit:<\/strong> Der gesamte Wasserverbrauch wird am besten <strong>monatlich<\/strong> erfasst.<\/li>\n\n\n\n<li><strong>Einheiten:<\/strong> Der Verbrauch wird in <strong>m\u00b3 (insgesamt)<\/strong> gemessen und auf <strong>Liter pro Gastnacht<\/strong> oder pro belegtem Zimmer umgerechnet.<\/li>\n\n\n\n<li><strong>Unterz\u00e4hler:<\/strong> In gr\u00f6\u00dferen Unterk\u00fcnften ist die Installation separater Z\u00e4hler f\u00fcr die Hotspots (K\u00fcche, W\u00e4scherei, Pool, Bew\u00e4sserung) unerl\u00e4sslich, um Lecks und Ineffizienzen zu erkennen.<\/li>\n\n\n\n<li><strong>Offenlegung der Quelle:<\/strong> Halten Sie die Quelle des Wassers fest (kommunales Wasser, Grundwasser, Regenwasser, aufgefangenes Grauwasser), um die Auswirkungen auf die lokale Versorgung zu \u00fcberwachen.<\/li>\n<\/ul>\n\n<h3 class=\"wp-block-heading\">3. Praktische Methoden und Ressourcen<\/h3>\n\n<h4 class=\"wp-block-heading\">Sanit\u00e4re Einrichtungen (Durchflusskontrolle)<\/h4>\n\n<ul class=\"wp-block-list\">\n<li><strong>Duschen:<\/strong> Der Wasserdurchfluss sollte maximal <strong>9 Liter pro Minute<\/strong> (Green Key) oder sogar <strong>8 Liter pro Minute<\/strong> (EU Ecolabel) betragen. Entscheiden Sie sich also f\u00fcr sparsame Duschk\u00f6pfe. <\/li>\n\n\n\n<li><strong>Wasserh\u00e4hne:<\/strong> Maximal <strong>6 Liter pro Minute<\/strong> f\u00fcr Waschbeckenh\u00e4hne. Sie k\u00f6nnen dies leicht selbst erreichen, indem Sie die Wasserh\u00e4hne etwas n\u00e4her drehen.   <\/li>\n\n\n\n<li><strong>Hydraulische Toiletten:<\/strong> Verwendung von Zweimengensp\u00fclungen mit einem Maximum von <strong>6 Litern<\/strong> f\u00fcr eine vollst\u00e4ndige Sp\u00fclung und einem Durchschnitt von <strong>3,5 Litern<\/strong>.<\/li>\n\n\n\n<li><strong>Urinale:<\/strong> Wasserlose Systeme oder sensorgesteuerte Sp\u00fclung (max. 1 Liter pro Sp\u00fclung).<\/li>\n<\/ul>\n\n<h4 class=\"wp-block-heading\">Innovation und Wiederverwendung<\/h4>\n\n<ul class=\"wp-block-list\">\n<li><strong>Regenwasser:<\/strong> Sammlung von Regenwasser von D\u00e4chern f\u00fcr Toilettensp\u00fclung, Waschmaschine und\/oder Bew\u00e4sserung.<\/li>\n\n\n\n<li><strong>Grauwasser:<\/strong> Systeme, die Wasser aus Duschen und Waschbecken f\u00fcr die Wiederverwendung in Toiletten aufbereiten.<\/li>\n\n\n\n<li><strong>W\u00e4rmer\u00fcckgewinnung:<\/strong> Systeme, die die W\u00e4rme des Duschwassers zur\u00fcckgewinnen, um das zugef\u00fchrte Kaltwasser vorzuw\u00e4rmen (Duschwasser-W\u00e4rmetauscher).<\/li>\n<\/ul>\n\n<h4 class=\"wp-block-heading\">Operative Ma\u00dfnahmen<\/h4>\n\n<ul class=\"wp-block-list\">\n<li><strong>Lecksuche:<\/strong> Regelm\u00e4\u00dfige (t\u00e4gliche oder w\u00f6chentliche) Kontrollen auf undichte Wasserh\u00e4hne und Toiletten.<\/li>\n\n\n\n<li><strong>W\u00e4scherei:<\/strong> Ermuntern Sie Ihre G\u00e4ste, Handt\u00fccher und Bettw\u00e4sche l\u00e4nger zu benutzen, indem Sie ein Programm zur Wiederverwendung von W\u00e4sche anbieten.<\/li>\n\n\n\n<li><strong>Schwimmb\u00e4der:<\/strong> Verwendung von Abdeckplanen, um die Verdunstung um 50-70% zu reduzieren.<\/li>\n<\/ul>\n\n<h3 class=\"wp-block-heading\">4. Die finanziellen Auswirkungen<\/h3>\n\n<p>Investitionen in die Wassereinsparung senken nicht nur die Wasserrechnungen, sondern auch die Energiekosten (weniger Heizbedarf).<\/p>\n\n<ul class=\"wp-block-list\">\n<li><strong>Wasserenth\u00e4rtung:<\/strong> Die Verhinderung von Kalkablagerungen (bei einer Wasserh\u00e4rte von &gt; 110 mg\/L) sch\u00fctzt die Ger\u00e4te und kann <strong>den<\/strong> Kraftstoffverbrauch f\u00fcr Warmwasser um <strong>10-15% senken<\/strong>.<\/li>\n\n\n\n<li><strong>Isolierung:<\/strong> Die Isolierung von Warmwasserleitungen minimiert die W\u00e4rmeverluste bei der Verteilung, was die Betriebskosten direkt senkt.<\/li>\n\n\n\n<li><strong>Wartungskosten:<\/strong> Die schnelle Reparatur von Lecks verhindert strukturelle Sch\u00e4den und unn\u00f6tige Kosten durch Wasserverschwendung.<\/li>\n<\/ul>\n\n<h3 class=\"wp-block-heading\">5. Planetarische Grenzen und soziale Auswirkungen<\/h3>\n\n<p>Ihre Wasserpolitik tr\u00e4gt zum gro\u00dfen Ganzen bei:<\/p>\n\n<figure class=\"wp-block-table\"><table class=\"has-fixed-layout\"><tbody><tr><td><img loading=\"lazy\" decoding=\"async\" width=\"150\" height=\"150\" class=\"wp-image-1284\" style=\"width: 150px;\" src=\"https:\/\/fairhospitality.coop\/wp-content\/uploads\/2026\/02\/sdg-06-picto-nl.jpg\" alt=\"\" srcset=\"https:\/\/fairhospitality.coop\/wp-content\/uploads\/2026\/02\/sdg-06-picto-nl.jpg 400w, https:\/\/fairhospitality.coop\/wp-content\/uploads\/2026\/02\/sdg-06-picto-nl-300x300.jpg 300w, https:\/\/fairhospitality.coop\/wp-content\/uploads\/2026\/02\/sdg-06-picto-nl-150x150.jpg 150w\" sizes=\"auto, (max-width: 150px) 100vw, 150px\" \/><\/td><td><img loading=\"lazy\" decoding=\"async\" width=\"150\" height=\"150\" class=\"wp-image-1290\" style=\"width: 150px;\" src=\"https:\/\/fairhospitality.coop\/wp-content\/uploads\/2026\/02\/sdg-12-picto-nl.jpg\" alt=\"\" srcset=\"https:\/\/fairhospitality.coop\/wp-content\/uploads\/2026\/02\/sdg-12-picto-nl.jpg 400w, https:\/\/fairhospitality.coop\/wp-content\/uploads\/2026\/02\/sdg-12-picto-nl-300x300.jpg 300w, https:\/\/fairhospitality.coop\/wp-content\/uploads\/2026\/02\/sdg-12-picto-nl-150x150.jpg 150w\" sizes=\"auto, (max-width: 150px) 100vw, 150px\" \/><\/td><td><img loading=\"lazy\" decoding=\"async\" width=\"150\" height=\"150\" class=\"wp-image-1292\" style=\"width: 150px;\" src=\"https:\/\/fairhospitality.coop\/wp-content\/uploads\/2026\/02\/sdg-14-picto-nl.jpg\" alt=\"\" srcset=\"https:\/\/fairhospitality.coop\/wp-content\/uploads\/2026\/02\/sdg-14-picto-nl.jpg 400w, https:\/\/fairhospitality.coop\/wp-content\/uploads\/2026\/02\/sdg-14-picto-nl-300x300.jpg 300w, https:\/\/fairhospitality.coop\/wp-content\/uploads\/2026\/02\/sdg-14-picto-nl-150x150.jpg 150w\" sizes=\"auto, (max-width: 150px) 100vw, 150px\" \/><\/td><\/tr><\/tbody><\/table><\/figure>\n\n<ul class=\"wp-block-list\">\n<li><strong>UN SDGs:<\/strong> Beitrag zu <strong>SDG 6<\/strong> (Sauberes Wasser und sanit\u00e4re Einrichtungen), <strong>SDG 12<\/strong> (Verantwortungsvoller Konsum) und <strong>SDG 14<\/strong> (Leben im Wasser).<\/li>\n\n\n\n<li><strong>Planetarische Grenzen:<\/strong> Ihre Politik hilft bei der \u00dcberwachung der <strong>S\u00fc\u00dfwassernutzungsgrenzen<\/strong> und der <strong>Stickstoff- und Phosphorkreisl\u00e4ufe<\/strong> (durch die Verringerung der Verschmutzung durch Abw\u00e4sser).<\/li>\n\n\n\n<li><strong>Soziale Grenzen:<\/strong> Stellt sicher, dass der Wasserverbrauch der Unterkunft die lokale Wasserversorgung der Bewohner nicht gef\u00e4hrdet.<\/li>\n<\/ul>\n\n<h3 class=\"wp-block-heading\">6. Weitere Informationen &amp; Tools<\/h3>\n\n<ul class=\"wp-block-list\">\n<li><a href=\"https:\/\/www.gstc.org\/certification\/become-certified-hotel\/\"><u>Kriterien des Global Sustainable Tourism Council (GSTC)<\/u><\/a><\/li>\n\n\n\n<li><a href=\"https:\/\/www.green-key.be\/\"><u>Gr\u00fcner Schl\u00fcssel Belgien &#8211; Kriterien &amp; Erl\u00e4uterung<\/u><\/a><\/li>\n\n\n\n<li><a href=\"https:\/\/environment.ec.europa.eu\/topics\/ecolabel_en\"><u>EU-Umweltzeichen f\u00fcr touristische Unterk\u00fcnfte<\/u><\/a><\/li>\n\n\n\n<li><a href=\"https:\/\/www.pxl.be\/\"><u>Hogeschool PXL &#8211; TETRA DOL Forschung<\/u><\/a><\/li>\n\n\n\n<li style=\"text-decoration:underline\"><a href=\"https:\/\/riskfilter.org\/water\/explore\/map\" target=\"_blank\" rel=\"noreferrer noopener\">WWF Wasser-Risikofilter<\/a><\/li>\n\n\n\n<li style=\"text-decoration:underline\"><a href=\"https:\/\/www.waterfootprint.org\/\" target=\"_blank\" rel=\"noreferrer noopener\">Wasser-Fu\u00dfabdruck<\/a><\/li>\n<\/ul>\n\n<div style=\"height:64px\" aria-hidden=\"true\" class=\"wp-block-spacer\"><\/div>\n\n<p><em>Dieser Leitfaden ist ein lebendiges Dokument. Indem wir mit lokalen Partnern zusammenarbeiten und Erfahrungen austauschen, gestalten wir gemeinsam die Reise in die Zukunft. <\/em> <\/p>\n\n<p><em>Kollektive Intelligenz, st\u00e4rker als k\u00fcnstliche Intelligenz !<\/em><\/p>\n\n<p><\/p>\n","protected":false},"excerpt":{"rendered":"<p>Ein effizientes Wassermanagement ist entscheidend f\u00fcr die Nachhaltigkeit von Unterk\u00fcnften, insbesondere in wasserarmen Gebieten (und ja, Flandern ist eines davon). Das Ziel ist nicht nur, den Verbrauch zu senken, sondern auch die Auswirkungen des Abwassers auf die lokalen \u00d6kosysteme zu minimieren. 1. Unsere Ziele: Was wollen wir erreichen? 2. Messen ist Wissen Die \u00dcberwachung ist &#8230; <a title=\"Nachhaltiges Wasser- und Abwassermanagement\" class=\"read-more\" href=\"https:\/\/fairhospitality.coop\/de\/nachhaltiges-wasser-und-abwassermanagement\/\" aria-label=\"Mehr Informationen \u00fcber Nachhaltiges Wasser- und Abwassermanagement\">Weiterlesen<\/a><\/p>\n","protected":false},"author":1,"featured_media":0,"parent":0,"menu_order":0,"comment_status":"closed","ping_status":"closed","template":"","meta":{"footnotes":""},"class_list":["post-1427","page","type-page","status-publish"],"_links":{"self":[{"href":"https:\/\/fairhospitality.coop\/de\/wp-json\/wp\/v2\/pages\/1427","targetHints":{"allow":["GET"]}}],"collection":[{"href":"https:\/\/fairhospitality.coop\/de\/wp-json\/wp\/v2\/pages"}],"about":[{"href":"https:\/\/fairhospitality.coop\/de\/wp-json\/wp\/v2\/types\/page"}],"author":[{"embeddable":true,"href":"https:\/\/fairhospitality.coop\/de\/wp-json\/wp\/v2\/users\/1"}],"replies":[{"embeddable":true,"href":"https:\/\/fairhospitality.coop\/de\/wp-json\/wp\/v2\/comments?post=1427"}],"version-history":[{"count":1,"href":"https:\/\/fairhospitality.coop\/de\/wp-json\/wp\/v2\/pages\/1427\/revisions"}],"predecessor-version":[{"id":1428,"href":"https:\/\/fairhospitality.coop\/de\/wp-json\/wp\/v2\/pages\/1427\/revisions\/1428"}],"wp:attachment":[{"href":"https:\/\/fairhospitality.coop\/de\/wp-json\/wp\/v2\/media?parent=1427"}],"curies":[{"name":"wp","href":"https:\/\/api.w.org\/{rel}","templated":true}]}}