{"id":1371,"date":"2026-02-25T17:24:38","date_gmt":"2026-02-25T17:24:38","guid":{"rendered":"https:\/\/fairhospitality.coop\/oekologisch\/"},"modified":"2026-02-25T17:26:46","modified_gmt":"2026-02-25T17:26:46","slug":"oekologisch","status":"publish","type":"page","link":"https:\/\/fairhospitality.coop\/de\/oekologisch\/","title":{"rendered":"\u00d6kologisch"},"content":{"rendered":"\n<p>Die \u00f6kologische Ausbeutung ber\u00fccksichtigt die planetarischen Grenzen: Sie sorgt daf\u00fcr, dass diese 9 entscheidenden Grenzen nicht \u00fcberschritten werden. Wir unterteilen das Thema bequem in eine Reihe von Unterthemen, die wir n\u00e4her untersuchen: <\/p>\n\n<ul class=\"wp-block-list\">\n<li><a href=\"https:\/\/fairhospitality.coop\/de\/nachhaltiges-energiemanagement-fuer-lodges\/\" data-type=\"page\" data-id=\"1296\">Energiemanagement<\/a><\/li>\n\n\n\n<li>Wasserwirtschaft<\/li>\n\n\n\n<li>Abfallwirtschaft<\/li>\n\n\n\n<li>Mobilit\u00e4t und Transport<\/li>\n\n\n\n<li>Durchdachte Beschaffungsstrategie<\/li>\n\n\n\n<li>Garten- und Gr\u00fcnfl\u00e4chenmanagement<\/li>\n<\/ul>\n\n<p>Zufall oder nicht, aber wir stellen immer h\u00e4ufiger fest, dass Logen, die innerhalb der planetarischen Grenzen bleiben, auch finanziell gut dastehen. Mehr dar\u00fcber k\u00f6nnen Sie in den verschiedenen Rubriken lesen. <\/p>\n\n<p><\/p>\n","protected":false},"excerpt":{"rendered":"<p>Die \u00f6kologische Ausbeutung ber\u00fccksichtigt die planetarischen Grenzen: Sie sorgt daf\u00fcr, dass diese 9 entscheidenden Grenzen nicht \u00fcberschritten werden. Wir unterteilen das Thema bequem in eine Reihe von Unterthemen, die wir n\u00e4her untersuchen: Zufall oder nicht, aber wir stellen immer h\u00e4ufiger fest, dass Logen, die innerhalb der planetarischen Grenzen bleiben, auch finanziell gut dastehen. Mehr dar\u00fcber &#8230; <a title=\"\u00d6kologisch\" class=\"read-more\" href=\"https:\/\/fairhospitality.coop\/de\/oekologisch\/\" aria-label=\"Mehr Informationen \u00fcber \u00d6kologisch\">Weiterlesen<\/a><\/p>\n","protected":false},"author":1,"featured_media":0,"parent":0,"menu_order":0,"comment_status":"open","ping_status":"closed","template":"","meta":{"footnotes":""},"class_list":["post-1371","page","type-page","status-publish"],"_links":{"self":[{"href":"https:\/\/fairhospitality.coop\/de\/wp-json\/wp\/v2\/pages\/1371","targetHints":{"allow":["GET"]}}],"collection":[{"href":"https:\/\/fairhospitality.coop\/de\/wp-json\/wp\/v2\/pages"}],"about":[{"href":"https:\/\/fairhospitality.coop\/de\/wp-json\/wp\/v2\/types\/page"}],"author":[{"embeddable":true,"href":"https:\/\/fairhospitality.coop\/de\/wp-json\/wp\/v2\/users\/1"}],"replies":[{"embeddable":true,"href":"https:\/\/fairhospitality.coop\/de\/wp-json\/wp\/v2\/comments?post=1371"}],"version-history":[{"count":1,"href":"https:\/\/fairhospitality.coop\/de\/wp-json\/wp\/v2\/pages\/1371\/revisions"}],"predecessor-version":[{"id":1373,"href":"https:\/\/fairhospitality.coop\/de\/wp-json\/wp\/v2\/pages\/1371\/revisions\/1373"}],"wp:attachment":[{"href":"https:\/\/fairhospitality.coop\/de\/wp-json\/wp\/v2\/media?parent=1371"}],"curies":[{"name":"wp","href":"https:\/\/api.w.org\/{rel}","templated":true}]}}