{"id":1365,"date":"2026-02-25T17:22:12","date_gmt":"2026-02-25T17:22:12","guid":{"rendered":"https:\/\/fairhospitality.coop\/nachhaltiges-energiemanagement-fuer-lodges\/"},"modified":"2026-03-03T14:50:52","modified_gmt":"2026-03-03T14:50:52","slug":"nachhaltiges-energiemanagement-fuer-lodges","status":"publish","type":"page","link":"https:\/\/fairhospitality.coop\/de\/nachhaltiges-energiemanagement-fuer-lodges\/","title":{"rendered":"Nachhaltiges Energiemanagement f\u00fcr Lodges"},"content":{"rendered":"\n<p>Im heutigen Gastgewerbe ist Energiemanagement nicht l\u00e4nger eine Option, sondern ein zentraler Wert f\u00fcr einen gesunden Betrieb. Und tr\u00e4gt auch zum Gedeihen der Nachbarschaft bei. Nachfolgend finden Sie eine \u00dcbersicht.  <\/p>\n\n<h3 class=\"wp-block-heading\">1. Die Vision: Vom Sparen zum Beitragen<\/h3>\n\n<p>Bei der Energieeffizienz geht es um die <strong>Widerstandsf\u00e4higkeit Ihrer Unterkunft und Ihrer Nachbarschaft<\/strong>.<\/p>\n\n<ul class=\"wp-block-list\">\n<li><strong>Tourismus als Ressource:<\/strong> Eine nachhaltige Energiepolitik st\u00e4rkt den Ort. Indem Sie weniger abh\u00e4ngig von externen und fossilen Quellen sind, tragen Sie zu einem lebenswerten Planeten und einer gesunden lokalen Gemeinschaft bei. Indem Sie dies gemeinsam mit der Nachbarschaft tun, st\u00e4rken Sie diese auch. Denken Sie an Nachbarschaftsinitiativen wie Energie-Sharing, Nachbarschaftsbatterien, Energiegenossenschaften, W\u00e4rmenetze usw.   <\/li>\n\n\n\n<li><strong>Der Gastgeber als Dreh- und Angelpunkt:<\/strong> Als Gastgeber sind Sie das Bindeglied. Ihre Leidenschaft f\u00fcr den Ort dr\u00fcckt sich in Entscheidungen f\u00fcr erneuerbare Energien und die Nachbarschaft aus, was die G\u00e4ste inspiriert und sie denken l\u00e4sst: K\u00f6nnten wir so etwas nicht auch hier machen?<\/li>\n\n\n\n<li><strong>Balance:<\/strong> Wir streben eine &#8222;Besucherwirtschaft an, die mehr gibt als sie nimmt&#8220;.  <\/li>\n<\/ul>\n\n<h3 class=\"wp-block-heading\">2. Unsere Ziele: Was wollen wir erreichen?<\/h3>\n\n<p>Eine nachhaltige Energiepolitik ruht auf drei S\u00e4ulen:<\/p>\n\n<ul class=\"wp-block-list\">\n<li><strong>Maximale Effizienz:<\/strong> Minimierung des Verbrauchs ohne Beeintr\u00e4chtigung des G\u00e4stekomforts. Wenn m\u00f6glich, wird ein Projekt zur Erneuerung der Nachbarschaft in Betracht gezogen.<\/li>\n\n\n\n<li><strong>\u00dcbergang zu erneuerbaren Energien:<\/strong> Maximierung des Anteils an lokal erzeugter oder gr\u00fcner gekaufter Energie. Bevorzugt werden Gruppenk\u00e4ufe und\/oder gemeinschaftliche Anlagen. Dies kann die nachbarschaftliche Zusammenarbeit intensivieren.  <\/li>\n\n\n\n<li><strong>Klimama\u00dfnahmen:<\/strong> Strukturelle Reduzierung der CO2-Emissionen mit dem Ziel eines <strong>klimaneutralen Betriebs<\/strong>. Das geht \u00fcber die Auswirkungen auf die Nachbarschaft hinaus. Es macht auch auf globaler Ebene einen Unterschied.   <\/li>\n<\/ul>\n\n<h3 class=\"wp-block-heading\">3. Messen ist Wissen: Wie und was messen wir?<\/h3>\n\n<p>Ohne Daten ist keine Verbesserung m\u00f6glich. Die Zertifizierung ist in der Regel an strenge Messanforderungen gekn\u00fcpft: <\/p>\n\n<ul class=\"wp-block-list\">\n<li><strong>H\u00e4ufigkeit:<\/strong> Der Gesamtenergieverbrauch wird am besten <strong>mindestens monatlich<\/strong> erfasst. (Mit der Einf\u00fchrung von digitalen Z\u00e4hlern ist dies ganz einfach) <\/li>\n\n\n\n<li><strong>Einheiten:<\/strong> Der Verbrauch wird in <strong>kWh<\/strong> gemessen. Um die Leistung zu vergleichen, wird dies auf die Belegung bezogen (z.B. kWh pro \u00dcbernachtung oder pro m\u00b2). <\/li>\n\n\n\n<li><strong>Ebenen:<\/strong> Der Verbrauch l\u00e4sst sich am besten auf Distrikt-, Unterkunfts- und Zimmerebene betrachten.  <\/li>\n\n\n\n<li><strong>Kohlenstoff-Fu\u00dfabdruck<\/strong>: Verwenden Sie Tools wie die <strong>Hotel Carbon Management Initiative (HCMI)<\/strong>, um die Gesamtauswirkungen f\u00fcr Ihre Unterkunft zu berechnen. \u00dcberlegen Sie, wie Sie dies auch in Ihrem Bezirk einf\u00fchren k\u00f6nnen.   <\/li>\n<\/ul>\n\n<h3 class=\"wp-block-heading\">4. <strong>Praktische Methoden und Ressourcen<\/strong><\/h3>\n\n<p>Um die Ziele zu erreichen, k\u00f6nnen wir alle Arten von Investitionen oder Prozess\u00e4nderungen vornehmen. Sehen Sie hier die h\u00e4ufigsten Eingriffe.   <\/p>\n\n<h4 class=\"wp-block-heading\"><strong>Erneuerbare Energie<\/strong><\/h4>\n\n<ul class=\"wp-block-list\">\n<li><strong>Selbsterzeugung:<\/strong> Die Installation von Sonnenkollektoren, Solarkesseln oder W\u00e4rmepumpen wird dringend empfohlen.<\/li>\n\n\n\n<li>Eine <strong>Erneuerbare-Energien-Gemeinschaft<\/strong> mit dem Bezirk kann dazu f\u00fchren, dass auch weniger geeignete Wohneinheiten lokal erzeugte Energie nutzen k\u00f6nnen.<\/li>\n\n\n\n<li><strong>\u00d6kologische Beschaffung:<\/strong> Wenn die eigene Erzeugung nicht ausreicht, wird 100% zertifizierter \u00d6kostrom gekauft, vorzugsweise von einer Energiegenossenschaft.<\/li>\n<\/ul>\n\n<h4 class=\"wp-block-heading\"><strong>Heizung, L\u00fcftung und Klimatisierung (HVAC)<\/strong><\/h4>\n\n<ul class=\"wp-block-list\">\n<li><strong>Isolierung:<\/strong> D\u00e4cher, W\u00e4nde, B\u00f6den und Fenster sind am besten isoliert. Z.B.: Mindestens 90% der Fenster in beheizten Bereichen sollten hocheffiziente, doppelt verglaste Fenster sein. Wie bereits erw\u00e4hnt: Es ist eine gute Idee, dies im Rahmen eines Projekts zur Erneuerung des Stadtviertels durchzuf\u00fchren.  <\/li>\n\n\n\n<li><strong>Standardtemperatur:<\/strong> Stellen Sie die Heizung auf maximal <strong>21\u00b0C<\/strong> und die K\u00fchlung auf minimal <strong>23\u00b0C<\/strong>.<\/li>\n\n\n\n<li><strong>Intelligente Steuerung:<\/strong> Ein Beispiel: HLK-Systeme schalten sich am besten automatisch aus, wenn Fenster oder T\u00fcren ge\u00f6ffnet werden.<\/li>\n<\/ul>\n\n<h4 class=\"wp-block-heading\"><strong>Beleuchtung und Ausr\u00fcstung<\/strong><\/h4>\n\n<ul class=\"wp-block-list\">\n<li><strong>Energieeffiziente Beleuchtung:<\/strong> Verwenden Sie energieeffiziente Beleuchtung, vorzugsweise Leuchten mit austauschbaren LEDs. Ber\u00fccksichtigen Sie die Sicherheit, aber auch die Lichtverschmutzung und Lichtbel\u00e4stigung der Nachbarn.   <\/li>\n\n\n\n<li><strong>Automatisierung:<\/strong> Verwenden Sie Bewegungssensoren in Korridoren und Au\u00dfenbereichen sowie Schl\u00fcsselkartensysteme in R\u00e4umen, um den Standby-Verbrauch zu reduzieren.<\/li>\n\n\n\n<li><strong>Elektronik:<\/strong> Neue Ger\u00e4te (Fernseher, K\u00fchlschr\u00e4nke) k\u00f6nnen am besten in die h\u00f6chsten Energieklassen des EU-Energieetiketts geh\u00f6ren.<\/li>\n\n\n\n<li>F\u00fcr all diese K\u00e4ufe k\u00f6nnen Sie auch <strong>Gruppenk\u00e4ufe<\/strong> in Betracht ziehen.<\/li>\n<\/ul>\n\n<h3 class=\"wp-block-heading\">5. Die finanziellen Auswirkungen<\/h3>\n\n<p>Eine Investition in Energie kann sich auf mehreren Ebenen finanziell auszahlen:<\/p>\n\n<ul class=\"wp-block-list\">\n<li><strong>Direkte Einsparungen:<\/strong> Ma\u00dfnahmen wie Rohrisolierung und Wasserenth\u00e4rtung (gegen Kalk) haben eine kurze Amortisationszeit aufgrund niedrigerer Verbrauchsrechnungen. Gruppenk\u00e4ufe machen es in der Regel noch g\u00fcnstiger und damit interessanter.  <\/li>\n\n\n\n<li><strong>Zahlungsbereitschaft:<\/strong> Untersuchungen zeigen, dass <strong>51% der G\u00e4ste<\/strong> bereit sind, f\u00fcr einen nachhaltigen Aufenthalt mehr zu bezahlen.<\/li>\n\n\n\n<li><strong>Zukunftssicher:<\/strong> Indem Sie unabh\u00e4ngiger von fossilen Brennstoffen werden, sch\u00fctzen Sie Ihr Unternehmen und hoffentlich auch Ihre Nachbarschaft vor schwankenden Energiepreisen. Au\u00dferdem verringern Sie die Auswirkungen der ETS2 und der Energiesteuerreform, indem Sie auf erneuerbare Energien umsteigen. <\/li>\n<\/ul>\n\n<h3 class=\"wp-block-heading\">6. Planetarische Grenzen und soziale Auswirkungen<\/h3>\n\n<p>Ihre Energiepolitik tr\u00e4gt zum gro\u00dfen Ganzen bei:<\/p>\n\n<figure class=\"wp-block-table\"><table class=\"has-fixed-layout\"><tbody><tr><td><img loading=\"lazy\" decoding=\"async\" width=\"150\" height=\"150\" class=\"wp-image-1285\" style=\"width: 150px;\" src=\"https:\/\/fairhospitality.coop\/wp-content\/uploads\/2026\/02\/sdg-07-picto-nl.jpg\" alt=\"\" srcset=\"https:\/\/fairhospitality.coop\/wp-content\/uploads\/2026\/02\/sdg-07-picto-nl.jpg 400w, https:\/\/fairhospitality.coop\/wp-content\/uploads\/2026\/02\/sdg-07-picto-nl-300x300.jpg 300w, https:\/\/fairhospitality.coop\/wp-content\/uploads\/2026\/02\/sdg-07-picto-nl-150x150.jpg 150w\" sizes=\"auto, (max-width: 150px) 100vw, 150px\" \/><\/td><td><img loading=\"lazy\" decoding=\"async\" width=\"150\" height=\"150\" class=\"wp-image-1290\" style=\"width: 150px;\" src=\"https:\/\/fairhospitality.coop\/wp-content\/uploads\/2026\/02\/sdg-12-picto-nl.jpg\" alt=\"\" srcset=\"https:\/\/fairhospitality.coop\/wp-content\/uploads\/2026\/02\/sdg-12-picto-nl.jpg 400w, https:\/\/fairhospitality.coop\/wp-content\/uploads\/2026\/02\/sdg-12-picto-nl-300x300.jpg 300w, https:\/\/fairhospitality.coop\/wp-content\/uploads\/2026\/02\/sdg-12-picto-nl-150x150.jpg 150w\" sizes=\"auto, (max-width: 150px) 100vw, 150px\" \/><\/td><td><img loading=\"lazy\" decoding=\"async\" width=\"150\" height=\"150\" class=\"wp-image-1291\" style=\"width: 150px;\" src=\"https:\/\/fairhospitality.coop\/wp-content\/uploads\/2026\/02\/sdg-13-picto-nl.jpg\" alt=\"\" srcset=\"https:\/\/fairhospitality.coop\/wp-content\/uploads\/2026\/02\/sdg-13-picto-nl.jpg 400w, https:\/\/fairhospitality.coop\/wp-content\/uploads\/2026\/02\/sdg-13-picto-nl-300x300.jpg 300w, https:\/\/fairhospitality.coop\/wp-content\/uploads\/2026\/02\/sdg-13-picto-nl-150x150.jpg 150w\" sizes=\"auto, (max-width: 150px) 100vw, 150px\" \/><\/td><\/tr><\/tbody><\/table><\/figure>\n\n<ul class=\"wp-block-list\">\n<li><strong>UN SDGs:<\/strong> Direkte Auswirkungen auf <strong>SDG 7<\/strong>, , <strong>SDG 12<\/strong> und <strong>SDG 13<\/strong>.  <\/li>\n\n\n\n<li><strong>Planetarische Grenzen:<\/strong> Indem Sie CO2 reduzieren, helfen Sie, die Grenzen des <strong>Klimawandels<\/strong> zu wahren und die <strong>Biosph\u00e4re <\/strong>zu sch\u00fctzen.<\/li>\n\n\n\n<li><strong>Soziale Mindeststandards:<\/strong> Eine gerechte Politik sichert die <strong>Gesundheit<\/strong> von G\u00e4sten und Mitarbeitern (Luftqualit\u00e4t) und tr\u00e4gt zur lokalen Energiesicherheit bei.<\/li>\n<\/ul>\n\n<h3 class=\"wp-block-heading\">7. Weitere Informationen &amp; Tools<\/h3>\n\n<ul class=\"wp-block-list\">\n<li><a href=\"https:\/\/www.gstc.org\/certification\/become-certified-hotel\/\"><u>Kriterien des Global Sustainable Tourism Council (GSTC)<\/u><\/a><\/li>\n\n\n\n<li><a href=\"https:\/\/www.green-key.be\/\"><u>Gr\u00fcner Schl\u00fcssel Belgien &#8211; Kriterien &amp; Erl\u00e4uterung<\/u><\/a><\/li>\n\n\n\n<li><a href=\"https:\/\/environment.ec.europa.eu\/topics\/ecolabel_en\"><u>EU-Umweltzeichen f\u00fcr touristische Unterk\u00fcnfte<\/u><\/a><\/li>\n\n\n\n<li><a href=\"https:\/\/www.pxl.be\/\"><u>Hogeschool PXL &#8211; TETRA DOL Forschung<\/u><\/a><\/li>\n\n\n\n<li><a href=\"https:\/\/sustainablehospitalityalliance.org\/\"><u>Hotel Carbon Management Initiative (HCMI)<\/u><\/a><\/li>\n<\/ul>\n\n<hr class=\"wp-block-separator has-alpha-channel-opacity\"\/>\n\n<p><em>Dieser Leitfaden ist ein lebendiges Dokument. Indem wir mit lokalen Partnern zusammenarbeiten und Erfahrungen austauschen, gestalten wir gemeinsam die Reise in die Zukunft. <\/em> <\/p>\n\n<p><em>Kollektive Intelligenz, st\u00e4rker als k\u00fcnstliche Intelligenz !<\/em><\/p>\n\n<p><em>Teilen Sie Ihre Erfahrungen mit, beteiligen Sie sich an der Diskussion in unserem <a href=\"https:\/\/fairhospitality.coop\/community\/forum-duurzaam-energiebeheer\/\">Energieforum<\/a><\/em><\/p>\n\n<p><\/p>\n","protected":false},"excerpt":{"rendered":"<p>Im heutigen Gastgewerbe ist Energiemanagement nicht l\u00e4nger eine Option, sondern ein zentraler Wert f\u00fcr einen gesunden Betrieb. Und tr\u00e4gt auch zum Gedeihen der Nachbarschaft bei. Nachfolgend finden Sie eine \u00dcbersicht. 1. Die Vision: Vom Sparen zum Beitragen Bei der Energieeffizienz geht es um die Widerstandsf\u00e4higkeit Ihrer Unterkunft und Ihrer Nachbarschaft. 2. Unsere Ziele: Was wollen &#8230; <a title=\"Nachhaltiges Energiemanagement f\u00fcr Lodges\" class=\"read-more\" href=\"https:\/\/fairhospitality.coop\/de\/nachhaltiges-energiemanagement-fuer-lodges\/\" aria-label=\"Mehr Informationen \u00fcber Nachhaltiges Energiemanagement f\u00fcr Lodges\">Weiterlesen<\/a><\/p>\n","protected":false},"author":1,"featured_media":0,"parent":0,"menu_order":0,"comment_status":"closed","ping_status":"closed","template":"","meta":{"footnotes":""},"class_list":["post-1365","page","type-page","status-publish"],"_links":{"self":[{"href":"https:\/\/fairhospitality.coop\/de\/wp-json\/wp\/v2\/pages\/1365","targetHints":{"allow":["GET"]}}],"collection":[{"href":"https:\/\/fairhospitality.coop\/de\/wp-json\/wp\/v2\/pages"}],"about":[{"href":"https:\/\/fairhospitality.coop\/de\/wp-json\/wp\/v2\/types\/page"}],"author":[{"embeddable":true,"href":"https:\/\/fairhospitality.coop\/de\/wp-json\/wp\/v2\/users\/1"}],"replies":[{"embeddable":true,"href":"https:\/\/fairhospitality.coop\/de\/wp-json\/wp\/v2\/comments?post=1365"}],"version-history":[{"count":10,"href":"https:\/\/fairhospitality.coop\/de\/wp-json\/wp\/v2\/pages\/1365\/revisions"}],"predecessor-version":[{"id":1522,"href":"https:\/\/fairhospitality.coop\/de\/wp-json\/wp\/v2\/pages\/1365\/revisions\/1522"}],"wp:attachment":[{"href":"https:\/\/fairhospitality.coop\/de\/wp-json\/wp\/v2\/media?parent=1365"}],"curies":[{"name":"wp","href":"https:\/\/api.w.org\/{rel}","templated":true}]}}