{"id":1346,"date":"2026-02-25T15:02:11","date_gmt":"2026-02-25T15:02:11","guid":{"rendered":"https:\/\/fairhospitality.coop\/lokale-verankerung-die-pflege-des-ortes\/"},"modified":"2026-02-25T15:02:49","modified_gmt":"2026-02-25T15:02:49","slug":"lokale-verankerung-die-pflege-des-ortes","status":"publish","type":"page","link":"https:\/\/fairhospitality.coop\/de\/lokale-verankerung-die-pflege-des-ortes\/","title":{"rendered":"Lokale Verankerung: Die Pflege des Ortes"},"content":{"rendered":"\n<p>In der Vision von <strong>Reizen naar Morgen<\/strong> ist die Unterkunft keine Insel, sondern ein integraler Bestandteil eines <strong>bl\u00fchenden Reiseziels<\/strong>. Lokale Verankerung bedeutet, dass Sie als <strong>Platzhalter<\/strong> ein Gleichgewicht zwischen dem Besucher, dem Einwohner, Ihrem Unternehmen und den einzigartigen Qualit\u00e4ten (der DNA) des Ortes selbst suchen. <\/p>\n\n<h3 class=\"wp-block-heading\">1. Die Vision: Vom Ziel zur Gemeinschaft<\/h3>\n\n<ul class=\"wp-block-list\">\n<li><strong>Tourismus als Instrument:<\/strong> Eine Unterkunft sollte einen Mehrwert f\u00fcr die Nachbarschaft bieten. Dies kann durch die Suche nach Synergien geschehen, z.B. durch die \u00d6ffnung von Einrichtungen (Schwimmbad, Restaurant) f\u00fcr die Anwohner. <\/li>\n\n\n\n<li><strong>Der Gastgeber als Botschafter:<\/strong> Sie sind das Bindeglied, das die G\u00e4ste mit Liebe und Sorgfalt f\u00fcr den Ort ansteckt.<\/li>\n\n\n\n<li><strong>Respekt vor der DNA:<\/strong> Die Einzigartigkeit des Ortes (Geschichten, Geschichte, Traditionen) wird nicht an die Masse angepasst, sondern gesch\u00e4tzt und aufgewertet.<\/li>\n<\/ul>\n\n<h3 class=\"wp-block-heading\">2. Strategisches Management und Governance<\/h3>\n\n<ul class=\"wp-block-list\">\n<li><strong>Aktive Zusammenarbeit:<\/strong> Pflegen Sie mindestens eine (bei kleinen Lodges) bis zwei (bei gro\u00dfen Lodges) aktive Partnerschaften mit lokalen Interessengruppen wie Schulen, Anwohnervereinigungen oder lokalen Museen.<\/li>\n\n\n\n<li><strong>Zugang und Rechte:<\/strong> Stellen Sie sicher, dass Ihr Unternehmen den Zugang der lokalen Bev\u00f6lkerung zu historischen, kulturellen oder religi\u00f6sen St\u00e4tten nicht behindert.<\/li>\n\n\n\n<li><strong>Beschwerdemechanismus:<\/strong> Bieten Sie den Anwohnern einen Kanal (Beschwerdemechanismus), um Bedenken \u00fcber die Auswirkungen Ihrer Unterkunft auf die Nachbarschaft zu \u00e4u\u00dfern.<\/li>\n<\/ul>\n\n<h3 class=\"wp-block-heading\">3. Messung und Inventarisierung<\/h3>\n\n<ul class=\"wp-block-list\">\n<li><strong>Lokales Personal:<\/strong> \u00dcberwachen Sie den Anteil der Mitarbeiter aus der unmittelbaren Umgebung, auch in F\u00fchrungspositionen.<\/li>\n\n\n\n<li><strong>Einkaufsbelege:<\/strong> F\u00fchren Sie Buch dar\u00fcber, welche Produkte lokal bezogen werden (&lt;30 km bis 100 km). Green Key verlangt ein Minimum von 5 lokalen\/biologischen Produkten. <\/li>\n\n\n\n<li><strong>Erbschaftsinventar:<\/strong> Wenn Sie Kunstsch\u00e4tze oder arch\u00e4ologische Objekte besitzen, f\u00fchren Sie ein Inventar, aus dem die rechtliche Herkunft und die Eigentumsverh\u00e4ltnisse hervorgehen.<\/li>\n<\/ul>\n\n<h3 class=\"wp-block-heading\">4. Praktische Umsetzung<\/h3>\n\n<h4 class=\"wp-block-heading\"><strong>Respekt f\u00fcr Kultur und Erbe<\/strong><\/h4>\n\n<ul class=\"wp-block-list\">\n<li><strong>Authentische Elemente:<\/strong> Integrieren Sie bei Renovierungen lokal angepasste Materialien und Baustile. Respektieren Sie dabei die geistigen Eigentumsrechte der lokalen Gemeinschaft. <\/li>\n\n\n\n<li><strong>Interieur und Design:<\/strong> Verwenden Sie Kunst oder Kunsthandwerk von lokalen Herstellern in Ihren \u00f6ffentlichen R\u00e4umen und Zimmern.<\/li>\n\n\n\n<li><strong>Informationen:<\/strong> Bieten Sie Ihren G\u00e4sten Erkl\u00e4rungen zu lokalen Traditionen, Etikette und respektvollem Verhalten beim Besuch sensibler St\u00e4tten.<\/li>\n<\/ul>\n\n<h4 class=\"wp-block-heading\"><strong>Unterst\u00fctzung der lokalen Wirtschaft<\/strong><\/h4>\n\n<ul class=\"wp-block-list\">\n<li><strong>Lokale Beschaffung:<\/strong> Bevorzugen Sie lokale Lieferanten f\u00fcr Lebensmittel, Dienstleistungen (z.B. W\u00e4scherei im Umkreis von 50 km) und Wartung.<\/li>\n\n\n\n<li><strong>Unterst\u00fctzen Sie Unternehmer:<\/strong> Bieten Sie kleinen lokalen Unternehmern die M\u00f6glichkeit, ihre Produkte (basierend auf der lokalen Kultur oder Natur) in Ihrer Unterkunft zu verkaufen.<\/li>\n\n\n\n<li><strong>Soziale Besch\u00e4ftigung:<\/strong> Lassen Sie bestimmte Arbeiten (z. B. Catering, Druckerei, Reinigung) von sozialwirtschaftlichen Unternehmen ausf\u00fchren.<\/li>\n<\/ul>\n\n<h3 class=\"wp-block-heading\">5. Die finanziellen und sozialen Auswirkungen<\/h3>\n\n<ul class=\"wp-block-list\">\n<li><strong>Kurze Kette:<\/strong> Der direkte Bezug von lokalen Landwirten reduziert die Transportkosten und st\u00e4rkt die lokale Widerstandsf\u00e4higkeit.<\/li>\n\n\n\n<li><strong>Unterst\u00fctzung der Gemeinschaft:<\/strong> Unterst\u00fctzen Sie aktiv (finanziell oder mit Sachleistungen) mindestens zwei lokale Umwelt- oder soziale Entwicklungsinitiativen.<\/li>\n\n\n\n<li><strong>Return on Authenticity:<\/strong> 51% der G\u00e4ste sch\u00e4tzen Nachhaltigkeit, wenn sie sich nat\u00fcrlich anf\u00fchlt; eine authentische lokale Geschichte erh\u00f6ht die Zahlungsbereitschaft.<\/li>\n<\/ul>\n\n<h3 class=\"wp-block-heading\">6. Die Customer Journey: Energie im Erlebnis<\/h3>\n\n<p>Die lokale Verankerung sollte in jeder Phase des G\u00e4steerlebnisses sichtbar und sp\u00fcrbar sein:<\/p>\n\n<ol class=\"wp-block-list\">\n<li><strong>Tr\u00e4ume, Pl\u00e4ne und B\u00fccher:<\/strong> Informieren Sie auf Ihrer Website nicht nur \u00fcber Ihre Zimmer, sondern auch \u00fcber die Frage &#8222;Wer ist dieser Ort?&#8220; und welche einzigartigen lokalen Geschichten \u00fcber ihn zu finden sind<\/li>\n\n\n\n<li><strong>Die Reise:<\/strong> Helfen Sie den Passanten, das beste Transportmittel f\u00fcr den Besuch des Ortes zu finden.<\/li>\n\n\n\n<li><strong>Der Aufenthalt:<\/strong> Bringen Sie Menschen miteinander in Kontakt. Organisieren Sie Treffen mit \u00f6rtlichen F\u00fchrern oder Fachleuten. Ermuntern Sie Ihre G\u00e4ste, die Gegend zu Fu\u00df oder mit dem Fahrrad zu erkunden und weisen Sie sie auf versteckte Kleinode in der Umgebung hin.  <\/li>\n\n\n\n<li><strong>Afterglow:<\/strong> Sorgen Sie daf\u00fcr, dass die G\u00e4ste mit einem guten Gef\u00fchl nach Hause gehen und den Wunsch versp\u00fcren, in die Gemeinschaft zur\u00fcckzukehren, die sie kennengelernt haben.<\/li>\n<\/ol>\n\n<h3 class=\"wp-block-heading\">7. Fokus auf kleine Unterk\u00fcnfte (SME\/B&amp;B)<\/h3>\n\n<ul class=\"wp-block-list\">\n<li><strong>Pers\u00f6nlicher Kontakt:<\/strong> Nutzen Sie Ihren Ma\u00dfstab, um die G\u00e4ste verbal f\u00fcr nachbarschaftsfreundliches Verhalten zu sensibilisieren (z.B. L\u00e4rmbel\u00e4stigung vermeiden).<\/li>\n\n\n\n<li><strong>Zusammenarbeiten:<\/strong> Arbeiten Sie mit Ihren Nachbarn zusammen, wenn es um erneuerbare Energien oder gemeinsame Mobilit\u00e4t geht.<\/li>\n\n\n\n<li><strong>Authentizit\u00e4t:<\/strong> Kleine Lodges k\u00f6nnen leichter ein einzigartiges, nicht standardisiertes Erlebnis bieten, das mit dem Ort verwurzelt ist.<\/li>\n<\/ul>\n\n<h3 class=\"wp-block-heading\">8. Globale Auswirkungen: SDGs und der Donut<\/h3>\n\n<figure class=\"wp-block-table\"><table class=\"has-fixed-layout\"><tbody><tr><td><img loading=\"lazy\" decoding=\"async\" width=\"150\" height=\"150\" class=\"wp-image-1286\" style=\"width: 150px;\" src=\"https:\/\/fairhospitality.coop\/wp-content\/uploads\/2026\/02\/sdg-08-picto-nl.jpg\" alt=\"\" srcset=\"https:\/\/fairhospitality.coop\/wp-content\/uploads\/2026\/02\/sdg-08-picto-nl.jpg 400w, https:\/\/fairhospitality.coop\/wp-content\/uploads\/2026\/02\/sdg-08-picto-nl-300x300.jpg 300w, https:\/\/fairhospitality.coop\/wp-content\/uploads\/2026\/02\/sdg-08-picto-nl-150x150.jpg 150w\" sizes=\"auto, (max-width: 150px) 100vw, 150px\" \/><\/td><td><img loading=\"lazy\" decoding=\"async\" width=\"150\" height=\"150\" class=\"wp-image-1289\" style=\"width: 150px;\" src=\"https:\/\/fairhospitality.coop\/wp-content\/uploads\/2026\/02\/sdg-11-picto-nl.jpg\" alt=\"\" srcset=\"https:\/\/fairhospitality.coop\/wp-content\/uploads\/2026\/02\/sdg-11-picto-nl.jpg 400w, https:\/\/fairhospitality.coop\/wp-content\/uploads\/2026\/02\/sdg-11-picto-nl-300x300.jpg 300w, https:\/\/fairhospitality.coop\/wp-content\/uploads\/2026\/02\/sdg-11-picto-nl-150x150.jpg 150w\" sizes=\"auto, (max-width: 150px) 100vw, 150px\" \/><\/td><td><img loading=\"lazy\" decoding=\"async\" width=\"150\" height=\"150\" class=\"wp-image-1290\" style=\"width: 150px;\" src=\"https:\/\/fairhospitality.coop\/wp-content\/uploads\/2026\/02\/sdg-12-picto-nl.jpg\" alt=\"\" srcset=\"https:\/\/fairhospitality.coop\/wp-content\/uploads\/2026\/02\/sdg-12-picto-nl.jpg 400w, https:\/\/fairhospitality.coop\/wp-content\/uploads\/2026\/02\/sdg-12-picto-nl-300x300.jpg 300w, https:\/\/fairhospitality.coop\/wp-content\/uploads\/2026\/02\/sdg-12-picto-nl-150x150.jpg 150w\" sizes=\"auto, (max-width: 150px) 100vw, 150px\" \/><\/td><\/tr><\/tbody><\/table><\/figure>\n\n<ul class=\"wp-block-list\">\n<li><strong>SDGs:<\/strong> Direkter Beitrag zu <strong>SDG 8<\/strong> (Faire Arbeit), <strong>SDG 11<\/strong> (Nachhaltige Gemeinschaften) und <strong>SDG 12<\/strong> (Verantwortungsvoller Konsum).<\/li>\n\n\n\n<li><strong>Soziales Fundament:<\/strong> Die lokale Verankerung st\u00e4rkt den sozialen Zusammenhalt und sichert das Recht auf Teilhabe und Zugang zu Ressourcen f\u00fcr das Viertel.<\/li>\n<\/ul>\n\n<h3 class=\"wp-block-heading\">9. Mehr Informationen &amp; Tools<\/h3>\n\n<ul class=\"wp-block-list\">\n<li><a href=\"https:\/\/www.reizennaarmorgen.be\/\"><u>Reisen in die Zukunft<\/u><\/a>: Visionen f\u00fcr bl\u00fchende Reiseziele.<\/li>\n\n\n\n<li><a href=\"https:\/\/www.gstc.org\/certification\/become-certified-hotel\/\" target=\"_blank\" rel=\"noreferrer noopener\"><u>Kriterien des Global Sustainable Tourism Council (GSTC)<\/u><\/a><\/li>\n\n\n\n<li><a href=\"https:\/\/www.green-key.be\/\" target=\"_blank\" rel=\"noreferrer noopener\"><u>Gr\u00fcner Schl\u00fcssel Belgien &#8211; Kriterien &amp; Erl\u00e4uterung<\/u><\/a><\/li>\n\n\n\n<li><a href=\"https:\/\/duurzaamondernemenlogies.be\" target=\"_blank\" rel=\"noreferrer noopener\"><u>Hogeschool PXL &#8211; TETRA DOL Forschung<\/u><\/a><\/li>\n<\/ul>\n\n<p><em>Dieser Leitfaden ist ein lebendiges Dokument. Indem wir mit lokalen Partnern zusammenarbeiten und Erfahrungen austauschen, gestalten wir gemeinsam die Reise in die Zukunft. <\/em> <\/p>\n\n<p><em>Kollektive Intelligenz, st\u00e4rker als k\u00fcnstliche Intelligenz !<\/em><\/p>\n\n<p><\/p>\n","protected":false},"excerpt":{"rendered":"<p>In der Vision von Reizen naar Morgen ist die Unterkunft keine Insel, sondern ein integraler Bestandteil eines bl\u00fchenden Reiseziels. Lokale Verankerung bedeutet, dass Sie als Platzhalter ein Gleichgewicht zwischen dem Besucher, dem Einwohner, Ihrem Unternehmen und den einzigartigen Qualit\u00e4ten (der DNA) des Ortes selbst suchen. 1. Die Vision: Vom Ziel zur Gemeinschaft 2. Strategisches Management &#8230; <a title=\"Lokale Verankerung: Die Pflege des Ortes\" class=\"read-more\" href=\"https:\/\/fairhospitality.coop\/de\/lokale-verankerung-die-pflege-des-ortes\/\" aria-label=\"Mehr Informationen \u00fcber Lokale Verankerung: Die Pflege des Ortes\">Weiterlesen<\/a><\/p>\n","protected":false},"author":1,"featured_media":0,"parent":0,"menu_order":0,"comment_status":"closed","ping_status":"closed","template":"","meta":{"footnotes":""},"class_list":["post-1346","page","type-page","status-publish"],"_links":{"self":[{"href":"https:\/\/fairhospitality.coop\/de\/wp-json\/wp\/v2\/pages\/1346","targetHints":{"allow":["GET"]}}],"collection":[{"href":"https:\/\/fairhospitality.coop\/de\/wp-json\/wp\/v2\/pages"}],"about":[{"href":"https:\/\/fairhospitality.coop\/de\/wp-json\/wp\/v2\/types\/page"}],"author":[{"embeddable":true,"href":"https:\/\/fairhospitality.coop\/de\/wp-json\/wp\/v2\/users\/1"}],"replies":[{"embeddable":true,"href":"https:\/\/fairhospitality.coop\/de\/wp-json\/wp\/v2\/comments?post=1346"}],"version-history":[{"count":1,"href":"https:\/\/fairhospitality.coop\/de\/wp-json\/wp\/v2\/pages\/1346\/revisions"}],"predecessor-version":[{"id":1349,"href":"https:\/\/fairhospitality.coop\/de\/wp-json\/wp\/v2\/pages\/1346\/revisions\/1349"}],"wp:attachment":[{"href":"https:\/\/fairhospitality.coop\/de\/wp-json\/wp\/v2\/media?parent=1346"}],"curies":[{"name":"wp","href":"https:\/\/api.w.org\/{rel}","templated":true}]}}