{"id":1330,"date":"2026-02-25T14:12:31","date_gmt":"2026-02-25T14:12:31","guid":{"rendered":"https:\/\/fairhospitality.coop\/strategisches-management-fuer-eine-bluehende-lodge-vision-und-governance\/"},"modified":"2026-02-25T14:13:59","modified_gmt":"2026-02-25T14:13:59","slug":"strategisches-management-fuer-eine-bluehende-lodge-vision-und-governance","status":"publish","type":"page","link":"https:\/\/fairhospitality.coop\/de\/strategisches-management-fuer-eine-bluehende-lodge-vision-und-governance\/","title":{"rendered":"Strategisches Management f\u00fcr eine bl\u00fchende Lodge: Vision und Governance"},"content":{"rendered":"\n<p>Nachhaltiges Management ist nicht nur eine administrative Checkliste, sondern eine <strong>Lebenseinstellung<\/strong>. In der Vision <strong>von Travel to Tomorrow<\/strong> nutzen Sie das Managementsystem, um ein Gleichgewicht zwischen dem Besucher, dem Bewohner, dem Unternehmer und dem Ort herzustellen. Dieses System sorgt daf\u00fcr, dass Ihre Unterkunft einen positiven Beitrag zur Umwelt leistet.  <\/p>\n\n<h3 class=\"wp-block-heading\">1. Die Grundlage: die Nachhaltigkeitspolitik<\/h3>\n\n<p>Ein dokumentiertes System ist die Grundlage f\u00fcr systematisches Management und kontinuierliche Verbesserung.<\/p>\n\n<ul class=\"wp-block-list\">\n<li><strong>Grundsatzerkl\u00e4rung (CSR):<\/strong> Formulieren Sie eine schriftliche Erkl\u00e4rung, in der Sie Ihre allgemeinen Ziele und Ambitionen darlegen. Dieses Dokument sollte ehrgeiziger sein als die blo\u00dfe Einhaltung von Gesetzen und die vier S\u00e4ulen der Nachhaltigkeit abdecken: Management, Sozio\u00f6konomie, Kultur und Umwelt. <\/li>\n\n\n\n<li><strong>Reise nach Morgen Link:<\/strong> Betrachten Sie Ihre Politik als &#8222;Sorge f\u00fcr das, was wir lieben&#8220;. Ihre Rolle als <strong>Gastgeber\/Platzhalter<\/strong> ist von zentraler Bedeutung f\u00fcr die Bewahrung der einzigartigen Qualit\u00e4ten Ihres Ortes. <\/li>\n<\/ul>\n\n<h3 class=\"wp-block-heading\">2. Rollen und Verantwortlichkeiten<\/h3>\n\n<p>Selbst in kleinen Lodges sollte die Verantwortung klar sein.<\/p>\n\n<ul class=\"wp-block-list\">\n<li><strong>Umweltbeauftragter:<\/strong> Ernennen Sie eine Kontaktperson f\u00fcr alle Fragen der Nachhaltigkeit. Diese Person sammelt Daten und initiiert neue Projekte. <\/li>\n\n\n\n<li><strong>Gr\u00fcnes Team:<\/strong> In gr\u00f6\u00dferen Organisationen empfiehlt es sich, ein Team mit Vertretern aus verschiedenen Abteilungen zusammenzustellen, um eine breite Unterst\u00fctzung zu erhalten.<\/li>\n<\/ul>\n\n<h3 class=\"wp-block-heading\">3. Planung und kontinuierliche Verbesserung (Aktionsplan)<\/h3>\n\n<p>Bei Governance geht es um einen aktiven Zyklus von Planung und Ausf\u00fchrung.<\/p>\n\n<ul class=\"wp-block-list\">\n<li><strong>J\u00e4hrlicher Aktionsplan:<\/strong> Legen Sie konkrete Jahresziele mit mindestens drei spezifischen Aktionspunkten f\u00fcr das kommende Jahr fest.<\/li>\n\n\n\n<li><strong>Messbare Ziele:<\/strong> Geben Sie quantitative Ziele an (z.B. X% weniger Energieverbrauch oder X% mehr lokale Eink\u00e4ufe).<\/li>\n\n\n\n<li><strong>Administrative Kontrolle:<\/strong> Bewahren Sie Unterlagen (digital oder physisch) auf, um die Einhaltung der Kriterien nachzuweisen.<\/li>\n<\/ul>\n\n<h3 class=\"wp-block-heading\">4. \u00dcberwachung und interne Bewertung<\/h3>\n\n<p>Daten liefern die Beweisgrundlage f\u00fcr Ihre Bem\u00fchungen und helfen, Ineffizienzen zu erkennen.<\/p>\n\n<ul class=\"wp-block-list\">\n<li><strong>Datenaufzeichnung:<\/strong> Erfassen Sie mindestens einmal im Monat wichtige Kennzahlen, wie den spezifischen Energie- und Wasserverbrauch pro \u00dcbernachtung und die Menge des sortierten Abfalls.<\/li>\n\n\n\n<li><strong>CO2-Berechnung:<\/strong> Verwenden Sie Tools wie die <a href=\"https:\/\/sustainablehospitalityalliance.org\/resource\/hotel-carbon-measurement-initiative\/\"><u>Hotel Carbon Management Initiative (HCMI)<\/u><\/a> um Ihren Fu\u00dfabdruck zu berechnen.<\/li>\n<\/ul>\n\n<h3 class=\"wp-block-heading\">5. Einbindung von Mitarbeitern und G\u00e4sten<\/h3>\n\n<ul class=\"wp-block-list\">\n<li><strong>Mitarbeiterschulung:<\/strong> Bieten Sie Ihren Mitarbeitern mindestens einmal j\u00e4hrlich eine Schulung zum Thema Umweltmanagement und soziale Rechte an.<\/li>\n\n\n\n<li><strong>G\u00e4ste-Feedback:<\/strong> Nutzen Sie Umfragen, um Ihre G\u00e4ste an Ihrer Nachhaltigkeitsleistung teilhaben zu lassen.<\/li>\n\n\n\n<li><strong>Anstupsen:<\/strong> Machen Sie es den G\u00e4sten durch subtile Hinweise und Symbole leicht, etwas beizutragen.<\/li>\n<\/ul>\n\n<h3 class=\"wp-block-heading\">6. Zusammenarbeit mit der lokalen Gemeinschaft<\/h3>\n\n<ul class=\"wp-block-list\">\n<li><strong>Lokale Interessenvertreter:<\/strong> Pflegen Sie eine aktive Zusammenarbeit mit Anwohnern, Schulen oder lokalen Beh\u00f6rden.<\/li>\n\n\n\n<li><strong>Lokale Beschaffung:<\/strong> Bevorzugen Sie lokale und fair gehandelte Produkte, um die lokale Wirtschaft zu st\u00e4rken.<\/li>\n<\/ul>\n\n<h3 class=\"wp-block-heading\">7. Fokus auf kleine Unterk\u00fcnfte (SME\/B&amp;B)<\/h3>\n\n<p>Konzentrieren Sie sich auf erreichbare Schritte und bewahren Sie Ihre <strong>Authentizit\u00e4t<\/strong>. Ein einfaches digitales Dashboard oder eine Checkliste ist oft effektiver als ein komplexes Managementsystem. <\/p>\n\n<h3 class=\"wp-block-heading\">8. Planetarische Grenzen und soziale Auswirkungen<\/h3>\n\n<figure class=\"wp-block-table\"><table class=\"has-fixed-layout\"><tbody><tr><td><img loading=\"lazy\" decoding=\"async\" width=\"150\" height=\"150\" class=\"wp-image-1286\" style=\"width: 150px;\" src=\"https:\/\/fairhospitality.coop\/wp-content\/uploads\/2026\/02\/sdg-08-picto-nl.jpg\" alt=\"\" srcset=\"https:\/\/fairhospitality.coop\/wp-content\/uploads\/2026\/02\/sdg-08-picto-nl.jpg 400w, https:\/\/fairhospitality.coop\/wp-content\/uploads\/2026\/02\/sdg-08-picto-nl-300x300.jpg 300w, https:\/\/fairhospitality.coop\/wp-content\/uploads\/2026\/02\/sdg-08-picto-nl-150x150.jpg 150w\" sizes=\"auto, (max-width: 150px) 100vw, 150px\" \/><\/td><td><img loading=\"lazy\" decoding=\"async\" width=\"150\" height=\"150\" class=\"wp-image-1290\" style=\"width: 150px;\" src=\"https:\/\/fairhospitality.coop\/wp-content\/uploads\/2026\/02\/sdg-12-picto-nl.jpg\" alt=\"\" srcset=\"https:\/\/fairhospitality.coop\/wp-content\/uploads\/2026\/02\/sdg-12-picto-nl.jpg 400w, https:\/\/fairhospitality.coop\/wp-content\/uploads\/2026\/02\/sdg-12-picto-nl-300x300.jpg 300w, https:\/\/fairhospitality.coop\/wp-content\/uploads\/2026\/02\/sdg-12-picto-nl-150x150.jpg 150w\" sizes=\"auto, (max-width: 150px) 100vw, 150px\" \/><\/td><td><img loading=\"lazy\" decoding=\"async\" width=\"150\" height=\"150\" class=\"wp-image-1295\" style=\"width: 150px;\" src=\"https:\/\/fairhospitality.coop\/wp-content\/uploads\/2026\/02\/sdg-17-picto-nl.jpg\" alt=\"\" srcset=\"https:\/\/fairhospitality.coop\/wp-content\/uploads\/2026\/02\/sdg-17-picto-nl.jpg 400w, https:\/\/fairhospitality.coop\/wp-content\/uploads\/2026\/02\/sdg-17-picto-nl-300x300.jpg 300w, https:\/\/fairhospitality.coop\/wp-content\/uploads\/2026\/02\/sdg-17-picto-nl-150x150.jpg 150w\" sizes=\"auto, (max-width: 150px) 100vw, 150px\" \/><\/td><\/tr><\/tbody><\/table><\/figure>\n\n<p>Ihr Governance-System sorgt daf\u00fcr, dass Ihr Unternehmen innerhalb der sicheren Grenzen des Planeten operiert:<\/p>\n\n<ul class=\"wp-block-list\">\n<li><a href=\"https:\/\/www.stockholmresilience.org\/research\/planetary-boundaries.html\"><u><strong>Planetarische Grenzen<\/strong><\/u><\/a><strong>:<\/strong> Durch systematisches Management sch\u00fctzen Sie die Grenzen f\u00fcr den <strong>Klimawandel<\/strong>, die <strong>Integrit\u00e4t der Biosph\u00e4re<\/strong> und die <strong>Nutzung von S\u00fc\u00dfwasser<\/strong>.<\/li>\n\n\n\n<li><a href=\"https:\/\/doughnuteconomics.org\/\"><u><strong>Soziale Mindestgrenzen (Donut Economy)<\/strong><\/u><\/a><strong>Sie<\/strong> sorgen f\u00fcr eine sichere soziale Grundlage, indem Sie sich auf <strong>Arbeitsrechte<\/strong>, <strong>Gesundheit<\/strong>, <strong>Zug\u00e4nglichkeit<\/strong> und <strong>lokales Engagement<\/strong> konzentrieren.<\/li>\n\n\n\n<li><a href=\"https:\/\/sdgs.un.org\/goals\"><u><strong>Ziele f\u00fcr nachhaltige Entwicklung (SDGs).<\/strong><\/u><\/a><strong>Ihr<\/strong> Management tr\u00e4gt direkt zu <strong>SDG 8<\/strong> (Faire Arbeit), <strong>SDG 12<\/strong> (Verantwortungsvoller Konsum) und <strong>SDG 17<\/strong> (Partnerschaften) bei.<\/li>\n<\/ul>\n\n<h3 class=\"wp-block-heading\">9. Mehr Informationen &amp; Tools<\/h3>\n\n<ul class=\"wp-block-list\">\n<li><a href=\"https:\/\/www.gstcouncil.org\/\"><u><strong>GSTC Hotel-Kriterien.<\/strong><\/u><\/a><strong>:<\/strong> Der globale Standard f\u00fcr nachhaltigen Tourismus.<\/li>\n\n\n\n<li><a href=\"https:\/\/www.green-key.be\/\"><u><strong>Gr\u00fcner Schl\u00fcssel Belgien<\/strong><\/u><\/a><strong>:<\/strong> Kriterien und Erkl\u00e4rungen f\u00fcr den belgischen Markt.<\/li>\n\n\n\n<li><a href=\"https:\/\/www.ecolabel.be\/nl\/op-vakantie-met-het-eu-ecolabel\"><u><strong>EU-Umweltzeichen f\u00fcr Beherbergungsbetriebe<\/strong><\/u><\/a><strong>:<\/strong> Europ\u00e4ische Richtlinien und technische Berichte.<\/li>\n\n\n\n<li><a href=\"https:\/\/www.reizennaarmorgen.be\/\"><u><strong>Reisen in die Zukunft<\/strong><\/u><\/a><strong>:<\/strong> Die Vision von Tourismus Flandern von einem bl\u00fchenden Reiseziel.<\/li>\n\n\n\n<li><a href=\"https:\/\/duurzaamondernemenlogies.be\/\"><u><strong>Hogeschool PXL &#8211; Nachhaltige Unterkunft<\/strong><\/u><\/a><strong>:<\/strong> Praxisorientierte Forschung und Tools f\u00fcr KMU.<\/li>\n<\/ul>\n\n<p><em>Dieser Leitfaden ist ein lebendiges Dokument. Indem wir mit lokalen Partnern zusammenarbeiten und Erfahrungen austauschen, gestalten wir gemeinsam die Reise in die Zukunft. <\/em> <\/p>\n\n<p><em>Kollektive Intelligenz, st\u00e4rker als k\u00fcnstliche Intelligenz !<\/em><\/p>\n\n<p><\/p>\n","protected":false},"excerpt":{"rendered":"<p>Nachhaltiges Management ist nicht nur eine administrative Checkliste, sondern eine Lebenseinstellung. In der Vision von Travel to Tomorrow nutzen Sie das Managementsystem, um ein Gleichgewicht zwischen dem Besucher, dem Bewohner, dem Unternehmer und dem Ort herzustellen. Dieses System sorgt daf\u00fcr, dass Ihre Unterkunft einen positiven Beitrag zur Umwelt leistet. 1. Die Grundlage: die Nachhaltigkeitspolitik Ein &#8230; <a title=\"Strategisches Management f\u00fcr eine bl\u00fchende Lodge: Vision und Governance\" class=\"read-more\" href=\"https:\/\/fairhospitality.coop\/de\/strategisches-management-fuer-eine-bluehende-lodge-vision-und-governance\/\" aria-label=\"Mehr Informationen \u00fcber Strategisches Management f\u00fcr eine bl\u00fchende Lodge: Vision und Governance\">Weiterlesen<\/a><\/p>\n","protected":false},"author":1,"featured_media":0,"parent":0,"menu_order":0,"comment_status":"closed","ping_status":"closed","template":"","meta":{"footnotes":""},"class_list":["post-1330","page","type-page","status-publish"],"_links":{"self":[{"href":"https:\/\/fairhospitality.coop\/de\/wp-json\/wp\/v2\/pages\/1330","targetHints":{"allow":["GET"]}}],"collection":[{"href":"https:\/\/fairhospitality.coop\/de\/wp-json\/wp\/v2\/pages"}],"about":[{"href":"https:\/\/fairhospitality.coop\/de\/wp-json\/wp\/v2\/types\/page"}],"author":[{"embeddable":true,"href":"https:\/\/fairhospitality.coop\/de\/wp-json\/wp\/v2\/users\/1"}],"replies":[{"embeddable":true,"href":"https:\/\/fairhospitality.coop\/de\/wp-json\/wp\/v2\/comments?post=1330"}],"version-history":[{"count":3,"href":"https:\/\/fairhospitality.coop\/de\/wp-json\/wp\/v2\/pages\/1330\/revisions"}],"predecessor-version":[{"id":1338,"href":"https:\/\/fairhospitality.coop\/de\/wp-json\/wp\/v2\/pages\/1330\/revisions\/1338"}],"wp:attachment":[{"href":"https:\/\/fairhospitality.coop\/de\/wp-json\/wp\/v2\/media?parent=1330"}],"curies":[{"name":"wp","href":"https:\/\/api.w.org\/{rel}","templated":true}]}}