{"id":1319,"date":"2026-02-23T14:25:14","date_gmt":"2026-02-23T14:25:14","guid":{"rendered":"https:\/\/fairhospitality.coop\/verwaltet-mit-lef\/"},"modified":"2026-03-02T14:06:30","modified_gmt":"2026-03-02T14:06:30","slug":"verwaltet-mit-lef","status":"publish","type":"page","link":"https:\/\/fairhospitality.coop\/de\/verwaltet-mit-lef\/","title":{"rendered":"Verwalten mit LEF"},"content":{"rendered":"\n<p>Die Bewirtschaftung Ihrer Unterkunft mit LEF (lokal, \u00f6kologisch und fair) ist f\u00fcr einen nachhaltigen und nat\u00fcrlich auch regenerativen Betrieb unerl\u00e4sslich. Es zeichnet sich durch die folgenden Punkte aus: <\/p>\n\n<ul class=\"wp-block-list\">\n<li><a href=\"https:\/\/fairhospitality.coop\/de\/strategisches-management-fuer-eine-bluehende-lodge-vision-und-governance\/\" data-type=\"page\" data-id=\"1326\">Durchdachtes nachhaltiges Unternehmensdesign und Management<\/a><\/li>\n\n\n\n<li><a href=\"https:\/\/fairhospitality.coop\/de\/lokale-verankerung-die-pflege-des-ortes\/\" data-type=\"page\" data-id=\"1342\"><strong>Lokal<\/strong>verankert: Das Gedeihen des Ortes und seiner Bewohner steht immer im Mittelpunkt<\/a><\/li>\n\n\n\n<li><a href=\"https:\/\/fairhospitality.coop\/de\/oekologisch\/\" data-type=\"page\" data-id=\"1363\"><strong>\u00d6kologisch<\/strong>: Respektieren der planetarischen Grenzen unseres Planeten<\/a><\/li>\n\n\n\n<li><a href=\"https:\/\/fairhospitality.coop\/de\/faire-und-soziale-gastfreundschaft\/\" data-type=\"page\" data-id=\"1490\"><strong>Fair<\/strong>: wo Menschen, hier und anderswo, jetzt und sp\u00e4ter profitieren<\/a><\/li>\n<\/ul>\n\n<p><strong>Managing with LEF<\/strong>&#8218; beschreibt in mehreren Abschnitten die verschiedenen Aspekte f\u00fcr einen nachhaltigen Betrieb. Die Beschreibungen basieren zum Teil auf bestehenden Standards wie GSTC, Green-Key, EU-Ecolabel usw., aber nat\u00fcrlich auch auf Erfahrungen aus unserer Gastgebergemeinschaft. <\/p>\n\n<p>Nachhaltiges Wirtschaften ist an sich schon eine Reise in die Zukunft. Eine Reise, deren endg\u00fcltiges Ziel sich durch fortschreitende Erkenntnis entwickelt. Einsichten, die wir durch kollektive Intelligenz gewinnen. Eine kollektive Intelligenz, die sich aus der Summe unserer Erfahrungen als Gastgeber ergibt, aber mehr als das ist.     <\/p>\n\n<p><\/p>\n","protected":false},"excerpt":{"rendered":"<p>Die Bewirtschaftung Ihrer Unterkunft mit LEF (lokal, \u00f6kologisch und fair) ist f\u00fcr einen nachhaltigen und nat\u00fcrlich auch regenerativen Betrieb unerl\u00e4sslich. Es zeichnet sich durch die folgenden Punkte aus: Managing with LEF&#8218; beschreibt in mehreren Abschnitten die verschiedenen Aspekte f\u00fcr einen nachhaltigen Betrieb. Die Beschreibungen basieren zum Teil auf bestehenden Standards wie GSTC, Green-Key, EU-Ecolabel usw., &#8230; <a title=\"Verwalten mit LEF\" class=\"read-more\" href=\"https:\/\/fairhospitality.coop\/de\/verwaltet-mit-lef\/\" aria-label=\"Mehr Informationen \u00fcber Verwalten mit LEF\">Weiterlesen<\/a><\/p>\n","protected":false},"author":1,"featured_media":0,"parent":0,"menu_order":0,"comment_status":"open","ping_status":"closed","template":"","meta":{"footnotes":""},"class_list":["post-1319","page","type-page","status-publish"],"_links":{"self":[{"href":"https:\/\/fairhospitality.coop\/de\/wp-json\/wp\/v2\/pages\/1319","targetHints":{"allow":["GET"]}}],"collection":[{"href":"https:\/\/fairhospitality.coop\/de\/wp-json\/wp\/v2\/pages"}],"about":[{"href":"https:\/\/fairhospitality.coop\/de\/wp-json\/wp\/v2\/types\/page"}],"author":[{"embeddable":true,"href":"https:\/\/fairhospitality.coop\/de\/wp-json\/wp\/v2\/users\/1"}],"replies":[{"embeddable":true,"href":"https:\/\/fairhospitality.coop\/de\/wp-json\/wp\/v2\/comments?post=1319"}],"version-history":[{"count":5,"href":"https:\/\/fairhospitality.coop\/de\/wp-json\/wp\/v2\/pages\/1319\/revisions"}],"predecessor-version":[{"id":1505,"href":"https:\/\/fairhospitality.coop\/de\/wp-json\/wp\/v2\/pages\/1319\/revisions\/1505"}],"wp:attachment":[{"href":"https:\/\/fairhospitality.coop\/de\/wp-json\/wp\/v2\/media?parent=1319"}],"curies":[{"name":"wp","href":"https:\/\/api.w.org\/{rel}","templated":true}]}}