{"id":1150,"date":"2025-02-22T16:24:02","date_gmt":"2025-02-22T16:24:02","guid":{"rendered":"https:\/\/fairhospitality.coop\/reisen-in-die-zukunft\/"},"modified":"2025-12-11T15:01:41","modified_gmt":"2025-12-11T15:01:41","slug":"reisen-in-die-zukunft","status":"publish","type":"page","link":"https:\/\/fairhospitality.coop\/de\/reisen-in-die-zukunft\/","title":{"rendered":"Reisen in die Zukunft"},"content":{"rendered":"\n<p>Buchst\u00e4blich aus der Website von Tourism Flanders Travels to Tomorrow entnommen:  <\/p>\n\n<p><strong><em>Das Ziel der Vision<a href=\"https:\/\/www.reizennaarmorgen.be\/\" target=\"_blank\" rel=\"noopener\" title=\"\">&#8218;Reisen in die Zukunft<\/a>&#8218; ist es, Flandern zu einem florierenden Reiseziel mit widerstandsf\u00e4higen, nachhaltigen und zukunftsorientierten Orten zu machen, die einen Mehrwert f\u00fcr alle Beteiligten bieten. Der Tourismus ist dabei ein Mittel, nicht ein Selbstzweck. <\/em><\/strong><\/p>\n\n<figure class=\"wp-block-image size-full is-resized\"><img loading=\"lazy\" decoding=\"async\" width=\"920\" height=\"689\" src=\"https:\/\/fairhospitality.coop\/wp-content\/uploads\/2025\/02\/image-2.png\" alt=\"\" class=\"wp-image-1061\" style=\"width:558px;height:auto\" srcset=\"https:\/\/fairhospitality.coop\/wp-content\/uploads\/2025\/02\/image-2.png 920w, https:\/\/fairhospitality.coop\/wp-content\/uploads\/2025\/02\/image-2-300x225.png 300w, https:\/\/fairhospitality.coop\/wp-content\/uploads\/2025\/02\/image-2-768x575.png 768w, https:\/\/fairhospitality.coop\/wp-content\/uploads\/2025\/02\/image-2-280x210.png 280w\" sizes=\"auto, (max-width: 920px) 100vw, 920px\" \/><\/figure>\n\n<p>Diese starke Vision von Tourismus Flandern unter dem Titel:<a href=\"https:\/\/www.reizennaarmorgen.be\/\" target=\"_blank\" rel=\"noopener\" title=\"\">&#8222;Reisen in die Zukunft<\/a>&#8220; ist ziemlich umfassend, was die Nachhaltigkeit in der Welt des Tourismus betrifft. Sie erkennt die Bedeutung der verschiedenen Akteure in diesem Bereich an, ebenso wie die Beziehungen zwischen ihnen. Der Urlauber, der hier auch als Unternehmer, Gastgeber oder Betreiber bezeichnet wird, spielt nat\u00fcrlich eine sehr wichtige Rolle. Aber auch der Bewohner, der Reisende, der Platzhalter und der Ort werden nicht vergessen. Die Beziehungen zwischen den verschiedenen Akteuren sind ebenfalls wichtig.    <\/p>\n\n<h3 class=\"wp-block-heading\">Der Entrepreneur<\/h3>\n\n<p>Die Gemeinschaft gedeiht, wenn der <strong>Unternehmer <\/strong>:<\/p>\n\n<ul class=\"wp-block-list\">\n<li>ist lebenswichtig und profitabel<\/li>\n\n\n\n<li>belastbar mit Ver\u00e4nderungen umgehen k\u00f6nnen<\/li>\n\n\n\n<li>gute Arbeitsbedingungen und Wertsch\u00e4tzung genie\u00dfen\/erhalten<\/li>\n\n\n\n<li>ist leidenschaftlich und innovativ\/kreativ, wenn es um sein Produkt oder seine Dienstleistung geht, und wahrt dabei seine Individualit\u00e4t<\/li>\n\n\n\n<li>ist ein Botschafter f\u00fcr den Ort, an dem er\/sie arbeitet<\/li>\n\n\n\n<li>strebt nach hoher Zufriedenheit durch echte Gastfreundschaft und Professionalit\u00e4t<\/li>\n\n\n\n<li>ber\u00fccksichtigt die Auswirkungen seiner Aktivit\u00e4ten auf andere Platzhalter und die Website<\/li>\n\n\n\n<li>einen positiven Beitrag f\u00fcr die Gesellschaft\/Gemeinschaft\/Ort leisten m\u00f6chte<\/li>\n<\/ul>\n\n<h3 class=\"wp-block-heading\">Der Ort<\/h3>\n\n<p><strong>Der Ort<\/strong>, die St\u00e4tte des touristischen Ereignisses, ist der einzige passive Akteur. Er erf\u00e4hrt haupts\u00e4chlich die Auswirkungen, die sowohl positiv als auch negativ sein k\u00f6nnen. Um den Ort zum Bl\u00fchen zu bringen, streben wir nach positiven Effekten. Der Ort bl\u00fcht auf:   <\/p>\n\n<ul class=\"wp-block-list\">\n<li>wenn sie attraktiv, angenehm und sicher ist<\/li>\n\n\n\n<li>wenn es zu Begegnungen zwischen Einwohnern, Unternehmern und Besuchern einl\u00e4dt, ohne jemanden auszuschlie\u00dfen<\/li>\n\n\n\n<li>Wenn sie ihren einzigartigen Charakter sprechen l\u00e4sst<\/li>\n\n\n\n<li>wenn es seine Identit\u00e4t und sein nat\u00fcrliches und kulturelles Erbe bewahrt<\/li>\n\n\n\n<li>wenn es Raum f\u00fcr Kreativit\u00e4t und Experimente bietet<\/li>\n\n\n\n<li>wenn es positiv zu einem bl\u00fchenden Planeten beitr\u00e4gt<\/li>\n<\/ul>\n\n<h3 class=\"wp-block-heading\">Der Resident<\/h3>\n\n<p><strong>Der Bewohner<\/strong> ist direkt mit dem Ort verbunden. Die Gemeinschaft bl\u00fcht auf, wenn der Einwohner gerne in seinem Ort lebt, ihn gut kennt und stolz auf ihn ist. Die Einbindung in die (Tourismus-)Politik des Ortes, so dass er\/sie sich an der gew\u00fcnschten Entwicklung beteiligt, ist in dieser Hinsicht wesentlich. Die Einwohner k\u00f6nnen von den positiven Auswirkungen des Tourismus profitieren: Erhaltung und Aufwertung von Einrichtungen, Kulturerbe, Einkommen, Arbeitspl\u00e4tzen und interkulturellen Begegnungen. Sie werden durch den Tourismus nicht bel\u00e4stigt.    <\/p>\n\n<h3 class=\"wp-block-heading\">Der Reisende<\/h3>\n\n<p>F\u00fcr den <strong>Besucher<\/strong>, der hier auch als Reisender, Tourist und Kunde bezeichnet wird, wird der Ort aufbl\u00fchen, wenn er sich herzlich willkommen f\u00fchlt, die DNA des Ortes voll und ganz erleben kann und einen positiven Eindruck von seinem Aufenthalt hat:<\/p>\n\n<ul class=\"wp-block-list\">\n<li>neue Energie und Inspiration<\/li>\n\n\n\n<li>pers\u00f6nliches Wachstum<\/li>\n\n\n\n<li>Verbindung mit dem Ort und den Menschen, die er\/sie trifft<\/li>\n\n\n\n<li>zeigt Respekt vor der Natur, der Kultur und der Einzigartigkeit des Ortes<br\/>Der Besucher tr\u00e4gt den Ort und seine Menschen in seinem Herzen und f\u00fchlt sich einbezogen. Er\/sie kommt gerne wieder oder empfiehlt den Ort weiter. <\/li>\n<\/ul>\n\n<h3 class=\"wp-block-heading\">Die Plekhalter<\/h3>\n\n<p><strong>Platzhalter <\/strong>sind die Menschen, die den Ort verwalten, pflegen und mitbestimmen. Das k\u00f6nnen Regierungen sein, aber auch lokale Gruppen wie Jugendclubs, Umweltbewegungen usw. <\/p>\n\n<p>Weder der Bewohner noch der Besucher noch die Platzhalter sind passive Akteure. Sie k\u00f6nnen selbst positive oder negative Auswirkungen auf den Ort und die anderen Akteure haben. Wir bieten noch keine <g id=\"gid_0\">Nachhaltigkeitsanalyse<\/g> f\u00fcr diese Rollen an. Es w\u00e4re sehr w\u00fcnschenswert, diese verschiedenen Analysen auch separat zu erstellen, um das Gedeihen m\u00f6glichst vieler Orte zu maximieren.   <\/p>\n\n<h3 class=\"wp-block-heading\">Beilage<\/h3>\n\n<p>Die Linde ist die Metapher f\u00fcr die Reise in die Zukunft. Aber nat\u00fcrlich gibt es verschiedene &#8222;B\u00e4ume&#8220;, an verschiedenen Orten. Einige ganz in der N\u00e4he, andere sehr weit weg. Das F\u00e4llen von B\u00e4umen in der Ferne kann gro\u00dfe Auswirkungen auf unseren eigenen Baum haben. Deshalb m\u00f6chten wir die Vision noch ein wenig erweitern, indem wir nicht nur das Lokale, sondern auch das Globale in Betracht ziehen.      <\/p>\n\n<p><\/p>\n","protected":false},"excerpt":{"rendered":"<p>Buchst\u00e4blich aus der Website von Tourism Flanders Travels to Tomorrow entnommen: Das Ziel der Vision&#8218;Reisen in die Zukunft&#8218; ist es, Flandern zu einem florierenden Reiseziel mit widerstandsf\u00e4higen, nachhaltigen und zukunftsorientierten Orten zu machen, die einen Mehrwert f\u00fcr alle Beteiligten bieten. Der Tourismus ist dabei ein Mittel, nicht ein Selbstzweck. Diese starke Vision von Tourismus Flandern &#8230; <a title=\"Reisen in die Zukunft\" class=\"read-more\" href=\"https:\/\/fairhospitality.coop\/de\/reisen-in-die-zukunft\/\" aria-label=\"Mehr Informationen \u00fcber Reisen in die Zukunft\">Weiterlesen<\/a><\/p>\n","protected":false},"author":1,"featured_media":0,"parent":0,"menu_order":0,"comment_status":"closed","ping_status":"closed","template":"","meta":{"_lmt_disableupdate":"","_lmt_disable":"","footnotes":""},"class_list":["post-1150","page","type-page","status-publish"],"_links":{"self":[{"href":"https:\/\/fairhospitality.coop\/de\/wp-json\/wp\/v2\/pages\/1150","targetHints":{"allow":["GET"]}}],"collection":[{"href":"https:\/\/fairhospitality.coop\/de\/wp-json\/wp\/v2\/pages"}],"about":[{"href":"https:\/\/fairhospitality.coop\/de\/wp-json\/wp\/v2\/types\/page"}],"author":[{"embeddable":true,"href":"https:\/\/fairhospitality.coop\/de\/wp-json\/wp\/v2\/users\/1"}],"replies":[{"embeddable":true,"href":"https:\/\/fairhospitality.coop\/de\/wp-json\/wp\/v2\/comments?post=1150"}],"version-history":[{"count":1,"href":"https:\/\/fairhospitality.coop\/de\/wp-json\/wp\/v2\/pages\/1150\/revisions"}],"predecessor-version":[{"id":1151,"href":"https:\/\/fairhospitality.coop\/de\/wp-json\/wp\/v2\/pages\/1150\/revisions\/1151"}],"wp:attachment":[{"href":"https:\/\/fairhospitality.coop\/de\/wp-json\/wp\/v2\/media?parent=1150"}],"curies":[{"name":"wp","href":"https:\/\/api.w.org\/{rel}","templated":true}]}}