{"id":1044,"date":"2025-02-21T13:05:58","date_gmt":"2025-02-21T13:05:58","guid":{"rendered":"https:\/\/fairhospitality.coop\/nachhaltigkeitsanalyse-fuer-lodges\/"},"modified":"2025-12-11T15:01:41","modified_gmt":"2025-12-11T15:01:41","slug":"nachhaltigkeitsanalyse-fuer-lodges","status":"publish","type":"page","link":"https:\/\/fairhospitality.coop\/de\/nachhaltigkeitsanalyse-fuer-lodges\/","title":{"rendered":"Nachhaltigkeitsanalyse f\u00fcr Lodges"},"content":{"rendered":"\n<div class=\"wp-block-buttons is-layout-flex wp-block-buttons-is-layout-flex\">\n<div class=\"wp-block-button is-style-fill\"><a class=\"wp-block-button__link wp-element-button\" href=\"https:\/\/fairhospitality.coop\/de\/serviceanfrage\/\">Hier k\u00f6nnen Sie eine Nachhaltigkeitsanalyse f\u00fcr Beherbergungsbetriebe anfordern<\/a><\/div>\n<\/div>\n\n<div style=\"height:42px\" aria-hidden=\"true\" class=\"wp-block-spacer\"><\/div>\n\n<p>Sind Sie an einem nachhaltigen Betrieb interessiert, wissen aber nicht, wie Sie anfangen sollen? Wir helfen Ihnen mit einer gr\u00fcndlichen Nachhaltigkeitsanalyse f\u00fcr Beherbergungsbetriebe der bestehenden Situation und geben Ihnen Tipps f\u00fcr die n\u00e4chsten Schritte. Ein n\u00fcchterner Ansatz, der so weit wie m\u00f6glich auf bestehenden Instrumenten basiert.  <\/p>\n\n<figure class=\"wp-block-image size-full\"><img loading=\"lazy\" decoding=\"async\" width=\"574\" height=\"376\" src=\"https:\/\/fairhospitality.coop\/wp-content\/uploads\/2025\/02\/image.png\" alt=\"Nachhaltigkeitsanalyse f&#xFC;r Lodges\" class=\"wp-image-1018\" srcset=\"https:\/\/fairhospitality.coop\/wp-content\/uploads\/2025\/02\/image.png 574w, https:\/\/fairhospitality.coop\/wp-content\/uploads\/2025\/02\/image-300x197.png 300w, https:\/\/fairhospitality.coop\/wp-content\/uploads\/2025\/02\/image-321x210.png 321w\" sizes=\"auto, (max-width: 574px) 100vw, 574px\" \/><\/figure>\n\n<h3 class=\"wp-block-heading\">Hintergrund<\/h3>\n\n<p>In einer Welt, die zunehmend mit den Auswirkungen des Klimawandels, dem Verlust der biologischen Vielfalt und sozialer Ungleichheit konfrontiert ist, ist sich das Gastgewerbe seiner entscheidenden Rolle bei der F\u00f6rderung nachhaltiger Praktiken bewusst. Dieser Nachhaltigkeitsbericht wurde unter dem Motto &#8222;Reisen in die Zukunft&#8220; erstellt, einer Vision, die nicht nur die Notwendigkeit eines Wandels, sondern auch die Chancen erkennt, die sich f\u00fcr einen zukunftsf\u00e4higen Tourismussektor ergeben. Tourismus Flandern m\u00f6chte bei diesem Wandel eine f\u00fchrende Rolle spielen, indem es die nachhaltige Entwicklung in alle Facetten des Tourismus integriert. Um diese Vision zu konkretisieren, haben wir uns auch von dem globalen Standard f\u00fcr Nachhaltigkeit im Tourismussektor inspirieren lassen: den Analysen des Global Council for Sustainable Tourism. Diese Analysen bieten einen wertvollen Rahmen, um den aktuellen Zustand des Sektors zu bewerten und zuk\u00fcnftige Schritte zu planen. Wir werden so weit wie m\u00f6glich auf bestehende Methoden zur\u00fcckgreifen, um ein klares Verst\u00e4ndnis der f\u00fcnf Schl\u00fcsselaspekte der Nachhaltigkeit zu erlangen: nachhaltiges Management, wirtschaftliche Nachhaltigkeit, soziale und lokale Auswirkungen, Auswirkungen auf die Umwelt sowie Auswirkungen auf das Erbe und die Kultur. Mit diesem Bericht wollen wir nicht nur die aktuelle Leistung des Gastgewerbes abbilden, sondern auch einen Fahrplan f\u00fcr die Zukunft erstellen. Indem wir gemeinsam an nachhaltigen Initiativen arbeiten, k\u00f6nnen wir sicherstellen, dass der Tourismus nicht nur eine Quelle des Wirtschaftswachstums ist, sondern auch einen positiven Beitrag f\u00fcr die Gesellschaft und die Umwelt leistet. Wir laden alle Interessengruppen ein, sich uns auf dieser Reise in die Zukunft anzuschlie\u00dfen. Unsere Analysen sind nicht als Etikett gedacht. Vielmehr sollen sie Sie als Unternehmer informieren und Ihnen helfen, nachhaltige Entscheidungen zu treffen. W\u00e4hrend die verschiedenen Teilaspekte in Analogie zu anderen Systemen eine gesch\u00e4tzte Punktzahl erhalten (A bis G), liegt der Schwerpunkt eher auf den Hinweisen, was noch verbessert werden kann.           <\/p>\n\n<figure class=\"wp-block-image size-full\"><img loading=\"lazy\" decoding=\"async\" width=\"706\" height=\"271\" src=\"https:\/\/fairhospitality.coop\/wp-content\/uploads\/2025\/02\/image-1.png\" alt=\"\" class=\"wp-image-1022\" srcset=\"https:\/\/fairhospitality.coop\/wp-content\/uploads\/2025\/02\/image-1.png 706w, https:\/\/fairhospitality.coop\/wp-content\/uploads\/2025\/02\/image-1-300x115.png 300w, https:\/\/fairhospitality.coop\/wp-content\/uploads\/2025\/02\/image-1-547x210.png 547w\" sizes=\"auto, (max-width: 706px) 100vw, 706px\" \/><\/figure>\n\n<div style=\"height:41px\" aria-hidden=\"true\" class=\"wp-block-spacer\"><\/div>\n\n<h3 class=\"wp-block-heading\">Reisen in die Zukunft<\/h3>\n\n<p>Die starke Vision von Tourismus Flandern mit dem Titel<a href=\"https:\/\/www.reizennaarmorgen.be\/\" target=\"_blank\" rel=\"noopener\" title=\"\">&#8222;Reisen in die Zukunft<\/a>&#8220; ist ziemlich umfassend, was die Nachhaltigkeit in der Welt des Tourismus angeht. Sie erkennt die Bedeutung der verschiedenen Akteure in diesem Bereich an, ebenso wie die Beziehungen zwischen ihnen. Der Urlauber, hier auch Unternehmer, Gastgeber oder Betreiber genannt, spielt nat\u00fcrlich eine sehr wichtige Rolle. Der Bericht zur Nachhaltigkeitsanalyse wird ganz aus diesem Blickwinkel betrachtet: Wie kann der Unternehmer in den verschiedenen Kategorien (unten gr\u00fcn markierte Linie) so nachhaltig wie m\u00f6glich wirtschaften. Auch die Beziehungen zu den anderen Akteuren sind in dieser Hinsicht wichtig.    <\/p>\n\n<p>Weitere <a href=\"https:\/\/fairhospitality.coop\/reizen-naar-morgen\/\" title=\"\">Einzelheiten finden Sie hier<\/a>.<\/p>\n\n<h3 class=\"wp-block-heading\">Globaler Rat f\u00fcr nachhaltigen Tourismus (GSTC)<\/h3>\n\n<p>Die <a href=\"https:\/\/www.gstcouncil.org\/gstc-criteria\/gstc-industry-criteria-for-hotels\/\" target=\"_blank\" rel=\"noopener\" title=\"\">GSTC-Kriterien<\/a> f\u00fcr Hotels beschreiben Richtlinien, die Hotels sowie kleine Unterk\u00fcnfte befolgen k\u00f6nnen, um nachhaltige Praktiken zu f\u00f6rdern und ihre Auswirkungen auf die Umwelt und die Gesellschaft zu verbessern. Die Kriterien sind in vier Hauptthemen unterteilt.   <\/p>\n\n<p>Weitere Einzelheiten finden Sie hier.<\/p>\n\n<div class=\"wp-block-buttons is-layout-flex wp-block-buttons-is-layout-flex\">\n<div class=\"wp-block-button is-style-fill\"><a class=\"wp-block-button__link wp-element-button\" href=\"https:\/\/fairhospitality.coop\/de\/serviceanfrage\/\">Hier k\u00f6nnen Sie eine Nachhaltigkeitsanalyse f\u00fcr Beherbergungsbetriebe anfordern<\/a><\/div>\n<\/div>\n\n<p><\/p>\n","protected":false},"excerpt":{"rendered":"<p>Sind Sie an einem nachhaltigen Betrieb interessiert, wissen aber nicht, wie Sie anfangen sollen? Wir helfen Ihnen mit einer gr\u00fcndlichen Nachhaltigkeitsanalyse f\u00fcr Beherbergungsbetriebe der bestehenden Situation und geben Ihnen Tipps f\u00fcr die n\u00e4chsten Schritte. Ein n\u00fcchterner Ansatz, der so weit wie m\u00f6glich auf bestehenden Instrumenten basiert. Hintergrund In einer Welt, die zunehmend mit den Auswirkungen &#8230; <a title=\"Nachhaltigkeitsanalyse f\u00fcr Lodges\" class=\"read-more\" href=\"https:\/\/fairhospitality.coop\/de\/nachhaltigkeitsanalyse-fuer-lodges\/\" aria-label=\"Mehr Informationen \u00fcber Nachhaltigkeitsanalyse f\u00fcr Lodges\">Weiterlesen<\/a><\/p>\n","protected":false},"author":1,"featured_media":0,"parent":0,"menu_order":0,"comment_status":"closed","ping_status":"closed","template":"","meta":{"_lmt_disableupdate":"","_lmt_disable":"","footnotes":""},"class_list":["post-1044","page","type-page","status-publish"],"_links":{"self":[{"href":"https:\/\/fairhospitality.coop\/de\/wp-json\/wp\/v2\/pages\/1044","targetHints":{"allow":["GET"]}}],"collection":[{"href":"https:\/\/fairhospitality.coop\/de\/wp-json\/wp\/v2\/pages"}],"about":[{"href":"https:\/\/fairhospitality.coop\/de\/wp-json\/wp\/v2\/types\/page"}],"author":[{"embeddable":true,"href":"https:\/\/fairhospitality.coop\/de\/wp-json\/wp\/v2\/users\/1"}],"replies":[{"embeddable":true,"href":"https:\/\/fairhospitality.coop\/de\/wp-json\/wp\/v2\/comments?post=1044"}],"version-history":[{"count":2,"href":"https:\/\/fairhospitality.coop\/de\/wp-json\/wp\/v2\/pages\/1044\/revisions"}],"predecessor-version":[{"id":1145,"href":"https:\/\/fairhospitality.coop\/de\/wp-json\/wp\/v2\/pages\/1044\/revisions\/1145"}],"wp:attachment":[{"href":"https:\/\/fairhospitality.coop\/de\/wp-json\/wp\/v2\/media?parent=1044"}],"curies":[{"name":"wp","href":"https:\/\/api.w.org\/{rel}","templated":true}]}}